{"id":14,"date":"2021-03-01T10:26:34","date_gmt":"2021-03-01T10:26:34","guid":{"rendered":"http:\/\/samsi-frenshop.com\/?page_id=14"},"modified":"2024-05-13T13:04:01","modified_gmt":"2024-05-13T13:04:01","slug":"creation-bijoux-fantaisie-boho-chic-france","status":"publish","type":"page","link":"https:\/\/samsi-frenshop.com\/","title":{"rendered":"D\u00e9couvrez mes cr\u00e9ations"},"content":{"rendered":"\n<p class=\"has-text-align-center has-medium-font-size\">Des bijoux boh\u00e8me chic, joyeux et color\u00e9s assembl\u00e9s \u00e0 la main en France.<\/p>\n\n\n\n<div class=\"wp-block-columns is-layout-flex wp-container-core-columns-is-layout-28f84493 wp-block-columns-is-layout-flex\">\n<div class=\"wp-block-column is-vertically-aligned-center is-layout-flow wp-block-column-is-layout-flow\" style=\"flex-basis:100%\">\n<p class=\"has-text-align-center\">Je cr\u00e9e pour vous des <span style=\"text-decoration: underline;\"><span style=\"color:#c1add6\" class=\"has-inline-color\"><a href=\"https:\/\/samsi-frenshop.com\/categorie-produit\/bracelets\/\">b<\/a><\/span><\/span><span style=\"color:#c1add6\" class=\"has-inline-color\"><span style=\"text-decoration: underline;\"><a href=\"https:\/\/samsi-frenshop.com\/categorie-produit\/bracelets\/\">racelets<\/a>, <a href=\"https:\/\/samsi-frenshop.com\/?product_cat=colliers\">colliers<\/a><\/span><\/span><span class=\"has-inline-color has-black-color\"> et <\/span><span style=\"color:#c1add6\" class=\"has-inline-color\"><span style=\"text-decoration: underline;\"><a href=\"https:\/\/samsi-frenshop.com\/categorie-produit\/boucles-doreilles\/\">boucles d&rsquo;oreilles<\/a><\/span><\/span> en mod\u00e8les uniques ou en tr\u00e8s petite s\u00e9rie.<\/p>\n<\/div>\n<\/div>\n\n\n\n<h2 class=\"wp-block-heading has-text-align-center\">Les nouveaut\u00e9s<\/h2>\n\n\n\n<p><\/p>\n\n\n\n<div class=\"wp-block-columns is-layout-flex wp-container-core-columns-is-layout-28f84493 wp-block-columns-is-layout-flex\">\n<div class=\"wp-block-column is-layout-flow wp-block-column-is-layout-flow\" style=\"flex-basis:20%\">\n<div class=\"wp-block-group\"><div class=\"wp-block-group__inner-container is-layout-flow wp-block-group-is-layout-flow\">\n<figure class=\"wp-block-image size-large\"><a href=\"https:\/\/samsi-frenshop.com\/?product=boucles-doreilles-creoles-amazonite\"><img loading=\"lazy\" decoding=\"async\" width=\"600\" height=\"600\" src=\"https:\/\/samsi-frenshop.com\/wp-content\/uploads\/2021\/03\/boucles-d-oreilles-amazonite-2-edited.jpg\" alt=\"\" class=\"wp-image-343\" srcset=\"https:\/\/samsi-frenshop.com\/wp-content\/uploads\/2021\/03\/boucles-d-oreilles-amazonite-2-edited.jpg 600w, https:\/\/samsi-frenshop.com\/wp-content\/uploads\/2021\/03\/boucles-d-oreilles-amazonite-2-edited-300x300.jpg 300w, https:\/\/samsi-frenshop.com\/wp-content\/uploads\/2021\/03\/boucles-d-oreilles-amazonite-2-edited-100x100.jpg 100w, https:\/\/samsi-frenshop.com\/wp-content\/uploads\/2021\/03\/boucles-d-oreilles-amazonite-2-edited-150x150.jpg 150w\" sizes=\"auto, (max-width: 600px) 100vw, 600px\" \/><\/a><\/figure>\n<\/div><\/div>\n\n\n\n<figure class=\"wp-block-image size-large is-resized\"><a href=\"https:\/\/samsi-frenshop.com\/?product=collier-dore-or-fin\"><img loading=\"lazy\" decoding=\"async\" width=\"599\" height=\"800\" src=\"https:\/\/samsi-frenshop.com\/wp-content\/uploads\/2021\/03\/FALL-collier-perles-africaines-etoiles-nacre-2.jpg\" alt=\"\" class=\"wp-image-252\" style=\"width:154px;height:auto\" srcset=\"https:\/\/samsi-frenshop.com\/wp-content\/uploads\/2021\/03\/FALL-collier-perles-africaines-etoiles-nacre-2.jpg 599w, https:\/\/samsi-frenshop.com\/wp-content\/uploads\/2021\/03\/FALL-collier-perles-africaines-etoiles-nacre-2-225x300.jpg 225w\" sizes=\"auto, (max-width: 599px) 100vw, 599px\" \/><\/a><\/figure>\n<\/div>\n\n\n\n<div class=\"wp-block-column is-layout-flow wp-block-column-is-layout-flow\" style=\"flex-basis:20%\">\n<figure class=\"wp-block-image size-large\"><a href=\"https:\/\/samsi-frenshop.com\/?product=collier-sun-court-perles-eau-douce\"><img loading=\"lazy\" decoding=\"async\" width=\"800\" height=\"800\" src=\"https:\/\/samsi-frenshop.com\/wp-content\/uploads\/2021\/03\/SUN-collier-perles-dore-or-fin-6.jpg\" alt=\"collier ras du cou perles\" class=\"wp-image-526\" srcset=\"https:\/\/samsi-frenshop.com\/wp-content\/uploads\/2021\/03\/SUN-collier-perles-dore-or-fin-6.jpg 800w, https:\/\/samsi-frenshop.com\/wp-content\/uploads\/2021\/03\/SUN-collier-perles-dore-or-fin-6-300x300.jpg 300w, https:\/\/samsi-frenshop.com\/wp-content\/uploads\/2021\/03\/SUN-collier-perles-dore-or-fin-6-100x100.jpg 100w, https:\/\/samsi-frenshop.com\/wp-content\/uploads\/2021\/03\/SUN-collier-perles-dore-or-fin-6-678x678.jpg 678w, https:\/\/samsi-frenshop.com\/wp-content\/uploads\/2021\/03\/SUN-collier-perles-dore-or-fin-6-150x150.jpg 150w, https:\/\/samsi-frenshop.com\/wp-content\/uploads\/2021\/03\/SUN-collier-perles-dore-or-fin-6-768x768.jpg 768w, https:\/\/samsi-frenshop.com\/wp-content\/uploads\/2021\/03\/SUN-collier-perles-dore-or-fin-6-75x75.jpg 75w\" sizes=\"auto, (max-width: 800px) 100vw, 800px\" \/><\/a><\/figure>\n\n\n\n<figure class=\"wp-block-image size-large\"><a href=\"https:\/\/samsi-frenshop.com\/?product_cat=bracelets\"><img loading=\"lazy\" decoding=\"async\" width=\"600\" height=\"800\" src=\"https:\/\/samsi-frenshop.com\/wp-content\/uploads\/2021\/03\/HAPFIN-bracelet-perles-africaines-perles-d-eau-douce-2.jpg\" alt=\"\" class=\"wp-image-246\" srcset=\"https:\/\/samsi-frenshop.com\/wp-content\/uploads\/2021\/03\/HAPFIN-bracelet-perles-africaines-perles-d-eau-douce-2.jpg 600w, https:\/\/samsi-frenshop.com\/wp-content\/uploads\/2021\/03\/HAPFIN-bracelet-perles-africaines-perles-d-eau-douce-2-225x300.jpg 225w\" sizes=\"auto, (max-width: 600px) 100vw, 600px\" \/><\/a><\/figure>\n<\/div>\n\n\n\n<div class=\"wp-block-column is-layout-flow wp-block-column-is-layout-flow\" style=\"flex-basis:20%\">\n<figure class=\"wp-block-image size-large\"><a href=\"https:\/\/samsi-frenshop.com\/?product=decouvrez-joli-collier-court-perles-naturelles-turquoise-beauty-star\"><img loading=\"lazy\" decoding=\"async\" width=\"800\" height=\"800\" src=\"https:\/\/samsi-frenshop.com\/wp-content\/uploads\/2021\/03\/BEAUTY-STAR-collier-perles-etoile-doree-or-fin-3.jpg\" alt=\"collier ras du cou turquoise\" class=\"wp-image-534\" srcset=\"https:\/\/samsi-frenshop.com\/wp-content\/uploads\/2021\/03\/BEAUTY-STAR-collier-perles-etoile-doree-or-fin-3.jpg 800w, https:\/\/samsi-frenshop.com\/wp-content\/uploads\/2021\/03\/BEAUTY-STAR-collier-perles-etoile-doree-or-fin-3-300x300.jpg 300w, https:\/\/samsi-frenshop.com\/wp-content\/uploads\/2021\/03\/BEAUTY-STAR-collier-perles-etoile-doree-or-fin-3-100x100.jpg 100w, https:\/\/samsi-frenshop.com\/wp-content\/uploads\/2021\/03\/BEAUTY-STAR-collier-perles-etoile-doree-or-fin-3-678x678.jpg 678w, https:\/\/samsi-frenshop.com\/wp-content\/uploads\/2021\/03\/BEAUTY-STAR-collier-perles-etoile-doree-or-fin-3-150x150.jpg 150w, https:\/\/samsi-frenshop.com\/wp-content\/uploads\/2021\/03\/BEAUTY-STAR-collier-perles-etoile-doree-or-fin-3-768x768.jpg 768w, https:\/\/samsi-frenshop.com\/wp-content\/uploads\/2021\/03\/BEAUTY-STAR-collier-perles-etoile-doree-or-fin-3-75x75.jpg 75w\" sizes=\"auto, (max-width: 800px) 100vw, 800px\" \/><\/a><\/figure>\n\n\n\n<figure class=\"wp-block-image size-large is-resized\"><a href=\"https:\/\/samsi-frenshop.com\/?product=collier-boheme-chic\"><img loading=\"lazy\" decoding=\"async\" width=\"600\" height=\"800\" src=\"https:\/\/samsi-frenshop.com\/wp-content\/uploads\/2021\/03\/parure-laiton-amazonite-1.jpg\" alt=\"\" class=\"wp-image-103\" style=\"width:155px;height:auto\" srcset=\"https:\/\/samsi-frenshop.com\/wp-content\/uploads\/2021\/03\/parure-laiton-amazonite-1.jpg 600w, https:\/\/samsi-frenshop.com\/wp-content\/uploads\/2021\/03\/parure-laiton-amazonite-1-225x300.jpg 225w\" sizes=\"auto, (max-width: 600px) 100vw, 600px\" \/><\/a><\/figure>\n<\/div>\n\n\n\n<div class=\"wp-block-column is-layout-flow wp-block-column-is-layout-flow\" style=\"flex-basis:20%\">\n<figure class=\"wp-block-image size-large\"><a href=\"https:\/\/samsi-frenshop.com\/?product=collier-happiness-boho-style\"><img loading=\"lazy\" decoding=\"async\" width=\"1024\" height=\"1024\" src=\"https:\/\/samsi-frenshop.com\/wp-content\/uploads\/2021\/03\/HAPPYNESS-collier-christmas-beads-multicolore-2-1024x1024.jpg\" alt=\"\" class=\"wp-image-478\" srcset=\"https:\/\/samsi-frenshop.com\/wp-content\/uploads\/2021\/03\/HAPPYNESS-collier-christmas-beads-multicolore-2-1024x1024.jpg 1024w, https:\/\/samsi-frenshop.com\/wp-content\/uploads\/2021\/03\/HAPPYNESS-collier-christmas-beads-multicolore-2-300x300.jpg 300w, https:\/\/samsi-frenshop.com\/wp-content\/uploads\/2021\/03\/HAPPYNESS-collier-christmas-beads-multicolore-2-100x100.jpg 100w, https:\/\/samsi-frenshop.com\/wp-content\/uploads\/2021\/03\/HAPPYNESS-collier-christmas-beads-multicolore-2-678x678.jpg 678w, https:\/\/samsi-frenshop.com\/wp-content\/uploads\/2021\/03\/HAPPYNESS-collier-christmas-beads-multicolore-2-150x150.jpg 150w, https:\/\/samsi-frenshop.com\/wp-content\/uploads\/2021\/03\/HAPPYNESS-collier-christmas-beads-multicolore-2-768x768.jpg 768w, https:\/\/samsi-frenshop.com\/wp-content\/uploads\/2021\/03\/HAPPYNESS-collier-christmas-beads-multicolore-2-1140x1140.jpg 1140w, https:\/\/samsi-frenshop.com\/wp-content\/uploads\/2021\/03\/HAPPYNESS-collier-christmas-beads-multicolore-2-75x75.jpg 75w, https:\/\/samsi-frenshop.com\/wp-content\/uploads\/2021\/03\/HAPPYNESS-collier-christmas-beads-multicolore-2.jpg 1366w\" sizes=\"auto, (max-width: 1024px) 100vw, 1024px\" \/><\/a><\/figure>\n\n\n\n<figure class=\"wp-block-image size-large\"><a href=\"https:\/\/samsi-frenshop.com\/?product=bracelet-vintage\"><img loading=\"lazy\" decoding=\"async\" width=\"600\" height=\"800\" src=\"https:\/\/samsi-frenshop.com\/wp-content\/uploads\/2021\/03\/FLOWER-bracelet-perles-de-verre-marocaines-vintage-3.jpg\" alt=\"\" class=\"wp-image-245\" srcset=\"https:\/\/samsi-frenshop.com\/wp-content\/uploads\/2021\/03\/FLOWER-bracelet-perles-de-verre-marocaines-vintage-3.jpg 600w, https:\/\/samsi-frenshop.com\/wp-content\/uploads\/2021\/03\/FLOWER-bracelet-perles-de-verre-marocaines-vintage-3-225x300.jpg 225w\" sizes=\"auto, (max-width: 600px) 100vw, 600px\" \/><\/a><\/figure>\n<\/div>\n\n\n\n<div class=\"wp-block-column is-layout-flow wp-block-column-is-layout-flow\" style=\"flex-basis:20%\">\n<figure class=\"wp-block-image size-large is-resized\"><a href=\"https:\/\/samsi-frenshop.com\/?product_cat=bracelets\"><img loading=\"lazy\" decoding=\"async\" width=\"600\" height=\"600\" src=\"https:\/\/samsi-frenshop.com\/wp-content\/uploads\/2021\/03\/HAP-bracelet-perles-africaines-4-edited.jpg\" alt=\"\" class=\"wp-image-234\" style=\"width:155px;height:auto\" srcset=\"https:\/\/samsi-frenshop.com\/wp-content\/uploads\/2021\/03\/HAP-bracelet-perles-africaines-4-edited.jpg 600w, https:\/\/samsi-frenshop.com\/wp-content\/uploads\/2021\/03\/HAP-bracelet-perles-africaines-4-edited-300x300.jpg 300w, https:\/\/samsi-frenshop.com\/wp-content\/uploads\/2021\/03\/HAP-bracelet-perles-africaines-4-edited-100x100.jpg 100w, https:\/\/samsi-frenshop.com\/wp-content\/uploads\/2021\/03\/HAP-bracelet-perles-africaines-4-edited-150x150.jpg 150w\" sizes=\"auto, (max-width: 600px) 100vw, 600px\" \/><\/a><\/figure>\n\n\n\n<figure class=\"wp-block-image size-large is-resized\"><a href=\"https:\/\/samsi-frenshop.com\/?product=bracelet-boheme-turquoise\"><img loading=\"lazy\" decoding=\"async\" width=\"600\" height=\"800\" src=\"https:\/\/samsi-frenshop.com\/wp-content\/uploads\/2021\/03\/bracelet-boho-cristal-howlite-pampilles-figue-4-1.jpg\" alt=\"bracelet\" class=\"wp-image-250\" style=\"width:155px;height:auto\" srcset=\"https:\/\/samsi-frenshop.com\/wp-content\/uploads\/2021\/03\/bracelet-boho-cristal-howlite-pampilles-figue-4-1.jpg 600w, https:\/\/samsi-frenshop.com\/wp-content\/uploads\/2021\/03\/bracelet-boho-cristal-howlite-pampilles-figue-4-1-225x300.jpg 225w\" sizes=\"auto, (max-width: 600px) 100vw, 600px\" \/><\/a><\/figure>\n<\/div>\n<\/div>\n\n\n\n<p><\/p>\n","protected":false},"excerpt":{"rendered":"<p>Des bijoux boh\u00e8me chic, joyeux et color\u00e9s assembl\u00e9s \u00e0 la main en France. Je cr\u00e9e pour vous des bracelets, colliers et boucles d&rsquo;oreilles en mod\u00e8les uniques ou en tr\u00e8s petite s\u00e9rie. Les nouveaut\u00e9s<\/p>\n","protected":false},"author":1,"featured_media":0,"parent":0,"menu_order":0,"comment_status":"closed","ping_status":"closed","template":"","meta":{"_monsterinsights_skip_tracking":false,"_monsterinsights_sitenote_active":false,"_monsterinsights_sitenote_note":"","_monsterinsights_sitenote_category":0,"footnotes":""},"class_list":["post-14","page","type-page","status-publish","hentry"],"yoast_head":"<!-- This site is optimized with the Yoast SEO plugin v27.4 - https:\/\/yoast.com\/product\/yoast-seo-wordpress\/ -->\n<title>cr\u00e9ation bijoux fantaisie boh\u00e8me-chic France - Samsi Frenshop<\/title>\n<meta name=\"description\" content=\"Bijoux fantaisie boh\u00e8me-chic assembl\u00e9s \u00e0 la main \u00e0 Bordeaux. D\u00e9couvrez colliers, bracelets et boucles d&#039;oreilles uniques sur le site.\" \/>\n<meta name=\"robots\" content=\"index, follow, max-snippet:-1, max-image-preview:large, max-video-preview:-1\" \/>\n<link rel=\"canonical\" href=\"https:\/\/samsi-frenshop.com\/\" \/>\n<meta property=\"og:locale\" content=\"fr_FR\" \/>\n<meta property=\"og:type\" content=\"article\" \/>\n<meta property=\"og:title\" content=\"cr\u00e9ation bijoux fantaisie boh\u00e8me-chic France - Samsi Frenshop\" \/>\n<meta property=\"og:description\" content=\"Bijoux fantaisie boh\u00e8me-chic assembl\u00e9s \u00e0 la main \u00e0 Bordeaux. D\u00e9couvrez colliers, bracelets et boucles d&#039;oreilles uniques sur le site.\" \/>\n<meta property=\"og:url\" content=\"https:\/\/samsi-frenshop.com\/\" \/>\n<meta property=\"og:site_name\" content=\"Samsi Frenshop\" \/>\n<meta property=\"article:publisher\" content=\"https:\/\/www.facebook.com\/samsifrenshop\" \/>\n<meta property=\"article:modified_time\" content=\"2024-05-13T13:04:01+00:00\" \/>\n<meta property=\"og:image\" content=\"https:\/\/samsi-frenshop.com\/wp-content\/uploads\/2021\/03\/boucles-d-oreilles-amazonite-2-edited.jpg\" \/>\n<meta name=\"twitter:card\" content=\"summary_large_image\" \/>\n<meta name=\"twitter:label1\" content=\"Dur\u00e9e de lecture estim\u00e9e\" \/>\n\t<meta name=\"twitter:data1\" content=\"3 minutes\" \/>\n<script type=\"application\/ld+json\" class=\"yoast-schema-graph\">{\"@context\":\"https:\\\/\\\/schema.org\",\"@graph\":[{\"@type\":\"WebPage\",\"@id\":\"https:\\\/\\\/samsi-frenshop.com\\\/\",\"url\":\"https:\\\/\\\/samsi-frenshop.com\\\/\",\"name\":\"cr\u00e9ation bijoux fantaisie boh\u00e8me-chic France - Samsi Frenshop\",\"isPartOf\":{\"@id\":\"https:\\\/\\\/samsi-frenshop.com\\\/#website\"},\"primaryImageOfPage\":{\"@id\":\"https:\\\/\\\/samsi-frenshop.com\\\/#primaryimage\"},\"image\":{\"@id\":\"https:\\\/\\\/samsi-frenshop.com\\\/#primaryimage\"},\"thumbnailUrl\":\"https:\\\/\\\/samsi-frenshop.com\\\/wp-content\\\/uploads\\\/2021\\\/03\\\/boucles-d-oreilles-amazonite-2-edited.jpg\",\"datePublished\":\"2021-03-01T10:26:34+00:00\",\"dateModified\":\"2024-05-13T13:04:01+00:00\",\"description\":\"Bijoux fantaisie boh\u00e8me-chic assembl\u00e9s \u00e0 la main \u00e0 Bordeaux. D\u00e9couvrez colliers, bracelets et boucles d'oreilles uniques sur le site.\",\"breadcrumb\":{\"@id\":\"https:\\\/\\\/samsi-frenshop.com\\\/#breadcrumb\"},\"inLanguage\":\"fr-FR\",\"potentialAction\":[{\"@type\":\"ReadAction\",\"target\":[\"https:\\\/\\\/samsi-frenshop.com\\\/\"]}]},{\"@type\":\"ImageObject\",\"inLanguage\":\"fr-FR\",\"@id\":\"https:\\\/\\\/samsi-frenshop.com\\\/#primaryimage\",\"url\":\"https:\\\/\\\/samsi-frenshop.com\\\/wp-content\\\/uploads\\\/2021\\\/03\\\/boucles-d-oreilles-amazonite-2-edited.jpg\",\"contentUrl\":\"https:\\\/\\\/samsi-frenshop.com\\\/wp-content\\\/uploads\\\/2021\\\/03\\\/boucles-d-oreilles-amazonite-2-edited.jpg\",\"width\":600,\"height\":600,\"caption\":\"boucles d oreilles\"},{\"@type\":\"BreadcrumbList\",\"@id\":\"https:\\\/\\\/samsi-frenshop.com\\\/#breadcrumb\",\"itemListElement\":[{\"@type\":\"ListItem\",\"position\":1,\"name\":\"Accueil\",\"item\":\"https:\\\/\\\/samsi-frenshop.com\\\/\"},{\"@type\":\"ListItem\",\"position\":2,\"name\":\"D\u00e9couvrez mes cr\u00e9ations\"}]},{\"@type\":\"WebSite\",\"@id\":\"https:\\\/\\\/samsi-frenshop.com\\\/#website\",\"url\":\"https:\\\/\\\/samsi-frenshop.com\\\/\",\"name\":\"Samsi Frenshop\",\"description\":\"bijoux fantaisie boh\u00e8me chic assembl\u00e9s \u00e0 la main en France\",\"publisher\":{\"@id\":\"https:\\\/\\\/samsi-frenshop.com\\\/#organization\"},\"potentialAction\":[{\"@type\":\"SearchAction\",\"target\":{\"@type\":\"EntryPoint\",\"urlTemplate\":\"https:\\\/\\\/samsi-frenshop.com\\\/?s={search_term_string}\"},\"query-input\":{\"@type\":\"PropertyValueSpecification\",\"valueRequired\":true,\"valueName\":\"search_term_string\"}}],\"inLanguage\":\"fr-FR\"},{\"@type\":\"Organization\",\"@id\":\"https:\\\/\\\/samsi-frenshop.com\\\/#organization\",\"name\":\"Samsi Frenshop\",\"url\":\"https:\\\/\\\/samsi-frenshop.com\\\/\",\"logo\":{\"@type\":\"ImageObject\",\"inLanguage\":\"fr-FR\",\"@id\":\"https:\\\/\\\/samsi-frenshop.com\\\/#\\\/schema\\\/logo\\\/image\\\/\",\"url\":\"\",\"contentUrl\":\"\",\"caption\":\"Samsi Frenshop\"},\"image\":{\"@id\":\"https:\\\/\\\/samsi-frenshop.com\\\/#\\\/schema\\\/logo\\\/image\\\/\"},\"sameAs\":[\"https:\\\/\\\/www.facebook.com\\\/samsifrenshop\"]}]}<\/script>\n<!-- \/ Yoast SEO plugin. -->","yoast_head_json":{"title":"cr\u00e9ation bijoux fantaisie boh\u00e8me-chic France - Samsi Frenshop","description":"Bijoux fantaisie boh\u00e8me-chic assembl\u00e9s \u00e0 la main \u00e0 Bordeaux. D\u00e9couvrez colliers, bracelets et boucles d'oreilles uniques sur le site.","robots":{"index":"index","follow":"follow","max-snippet":"max-snippet:-1","max-image-preview":"max-image-preview:large","max-video-preview":"max-video-preview:-1"},"canonical":"https:\/\/samsi-frenshop.com\/","og_locale":"fr_FR","og_type":"article","og_title":"cr\u00e9ation bijoux fantaisie boh\u00e8me-chic France - Samsi Frenshop","og_description":"Bijoux fantaisie boh\u00e8me-chic assembl\u00e9s \u00e0 la main \u00e0 Bordeaux. D\u00e9couvrez colliers, bracelets et boucles d'oreilles uniques sur le site.","og_url":"https:\/\/samsi-frenshop.com\/","og_site_name":"Samsi Frenshop","article_publisher":"https:\/\/www.facebook.com\/samsifrenshop","article_modified_time":"2024-05-13T13:04:01+00:00","og_image":[{"url":"https:\/\/samsi-frenshop.com\/wp-content\/uploads\/2021\/03\/boucles-d-oreilles-amazonite-2-edited.jpg","type":"","width":"","height":""}],"twitter_card":"summary_large_image","twitter_misc":{"Dur\u00e9e de lecture estim\u00e9e":"3 minutes"},"schema":{"@context":"https:\/\/schema.org","@graph":[{"@type":"WebPage","@id":"https:\/\/samsi-frenshop.com\/","url":"https:\/\/samsi-frenshop.com\/","name":"cr\u00e9ation bijoux fantaisie boh\u00e8me-chic France - Samsi Frenshop","isPartOf":{"@id":"https:\/\/samsi-frenshop.com\/#website"},"primaryImageOfPage":{"@id":"https:\/\/samsi-frenshop.com\/#primaryimage"},"image":{"@id":"https:\/\/samsi-frenshop.com\/#primaryimage"},"thumbnailUrl":"https:\/\/samsi-frenshop.com\/wp-content\/uploads\/2021\/03\/boucles-d-oreilles-amazonite-2-edited.jpg","datePublished":"2021-03-01T10:26:34+00:00","dateModified":"2024-05-13T13:04:01+00:00","description":"Bijoux fantaisie boh\u00e8me-chic assembl\u00e9s \u00e0 la main \u00e0 Bordeaux. D\u00e9couvrez colliers, bracelets et boucles d'oreilles uniques sur le site.","breadcrumb":{"@id":"https:\/\/samsi-frenshop.com\/#breadcrumb"},"inLanguage":"fr-FR","potentialAction":[{"@type":"ReadAction","target":["https:\/\/samsi-frenshop.com\/"]}]},{"@type":"ImageObject","inLanguage":"fr-FR","@id":"https:\/\/samsi-frenshop.com\/#primaryimage","url":"https:\/\/samsi-frenshop.com\/wp-content\/uploads\/2021\/03\/boucles-d-oreilles-amazonite-2-edited.jpg","contentUrl":"https:\/\/samsi-frenshop.com\/wp-content\/uploads\/2021\/03\/boucles-d-oreilles-amazonite-2-edited.jpg","width":600,"height":600,"caption":"boucles d oreilles"},{"@type":"BreadcrumbList","@id":"https:\/\/samsi-frenshop.com\/#breadcrumb","itemListElement":[{"@type":"ListItem","position":1,"name":"Accueil","item":"https:\/\/samsi-frenshop.com\/"},{"@type":"ListItem","position":2,"name":"D\u00e9couvrez mes cr\u00e9ations"}]},{"@type":"WebSite","@id":"https:\/\/samsi-frenshop.com\/#website","url":"https:\/\/samsi-frenshop.com\/","name":"Samsi Frenshop","description":"bijoux fantaisie boh\u00e8me chic assembl\u00e9s \u00e0 la main en France","publisher":{"@id":"https:\/\/samsi-frenshop.com\/#organization"},"potentialAction":[{"@type":"SearchAction","target":{"@type":"EntryPoint","urlTemplate":"https:\/\/samsi-frenshop.com\/?s={search_term_string}"},"query-input":{"@type":"PropertyValueSpecification","valueRequired":true,"valueName":"search_term_string"}}],"inLanguage":"fr-FR"},{"@type":"Organization","@id":"https:\/\/samsi-frenshop.com\/#organization","name":"Samsi Frenshop","url":"https:\/\/samsi-frenshop.com\/","logo":{"@type":"ImageObject","inLanguage":"fr-FR","@id":"https:\/\/samsi-frenshop.com\/#\/schema\/logo\/image\/","url":"","contentUrl":"","caption":"Samsi Frenshop"},"image":{"@id":"https:\/\/samsi-frenshop.com\/#\/schema\/logo\/image\/"},"sameAs":["https:\/\/www.facebook.com\/samsifrenshop"]}]}},"jetpack_sharing_enabled":true,"_links":{"self":[{"href":"https:\/\/samsi-frenshop.com\/index.php?rest_route=\/wp\/v2\/pages\/14","targetHints":{"allow":["GET"]}}],"collection":[{"href":"https:\/\/samsi-frenshop.com\/index.php?rest_route=\/wp\/v2\/pages"}],"about":[{"href":"https:\/\/samsi-frenshop.com\/index.php?rest_route=\/wp\/v2\/types\/page"}],"author":[{"embeddable":true,"href":"https:\/\/samsi-frenshop.com\/index.php?rest_route=\/wp\/v2\/users\/1"}],"replies":[{"embeddable":true,"href":"https:\/\/samsi-frenshop.com\/index.php?rest_route=%2Fwp%2Fv2%2Fcomments&post=14"}],"version-history":[{"count":65,"href":"https:\/\/samsi-frenshop.com\/index.php?rest_route=\/wp\/v2\/pages\/14\/revisions"}],"predecessor-version":[{"id":1422,"href":"https:\/\/samsi-frenshop.com\/index.php?rest_route=\/wp\/v2\/pages\/14\/revisions\/1422"}],"wp:attachment":[{"href":"https:\/\/samsi-frenshop.com\/index.php?rest_route=%2Fwp%2Fv2%2Fmedia&parent=14"}],"curies":[{"name":"wp","href":"https:\/\/api.w.org\/{rel}","templated":true}]}}