{"id":167,"date":"2021-03-08T13:25:09","date_gmt":"2021-03-08T13:25:09","guid":{"rendered":"http:\/\/samsi-frenshop.com\/?page_id=167"},"modified":"2024-05-13T13:09:40","modified_gmt":"2024-05-13T13:09:40","slug":"a-propos","status":"publish","type":"page","link":"https:\/\/samsi-frenshop.com\/?page_id=167","title":{"rendered":"A propos"},"content":{"rendered":"\n<h2 class=\"wp-block-heading\"><span style=\"color:#c1add6\" class=\"has-inline-color\">Mon histoire<\/span><\/h2>\n\n\n\n<div class=\"wp-block-columns is-layout-flex wp-container-core-columns-is-layout-28f84493 wp-block-columns-is-layout-flex\">\n<div class=\"wp-block-column is-layout-flow wp-block-column-is-layout-flow\" style=\"flex-basis:100%\">\n<p class=\"has-text-align-left\">Vous \u00eates de celles qui souhaitent affirmer leur style et cultiver leur personnalit\u00e9 ? Bienvenue, vous \u00eates au bon endroit  ! <\/p>\n\n\n\n<p class=\"has-text-align-left\">Je suis Sam, la cr\u00e9atrice de Samsi-Frenshop. J\u2019ai toujours ador\u00e9 les activit\u00e9s manuelles avec une pr\u00e9dilection pour les v\u00eatements, accessoires et bijoux. Dans mon enfance, je voyais mon grand-p\u00e8re travailler le corail pour fabriquer des <span style=\"color:#c1add6\" class=\"has-inline-color\"><span style=\"text-decoration: underline;\"><a href=\"https:\/\/lamblard.typepad.com\/weblog\/2014\/09\/la-main-figue-ou-mano-fica.html\">mano figa<\/a><\/span><\/span>, ces pendentifs en forme de poing qui portent traditionnellement bonheur dans certaines cultures dont la Corse. Aujourd\u2019hui encore, j\u2019ajoute souvent une figa dans mes cr\u00e9ations, comme pour prolonger l\u2019h\u00e9ritage des bijoux traditionnels avec lesquels j\u2019ai grandi. Mes amours premi\u00e8res sont <a href=\"https:\/\/samsi-frenshop.com\/origine-des-perles\/\" target=\"_blank\" rel=\"noreferrer noopener\"><span style=\"color:#c1add6\" class=\"has-inline-color\"><span style=\"text-decoration: underline;\">les perles<\/span><\/span><span style=\"text-decoration: underline;\"><\/span><\/a>, tous types de perles : en verre, en acrylique, en plexiglas, fines, recycl\u00e9es, du Ghana, d&rsquo;Indon\u00e9sie, d&rsquo;Asie etc&#8230; Tout naturellement j&rsquo;en suis venue \u00e0 la cr\u00e9ation et la r\u00e9alisation de bijoux fantaisie, d&rsquo;abord pour moi. Je portais ainsi mes bijoux pour mon seul plaisir et la satisfaction d&rsquo;avoir un accessoire qui me ressemble.<\/p>\n\n\n<div class=\"wp-block-image is-style-default\">\n<figure class=\"alignleft size-large is-resized\"><img loading=\"lazy\" decoding=\"async\" width=\"600\" height=\"800\" src=\"https:\/\/samsi-frenshop.com\/wp-content\/uploads\/2021\/06\/portrait-8-edited.jpg\" alt=\"portrait\" class=\"wp-image-1122\" style=\"width:296px;height:395px\" srcset=\"https:\/\/samsi-frenshop.com\/wp-content\/uploads\/2021\/06\/portrait-8-edited.jpg 600w, https:\/\/samsi-frenshop.com\/wp-content\/uploads\/2021\/06\/portrait-8-edited-225x300.jpg 225w\" sizes=\"auto, (max-width: 600px) 100vw, 600px\" \/><\/figure>\n<\/div>\n\n\n<p class=\"has-text-align-left\">Encourag\u00e9e par d&rsquo;autres femmes attir\u00e9es par mes cr\u00e9ations j&rsquo;ai d\u00e9cid\u00e9 de sauter dans le grand bain et de vous proposer mes bijoux ! Pour cela je me suis form\u00e9e afin d&rsquo;acqu\u00e9rir une technique plus s\u00fbre, des gestes plus pr\u00e9cis et rapides pour obtenir un r\u00e9sultat de qualit\u00e9.  Je partage aujourd&rsquo;hui avec vous les \u00e9motions et le plaisir intenses ressentis \u00e0 la cr\u00e9ation et l&rsquo;assemblage de mes <span style=\"color:#c1add6\" class=\"has-inline-color\"><span style=\"text-decoration: underline;\"><a href=\"https:\/\/samsi-frenshop.com\/categorie-produit\/colliers\/\">colliers<\/a><\/span><\/span>, <span style=\"color:#c1add6\" class=\"has-inline-color\"><span style=\"text-decoration: underline;\"><a href=\"https:\/\/samsi-frenshop.com\/categorie-produit\/bracelets\/\">bracelets<\/a><\/span><\/span> et <span style=\"color:#c1add6\" class=\"has-inline-color\"><a href=\"https:\/\/samsi-frenshop.com\/categorie-produit\/boucles-doreilles\/\"><span style=\"text-decoration: underline;\">boucles d\u2019oreilles<\/span><\/a><\/span> dans un style boh\u00e8me-chic moderne. <\/p>\n\n\n\n<p class=\"has-text-align-left\">Le plus souvent, le bijou est LA touche finale qui viendra rehausser voire transcender votre tenue. Le truc en plus qui vous rend exceptionnelle. Ainsi, je suis tr\u00e8s tr\u00e8s tr\u00e8s heureuse de vous proposer <a href=\"http:\/\/samsi-frenshop.com\/prendre-soin-de-ses-bijoux\/\" target=\"_blank\" rel=\"noreferrer noopener\"><span style=\"color:#c1add6\" class=\"has-inline-color\"><span style=\"text-decoration: underline;\">mes bijoux faits main<\/span><\/span><\/a> de mani\u00e8re artisanale.<\/p>\n\n\n\n<p>Laissez-vous guider \u00e0 la d\u00e9couverte de mes mod\u00e8les tous uniques ou \u00e9dit\u00e9s en tr\u00e8s petite quantit\u00e9 et n&rsquo;h\u00e9sitez pas \u00e0 <a href=\"https:\/\/samsi-frenshop.com\/contact\/\"><span style=\"color:#c1add6\" class=\"has-inline-color\"><span style=\"text-decoration: underline;\">me contacter<\/span><\/span><\/a> pour des pr\u00e9cisions, avis ou tout autre \u00e9change !<\/p>\n<\/div>\n<\/div>\n\n\n\n<p><\/p>\n","protected":false},"excerpt":{"rendered":"<p>Mon histoire Vous \u00eates de celles qui souhaitent affirmer leur style et cultiver leur personnalit\u00e9 ? Bienvenue, vous \u00eates au bon endroit ! Je suis Sam, la cr\u00e9atrice de Samsi-Frenshop. J\u2019ai toujours ador\u00e9 les activit\u00e9s manuelles avec une pr\u00e9dilection pour les v\u00eatements, accessoires et bijoux. Dans mon enfance, je voyais mon grand-p\u00e8re travailler le corail pour fabriquer des mano figa, ces pendentifs en forme de poing qui portent traditionnellement bonheur dans certaines cultures dont la Corse. Aujourd\u2019hui encore, j\u2019ajoute souvent une figa dans mes cr\u00e9ations, comme pour prolonger l\u2019h\u00e9ritage des bijoux traditionnels avec lesquels j\u2019ai grandi. Mes amours premi\u00e8res sont les perles, tous types de perles : en verre, en acrylique, en plexiglas, fines, recycl\u00e9es, du Ghana, d&rsquo;Indon\u00e9sie, d&rsquo;Asie etc&#8230; Tout naturellement j&rsquo;en suis venue \u00e0 la cr\u00e9ation et la r\u00e9alisation de bijoux fantaisie, d&rsquo;abord pour moi. Je portais ainsi mes bijoux pour mon seul plaisir et la satisfaction d&rsquo;avoir un accessoire qui me ressemble. Encourag\u00e9e par d&rsquo;autres femmes attir\u00e9es par mes cr\u00e9ations j&rsquo;ai d\u00e9cid\u00e9 de sauter dans le grand bain et de vous proposer mes bijoux ! Pour cela je me suis form\u00e9e afin d&rsquo;acqu\u00e9rir une technique plus s\u00fbre, des gestes plus pr\u00e9cis et rapides pour obtenir un r\u00e9sultat de qualit\u00e9. Je partage aujourd&rsquo;hui avec vous les \u00e9motions et le plaisir intenses ressentis \u00e0 la cr\u00e9ation et l&rsquo;assemblage de mes colliers, bracelets et boucles d\u2019oreilles dans un style boh\u00e8me-chic moderne. Le plus souvent, le bijou est LA touche finale qui viendra rehausser voire transcender votre tenue. Le truc en plus qui vous rend exceptionnelle. Ainsi, je suis tr\u00e8s tr\u00e8s tr\u00e8s heureuse de vous proposer mes bijoux faits main de mani\u00e8re artisanale. Laissez-vous guider \u00e0 la d\u00e9couverte de mes mod\u00e8les tous uniques ou \u00e9dit\u00e9s en tr\u00e8s petite quantit\u00e9 et n&rsquo;h\u00e9sitez pas \u00e0 me contacter pour des pr\u00e9cisions, avis ou tout autre \u00e9change !<\/p>\n","protected":false},"author":1,"featured_media":0,"parent":0,"menu_order":0,"comment_status":"closed","ping_status":"closed","template":"","meta":{"_monsterinsights_skip_tracking":false,"_monsterinsights_sitenote_active":false,"_monsterinsights_sitenote_note":"","_monsterinsights_sitenote_category":0,"footnotes":""},"class_list":["post-167","page","type-page","status-publish","hentry"],"yoast_head":"<!-- This site is optimized with the Yoast SEO plugin v27.4 - https:\/\/yoast.com\/product\/yoast-seo-wordpress\/ -->\n<title>A propos - Samsi Frenshop<\/title>\n<meta name=\"description\" content=\"Bijoux fantaisie. Cr\u00e9ations artisanales de colliers, bracelets et boucles d&#039;oreilles, style boh\u00e8me-chic et moderne.\" \/>\n<meta name=\"robots\" content=\"index, follow, max-snippet:-1, max-image-preview:large, max-video-preview:-1\" \/>\n<link rel=\"canonical\" href=\"https:\/\/samsi-frenshop.com\/?page_id=167\" \/>\n<meta property=\"og:locale\" content=\"fr_FR\" \/>\n<meta property=\"og:type\" content=\"article\" \/>\n<meta property=\"og:title\" content=\"A propos - Samsi Frenshop\" \/>\n<meta property=\"og:description\" content=\"Bijoux fantaisie. Cr\u00e9ations artisanales de colliers, bracelets et boucles d&#039;oreilles, style boh\u00e8me-chic et moderne.\" \/>\n<meta property=\"og:url\" content=\"https:\/\/samsi-frenshop.com\/?page_id=167\" \/>\n<meta property=\"og:site_name\" content=\"Samsi Frenshop\" \/>\n<meta property=\"article:publisher\" content=\"https:\/\/www.facebook.com\/samsifrenshop\" \/>\n<meta property=\"article:modified_time\" content=\"2024-05-13T13:09:40+00:00\" \/>\n<meta property=\"og:image\" content=\"https:\/\/samsi-frenshop.com\/wp-content\/uploads\/2021\/06\/portrait-8-edited.jpg\" \/>\n<meta name=\"twitter:card\" content=\"summary_large_image\" \/>\n<meta name=\"twitter:label1\" content=\"Dur\u00e9e de lecture estim\u00e9e\" \/>\n\t<meta name=\"twitter:data1\" content=\"2 minutes\" \/>\n<script type=\"application\/ld+json\" class=\"yoast-schema-graph\">{\"@context\":\"https:\\\/\\\/schema.org\",\"@graph\":[{\"@type\":\"WebPage\",\"@id\":\"https:\\\/\\\/samsi-frenshop.com\\\/?page_id=167\",\"url\":\"https:\\\/\\\/samsi-frenshop.com\\\/?page_id=167\",\"name\":\"A propos - Samsi Frenshop\",\"isPartOf\":{\"@id\":\"https:\\\/\\\/samsi-frenshop.com\\\/#website\"},\"primaryImageOfPage\":{\"@id\":\"https:\\\/\\\/samsi-frenshop.com\\\/?page_id=167#primaryimage\"},\"image\":{\"@id\":\"https:\\\/\\\/samsi-frenshop.com\\\/?page_id=167#primaryimage\"},\"thumbnailUrl\":\"https:\\\/\\\/samsi-frenshop.com\\\/wp-content\\\/uploads\\\/2021\\\/06\\\/portrait-8-edited.jpg\",\"datePublished\":\"2021-03-08T13:25:09+00:00\",\"dateModified\":\"2024-05-13T13:09:40+00:00\",\"description\":\"Bijoux fantaisie. Cr\u00e9ations artisanales de colliers, bracelets et boucles d'oreilles, style boh\u00e8me-chic et moderne.\",\"breadcrumb\":{\"@id\":\"https:\\\/\\\/samsi-frenshop.com\\\/?page_id=167#breadcrumb\"},\"inLanguage\":\"fr-FR\",\"potentialAction\":[{\"@type\":\"ReadAction\",\"target\":[\"https:\\\/\\\/samsi-frenshop.com\\\/?page_id=167\"]}]},{\"@type\":\"ImageObject\",\"inLanguage\":\"fr-FR\",\"@id\":\"https:\\\/\\\/samsi-frenshop.com\\\/?page_id=167#primaryimage\",\"url\":\"https:\\\/\\\/samsi-frenshop.com\\\/wp-content\\\/uploads\\\/2021\\\/06\\\/portrait-8-edited.jpg\",\"contentUrl\":\"https:\\\/\\\/samsi-frenshop.com\\\/wp-content\\\/uploads\\\/2021\\\/06\\\/portrait-8-edited.jpg\",\"width\":600,\"height\":800,\"caption\":\"portrait\"},{\"@type\":\"BreadcrumbList\",\"@id\":\"https:\\\/\\\/samsi-frenshop.com\\\/?page_id=167#breadcrumb\",\"itemListElement\":[{\"@type\":\"ListItem\",\"position\":1,\"name\":\"Accueil\",\"item\":\"https:\\\/\\\/samsi-frenshop.com\\\/\"},{\"@type\":\"ListItem\",\"position\":2,\"name\":\"A propos\"}]},{\"@type\":\"WebSite\",\"@id\":\"https:\\\/\\\/samsi-frenshop.com\\\/#website\",\"url\":\"https:\\\/\\\/samsi-frenshop.com\\\/\",\"name\":\"Samsi Frenshop\",\"description\":\"bijoux fantaisie boh\u00e8me chic assembl\u00e9s \u00e0 la main en France\",\"publisher\":{\"@id\":\"https:\\\/\\\/samsi-frenshop.com\\\/#organization\"},\"potentialAction\":[{\"@type\":\"SearchAction\",\"target\":{\"@type\":\"EntryPoint\",\"urlTemplate\":\"https:\\\/\\\/samsi-frenshop.com\\\/?s={search_term_string}\"},\"query-input\":{\"@type\":\"PropertyValueSpecification\",\"valueRequired\":true,\"valueName\":\"search_term_string\"}}],\"inLanguage\":\"fr-FR\"},{\"@type\":\"Organization\",\"@id\":\"https:\\\/\\\/samsi-frenshop.com\\\/#organization\",\"name\":\"Samsi Frenshop\",\"url\":\"https:\\\/\\\/samsi-frenshop.com\\\/\",\"logo\":{\"@type\":\"ImageObject\",\"inLanguage\":\"fr-FR\",\"@id\":\"https:\\\/\\\/samsi-frenshop.com\\\/#\\\/schema\\\/logo\\\/image\\\/\",\"url\":\"\",\"contentUrl\":\"\",\"caption\":\"Samsi Frenshop\"},\"image\":{\"@id\":\"https:\\\/\\\/samsi-frenshop.com\\\/#\\\/schema\\\/logo\\\/image\\\/\"},\"sameAs\":[\"https:\\\/\\\/www.facebook.com\\\/samsifrenshop\"]}]}<\/script>\n<!-- \/ Yoast SEO plugin. -->","yoast_head_json":{"title":"A propos - Samsi Frenshop","description":"Bijoux fantaisie. Cr\u00e9ations artisanales de colliers, bracelets et boucles d'oreilles, style boh\u00e8me-chic et moderne.","robots":{"index":"index","follow":"follow","max-snippet":"max-snippet:-1","max-image-preview":"max-image-preview:large","max-video-preview":"max-video-preview:-1"},"canonical":"https:\/\/samsi-frenshop.com\/?page_id=167","og_locale":"fr_FR","og_type":"article","og_title":"A propos - Samsi Frenshop","og_description":"Bijoux fantaisie. Cr\u00e9ations artisanales de colliers, bracelets et boucles d'oreilles, style boh\u00e8me-chic et moderne.","og_url":"https:\/\/samsi-frenshop.com\/?page_id=167","og_site_name":"Samsi Frenshop","article_publisher":"https:\/\/www.facebook.com\/samsifrenshop","article_modified_time":"2024-05-13T13:09:40+00:00","og_image":[{"url":"https:\/\/samsi-frenshop.com\/wp-content\/uploads\/2021\/06\/portrait-8-edited.jpg","type":"","width":"","height":""}],"twitter_card":"summary_large_image","twitter_misc":{"Dur\u00e9e de lecture estim\u00e9e":"2 minutes"},"schema":{"@context":"https:\/\/schema.org","@graph":[{"@type":"WebPage","@id":"https:\/\/samsi-frenshop.com\/?page_id=167","url":"https:\/\/samsi-frenshop.com\/?page_id=167","name":"A propos - Samsi Frenshop","isPartOf":{"@id":"https:\/\/samsi-frenshop.com\/#website"},"primaryImageOfPage":{"@id":"https:\/\/samsi-frenshop.com\/?page_id=167#primaryimage"},"image":{"@id":"https:\/\/samsi-frenshop.com\/?page_id=167#primaryimage"},"thumbnailUrl":"https:\/\/samsi-frenshop.com\/wp-content\/uploads\/2021\/06\/portrait-8-edited.jpg","datePublished":"2021-03-08T13:25:09+00:00","dateModified":"2024-05-13T13:09:40+00:00","description":"Bijoux fantaisie. Cr\u00e9ations artisanales de colliers, bracelets et boucles d'oreilles, style boh\u00e8me-chic et moderne.","breadcrumb":{"@id":"https:\/\/samsi-frenshop.com\/?page_id=167#breadcrumb"},"inLanguage":"fr-FR","potentialAction":[{"@type":"ReadAction","target":["https:\/\/samsi-frenshop.com\/?page_id=167"]}]},{"@type":"ImageObject","inLanguage":"fr-FR","@id":"https:\/\/samsi-frenshop.com\/?page_id=167#primaryimage","url":"https:\/\/samsi-frenshop.com\/wp-content\/uploads\/2021\/06\/portrait-8-edited.jpg","contentUrl":"https:\/\/samsi-frenshop.com\/wp-content\/uploads\/2021\/06\/portrait-8-edited.jpg","width":600,"height":800,"caption":"portrait"},{"@type":"BreadcrumbList","@id":"https:\/\/samsi-frenshop.com\/?page_id=167#breadcrumb","itemListElement":[{"@type":"ListItem","position":1,"name":"Accueil","item":"https:\/\/samsi-frenshop.com\/"},{"@type":"ListItem","position":2,"name":"A propos"}]},{"@type":"WebSite","@id":"https:\/\/samsi-frenshop.com\/#website","url":"https:\/\/samsi-frenshop.com\/","name":"Samsi Frenshop","description":"bijoux fantaisie boh\u00e8me chic assembl\u00e9s \u00e0 la main en France","publisher":{"@id":"https:\/\/samsi-frenshop.com\/#organization"},"potentialAction":[{"@type":"SearchAction","target":{"@type":"EntryPoint","urlTemplate":"https:\/\/samsi-frenshop.com\/?s={search_term_string}"},"query-input":{"@type":"PropertyValueSpecification","valueRequired":true,"valueName":"search_term_string"}}],"inLanguage":"fr-FR"},{"@type":"Organization","@id":"https:\/\/samsi-frenshop.com\/#organization","name":"Samsi Frenshop","url":"https:\/\/samsi-frenshop.com\/","logo":{"@type":"ImageObject","inLanguage":"fr-FR","@id":"https:\/\/samsi-frenshop.com\/#\/schema\/logo\/image\/","url":"","contentUrl":"","caption":"Samsi Frenshop"},"image":{"@id":"https:\/\/samsi-frenshop.com\/#\/schema\/logo\/image\/"},"sameAs":["https:\/\/www.facebook.com\/samsifrenshop"]}]}},"jetpack_sharing_enabled":true,"_links":{"self":[{"href":"https:\/\/samsi-frenshop.com\/index.php?rest_route=\/wp\/v2\/pages\/167","targetHints":{"allow":["GET"]}}],"collection":[{"href":"https:\/\/samsi-frenshop.com\/index.php?rest_route=\/wp\/v2\/pages"}],"about":[{"href":"https:\/\/samsi-frenshop.com\/index.php?rest_route=\/wp\/v2\/types\/page"}],"author":[{"embeddable":true,"href":"https:\/\/samsi-frenshop.com\/index.php?rest_route=\/wp\/v2\/users\/1"}],"replies":[{"embeddable":true,"href":"https:\/\/samsi-frenshop.com\/index.php?rest_route=%2Fwp%2Fv2%2Fcomments&post=167"}],"version-history":[{"count":32,"href":"https:\/\/samsi-frenshop.com\/index.php?rest_route=\/wp\/v2\/pages\/167\/revisions"}],"predecessor-version":[{"id":1424,"href":"https:\/\/samsi-frenshop.com\/index.php?rest_route=\/wp\/v2\/pages\/167\/revisions\/1424"}],"wp:attachment":[{"href":"https:\/\/samsi-frenshop.com\/index.php?rest_route=%2Fwp%2Fv2%2Fmedia&parent=167"}],"curies":[{"name":"wp","href":"https:\/\/api.w.org\/{rel}","templated":true}]}}