{"id":411,"date":"2021-03-15T14:46:10","date_gmt":"2021-03-15T14:46:10","guid":{"rendered":"https:\/\/samsi-frenshop.com\/?page_id=411"},"modified":"2022-03-17T20:02:38","modified_gmt":"2022-03-17T20:02:38","slug":"origine-des-perles","status":"publish","type":"page","link":"https:\/\/samsi-frenshop.com\/?page_id=411","title":{"rendered":"D\u00e9couvrez mes perles !"},"content":{"rendered":"\n<div class=\"wp-block-columns is-layout-flex wp-container-core-columns-is-layout-28f84493 wp-block-columns-is-layout-flex\">\n<div class=\"wp-block-column is-layout-flow wp-block-column-is-layout-flow\">\n<h1 class=\"has-text-align-center has-medium-font-size wp-block-heading\">Perles d&rsquo;eau douce<\/h1>\n\n\n\n<figure class=\"wp-block-image size-large\"><img loading=\"lazy\" decoding=\"async\" width=\"1024\" height=\"1024\" src=\"https:\/\/samsi-frenshop.com\/wp-content\/uploads\/2021\/03\/perles-d-eau-douce-1024x1024.jpg\" alt=\"\" class=\"wp-image-480\" srcset=\"https:\/\/samsi-frenshop.com\/wp-content\/uploads\/2021\/03\/perles-d-eau-douce-1024x1024.jpg 1024w, https:\/\/samsi-frenshop.com\/wp-content\/uploads\/2021\/03\/perles-d-eau-douce-300x300.jpg 300w, https:\/\/samsi-frenshop.com\/wp-content\/uploads\/2021\/03\/perles-d-eau-douce-100x100.jpg 100w, https:\/\/samsi-frenshop.com\/wp-content\/uploads\/2021\/03\/perles-d-eau-douce-678x678.jpg 678w, https:\/\/samsi-frenshop.com\/wp-content\/uploads\/2021\/03\/perles-d-eau-douce-150x150.jpg 150w, https:\/\/samsi-frenshop.com\/wp-content\/uploads\/2021\/03\/perles-d-eau-douce-768x768.jpg 768w, https:\/\/samsi-frenshop.com\/wp-content\/uploads\/2021\/03\/perles-d-eau-douce-1140x1140.jpg 1140w, https:\/\/samsi-frenshop.com\/wp-content\/uploads\/2021\/03\/perles-d-eau-douce-75x75.jpg 75w, https:\/\/samsi-frenshop.com\/wp-content\/uploads\/2021\/03\/perles-d-eau-douce.jpg 1366w\" sizes=\"auto, (max-width: 1024px) 100vw, 1024px\" \/><\/figure>\n<\/div>\n\n\n\n<div class=\"wp-block-column is-layout-flow wp-block-column-is-layout-flow\">\n<h2 class=\"has-text-align-center has-medium-font-size wp-block-heading\">Perles verre recycl\u00e9 du Ghana<\/h2>\n\n\n\n<figure class=\"wp-block-image size-large is-resized\"><img loading=\"lazy\" decoding=\"async\" src=\"https:\/\/samsi-frenshop.com\/wp-content\/uploads\/2021\/03\/perles-verre-recycle-ghana-1024x768.jpg\" alt=\"\" class=\"wp-image-482\" width=\"256\" height=\"192\" srcset=\"https:\/\/samsi-frenshop.com\/wp-content\/uploads\/2021\/03\/perles-verre-recycle-ghana-1024x768.jpg 1024w, https:\/\/samsi-frenshop.com\/wp-content\/uploads\/2021\/03\/perles-verre-recycle-ghana-678x509.jpg 678w, https:\/\/samsi-frenshop.com\/wp-content\/uploads\/2021\/03\/perles-verre-recycle-ghana-300x225.jpg 300w, https:\/\/samsi-frenshop.com\/wp-content\/uploads\/2021\/03\/perles-verre-recycle-ghana-768x576.jpg 768w, https:\/\/samsi-frenshop.com\/wp-content\/uploads\/2021\/03\/perles-verre-recycle-ghana-1140x855.jpg 1140w, https:\/\/samsi-frenshop.com\/wp-content\/uploads\/2021\/03\/perles-verre-recycle-ghana.jpg 1366w\" sizes=\"auto, (max-width: 256px) 100vw, 256px\" \/><\/figure>\n<\/div>\n\n\n\n<div class=\"wp-block-column is-layout-flow wp-block-column-is-layout-flow\">\n<h2 class=\"has-medium-font-size wp-block-heading\">Perles verre recycl\u00e9 de Java<\/h2>\n\n\n\n<figure class=\"wp-block-image size-large is-resized\"><img loading=\"lazy\" decoding=\"async\" src=\"https:\/\/samsi-frenshop.com\/wp-content\/uploads\/2021\/03\/perles-verre-java-2-1024x1024.jpg\" alt=\"\" class=\"wp-image-483\" width=\"262\" height=\"262\" srcset=\"https:\/\/samsi-frenshop.com\/wp-content\/uploads\/2021\/03\/perles-verre-java-2-1024x1024.jpg 1024w, https:\/\/samsi-frenshop.com\/wp-content\/uploads\/2021\/03\/perles-verre-java-2-300x300.jpg 300w, https:\/\/samsi-frenshop.com\/wp-content\/uploads\/2021\/03\/perles-verre-java-2-100x100.jpg 100w, https:\/\/samsi-frenshop.com\/wp-content\/uploads\/2021\/03\/perles-verre-java-2-678x678.jpg 678w, https:\/\/samsi-frenshop.com\/wp-content\/uploads\/2021\/03\/perles-verre-java-2-150x150.jpg 150w, https:\/\/samsi-frenshop.com\/wp-content\/uploads\/2021\/03\/perles-verre-java-2-768x768.jpg 768w, https:\/\/samsi-frenshop.com\/wp-content\/uploads\/2021\/03\/perles-verre-java-2-1140x1140.jpg 1140w, https:\/\/samsi-frenshop.com\/wp-content\/uploads\/2021\/03\/perles-verre-java-2-75x75.jpg 75w, https:\/\/samsi-frenshop.com\/wp-content\/uploads\/2021\/03\/perles-verre-java-2.jpg 1366w\" sizes=\"auto, (max-width: 262px) 100vw, 262px\" \/><\/figure>\n<\/div>\n<\/div>\n\n\n\n<div class=\"wp-block-columns are-vertically-aligned-top is-layout-flex wp-container-core-columns-is-layout-28f84493 wp-block-columns-is-layout-flex\">\n<div class=\"wp-block-column is-vertically-aligned-top is-layout-flow wp-block-column-is-layout-flow\">\n<h2 class=\"has-text-align-center has-medium-font-size wp-block-heading\">Perles en cristal<\/h2>\n\n\n\n<div class=\"wp-block-image\"><figure class=\"alignleft size-large is-resized\"><img loading=\"lazy\" decoding=\"async\" src=\"https:\/\/samsi-frenshop.com\/wp-content\/uploads\/2021\/03\/perles-cristal-2-1024x768.jpg\" alt=\"\" class=\"wp-image-484\" width=\"255\" height=\"190\"\/><\/figure><\/div>\n\n\n\n<p><\/p>\n<\/div>\n\n\n\n<div class=\"wp-block-column is-vertically-aligned-top is-layout-flow wp-block-column-is-layout-flow\">\n<h2 class=\"has-text-align-center has-medium-font-size wp-block-heading\"><strong>Perles de verre Inde<\/strong><\/h2>\n\n\n\n<figure class=\"wp-block-image size-large\"><img loading=\"lazy\" decoding=\"async\" width=\"800\" height=\"800\" src=\"https:\/\/samsi-frenshop.com\/wp-content\/uploads\/2021\/03\/perles-verre-indiennes-1.jpg\" alt=\"\" class=\"wp-image-486\" srcset=\"https:\/\/samsi-frenshop.com\/wp-content\/uploads\/2021\/03\/perles-verre-indiennes-1.jpg 800w, https:\/\/samsi-frenshop.com\/wp-content\/uploads\/2021\/03\/perles-verre-indiennes-1-300x300.jpg 300w, https:\/\/samsi-frenshop.com\/wp-content\/uploads\/2021\/03\/perles-verre-indiennes-1-100x100.jpg 100w, https:\/\/samsi-frenshop.com\/wp-content\/uploads\/2021\/03\/perles-verre-indiennes-1-678x678.jpg 678w, https:\/\/samsi-frenshop.com\/wp-content\/uploads\/2021\/03\/perles-verre-indiennes-1-150x150.jpg 150w, https:\/\/samsi-frenshop.com\/wp-content\/uploads\/2021\/03\/perles-verre-indiennes-1-768x768.jpg 768w, https:\/\/samsi-frenshop.com\/wp-content\/uploads\/2021\/03\/perles-verre-indiennes-1-75x75.jpg 75w\" sizes=\"auto, (max-width: 800px) 100vw, 800px\" \/><\/figure>\n<\/div>\n\n\n\n<div class=\"wp-block-column is-vertically-aligned-top is-layout-flow wp-block-column-is-layout-flow\">\n<h2 class=\"has-text-align-center has-medium-font-size wp-block-heading\">Perles verre recycl\u00e9 du Ghana<\/h2>\n\n\n\n<figure class=\"wp-block-image size-large\"><img loading=\"lazy\" decoding=\"async\" width=\"800\" height=\"800\" src=\"https:\/\/samsi-frenshop.com\/wp-content\/uploads\/2021\/03\/perles-verre-recycle-ghana-2.jpg\" alt=\"\" class=\"wp-image-487\" srcset=\"https:\/\/samsi-frenshop.com\/wp-content\/uploads\/2021\/03\/perles-verre-recycle-ghana-2.jpg 800w, https:\/\/samsi-frenshop.com\/wp-content\/uploads\/2021\/03\/perles-verre-recycle-ghana-2-300x300.jpg 300w, https:\/\/samsi-frenshop.com\/wp-content\/uploads\/2021\/03\/perles-verre-recycle-ghana-2-100x100.jpg 100w, https:\/\/samsi-frenshop.com\/wp-content\/uploads\/2021\/03\/perles-verre-recycle-ghana-2-678x678.jpg 678w, https:\/\/samsi-frenshop.com\/wp-content\/uploads\/2021\/03\/perles-verre-recycle-ghana-2-150x150.jpg 150w, https:\/\/samsi-frenshop.com\/wp-content\/uploads\/2021\/03\/perles-verre-recycle-ghana-2-768x768.jpg 768w, https:\/\/samsi-frenshop.com\/wp-content\/uploads\/2021\/03\/perles-verre-recycle-ghana-2-75x75.jpg 75w\" sizes=\"auto, (max-width: 800px) 100vw, 800px\" \/><\/figure>\n<\/div>\n<\/div>\n\n\n\n<div class=\"wp-block-columns are-vertically-aligned-top is-layout-flex wp-container-core-columns-is-layout-28f84493 wp-block-columns-is-layout-flex\">\n<div class=\"wp-block-column is-vertically-aligned-top is-layout-flow wp-block-column-is-layout-flow\">\n<h2 class=\"has-text-align-center has-medium-font-size wp-block-heading\">Perles de verre de Java<\/h2>\n\n\n\n<div class=\"wp-block-image\"><figure class=\"aligncenter\"><img loading=\"lazy\" decoding=\"async\" width=\"1366\" height=\"1366\" src=\"https:\/\/samsi-frenshop.com\/wp-content\/uploads\/2021\/04\/perles-verre-java.jpg\" alt=\"\" class=\"wp-image-795\" srcset=\"https:\/\/samsi-frenshop.com\/wp-content\/uploads\/2021\/04\/perles-verre-java.jpg 1366w, https:\/\/samsi-frenshop.com\/wp-content\/uploads\/2021\/04\/perles-verre-java-300x300.jpg 300w, https:\/\/samsi-frenshop.com\/wp-content\/uploads\/2021\/04\/perles-verre-java-100x100.jpg 100w, https:\/\/samsi-frenshop.com\/wp-content\/uploads\/2021\/04\/perles-verre-java-678x678.jpg 678w, https:\/\/samsi-frenshop.com\/wp-content\/uploads\/2021\/04\/perles-verre-java-1024x1024.jpg 1024w, https:\/\/samsi-frenshop.com\/wp-content\/uploads\/2021\/04\/perles-verre-java-150x150.jpg 150w, https:\/\/samsi-frenshop.com\/wp-content\/uploads\/2021\/04\/perles-verre-java-768x768.jpg 768w, https:\/\/samsi-frenshop.com\/wp-content\/uploads\/2021\/04\/perles-verre-java-1140x1140.jpg 1140w, https:\/\/samsi-frenshop.com\/wp-content\/uploads\/2021\/04\/perles-verre-java-75x75.jpg 75w\" sizes=\"auto, (max-width: 1366px) 100vw, 1366px\" \/><\/figure><\/div>\n\n\n\n<p><\/p>\n<\/div>\n\n\n\n<div class=\"wp-block-column is-vertically-aligned-top is-layout-flow wp-block-column-is-layout-flow\">\n<h2 class=\"has-text-align-center has-medium-font-size wp-block-heading\">Perles de nacre<\/h2>\n\n\n\n<figure class=\"wp-block-image size-large\"><img loading=\"lazy\" decoding=\"async\" width=\"800\" height=\"800\" src=\"https:\/\/samsi-frenshop.com\/wp-content\/uploads\/2021\/04\/perles-etoile-nacre-2.jpg\" alt=\"\" class=\"wp-image-789\" srcset=\"https:\/\/samsi-frenshop.com\/wp-content\/uploads\/2021\/04\/perles-etoile-nacre-2.jpg 800w, https:\/\/samsi-frenshop.com\/wp-content\/uploads\/2021\/04\/perles-etoile-nacre-2-300x300.jpg 300w, https:\/\/samsi-frenshop.com\/wp-content\/uploads\/2021\/04\/perles-etoile-nacre-2-100x100.jpg 100w, https:\/\/samsi-frenshop.com\/wp-content\/uploads\/2021\/04\/perles-etoile-nacre-2-678x678.jpg 678w, https:\/\/samsi-frenshop.com\/wp-content\/uploads\/2021\/04\/perles-etoile-nacre-2-150x150.jpg 150w, https:\/\/samsi-frenshop.com\/wp-content\/uploads\/2021\/04\/perles-etoile-nacre-2-768x768.jpg 768w, https:\/\/samsi-frenshop.com\/wp-content\/uploads\/2021\/04\/perles-etoile-nacre-2-75x75.jpg 75w\" sizes=\"auto, (max-width: 800px) 100vw, 800px\" \/><\/figure>\n<\/div>\n\n\n\n<div class=\"wp-block-column is-vertically-aligned-top is-layout-flow wp-block-column-is-layout-flow\">\n<h2 class=\"has-text-align-center has-medium-font-size wp-block-heading\">Perles naturelles<\/h2>\n\n\n\n<figure class=\"wp-block-image size-large\"><img loading=\"lazy\" decoding=\"async\" width=\"800\" height=\"800\" src=\"https:\/\/samsi-frenshop.com\/wp-content\/uploads\/2021\/04\/perles-naturelles-amazonite-2.jpg\" alt=\"\" class=\"wp-image-790\" srcset=\"https:\/\/samsi-frenshop.com\/wp-content\/uploads\/2021\/04\/perles-naturelles-amazonite-2.jpg 800w, https:\/\/samsi-frenshop.com\/wp-content\/uploads\/2021\/04\/perles-naturelles-amazonite-2-300x300.jpg 300w, https:\/\/samsi-frenshop.com\/wp-content\/uploads\/2021\/04\/perles-naturelles-amazonite-2-100x100.jpg 100w, https:\/\/samsi-frenshop.com\/wp-content\/uploads\/2021\/04\/perles-naturelles-amazonite-2-678x678.jpg 678w, https:\/\/samsi-frenshop.com\/wp-content\/uploads\/2021\/04\/perles-naturelles-amazonite-2-150x150.jpg 150w, https:\/\/samsi-frenshop.com\/wp-content\/uploads\/2021\/04\/perles-naturelles-amazonite-2-768x768.jpg 768w, https:\/\/samsi-frenshop.com\/wp-content\/uploads\/2021\/04\/perles-naturelles-amazonite-2-75x75.jpg 75w\" sizes=\"auto, (max-width: 800px) 100vw, 800px\" \/><\/figure>\n<\/div>\n<\/div>\n\n\n\n<div class=\"wp-block-columns is-layout-flex wp-container-core-columns-is-layout-28f84493 wp-block-columns-is-layout-flex\">\n<div class=\"wp-block-column is-layout-flow wp-block-column-is-layout-flow\" style=\"flex-basis:100%\">\n<div class=\"wp-block-columns is-layout-flex wp-container-core-columns-is-layout-28f84493 wp-block-columns-is-layout-flex\"><\/div>\n<\/div>\n<\/div>\n\n\n\n<div class=\"wp-block-columns is-layout-flex wp-container-core-columns-is-layout-28f84493 wp-block-columns-is-layout-flex\">\n<div class=\"wp-block-column is-layout-flow wp-block-column-is-layout-flow\">\n<h2 class=\"has-medium-font-size wp-block-heading\">Perles naturelles quartz rose<\/h2>\n\n\n\n<figure class=\"wp-block-image size-large\"><img loading=\"lazy\" decoding=\"async\" width=\"800\" height=\"800\" src=\"https:\/\/samsi-frenshop.com\/wp-content\/uploads\/2021\/03\/perles-naturelles-quartz-rose-2.jpg\" alt=\"\" class=\"wp-image-488\" srcset=\"https:\/\/samsi-frenshop.com\/wp-content\/uploads\/2021\/03\/perles-naturelles-quartz-rose-2.jpg 800w, https:\/\/samsi-frenshop.com\/wp-content\/uploads\/2021\/03\/perles-naturelles-quartz-rose-2-300x300.jpg 300w, https:\/\/samsi-frenshop.com\/wp-content\/uploads\/2021\/03\/perles-naturelles-quartz-rose-2-100x100.jpg 100w, https:\/\/samsi-frenshop.com\/wp-content\/uploads\/2021\/03\/perles-naturelles-quartz-rose-2-678x678.jpg 678w, https:\/\/samsi-frenshop.com\/wp-content\/uploads\/2021\/03\/perles-naturelles-quartz-rose-2-150x150.jpg 150w, https:\/\/samsi-frenshop.com\/wp-content\/uploads\/2021\/03\/perles-naturelles-quartz-rose-2-768x768.jpg 768w, https:\/\/samsi-frenshop.com\/wp-content\/uploads\/2021\/03\/perles-naturelles-quartz-rose-2-75x75.jpg 75w\" sizes=\"auto, (max-width: 800px) 100vw, 800px\" \/><\/figure>\n<\/div>\n\n\n\n<div class=\"wp-block-column is-layout-flow wp-block-column-is-layout-flow\">\n<h2 class=\"has-medium-font-size wp-block-heading\">Perles naturelles amazonite<\/h2>\n\n\n\n<figure class=\"wp-block-image size-large\"><img loading=\"lazy\" decoding=\"async\" width=\"800\" height=\"800\" src=\"https:\/\/samsi-frenshop.com\/wp-content\/uploads\/2021\/03\/perles-naturelles-amazonite-2.jpg\" alt=\"\" class=\"wp-image-489\" srcset=\"https:\/\/samsi-frenshop.com\/wp-content\/uploads\/2021\/03\/perles-naturelles-amazonite-2.jpg 800w, https:\/\/samsi-frenshop.com\/wp-content\/uploads\/2021\/03\/perles-naturelles-amazonite-2-300x300.jpg 300w, https:\/\/samsi-frenshop.com\/wp-content\/uploads\/2021\/03\/perles-naturelles-amazonite-2-100x100.jpg 100w, https:\/\/samsi-frenshop.com\/wp-content\/uploads\/2021\/03\/perles-naturelles-amazonite-2-678x678.jpg 678w, https:\/\/samsi-frenshop.com\/wp-content\/uploads\/2021\/03\/perles-naturelles-amazonite-2-150x150.jpg 150w, https:\/\/samsi-frenshop.com\/wp-content\/uploads\/2021\/03\/perles-naturelles-amazonite-2-768x768.jpg 768w, https:\/\/samsi-frenshop.com\/wp-content\/uploads\/2021\/03\/perles-naturelles-amazonite-2-75x75.jpg 75w\" sizes=\"auto, (max-width: 800px) 100vw, 800px\" \/><\/figure>\n<\/div>\n\n\n\n<div class=\"wp-block-column is-layout-flow wp-block-column-is-layout-flow\">\n<h2 class=\"has-medium-font-size wp-block-heading\">Christmas beads du Ghana<\/h2>\n\n\n\n<p><\/p>\n\n\n\n<figure class=\"wp-block-image size-large\"><img loading=\"lazy\" decoding=\"async\" width=\"889\" height=\"800\" src=\"https:\/\/samsi-frenshop.com\/wp-content\/uploads\/2021\/03\/christmas-beads-ghana-2.jpg\" alt=\"\" class=\"wp-image-490\" srcset=\"https:\/\/samsi-frenshop.com\/wp-content\/uploads\/2021\/03\/christmas-beads-ghana-2.jpg 889w, https:\/\/samsi-frenshop.com\/wp-content\/uploads\/2021\/03\/christmas-beads-ghana-2-678x610.jpg 678w, https:\/\/samsi-frenshop.com\/wp-content\/uploads\/2021\/03\/christmas-beads-ghana-2-300x270.jpg 300w, https:\/\/samsi-frenshop.com\/wp-content\/uploads\/2021\/03\/christmas-beads-ghana-2-768x691.jpg 768w\" sizes=\"auto, (max-width: 889px) 100vw, 889px\" \/><\/figure>\n<\/div>\n<\/div>\n\n\n","protected":false},"excerpt":{"rendered":"<p>Perles d&rsquo;eau douce Perles verre recycl\u00e9 du Ghana Perles verre recycl\u00e9 de Java Perles en cristal Perles de verre Inde Perles verre recycl\u00e9 du Ghana Perles de verre de Java Perles de nacre Perles naturelles Perles naturelles quartz rose Perles naturelles amazonite Christmas beads du Ghana<\/p>\n","protected":false},"author":1,"featured_media":0,"parent":0,"menu_order":0,"comment_status":"closed","ping_status":"closed","template":"","meta":{"_monsterinsights_skip_tracking":false,"_monsterinsights_sitenote_active":false,"_monsterinsights_sitenote_note":"","_monsterinsights_sitenote_category":0,"footnotes":""},"class_list":["post-411","page","type-page","status-publish","hentry"],"yoast_head":"<!-- This site is optimized with the Yoast SEO plugin v27.4 - https:\/\/yoast.com\/product\/yoast-seo-wordpress\/ -->\n<title>D\u00e9couvrez mes perles ! - Samsi Frenshop<\/title>\n<meta name=\"robots\" content=\"index, follow, max-snippet:-1, max-image-preview:large, max-video-preview:-1\" \/>\n<link rel=\"canonical\" href=\"https:\/\/samsi-frenshop.com\/?page_id=411\" \/>\n<meta property=\"og:locale\" content=\"fr_FR\" \/>\n<meta property=\"og:type\" content=\"article\" \/>\n<meta property=\"og:title\" content=\"D\u00e9couvrez mes perles ! - Samsi Frenshop\" \/>\n<meta property=\"og:description\" content=\"Perles d&rsquo;eau douce Perles verre recycl\u00e9 du Ghana Perles verre recycl\u00e9 de Java Perles en cristal Perles de verre Inde Perles verre recycl\u00e9 du Ghana Perles de verre de Java Perles de nacre Perles naturelles Perles naturelles quartz rose Perles naturelles amazonite Christmas beads du Ghana\" \/>\n<meta property=\"og:url\" content=\"https:\/\/samsi-frenshop.com\/?page_id=411\" \/>\n<meta property=\"og:site_name\" content=\"Samsi Frenshop\" \/>\n<meta property=\"article:publisher\" content=\"https:\/\/www.facebook.com\/samsifrenshop\" \/>\n<meta property=\"article:modified_time\" content=\"2022-03-17T20:02:38+00:00\" \/>\n<meta property=\"og:image\" content=\"https:\/\/samsi-frenshop.com\/wp-content\/uploads\/2021\/03\/perles-d-eau-douce-1024x1024.jpg\" \/>\n<meta name=\"twitter:card\" content=\"summary_large_image\" \/>\n<meta name=\"twitter:label1\" content=\"Dur\u00e9e de lecture estim\u00e9e\" \/>\n\t<meta name=\"twitter:data1\" content=\"3 minutes\" \/>\n<script type=\"application\/ld+json\" class=\"yoast-schema-graph\">{\"@context\":\"https:\\\/\\\/schema.org\",\"@graph\":[{\"@type\":\"WebPage\",\"@id\":\"https:\\\/\\\/samsi-frenshop.com\\\/?page_id=411\",\"url\":\"https:\\\/\\\/samsi-frenshop.com\\\/?page_id=411\",\"name\":\"D\u00e9couvrez mes perles ! - Samsi Frenshop\",\"isPartOf\":{\"@id\":\"https:\\\/\\\/samsi-frenshop.com\\\/#website\"},\"primaryImageOfPage\":{\"@id\":\"https:\\\/\\\/samsi-frenshop.com\\\/?page_id=411#primaryimage\"},\"image\":{\"@id\":\"https:\\\/\\\/samsi-frenshop.com\\\/?page_id=411#primaryimage\"},\"thumbnailUrl\":\"https:\\\/\\\/samsi-frenshop.com\\\/wp-content\\\/uploads\\\/2021\\\/03\\\/perles-d-eau-douce-1024x1024.jpg\",\"datePublished\":\"2021-03-15T14:46:10+00:00\",\"dateModified\":\"2022-03-17T20:02:38+00:00\",\"breadcrumb\":{\"@id\":\"https:\\\/\\\/samsi-frenshop.com\\\/?page_id=411#breadcrumb\"},\"inLanguage\":\"fr-FR\",\"potentialAction\":[{\"@type\":\"ReadAction\",\"target\":[\"https:\\\/\\\/samsi-frenshop.com\\\/?page_id=411\"]}]},{\"@type\":\"ImageObject\",\"inLanguage\":\"fr-FR\",\"@id\":\"https:\\\/\\\/samsi-frenshop.com\\\/?page_id=411#primaryimage\",\"url\":\"https:\\\/\\\/samsi-frenshop.com\\\/wp-content\\\/uploads\\\/2021\\\/03\\\/perles-d-eau-douce.jpg\",\"contentUrl\":\"https:\\\/\\\/samsi-frenshop.com\\\/wp-content\\\/uploads\\\/2021\\\/03\\\/perles-d-eau-douce.jpg\",\"width\":1366,\"height\":1366,\"caption\":\"perles\"},{\"@type\":\"BreadcrumbList\",\"@id\":\"https:\\\/\\\/samsi-frenshop.com\\\/?page_id=411#breadcrumb\",\"itemListElement\":[{\"@type\":\"ListItem\",\"position\":1,\"name\":\"Accueil\",\"item\":\"https:\\\/\\\/samsi-frenshop.com\\\/\"},{\"@type\":\"ListItem\",\"position\":2,\"name\":\"D\u00e9couvrez mes perles !\"}]},{\"@type\":\"WebSite\",\"@id\":\"https:\\\/\\\/samsi-frenshop.com\\\/#website\",\"url\":\"https:\\\/\\\/samsi-frenshop.com\\\/\",\"name\":\"Samsi Frenshop\",\"description\":\"bijoux fantaisie boh\u00e8me chic assembl\u00e9s \u00e0 la main en France\",\"publisher\":{\"@id\":\"https:\\\/\\\/samsi-frenshop.com\\\/#organization\"},\"potentialAction\":[{\"@type\":\"SearchAction\",\"target\":{\"@type\":\"EntryPoint\",\"urlTemplate\":\"https:\\\/\\\/samsi-frenshop.com\\\/?s={search_term_string}\"},\"query-input\":{\"@type\":\"PropertyValueSpecification\",\"valueRequired\":true,\"valueName\":\"search_term_string\"}}],\"inLanguage\":\"fr-FR\"},{\"@type\":\"Organization\",\"@id\":\"https:\\\/\\\/samsi-frenshop.com\\\/#organization\",\"name\":\"Samsi Frenshop\",\"url\":\"https:\\\/\\\/samsi-frenshop.com\\\/\",\"logo\":{\"@type\":\"ImageObject\",\"inLanguage\":\"fr-FR\",\"@id\":\"https:\\\/\\\/samsi-frenshop.com\\\/#\\\/schema\\\/logo\\\/image\\\/\",\"url\":\"\",\"contentUrl\":\"\",\"caption\":\"Samsi Frenshop\"},\"image\":{\"@id\":\"https:\\\/\\\/samsi-frenshop.com\\\/#\\\/schema\\\/logo\\\/image\\\/\"},\"sameAs\":[\"https:\\\/\\\/www.facebook.com\\\/samsifrenshop\"]}]}<\/script>\n<!-- \/ Yoast SEO plugin. -->","yoast_head_json":{"title":"D\u00e9couvrez mes perles ! - Samsi Frenshop","robots":{"index":"index","follow":"follow","max-snippet":"max-snippet:-1","max-image-preview":"max-image-preview:large","max-video-preview":"max-video-preview:-1"},"canonical":"https:\/\/samsi-frenshop.com\/?page_id=411","og_locale":"fr_FR","og_type":"article","og_title":"D\u00e9couvrez mes perles ! - Samsi Frenshop","og_description":"Perles d&rsquo;eau douce Perles verre recycl\u00e9 du Ghana Perles verre recycl\u00e9 de Java Perles en cristal Perles de verre Inde Perles verre recycl\u00e9 du Ghana Perles de verre de Java Perles de nacre Perles naturelles Perles naturelles quartz rose Perles naturelles amazonite Christmas beads du Ghana","og_url":"https:\/\/samsi-frenshop.com\/?page_id=411","og_site_name":"Samsi Frenshop","article_publisher":"https:\/\/www.facebook.com\/samsifrenshop","article_modified_time":"2022-03-17T20:02:38+00:00","og_image":[{"url":"https:\/\/samsi-frenshop.com\/wp-content\/uploads\/2021\/03\/perles-d-eau-douce-1024x1024.jpg","type":"","width":"","height":""}],"twitter_card":"summary_large_image","twitter_misc":{"Dur\u00e9e de lecture estim\u00e9e":"3 minutes"},"schema":{"@context":"https:\/\/schema.org","@graph":[{"@type":"WebPage","@id":"https:\/\/samsi-frenshop.com\/?page_id=411","url":"https:\/\/samsi-frenshop.com\/?page_id=411","name":"D\u00e9couvrez mes perles ! - Samsi Frenshop","isPartOf":{"@id":"https:\/\/samsi-frenshop.com\/#website"},"primaryImageOfPage":{"@id":"https:\/\/samsi-frenshop.com\/?page_id=411#primaryimage"},"image":{"@id":"https:\/\/samsi-frenshop.com\/?page_id=411#primaryimage"},"thumbnailUrl":"https:\/\/samsi-frenshop.com\/wp-content\/uploads\/2021\/03\/perles-d-eau-douce-1024x1024.jpg","datePublished":"2021-03-15T14:46:10+00:00","dateModified":"2022-03-17T20:02:38+00:00","breadcrumb":{"@id":"https:\/\/samsi-frenshop.com\/?page_id=411#breadcrumb"},"inLanguage":"fr-FR","potentialAction":[{"@type":"ReadAction","target":["https:\/\/samsi-frenshop.com\/?page_id=411"]}]},{"@type":"ImageObject","inLanguage":"fr-FR","@id":"https:\/\/samsi-frenshop.com\/?page_id=411#primaryimage","url":"https:\/\/samsi-frenshop.com\/wp-content\/uploads\/2021\/03\/perles-d-eau-douce.jpg","contentUrl":"https:\/\/samsi-frenshop.com\/wp-content\/uploads\/2021\/03\/perles-d-eau-douce.jpg","width":1366,"height":1366,"caption":"perles"},{"@type":"BreadcrumbList","@id":"https:\/\/samsi-frenshop.com\/?page_id=411#breadcrumb","itemListElement":[{"@type":"ListItem","position":1,"name":"Accueil","item":"https:\/\/samsi-frenshop.com\/"},{"@type":"ListItem","position":2,"name":"D\u00e9couvrez mes perles !"}]},{"@type":"WebSite","@id":"https:\/\/samsi-frenshop.com\/#website","url":"https:\/\/samsi-frenshop.com\/","name":"Samsi Frenshop","description":"bijoux fantaisie boh\u00e8me chic assembl\u00e9s \u00e0 la main en France","publisher":{"@id":"https:\/\/samsi-frenshop.com\/#organization"},"potentialAction":[{"@type":"SearchAction","target":{"@type":"EntryPoint","urlTemplate":"https:\/\/samsi-frenshop.com\/?s={search_term_string}"},"query-input":{"@type":"PropertyValueSpecification","valueRequired":true,"valueName":"search_term_string"}}],"inLanguage":"fr-FR"},{"@type":"Organization","@id":"https:\/\/samsi-frenshop.com\/#organization","name":"Samsi Frenshop","url":"https:\/\/samsi-frenshop.com\/","logo":{"@type":"ImageObject","inLanguage":"fr-FR","@id":"https:\/\/samsi-frenshop.com\/#\/schema\/logo\/image\/","url":"","contentUrl":"","caption":"Samsi Frenshop"},"image":{"@id":"https:\/\/samsi-frenshop.com\/#\/schema\/logo\/image\/"},"sameAs":["https:\/\/www.facebook.com\/samsifrenshop"]}]}},"jetpack_sharing_enabled":true,"_links":{"self":[{"href":"https:\/\/samsi-frenshop.com\/index.php?rest_route=\/wp\/v2\/pages\/411","targetHints":{"allow":["GET"]}}],"collection":[{"href":"https:\/\/samsi-frenshop.com\/index.php?rest_route=\/wp\/v2\/pages"}],"about":[{"href":"https:\/\/samsi-frenshop.com\/index.php?rest_route=\/wp\/v2\/types\/page"}],"author":[{"embeddable":true,"href":"https:\/\/samsi-frenshop.com\/index.php?rest_route=\/wp\/v2\/users\/1"}],"replies":[{"embeddable":true,"href":"https:\/\/samsi-frenshop.com\/index.php?rest_route=%2Fwp%2Fv2%2Fcomments&post=411"}],"version-history":[{"count":5,"href":"https:\/\/samsi-frenshop.com\/index.php?rest_route=\/wp\/v2\/pages\/411\/revisions"}],"predecessor-version":[{"id":1351,"href":"https:\/\/samsi-frenshop.com\/index.php?rest_route=\/wp\/v2\/pages\/411\/revisions\/1351"}],"wp:attachment":[{"href":"https:\/\/samsi-frenshop.com\/index.php?rest_route=%2Fwp%2Fv2%2Fmedia&parent=411"}],"curies":[{"name":"wp","href":"https:\/\/api.w.org\/{rel}","templated":true}]}}