{"id":438,"date":"2021-03-15T15:46:26","date_gmt":"2021-03-15T15:46:26","guid":{"rendered":"https:\/\/samsi-frenshop.com\/?page_id=438"},"modified":"2021-03-21T21:54:06","modified_gmt":"2021-03-21T21:54:06","slug":"prendre-soin-de-ses-bijoux","status":"publish","type":"page","link":"https:\/\/samsi-frenshop.com\/?page_id=438","title":{"rendered":"Prendre soin de ses bijoux"},"content":{"rendered":"\n<p><\/p>\n\n\n\n<h2 class=\"has-text-color wp-block-heading\" style=\"color:#c1add6\"><strong>Conseils pour prot\u00e9ger ses bijoux fantaisie :<\/strong><\/h2>\n\n\n\n<p>Quel que soit le m\u00e9tal de composition de vos bijoux fantaisie il y a plusieurs bonnes pratiques \u00e0 adopter pour qu&rsquo;ils durent dans le temps.<\/p>\n\n\n\n<p>En effet les bijoux sont sensibles aux chocs, aux liquides, \u00e0 l\u2019humidit\u00e9 et aux variations de temp\u00e9ratures.<\/p>\n\n\n\n<p>Ainsi \u00e9viter de porter des bijoux fantaisie quand vous faites du sport, quand vous cuisinez, ou quand vous manipulez des produits chimiques (nettoyants ou cosm\u00e9tiques par exemple). On ne s\u2019en rend pas forc\u00e9ment compte mais des activit\u00e9s du quotidien comme faire la vaisselle, faire du jardinage ou tout simplement aller \u00e0 la piscine ou \u00e0 la mer sont des situations qui peuvent soumettre vos colliers, vos bagues, vos bracelets ou vos boucles d\u2019oreilles \u00e0 rude \u00e9preuve.<\/p>\n\n\n\n<p>Aussi il est d\u00e9conseill\u00e9 de dormir avec ses bijoux, le mieux \u00e9tant de les ranger dans un espace d\u00e9di\u00e9, comme une boite \u00e0 bijoux, durant le temps ou vous ne les portez pas. Choisissez de stocker vos bijoux dans un endroit sec (la salle de bain, oubliez&nbsp;!).<\/p>\n\n\n\n<p>Tous ces conseils sont \u00e0 appliquer si vous voulez que vos bijoux gardent le plus longtemps possible leur \u00e9clat originel.<\/p>\n\n\n\n<p>Ensuite il est normal que, port\u00e9s quotidiennement, vos bijoux soient sujet \u00e0 des traces d\u2019usures.<\/p>\n\n\n\n<h2 class=\"has-text-color wp-block-heading\" style=\"color:#c1add6\"><strong>Les 10 r\u00e9flexes \u00e0 adopter pour prot\u00e9ger ses bijoux<\/strong> :<\/h2>\n\n\n\n<p>Pour tenter de garder un bijou en parfait \u00e9tat le plus longtemps possible il est recommand\u00e9 de :<\/p>\n\n\n\n<ol class=\"wp-block-list\" type=\"1\"><li>Ne mettre ses bijoux le matin qu\u2019une fois maquill\u00e9e et\/ou parfum\u00e9e.<\/li><li>Enlever ses bijoux avant de se laver les mains, faire la vaisselle ou encore essorer du linge.<\/li><li>Ne pas manipuler de produits chimiques de jardinage, nettoyage ou autre sans avoir \u00f4t\u00e9 bagues et bijoux au pr\u00e9alable.<\/li><li>Dans les moments de transports pr\u00e9f\u00e9rer des pochons individuels \u00e0 une boite commune pour ranger vos bijoux fantaisie.<\/li><li>Ne pas stocker ses bijoux dans une pi\u00e8ce humide (salle de bain\u2026) ou inversement en plein soleil.<\/li><li>Pr\u00e9f\u00e9rer une boite \u00e0 bijoux avec blocs individuels plut\u00f4t qu\u2019une seule boite o\u00f9 tous les bijoux sont les uns contre les autres.<\/li><li>Si les bijoux passent malheureusement sous l\u2019eau, les s\u00e9cher soigneusement avec un tissu sec dans tous les recoins.<\/li><li>\u00d4ter les bijoux avant de faire du sport \u00e0 cause du contact avec la transpiration acide qui pourrait \u201cattaquer\u201d le bijou.<\/li><li>Nettoyer ses bijoux avec un tissu sec une fois par mois.<\/li><li>\u00d4ter vos bijoux avant de vous endormir.<\/li><\/ol>\n","protected":false},"excerpt":{"rendered":"<p>Conseils pour prot\u00e9ger ses bijoux fantaisie : Quel que soit le m\u00e9tal de composition de vos bijoux fantaisie il y a plusieurs bonnes pratiques \u00e0 adopter pour qu&rsquo;ils durent dans le temps. En effet les bijoux sont sensibles aux chocs, aux liquides, \u00e0 l\u2019humidit\u00e9 et aux variations de temp\u00e9ratures. Ainsi \u00e9viter de porter des bijoux fantaisie quand vous faites du sport, quand vous cuisinez, ou quand vous manipulez des produits chimiques (nettoyants ou cosm\u00e9tiques par exemple). On ne s\u2019en rend pas forc\u00e9ment compte mais des activit\u00e9s du quotidien comme faire la vaisselle, faire du jardinage ou tout simplement aller \u00e0 la piscine ou \u00e0 la mer sont des situations qui peuvent soumettre vos colliers, vos bagues, vos bracelets ou vos boucles d\u2019oreilles \u00e0 rude \u00e9preuve. Aussi il est d\u00e9conseill\u00e9 de dormir avec ses bijoux, le mieux \u00e9tant de les ranger dans un espace d\u00e9di\u00e9, comme une boite \u00e0 bijoux, durant le temps ou vous ne les portez pas. Choisissez de stocker vos bijoux dans un endroit sec (la salle de bain, oubliez&nbsp;!). Tous ces conseils sont \u00e0 appliquer si vous voulez que vos bijoux gardent le plus longtemps possible leur \u00e9clat originel. Ensuite il est normal que, port\u00e9s quotidiennement, vos bijoux soient sujet \u00e0 des traces d\u2019usures. Les 10 r\u00e9flexes \u00e0 adopter pour prot\u00e9ger ses bijoux : Pour tenter de garder un bijou en parfait \u00e9tat le plus longtemps possible il est recommand\u00e9 de : Ne mettre ses bijoux le matin qu\u2019une fois maquill\u00e9e et\/ou parfum\u00e9e. Enlever ses bijoux avant de se laver les mains, faire la vaisselle ou encore essorer du linge. Ne pas manipuler de produits chimiques de jardinage, nettoyage ou autre sans avoir \u00f4t\u00e9 bagues et bijoux au pr\u00e9alable. Dans les moments de transports pr\u00e9f\u00e9rer des pochons individuels \u00e0 une boite commune pour ranger vos bijoux fantaisie. Ne pas stocker ses bijoux dans une pi\u00e8ce humide (salle de bain\u2026) ou inversement en plein soleil. Pr\u00e9f\u00e9rer une boite \u00e0 bijoux avec blocs individuels plut\u00f4t qu\u2019une seule boite o\u00f9 tous les bijoux sont les uns contre les autres. Si les bijoux passent malheureusement sous l\u2019eau, les s\u00e9cher soigneusement avec un tissu sec dans tous les recoins. \u00d4ter les bijoux avant de faire du sport \u00e0 cause du contact avec la transpiration acide qui pourrait \u201cattaquer\u201d le bijou. Nettoyer ses bijoux avec un tissu sec une fois par mois. \u00d4ter vos bijoux avant de vous endormir.<\/p>\n","protected":false},"author":1,"featured_media":0,"parent":0,"menu_order":0,"comment_status":"closed","ping_status":"closed","template":"","meta":{"_monsterinsights_skip_tracking":false,"_monsterinsights_sitenote_active":false,"_monsterinsights_sitenote_note":"","_monsterinsights_sitenote_category":0,"footnotes":""},"class_list":["post-438","page","type-page","status-publish","hentry"],"yoast_head":"<!-- This site is optimized with the Yoast SEO plugin v27.4 - https:\/\/yoast.com\/product\/yoast-seo-wordpress\/ -->\n<title>Prendre soin de ses bijoux - Samsi Frenshop<\/title>\n<meta name=\"robots\" content=\"index, follow, max-snippet:-1, max-image-preview:large, max-video-preview:-1\" \/>\n<link rel=\"canonical\" href=\"https:\/\/samsi-frenshop.com\/?page_id=438\" \/>\n<meta property=\"og:locale\" content=\"fr_FR\" \/>\n<meta property=\"og:type\" content=\"article\" \/>\n<meta property=\"og:title\" content=\"Prendre soin de ses bijoux - Samsi Frenshop\" \/>\n<meta property=\"og:description\" content=\"Conseils pour prot\u00e9ger ses bijoux fantaisie : Quel que soit le m\u00e9tal de composition de vos bijoux fantaisie il y a plusieurs bonnes pratiques \u00e0 adopter pour qu&rsquo;ils durent dans le temps. En effet les bijoux sont sensibles aux chocs, aux liquides, \u00e0 l\u2019humidit\u00e9 et aux variations de temp\u00e9ratures. Ainsi \u00e9viter de porter des bijoux fantaisie quand vous faites du sport, quand vous cuisinez, ou quand vous manipulez des produits chimiques (nettoyants ou cosm\u00e9tiques par exemple). On ne s\u2019en rend pas forc\u00e9ment compte mais des activit\u00e9s du quotidien comme faire la vaisselle, faire du jardinage ou tout simplement aller \u00e0 la piscine ou \u00e0 la mer sont des situations qui peuvent soumettre vos colliers, vos bagues, vos bracelets ou vos boucles d\u2019oreilles \u00e0 rude \u00e9preuve. Aussi il est d\u00e9conseill\u00e9 de dormir avec ses bijoux, le mieux \u00e9tant de les ranger dans un espace d\u00e9di\u00e9, comme une boite \u00e0 bijoux, durant le temps ou vous ne les portez pas. Choisissez de stocker vos bijoux dans un endroit sec (la salle de bain, oubliez&nbsp;!). Tous ces conseils sont \u00e0 appliquer si vous voulez que vos bijoux gardent le plus longtemps possible leur \u00e9clat originel. Ensuite il est normal que, port\u00e9s quotidiennement, vos bijoux soient sujet \u00e0 des traces d\u2019usures. Les 10 r\u00e9flexes \u00e0 adopter pour prot\u00e9ger ses bijoux : Pour tenter de garder un bijou en parfait \u00e9tat le plus longtemps possible il est recommand\u00e9 de : Ne mettre ses bijoux le matin qu\u2019une fois maquill\u00e9e et\/ou parfum\u00e9e. Enlever ses bijoux avant de se laver les mains, faire la vaisselle ou encore essorer du linge. Ne pas manipuler de produits chimiques de jardinage, nettoyage ou autre sans avoir \u00f4t\u00e9 bagues et bijoux au pr\u00e9alable. Dans les moments de transports pr\u00e9f\u00e9rer des pochons individuels \u00e0 une boite commune pour ranger vos bijoux fantaisie. Ne pas stocker ses bijoux dans une pi\u00e8ce humide (salle de bain\u2026) ou inversement en plein soleil. Pr\u00e9f\u00e9rer une boite \u00e0 bijoux avec blocs individuels plut\u00f4t qu\u2019une seule boite o\u00f9 tous les bijoux sont les uns contre les autres. Si les bijoux passent malheureusement sous l\u2019eau, les s\u00e9cher soigneusement avec un tissu sec dans tous les recoins. \u00d4ter les bijoux avant de faire du sport \u00e0 cause du contact avec la transpiration acide qui pourrait \u201cattaquer\u201d le bijou. Nettoyer ses bijoux avec un tissu sec une fois par mois. \u00d4ter vos bijoux avant de vous endormir.\" \/>\n<meta property=\"og:url\" content=\"https:\/\/samsi-frenshop.com\/?page_id=438\" \/>\n<meta property=\"og:site_name\" content=\"Samsi Frenshop\" \/>\n<meta property=\"article:publisher\" content=\"https:\/\/www.facebook.com\/samsifrenshop\" \/>\n<meta property=\"article:modified_time\" content=\"2021-03-21T21:54:06+00:00\" \/>\n<meta name=\"twitter:card\" content=\"summary_large_image\" \/>\n<meta name=\"twitter:label1\" content=\"Dur\u00e9e de lecture estim\u00e9e\" \/>\n\t<meta name=\"twitter:data1\" content=\"2 minutes\" \/>\n<script type=\"application\/ld+json\" class=\"yoast-schema-graph\">{\"@context\":\"https:\\\/\\\/schema.org\",\"@graph\":[{\"@type\":\"WebPage\",\"@id\":\"https:\\\/\\\/samsi-frenshop.com\\\/?page_id=438\",\"url\":\"https:\\\/\\\/samsi-frenshop.com\\\/?page_id=438\",\"name\":\"Prendre soin de ses bijoux - Samsi Frenshop\",\"isPartOf\":{\"@id\":\"https:\\\/\\\/samsi-frenshop.com\\\/#website\"},\"datePublished\":\"2021-03-15T15:46:26+00:00\",\"dateModified\":\"2021-03-21T21:54:06+00:00\",\"breadcrumb\":{\"@id\":\"https:\\\/\\\/samsi-frenshop.com\\\/?page_id=438#breadcrumb\"},\"inLanguage\":\"fr-FR\",\"potentialAction\":[{\"@type\":\"ReadAction\",\"target\":[\"https:\\\/\\\/samsi-frenshop.com\\\/?page_id=438\"]}]},{\"@type\":\"BreadcrumbList\",\"@id\":\"https:\\\/\\\/samsi-frenshop.com\\\/?page_id=438#breadcrumb\",\"itemListElement\":[{\"@type\":\"ListItem\",\"position\":1,\"name\":\"Accueil\",\"item\":\"https:\\\/\\\/samsi-frenshop.com\\\/\"},{\"@type\":\"ListItem\",\"position\":2,\"name\":\"Prendre soin de ses bijoux\"}]},{\"@type\":\"WebSite\",\"@id\":\"https:\\\/\\\/samsi-frenshop.com\\\/#website\",\"url\":\"https:\\\/\\\/samsi-frenshop.com\\\/\",\"name\":\"Samsi Frenshop\",\"description\":\"bijoux fantaisie boh\u00e8me chic assembl\u00e9s \u00e0 la main en France\",\"publisher\":{\"@id\":\"https:\\\/\\\/samsi-frenshop.com\\\/#organization\"},\"potentialAction\":[{\"@type\":\"SearchAction\",\"target\":{\"@type\":\"EntryPoint\",\"urlTemplate\":\"https:\\\/\\\/samsi-frenshop.com\\\/?s={search_term_string}\"},\"query-input\":{\"@type\":\"PropertyValueSpecification\",\"valueRequired\":true,\"valueName\":\"search_term_string\"}}],\"inLanguage\":\"fr-FR\"},{\"@type\":\"Organization\",\"@id\":\"https:\\\/\\\/samsi-frenshop.com\\\/#organization\",\"name\":\"Samsi Frenshop\",\"url\":\"https:\\\/\\\/samsi-frenshop.com\\\/\",\"logo\":{\"@type\":\"ImageObject\",\"inLanguage\":\"fr-FR\",\"@id\":\"https:\\\/\\\/samsi-frenshop.com\\\/#\\\/schema\\\/logo\\\/image\\\/\",\"url\":\"\",\"contentUrl\":\"\",\"caption\":\"Samsi Frenshop\"},\"image\":{\"@id\":\"https:\\\/\\\/samsi-frenshop.com\\\/#\\\/schema\\\/logo\\\/image\\\/\"},\"sameAs\":[\"https:\\\/\\\/www.facebook.com\\\/samsifrenshop\"]}]}<\/script>\n<!-- \/ Yoast SEO plugin. -->","yoast_head_json":{"title":"Prendre soin de ses bijoux - Samsi Frenshop","robots":{"index":"index","follow":"follow","max-snippet":"max-snippet:-1","max-image-preview":"max-image-preview:large","max-video-preview":"max-video-preview:-1"},"canonical":"https:\/\/samsi-frenshop.com\/?page_id=438","og_locale":"fr_FR","og_type":"article","og_title":"Prendre soin de ses bijoux - Samsi Frenshop","og_description":"Conseils pour prot\u00e9ger ses bijoux fantaisie : Quel que soit le m\u00e9tal de composition de vos bijoux fantaisie il y a plusieurs bonnes pratiques \u00e0 adopter pour qu&rsquo;ils durent dans le temps. En effet les bijoux sont sensibles aux chocs, aux liquides, \u00e0 l\u2019humidit\u00e9 et aux variations de temp\u00e9ratures. Ainsi \u00e9viter de porter des bijoux fantaisie quand vous faites du sport, quand vous cuisinez, ou quand vous manipulez des produits chimiques (nettoyants ou cosm\u00e9tiques par exemple). On ne s\u2019en rend pas forc\u00e9ment compte mais des activit\u00e9s du quotidien comme faire la vaisselle, faire du jardinage ou tout simplement aller \u00e0 la piscine ou \u00e0 la mer sont des situations qui peuvent soumettre vos colliers, vos bagues, vos bracelets ou vos boucles d\u2019oreilles \u00e0 rude \u00e9preuve. Aussi il est d\u00e9conseill\u00e9 de dormir avec ses bijoux, le mieux \u00e9tant de les ranger dans un espace d\u00e9di\u00e9, comme une boite \u00e0 bijoux, durant le temps ou vous ne les portez pas. Choisissez de stocker vos bijoux dans un endroit sec (la salle de bain, oubliez&nbsp;!). Tous ces conseils sont \u00e0 appliquer si vous voulez que vos bijoux gardent le plus longtemps possible leur \u00e9clat originel. Ensuite il est normal que, port\u00e9s quotidiennement, vos bijoux soient sujet \u00e0 des traces d\u2019usures. Les 10 r\u00e9flexes \u00e0 adopter pour prot\u00e9ger ses bijoux : Pour tenter de garder un bijou en parfait \u00e9tat le plus longtemps possible il est recommand\u00e9 de : Ne mettre ses bijoux le matin qu\u2019une fois maquill\u00e9e et\/ou parfum\u00e9e. Enlever ses bijoux avant de se laver les mains, faire la vaisselle ou encore essorer du linge. Ne pas manipuler de produits chimiques de jardinage, nettoyage ou autre sans avoir \u00f4t\u00e9 bagues et bijoux au pr\u00e9alable. Dans les moments de transports pr\u00e9f\u00e9rer des pochons individuels \u00e0 une boite commune pour ranger vos bijoux fantaisie. Ne pas stocker ses bijoux dans une pi\u00e8ce humide (salle de bain\u2026) ou inversement en plein soleil. Pr\u00e9f\u00e9rer une boite \u00e0 bijoux avec blocs individuels plut\u00f4t qu\u2019une seule boite o\u00f9 tous les bijoux sont les uns contre les autres. Si les bijoux passent malheureusement sous l\u2019eau, les s\u00e9cher soigneusement avec un tissu sec dans tous les recoins. \u00d4ter les bijoux avant de faire du sport \u00e0 cause du contact avec la transpiration acide qui pourrait \u201cattaquer\u201d le bijou. Nettoyer ses bijoux avec un tissu sec une fois par mois. \u00d4ter vos bijoux avant de vous endormir.","og_url":"https:\/\/samsi-frenshop.com\/?page_id=438","og_site_name":"Samsi Frenshop","article_publisher":"https:\/\/www.facebook.com\/samsifrenshop","article_modified_time":"2021-03-21T21:54:06+00:00","twitter_card":"summary_large_image","twitter_misc":{"Dur\u00e9e de lecture estim\u00e9e":"2 minutes"},"schema":{"@context":"https:\/\/schema.org","@graph":[{"@type":"WebPage","@id":"https:\/\/samsi-frenshop.com\/?page_id=438","url":"https:\/\/samsi-frenshop.com\/?page_id=438","name":"Prendre soin de ses bijoux - Samsi Frenshop","isPartOf":{"@id":"https:\/\/samsi-frenshop.com\/#website"},"datePublished":"2021-03-15T15:46:26+00:00","dateModified":"2021-03-21T21:54:06+00:00","breadcrumb":{"@id":"https:\/\/samsi-frenshop.com\/?page_id=438#breadcrumb"},"inLanguage":"fr-FR","potentialAction":[{"@type":"ReadAction","target":["https:\/\/samsi-frenshop.com\/?page_id=438"]}]},{"@type":"BreadcrumbList","@id":"https:\/\/samsi-frenshop.com\/?page_id=438#breadcrumb","itemListElement":[{"@type":"ListItem","position":1,"name":"Accueil","item":"https:\/\/samsi-frenshop.com\/"},{"@type":"ListItem","position":2,"name":"Prendre soin de ses bijoux"}]},{"@type":"WebSite","@id":"https:\/\/samsi-frenshop.com\/#website","url":"https:\/\/samsi-frenshop.com\/","name":"Samsi Frenshop","description":"bijoux fantaisie boh\u00e8me chic assembl\u00e9s \u00e0 la main en France","publisher":{"@id":"https:\/\/samsi-frenshop.com\/#organization"},"potentialAction":[{"@type":"SearchAction","target":{"@type":"EntryPoint","urlTemplate":"https:\/\/samsi-frenshop.com\/?s={search_term_string}"},"query-input":{"@type":"PropertyValueSpecification","valueRequired":true,"valueName":"search_term_string"}}],"inLanguage":"fr-FR"},{"@type":"Organization","@id":"https:\/\/samsi-frenshop.com\/#organization","name":"Samsi Frenshop","url":"https:\/\/samsi-frenshop.com\/","logo":{"@type":"ImageObject","inLanguage":"fr-FR","@id":"https:\/\/samsi-frenshop.com\/#\/schema\/logo\/image\/","url":"","contentUrl":"","caption":"Samsi Frenshop"},"image":{"@id":"https:\/\/samsi-frenshop.com\/#\/schema\/logo\/image\/"},"sameAs":["https:\/\/www.facebook.com\/samsifrenshop"]}]}},"jetpack_sharing_enabled":true,"_links":{"self":[{"href":"https:\/\/samsi-frenshop.com\/index.php?rest_route=\/wp\/v2\/pages\/438","targetHints":{"allow":["GET"]}}],"collection":[{"href":"https:\/\/samsi-frenshop.com\/index.php?rest_route=\/wp\/v2\/pages"}],"about":[{"href":"https:\/\/samsi-frenshop.com\/index.php?rest_route=\/wp\/v2\/types\/page"}],"author":[{"embeddable":true,"href":"https:\/\/samsi-frenshop.com\/index.php?rest_route=\/wp\/v2\/users\/1"}],"replies":[{"embeddable":true,"href":"https:\/\/samsi-frenshop.com\/index.php?rest_route=%2Fwp%2Fv2%2Fcomments&post=438"}],"version-history":[{"count":4,"href":"https:\/\/samsi-frenshop.com\/index.php?rest_route=\/wp\/v2\/pages\/438\/revisions"}],"predecessor-version":[{"id":504,"href":"https:\/\/samsi-frenshop.com\/index.php?rest_route=\/wp\/v2\/pages\/438\/revisions\/504"}],"wp:attachment":[{"href":"https:\/\/samsi-frenshop.com\/index.php?rest_route=%2Fwp%2Fv2%2Fmedia&parent=438"}],"curies":[{"name":"wp","href":"https:\/\/api.w.org\/{rel}","templated":true}]}}