{"id":1205,"date":"2021-06-27T19:26:06","date_gmt":"2021-06-27T19:26:06","guid":{"rendered":"https:\/\/samsi-frenshop.com\/?post_type=product&#038;p=1205"},"modified":"2021-06-27T19:33:23","modified_gmt":"2021-06-27T19:33:23","slug":"collier-wisdom-tendance-boho-chic","status":"publish","type":"product","link":"https:\/\/samsi-frenshop.com\/?product=collier-wisdom-tendance-boho-chic","title":{"rendered":"Collier WISDOM"},"content":{"rendered":"<h1><span style=\"color: #c1add6;\">Collier WISDOM<\/span><\/h1>\n<p>Un collier dans la pure tendance Boho-chic !<\/p>\n<p>Le collier WISDOM arbore une magnifique m\u00e9daille ronde en laiton bleut\u00e9. J&rsquo;ai confectionn\u00e9 pour vous de jolies petites pampilles en perles de cristal, \u00e9toiles en nacres et perles cubiques dor\u00e9es. Le tout est mont\u00e9 sur une cha\u00eene assez \u00e9paisse en laiton brut. La m\u00e9daille repr\u00e9sente une chouette symbole de sagesse dans la mythologie grecque.<\/p>\n<p>Astuce : Il peut s&rsquo;associer aux <a href=\"https:\/\/samsi-frenshop.com\/produit\/boucles-doreilles-creoles-amazonite\/\"><span style=\"color: #c1add6;\">boucles d&rsquo;oreilles<\/span><\/a> de la gamme <a href=\"https:\/\/samsi-frenshop.com\/categorie-produit\/colliers\/\"><span style=\"color: #c1add6;\">AMA.<\/span><\/a><\/p>\n","protected":false},"excerpt":{"rendered":"<p>Collier WISDOM en laiton dor\u00e9 et pampilles de cristal et nacre. M\u00e9daille ronde chouette.<\/p>\n","protected":false},"featured_media":1201,"comment_status":"open","ping_status":"closed","template":"","meta":{"_monsterinsights_skip_tracking":false,"_monsterinsights_sitenote_active":false,"_monsterinsights_sitenote_note":"","_monsterinsights_sitenote_category":0},"product_brand":[],"product_cat":[42],"product_tag":[51,71,84,52,53],"class_list":{"0":"post-1205","1":"product","2":"type-product","3":"status-publish","4":"has-post-thumbnail","6":"product_cat-colliers","7":"product_tag-bijou-boheme-chic","8":"product_tag-boheme","9":"product_tag-chic","10":"product_tag-collier","11":"product_tag-pampilles","13":"first","14":"instock","15":"taxable","16":"shipping-taxable","17":"purchasable","18":"product-type-simple"},"yoast_head":"<!-- This site is optimized with the Yoast SEO plugin v27.4 - https:\/\/yoast.com\/product\/yoast-seo-wordpress\/ -->\n<title>Collier WISDOM - Samsi Frenshop - tendance - boho-chic<\/title>\n<meta name=\"description\" content=\"collier tendance boho-chic en laiton dor\u00e9. Il arbore une magnifique m\u00e9daille en laiton dor\u00e9 bleut\u00e9 symbolisant la sagesse.\" \/>\n<meta name=\"robots\" content=\"index, follow, max-snippet:-1, max-image-preview:large, max-video-preview:-1\" \/>\n<link rel=\"canonical\" href=\"https:\/\/samsi-frenshop.com\/?product=collier-wisdom-tendance-boho-chic\" \/>\n<meta property=\"og:locale\" content=\"fr_FR\" \/>\n<meta property=\"og:type\" content=\"article\" \/>\n<meta property=\"og:title\" content=\"Collier WISDOM - Samsi Frenshop - tendance - boho-chic\" \/>\n<meta property=\"og:description\" content=\"collier tendance boho-chic en laiton dor\u00e9. Il arbore une magnifique m\u00e9daille en laiton dor\u00e9 bleut\u00e9 symbolisant la sagesse.\" \/>\n<meta property=\"og:url\" content=\"https:\/\/samsi-frenshop.com\/?product=collier-wisdom-tendance-boho-chic\" \/>\n<meta property=\"og:site_name\" content=\"Samsi Frenshop\" \/>\n<meta property=\"article:publisher\" content=\"https:\/\/www.facebook.com\/samsifrenshop\" \/>\n<meta property=\"article:modified_time\" content=\"2021-06-27T19:33:23+00:00\" \/>\n<meta property=\"og:image\" content=\"https:\/\/samsi-frenshop.com\/wp-content\/uploads\/2021\/06\/WISDOM-collier-2.jpg\" \/>\n\t<meta property=\"og:image:width\" content=\"800\" \/>\n\t<meta property=\"og:image:height\" content=\"800\" \/>\n\t<meta property=\"og:image:type\" content=\"image\/jpeg\" \/>\n<meta name=\"twitter:card\" content=\"summary_large_image\" \/>\n<meta name=\"twitter:label1\" content=\"Dur\u00e9e de lecture estim\u00e9e\" \/>\n\t<meta name=\"twitter:data1\" content=\"1 minute\" \/>\n<script type=\"application\/ld+json\" class=\"yoast-schema-graph\">{\"@context\":\"https:\\\/\\\/schema.org\",\"@graph\":[{\"@type\":\"WebPage\",\"@id\":\"https:\\\/\\\/samsi-frenshop.com\\\/?product=collier-wisdom-tendance-boho-chic\",\"url\":\"https:\\\/\\\/samsi-frenshop.com\\\/?product=collier-wisdom-tendance-boho-chic\",\"name\":\"Collier WISDOM - Samsi Frenshop - tendance - boho-chic\",\"isPartOf\":{\"@id\":\"https:\\\/\\\/samsi-frenshop.com\\\/#website\"},\"primaryImageOfPage\":{\"@id\":\"https:\\\/\\\/samsi-frenshop.com\\\/?product=collier-wisdom-tendance-boho-chic#primaryimage\"},\"image\":{\"@id\":\"https:\\\/\\\/samsi-frenshop.com\\\/?product=collier-wisdom-tendance-boho-chic#primaryimage\"},\"thumbnailUrl\":\"https:\\\/\\\/samsi-frenshop.com\\\/wp-content\\\/uploads\\\/2021\\\/06\\\/WISDOM-collier-2.jpg\",\"datePublished\":\"2021-06-27T19:26:06+00:00\",\"dateModified\":\"2021-06-27T19:33:23+00:00\",\"description\":\"collier tendance boho-chic en laiton dor\u00e9. Il arbore une magnifique m\u00e9daille en laiton dor\u00e9 bleut\u00e9 symbolisant la sagesse.\",\"breadcrumb\":{\"@id\":\"https:\\\/\\\/samsi-frenshop.com\\\/?product=collier-wisdom-tendance-boho-chic#breadcrumb\"},\"inLanguage\":\"fr-FR\",\"potentialAction\":[{\"@type\":\"ReadAction\",\"target\":[\"https:\\\/\\\/samsi-frenshop.com\\\/?product=collier-wisdom-tendance-boho-chic\"]}]},{\"@type\":\"ImageObject\",\"inLanguage\":\"fr-FR\",\"@id\":\"https:\\\/\\\/samsi-frenshop.com\\\/?product=collier-wisdom-tendance-boho-chic#primaryimage\",\"url\":\"https:\\\/\\\/samsi-frenshop.com\\\/wp-content\\\/uploads\\\/2021\\\/06\\\/WISDOM-collier-2.jpg\",\"contentUrl\":\"https:\\\/\\\/samsi-frenshop.com\\\/wp-content\\\/uploads\\\/2021\\\/06\\\/WISDOM-collier-2.jpg\",\"width\":800,\"height\":800,\"caption\":\"collier\"},{\"@type\":\"BreadcrumbList\",\"@id\":\"https:\\\/\\\/samsi-frenshop.com\\\/?product=collier-wisdom-tendance-boho-chic#breadcrumb\",\"itemListElement\":[{\"@type\":\"ListItem\",\"position\":1,\"name\":\"Accueil\",\"item\":\"https:\\\/\\\/samsi-frenshop.com\\\/\"},{\"@type\":\"ListItem\",\"position\":2,\"name\":\"Boutique\",\"item\":\"https:\\\/\\\/samsi-frenshop.com\\\/?page_id=359\"},{\"@type\":\"ListItem\",\"position\":3,\"name\":\"Collier WISDOM\"}]},{\"@type\":\"WebSite\",\"@id\":\"https:\\\/\\\/samsi-frenshop.com\\\/#website\",\"url\":\"https:\\\/\\\/samsi-frenshop.com\\\/\",\"name\":\"Samsi Frenshop\",\"description\":\"bijoux fantaisie boh\u00e8me chic assembl\u00e9s \u00e0 la main en France\",\"publisher\":{\"@id\":\"https:\\\/\\\/samsi-frenshop.com\\\/#organization\"},\"potentialAction\":[{\"@type\":\"SearchAction\",\"target\":{\"@type\":\"EntryPoint\",\"urlTemplate\":\"https:\\\/\\\/samsi-frenshop.com\\\/?s={search_term_string}\"},\"query-input\":{\"@type\":\"PropertyValueSpecification\",\"valueRequired\":true,\"valueName\":\"search_term_string\"}}],\"inLanguage\":\"fr-FR\"},{\"@type\":\"Organization\",\"@id\":\"https:\\\/\\\/samsi-frenshop.com\\\/#organization\",\"name\":\"Samsi Frenshop\",\"url\":\"https:\\\/\\\/samsi-frenshop.com\\\/\",\"logo\":{\"@type\":\"ImageObject\",\"inLanguage\":\"fr-FR\",\"@id\":\"https:\\\/\\\/samsi-frenshop.com\\\/#\\\/schema\\\/logo\\\/image\\\/\",\"url\":\"\",\"contentUrl\":\"\",\"caption\":\"Samsi Frenshop\"},\"image\":{\"@id\":\"https:\\\/\\\/samsi-frenshop.com\\\/#\\\/schema\\\/logo\\\/image\\\/\"},\"sameAs\":[\"https:\\\/\\\/www.facebook.com\\\/samsifrenshop\"]}]}<\/script>\n<!-- \/ Yoast SEO plugin. -->","yoast_head_json":{"title":"Collier WISDOM - Samsi Frenshop - tendance - boho-chic","description":"collier tendance boho-chic en laiton dor\u00e9. Il arbore une magnifique m\u00e9daille en laiton dor\u00e9 bleut\u00e9 symbolisant la sagesse.","robots":{"index":"index","follow":"follow","max-snippet":"max-snippet:-1","max-image-preview":"max-image-preview:large","max-video-preview":"max-video-preview:-1"},"canonical":"https:\/\/samsi-frenshop.com\/?product=collier-wisdom-tendance-boho-chic","og_locale":"fr_FR","og_type":"article","og_title":"Collier WISDOM - Samsi Frenshop - tendance - boho-chic","og_description":"collier tendance boho-chic en laiton dor\u00e9. Il arbore une magnifique m\u00e9daille en laiton dor\u00e9 bleut\u00e9 symbolisant la sagesse.","og_url":"https:\/\/samsi-frenshop.com\/?product=collier-wisdom-tendance-boho-chic","og_site_name":"Samsi Frenshop","article_publisher":"https:\/\/www.facebook.com\/samsifrenshop","article_modified_time":"2021-06-27T19:33:23+00:00","og_image":[{"width":800,"height":800,"url":"https:\/\/samsi-frenshop.com\/wp-content\/uploads\/2021\/06\/WISDOM-collier-2.jpg","type":"image\/jpeg"}],"twitter_card":"summary_large_image","twitter_misc":{"Dur\u00e9e de lecture estim\u00e9e":"1 minute"},"schema":{"@context":"https:\/\/schema.org","@graph":[{"@type":"WebPage","@id":"https:\/\/samsi-frenshop.com\/?product=collier-wisdom-tendance-boho-chic","url":"https:\/\/samsi-frenshop.com\/?product=collier-wisdom-tendance-boho-chic","name":"Collier WISDOM - Samsi Frenshop - tendance - boho-chic","isPartOf":{"@id":"https:\/\/samsi-frenshop.com\/#website"},"primaryImageOfPage":{"@id":"https:\/\/samsi-frenshop.com\/?product=collier-wisdom-tendance-boho-chic#primaryimage"},"image":{"@id":"https:\/\/samsi-frenshop.com\/?product=collier-wisdom-tendance-boho-chic#primaryimage"},"thumbnailUrl":"https:\/\/samsi-frenshop.com\/wp-content\/uploads\/2021\/06\/WISDOM-collier-2.jpg","datePublished":"2021-06-27T19:26:06+00:00","dateModified":"2021-06-27T19:33:23+00:00","description":"collier tendance boho-chic en laiton dor\u00e9. Il arbore une magnifique m\u00e9daille en laiton dor\u00e9 bleut\u00e9 symbolisant la sagesse.","breadcrumb":{"@id":"https:\/\/samsi-frenshop.com\/?product=collier-wisdom-tendance-boho-chic#breadcrumb"},"inLanguage":"fr-FR","potentialAction":[{"@type":"ReadAction","target":["https:\/\/samsi-frenshop.com\/?product=collier-wisdom-tendance-boho-chic"]}]},{"@type":"ImageObject","inLanguage":"fr-FR","@id":"https:\/\/samsi-frenshop.com\/?product=collier-wisdom-tendance-boho-chic#primaryimage","url":"https:\/\/samsi-frenshop.com\/wp-content\/uploads\/2021\/06\/WISDOM-collier-2.jpg","contentUrl":"https:\/\/samsi-frenshop.com\/wp-content\/uploads\/2021\/06\/WISDOM-collier-2.jpg","width":800,"height":800,"caption":"collier"},{"@type":"BreadcrumbList","@id":"https:\/\/samsi-frenshop.com\/?product=collier-wisdom-tendance-boho-chic#breadcrumb","itemListElement":[{"@type":"ListItem","position":1,"name":"Accueil","item":"https:\/\/samsi-frenshop.com\/"},{"@type":"ListItem","position":2,"name":"Boutique","item":"https:\/\/samsi-frenshop.com\/?page_id=359"},{"@type":"ListItem","position":3,"name":"Collier WISDOM"}]},{"@type":"WebSite","@id":"https:\/\/samsi-frenshop.com\/#website","url":"https:\/\/samsi-frenshop.com\/","name":"Samsi Frenshop","description":"bijoux fantaisie boh\u00e8me chic assembl\u00e9s \u00e0 la main en France","publisher":{"@id":"https:\/\/samsi-frenshop.com\/#organization"},"potentialAction":[{"@type":"SearchAction","target":{"@type":"EntryPoint","urlTemplate":"https:\/\/samsi-frenshop.com\/?s={search_term_string}"},"query-input":{"@type":"PropertyValueSpecification","valueRequired":true,"valueName":"search_term_string"}}],"inLanguage":"fr-FR"},{"@type":"Organization","@id":"https:\/\/samsi-frenshop.com\/#organization","name":"Samsi Frenshop","url":"https:\/\/samsi-frenshop.com\/","logo":{"@type":"ImageObject","inLanguage":"fr-FR","@id":"https:\/\/samsi-frenshop.com\/#\/schema\/logo\/image\/","url":"","contentUrl":"","caption":"Samsi Frenshop"},"image":{"@id":"https:\/\/samsi-frenshop.com\/#\/schema\/logo\/image\/"},"sameAs":["https:\/\/www.facebook.com\/samsifrenshop"]}]}},"jetpack_sharing_enabled":true,"_links":{"self":[{"href":"https:\/\/samsi-frenshop.com\/index.php?rest_route=\/wp\/v2\/product\/1205","targetHints":{"allow":["GET"]}}],"collection":[{"href":"https:\/\/samsi-frenshop.com\/index.php?rest_route=\/wp\/v2\/product"}],"about":[{"href":"https:\/\/samsi-frenshop.com\/index.php?rest_route=\/wp\/v2\/types\/product"}],"replies":[{"embeddable":true,"href":"https:\/\/samsi-frenshop.com\/index.php?rest_route=%2Fwp%2Fv2%2Fcomments&post=1205"}],"wp:featuredmedia":[{"embeddable":true,"href":"https:\/\/samsi-frenshop.com\/index.php?rest_route=\/wp\/v2\/media\/1201"}],"wp:attachment":[{"href":"https:\/\/samsi-frenshop.com\/index.php?rest_route=%2Fwp%2Fv2%2Fmedia&parent=1205"}],"wp:term":[{"taxonomy":"product_brand","embeddable":true,"href":"https:\/\/samsi-frenshop.com\/index.php?rest_route=%2Fwp%2Fv2%2Fproduct_brand&post=1205"},{"taxonomy":"product_cat","embeddable":true,"href":"https:\/\/samsi-frenshop.com\/index.php?rest_route=%2Fwp%2Fv2%2Fproduct_cat&post=1205"},{"taxonomy":"product_tag","embeddable":true,"href":"https:\/\/samsi-frenshop.com\/index.php?rest_route=%2Fwp%2Fv2%2Fproduct_tag&post=1205"}],"curies":[{"name":"wp","href":"https:\/\/api.w.org\/{rel}","templated":true}]}}