{"id":1262,"date":"2021-08-06T12:03:47","date_gmt":"2021-08-06T12:03:47","guid":{"rendered":"https:\/\/samsi-frenshop.com\/?post_type=product&#038;p=1262"},"modified":"2021-08-06T12:52:43","modified_gmt":"2021-08-06T12:52:43","slug":"colliers-perles-miyuki-eau-douce","status":"publish","type":"product","link":"https:\/\/samsi-frenshop.com\/?product=colliers-perles-miyuki-eau-douce","title":{"rendered":"Colliers MOP"},"content":{"rendered":"<h1><span style=\"color: #c1add6;\">Colliers MOP\u00a0<\/span><\/h1>\n<p>Dans le m\u00eame esprit que les colliers multicolores LAGOON, vous adorerez ces colliers courts en perles de rocailles Miyuki et perles d&rsquo;eau douce. Ils sont faciles \u00e0 assortir et faciles \u00e0 porter. Les couleurs propos\u00e9es vous permettront de les associer\u00a0avec toutes vos tenues et avec beaucoup d&rsquo;autres bijoux. Vive les accumulations !<\/p>\n<p><a href=\"https:\/\/samsi-frenshop.com\/contact\/\">Contactez-moi<\/a> via le site ou sur <a href=\"https:\/\/www.instagram.com\/samsifrenshop\/\">Instagram<\/a> pour voir les mod\u00e8les disponibles. Des nouveaut\u00e9s arrivent fr\u00e9quemment !<\/p>\n","protected":false},"excerpt":{"rendered":"<p>Colliers courts en perles Miyuki du Japon et perles d&rsquo;eau douce- divers coloris.<\/p>\n","protected":false},"featured_media":1260,"comment_status":"open","ping_status":"closed","template":"","meta":{"_monsterinsights_skip_tracking":false,"_monsterinsights_sitenote_active":false,"_monsterinsights_sitenote_note":"","_monsterinsights_sitenote_category":0},"product_brand":[],"product_cat":[42],"product_tag":[83,52,85,78],"class_list":{"0":"post-1262","1":"product","2":"type-product","3":"status-publish","4":"has-post-thumbnail","6":"product_cat-colliers","7":"product_tag-bleu","8":"product_tag-collier","9":"product_tag-perles-eau-douce","10":"product_tag-perles-miyuki","12":"first","13":"instock","14":"taxable","15":"shipping-taxable","16":"purchasable","17":"product-type-simple"},"yoast_head":"<!-- This site is optimized with the Yoast SEO plugin v27.4 - https:\/\/yoast.com\/product\/yoast-seo-wordpress\/ -->\n<title>Colliers perles eau douce- Colliers MOP - Samsi Frenshop<\/title>\n<meta name=\"description\" content=\"On craque pour ces colliers courts en perles Miyuki et eau douce faciles \u00e0 porter et \u00e0 assortir avec votre tenue ou d&#039;autres colliers.\" \/>\n<meta name=\"robots\" content=\"index, follow, max-snippet:-1, max-image-preview:large, max-video-preview:-1\" \/>\n<link rel=\"canonical\" href=\"https:\/\/samsi-frenshop.com\/?product=colliers-perles-miyuki-eau-douce\" \/>\n<meta property=\"og:locale\" content=\"fr_FR\" \/>\n<meta property=\"og:type\" content=\"article\" \/>\n<meta property=\"og:title\" content=\"Colliers perles eau douce- Colliers MOP - Samsi Frenshop\" \/>\n<meta property=\"og:description\" content=\"On craque pour ces colliers courts en perles Miyuki et eau douce faciles \u00e0 porter et \u00e0 assortir avec votre tenue ou d&#039;autres colliers.\" \/>\n<meta property=\"og:url\" content=\"https:\/\/samsi-frenshop.com\/?product=colliers-perles-miyuki-eau-douce\" \/>\n<meta property=\"og:site_name\" content=\"Samsi Frenshop\" \/>\n<meta property=\"article:publisher\" content=\"https:\/\/www.facebook.com\/samsifrenshop\" \/>\n<meta property=\"article:modified_time\" content=\"2021-08-06T12:52:43+00:00\" \/>\n<meta property=\"og:image\" content=\"https:\/\/samsi-frenshop.com\/wp-content\/uploads\/2021\/08\/MOP-collier-perle-eau-douce-10.jpg\" \/>\n\t<meta property=\"og:image:width\" content=\"800\" \/>\n\t<meta property=\"og:image:height\" content=\"800\" \/>\n\t<meta property=\"og:image:type\" content=\"image\/jpeg\" \/>\n<meta name=\"twitter:card\" content=\"summary_large_image\" \/>\n<meta name=\"twitter:label1\" content=\"Dur\u00e9e de lecture estim\u00e9e\" \/>\n\t<meta name=\"twitter:data1\" content=\"1 minute\" \/>\n<script type=\"application\/ld+json\" class=\"yoast-schema-graph\">{\"@context\":\"https:\\\/\\\/schema.org\",\"@graph\":[{\"@type\":\"WebPage\",\"@id\":\"https:\\\/\\\/samsi-frenshop.com\\\/?product=colliers-perles-miyuki-eau-douce\",\"url\":\"https:\\\/\\\/samsi-frenshop.com\\\/?product=colliers-perles-miyuki-eau-douce\",\"name\":\"Colliers perles eau douce- Colliers MOP - Samsi Frenshop\",\"isPartOf\":{\"@id\":\"https:\\\/\\\/samsi-frenshop.com\\\/#website\"},\"primaryImageOfPage\":{\"@id\":\"https:\\\/\\\/samsi-frenshop.com\\\/?product=colliers-perles-miyuki-eau-douce#primaryimage\"},\"image\":{\"@id\":\"https:\\\/\\\/samsi-frenshop.com\\\/?product=colliers-perles-miyuki-eau-douce#primaryimage\"},\"thumbnailUrl\":\"https:\\\/\\\/samsi-frenshop.com\\\/wp-content\\\/uploads\\\/2021\\\/08\\\/MOP-collier-perle-eau-douce-10.jpg\",\"datePublished\":\"2021-08-06T12:03:47+00:00\",\"dateModified\":\"2021-08-06T12:52:43+00:00\",\"description\":\"On craque pour ces colliers courts en perles Miyuki et eau douce faciles \u00e0 porter et \u00e0 assortir avec votre tenue ou d'autres colliers.\",\"breadcrumb\":{\"@id\":\"https:\\\/\\\/samsi-frenshop.com\\\/?product=colliers-perles-miyuki-eau-douce#breadcrumb\"},\"inLanguage\":\"fr-FR\",\"potentialAction\":[{\"@type\":\"ReadAction\",\"target\":[\"https:\\\/\\\/samsi-frenshop.com\\\/?product=colliers-perles-miyuki-eau-douce\"]}]},{\"@type\":\"ImageObject\",\"inLanguage\":\"fr-FR\",\"@id\":\"https:\\\/\\\/samsi-frenshop.com\\\/?product=colliers-perles-miyuki-eau-douce#primaryimage\",\"url\":\"https:\\\/\\\/samsi-frenshop.com\\\/wp-content\\\/uploads\\\/2021\\\/08\\\/MOP-collier-perle-eau-douce-10.jpg\",\"contentUrl\":\"https:\\\/\\\/samsi-frenshop.com\\\/wp-content\\\/uploads\\\/2021\\\/08\\\/MOP-collier-perle-eau-douce-10.jpg\",\"width\":800,\"height\":800,\"caption\":\"collier perles\"},{\"@type\":\"BreadcrumbList\",\"@id\":\"https:\\\/\\\/samsi-frenshop.com\\\/?product=colliers-perles-miyuki-eau-douce#breadcrumb\",\"itemListElement\":[{\"@type\":\"ListItem\",\"position\":1,\"name\":\"Accueil\",\"item\":\"https:\\\/\\\/samsi-frenshop.com\\\/\"},{\"@type\":\"ListItem\",\"position\":2,\"name\":\"Boutique\",\"item\":\"https:\\\/\\\/samsi-frenshop.com\\\/?page_id=359\"},{\"@type\":\"ListItem\",\"position\":3,\"name\":\"Colliers MOP\"}]},{\"@type\":\"WebSite\",\"@id\":\"https:\\\/\\\/samsi-frenshop.com\\\/#website\",\"url\":\"https:\\\/\\\/samsi-frenshop.com\\\/\",\"name\":\"Samsi Frenshop\",\"description\":\"bijoux fantaisie boh\u00e8me chic assembl\u00e9s \u00e0 la main en France\",\"publisher\":{\"@id\":\"https:\\\/\\\/samsi-frenshop.com\\\/#organization\"},\"potentialAction\":[{\"@type\":\"SearchAction\",\"target\":{\"@type\":\"EntryPoint\",\"urlTemplate\":\"https:\\\/\\\/samsi-frenshop.com\\\/?s={search_term_string}\"},\"query-input\":{\"@type\":\"PropertyValueSpecification\",\"valueRequired\":true,\"valueName\":\"search_term_string\"}}],\"inLanguage\":\"fr-FR\"},{\"@type\":\"Organization\",\"@id\":\"https:\\\/\\\/samsi-frenshop.com\\\/#organization\",\"name\":\"Samsi Frenshop\",\"url\":\"https:\\\/\\\/samsi-frenshop.com\\\/\",\"logo\":{\"@type\":\"ImageObject\",\"inLanguage\":\"fr-FR\",\"@id\":\"https:\\\/\\\/samsi-frenshop.com\\\/#\\\/schema\\\/logo\\\/image\\\/\",\"url\":\"\",\"contentUrl\":\"\",\"caption\":\"Samsi Frenshop\"},\"image\":{\"@id\":\"https:\\\/\\\/samsi-frenshop.com\\\/#\\\/schema\\\/logo\\\/image\\\/\"},\"sameAs\":[\"https:\\\/\\\/www.facebook.com\\\/samsifrenshop\"]}]}<\/script>\n<!-- \/ Yoast SEO plugin. -->","yoast_head_json":{"title":"Colliers perles eau douce- Colliers MOP - Samsi Frenshop","description":"On craque pour ces colliers courts en perles Miyuki et eau douce faciles \u00e0 porter et \u00e0 assortir avec votre tenue ou d'autres colliers.","robots":{"index":"index","follow":"follow","max-snippet":"max-snippet:-1","max-image-preview":"max-image-preview:large","max-video-preview":"max-video-preview:-1"},"canonical":"https:\/\/samsi-frenshop.com\/?product=colliers-perles-miyuki-eau-douce","og_locale":"fr_FR","og_type":"article","og_title":"Colliers perles eau douce- Colliers MOP - Samsi Frenshop","og_description":"On craque pour ces colliers courts en perles Miyuki et eau douce faciles \u00e0 porter et \u00e0 assortir avec votre tenue ou d'autres colliers.","og_url":"https:\/\/samsi-frenshop.com\/?product=colliers-perles-miyuki-eau-douce","og_site_name":"Samsi Frenshop","article_publisher":"https:\/\/www.facebook.com\/samsifrenshop","article_modified_time":"2021-08-06T12:52:43+00:00","og_image":[{"width":800,"height":800,"url":"https:\/\/samsi-frenshop.com\/wp-content\/uploads\/2021\/08\/MOP-collier-perle-eau-douce-10.jpg","type":"image\/jpeg"}],"twitter_card":"summary_large_image","twitter_misc":{"Dur\u00e9e de lecture estim\u00e9e":"1 minute"},"schema":{"@context":"https:\/\/schema.org","@graph":[{"@type":"WebPage","@id":"https:\/\/samsi-frenshop.com\/?product=colliers-perles-miyuki-eau-douce","url":"https:\/\/samsi-frenshop.com\/?product=colliers-perles-miyuki-eau-douce","name":"Colliers perles eau douce- Colliers MOP - Samsi Frenshop","isPartOf":{"@id":"https:\/\/samsi-frenshop.com\/#website"},"primaryImageOfPage":{"@id":"https:\/\/samsi-frenshop.com\/?product=colliers-perles-miyuki-eau-douce#primaryimage"},"image":{"@id":"https:\/\/samsi-frenshop.com\/?product=colliers-perles-miyuki-eau-douce#primaryimage"},"thumbnailUrl":"https:\/\/samsi-frenshop.com\/wp-content\/uploads\/2021\/08\/MOP-collier-perle-eau-douce-10.jpg","datePublished":"2021-08-06T12:03:47+00:00","dateModified":"2021-08-06T12:52:43+00:00","description":"On craque pour ces colliers courts en perles Miyuki et eau douce faciles \u00e0 porter et \u00e0 assortir avec votre tenue ou d'autres colliers.","breadcrumb":{"@id":"https:\/\/samsi-frenshop.com\/?product=colliers-perles-miyuki-eau-douce#breadcrumb"},"inLanguage":"fr-FR","potentialAction":[{"@type":"ReadAction","target":["https:\/\/samsi-frenshop.com\/?product=colliers-perles-miyuki-eau-douce"]}]},{"@type":"ImageObject","inLanguage":"fr-FR","@id":"https:\/\/samsi-frenshop.com\/?product=colliers-perles-miyuki-eau-douce#primaryimage","url":"https:\/\/samsi-frenshop.com\/wp-content\/uploads\/2021\/08\/MOP-collier-perle-eau-douce-10.jpg","contentUrl":"https:\/\/samsi-frenshop.com\/wp-content\/uploads\/2021\/08\/MOP-collier-perle-eau-douce-10.jpg","width":800,"height":800,"caption":"collier perles"},{"@type":"BreadcrumbList","@id":"https:\/\/samsi-frenshop.com\/?product=colliers-perles-miyuki-eau-douce#breadcrumb","itemListElement":[{"@type":"ListItem","position":1,"name":"Accueil","item":"https:\/\/samsi-frenshop.com\/"},{"@type":"ListItem","position":2,"name":"Boutique","item":"https:\/\/samsi-frenshop.com\/?page_id=359"},{"@type":"ListItem","position":3,"name":"Colliers MOP"}]},{"@type":"WebSite","@id":"https:\/\/samsi-frenshop.com\/#website","url":"https:\/\/samsi-frenshop.com\/","name":"Samsi Frenshop","description":"bijoux fantaisie boh\u00e8me chic assembl\u00e9s \u00e0 la main en France","publisher":{"@id":"https:\/\/samsi-frenshop.com\/#organization"},"potentialAction":[{"@type":"SearchAction","target":{"@type":"EntryPoint","urlTemplate":"https:\/\/samsi-frenshop.com\/?s={search_term_string}"},"query-input":{"@type":"PropertyValueSpecification","valueRequired":true,"valueName":"search_term_string"}}],"inLanguage":"fr-FR"},{"@type":"Organization","@id":"https:\/\/samsi-frenshop.com\/#organization","name":"Samsi Frenshop","url":"https:\/\/samsi-frenshop.com\/","logo":{"@type":"ImageObject","inLanguage":"fr-FR","@id":"https:\/\/samsi-frenshop.com\/#\/schema\/logo\/image\/","url":"","contentUrl":"","caption":"Samsi Frenshop"},"image":{"@id":"https:\/\/samsi-frenshop.com\/#\/schema\/logo\/image\/"},"sameAs":["https:\/\/www.facebook.com\/samsifrenshop"]}]}},"jetpack_sharing_enabled":true,"_links":{"self":[{"href":"https:\/\/samsi-frenshop.com\/index.php?rest_route=\/wp\/v2\/product\/1262","targetHints":{"allow":["GET"]}}],"collection":[{"href":"https:\/\/samsi-frenshop.com\/index.php?rest_route=\/wp\/v2\/product"}],"about":[{"href":"https:\/\/samsi-frenshop.com\/index.php?rest_route=\/wp\/v2\/types\/product"}],"replies":[{"embeddable":true,"href":"https:\/\/samsi-frenshop.com\/index.php?rest_route=%2Fwp%2Fv2%2Fcomments&post=1262"}],"wp:featuredmedia":[{"embeddable":true,"href":"https:\/\/samsi-frenshop.com\/index.php?rest_route=\/wp\/v2\/media\/1260"}],"wp:attachment":[{"href":"https:\/\/samsi-frenshop.com\/index.php?rest_route=%2Fwp%2Fv2%2Fmedia&parent=1262"}],"wp:term":[{"taxonomy":"product_brand","embeddable":true,"href":"https:\/\/samsi-frenshop.com\/index.php?rest_route=%2Fwp%2Fv2%2Fproduct_brand&post=1262"},{"taxonomy":"product_cat","embeddable":true,"href":"https:\/\/samsi-frenshop.com\/index.php?rest_route=%2Fwp%2Fv2%2Fproduct_cat&post=1262"},{"taxonomy":"product_tag","embeddable":true,"href":"https:\/\/samsi-frenshop.com\/index.php?rest_route=%2Fwp%2Fv2%2Fproduct_tag&post=1262"}],"curies":[{"name":"wp","href":"https:\/\/api.w.org\/{rel}","templated":true}]}}