{"id":1318,"date":"2021-10-17T17:19:00","date_gmt":"2021-10-17T17:19:00","guid":{"rendered":"https:\/\/samsi-frenshop.com\/?post_type=product&#038;p=1318"},"modified":"2021-10-17T17:46:07","modified_gmt":"2021-10-17T17:46:07","slug":"boucles-doreilles-stel","status":"publish","type":"product","link":"https:\/\/samsi-frenshop.com\/?product=boucles-doreilles-stel","title":{"rendered":"Boucles d&rsquo;oreilles STEL"},"content":{"rendered":"<p>Boucles d&rsquo;oreilles IRI<\/p>\n<h1><span style=\"color: #c1add6;\">Boucles d&rsquo;oreilles STEL<\/span><\/h1>\n<p>Vive l&rsquo;asym\u00e9trie et les boucles d&rsquo;oreilles STEL ! De la nacre, encore de la nacre et &#8230; des \u00e9toiles ! Voici donc de jolies boucles en perles de nacre \u00e9toile termin\u00e9es par une petite perles d&rsquo;eau douce grises pour une touche d&rsquo;\u00e9l\u00e9gance. Les appr\u00eats sont dor\u00e9s \u00e0 l&rsquo;or fin.<\/p>\n<p>Elles sont l\u00e9g\u00e8res et peuvent \u00eatre port\u00e9es toute la journ\u00e9e sans probl\u00e8me. L&rsquo;une mesure 6 cm et l&rsquo;autre 4 cm. Je peux en fabriquer quelques unes mais je reste toujours sur de petites quantit\u00e9s voire des mod\u00e8les uniques pour vous proposer toujours plus de mod\u00e8les diff\u00e9rents. Si un mod\u00e8le n&rsquo;est plus disponible sur le site essayez tout de m\u00eame de me <a href=\"https:\/\/samsi-frenshop.com\/?page_id=28\"><span style=\"color: #c1add6;\">contacter<\/span><\/a> via\u00a0le formulaire ou <span style=\"color: #c1add6;\"><a style=\"color: #c1add6;\" href=\"https:\/\/www.instagram.com\/samsifrenshop\/\">Instagram<\/a> <\/span>pour conna\u00eetre les possibilit\u00e9s de le refabriquer .<\/p>\n","protected":false},"excerpt":{"rendered":"<p>Boucles d&rsquo;oreilles dor\u00e9es \u00e0 l&rsquo;or fin, \u00e9toiles en nacre et perles d&rsquo;eau douce grises.<\/p>\n","protected":false},"featured_media":1287,"comment_status":"open","ping_status":"closed","template":"","meta":{"_monsterinsights_skip_tracking":false,"_monsterinsights_sitenote_active":false,"_monsterinsights_sitenote_note":"","_monsterinsights_sitenote_category":0},"product_brand":[],"product_cat":[43],"product_tag":[36,88,87,54,70],"class_list":{"0":"post-1318","1":"product","2":"type-product","3":"status-publish","4":"has-post-thumbnail","6":"product_cat-boucles-doreilles","7":"product_tag-boucles-doreilles","8":"product_tag-coeur","9":"product_tag-etoile","10":"product_tag-nacre","11":"product_tag-porte-bonheur","13":"first","14":"instock","15":"taxable","16":"shipping-taxable","17":"purchasable","18":"product-type-simple"},"yoast_head":"<!-- This site is optimized with the Yoast SEO plugin v27.4 - https:\/\/yoast.com\/product\/yoast-seo-wordpress\/ -->\n<title>Boucles d&#039;oreilles STEL asym\u00e9trie - nacre - \u00e9toiles - Samsi Frenshop<\/title>\n<meta name=\"description\" content=\"Les boucles STEL c&#039;est l&#039;originalit\u00e9 de l&#039;asym\u00e9trie et l&#039;\u00e9l\u00e9gance des \u00e9toiles en nacre et des perles d&#039;eau douce grises \u00e0 vos oreilles !\" \/>\n<meta name=\"robots\" content=\"index, follow, max-snippet:-1, max-image-preview:large, max-video-preview:-1\" \/>\n<link rel=\"canonical\" href=\"https:\/\/samsi-frenshop.com\/?product=boucles-doreilles-stel\" \/>\n<meta property=\"og:locale\" content=\"fr_FR\" \/>\n<meta property=\"og:type\" content=\"article\" \/>\n<meta property=\"og:title\" content=\"Boucles d&#039;oreilles STEL asym\u00e9trie - nacre - \u00e9toiles - Samsi Frenshop\" \/>\n<meta property=\"og:description\" content=\"Les boucles STEL c&#039;est l&#039;originalit\u00e9 de l&#039;asym\u00e9trie et l&#039;\u00e9l\u00e9gance des \u00e9toiles en nacre et des perles d&#039;eau douce grises \u00e0 vos oreilles !\" \/>\n<meta property=\"og:url\" content=\"https:\/\/samsi-frenshop.com\/?product=boucles-doreilles-stel\" \/>\n<meta property=\"og:site_name\" content=\"Samsi Frenshop\" \/>\n<meta property=\"article:publisher\" content=\"https:\/\/www.facebook.com\/samsifrenshop\" \/>\n<meta property=\"article:modified_time\" content=\"2021-10-17T17:46:07+00:00\" \/>\n<meta property=\"og:image\" content=\"https:\/\/samsi-frenshop.com\/wp-content\/uploads\/2021\/09\/boucles-d-oreilles-STEL-4.jpg\" \/>\n\t<meta property=\"og:image:width\" content=\"800\" \/>\n\t<meta property=\"og:image:height\" content=\"800\" \/>\n\t<meta property=\"og:image:type\" content=\"image\/jpeg\" \/>\n<meta name=\"twitter:card\" content=\"summary_large_image\" \/>\n<meta name=\"twitter:label1\" content=\"Dur\u00e9e de lecture estim\u00e9e\" \/>\n\t<meta name=\"twitter:data1\" content=\"1 minute\" \/>\n<script type=\"application\/ld+json\" class=\"yoast-schema-graph\">{\"@context\":\"https:\\\/\\\/schema.org\",\"@graph\":[{\"@type\":\"WebPage\",\"@id\":\"https:\\\/\\\/samsi-frenshop.com\\\/?product=boucles-doreilles-stel\",\"url\":\"https:\\\/\\\/samsi-frenshop.com\\\/?product=boucles-doreilles-stel\",\"name\":\"Boucles d'oreilles STEL asym\u00e9trie - nacre - \u00e9toiles - Samsi Frenshop\",\"isPartOf\":{\"@id\":\"https:\\\/\\\/samsi-frenshop.com\\\/#website\"},\"primaryImageOfPage\":{\"@id\":\"https:\\\/\\\/samsi-frenshop.com\\\/?product=boucles-doreilles-stel#primaryimage\"},\"image\":{\"@id\":\"https:\\\/\\\/samsi-frenshop.com\\\/?product=boucles-doreilles-stel#primaryimage\"},\"thumbnailUrl\":\"https:\\\/\\\/samsi-frenshop.com\\\/wp-content\\\/uploads\\\/2021\\\/09\\\/boucles-d-oreilles-STEL-4.jpg\",\"datePublished\":\"2021-10-17T17:19:00+00:00\",\"dateModified\":\"2021-10-17T17:46:07+00:00\",\"description\":\"Les boucles STEL c'est l'originalit\u00e9 de l'asym\u00e9trie et l'\u00e9l\u00e9gance des \u00e9toiles en nacre et des perles d'eau douce grises \u00e0 vos oreilles !\",\"breadcrumb\":{\"@id\":\"https:\\\/\\\/samsi-frenshop.com\\\/?product=boucles-doreilles-stel#breadcrumb\"},\"inLanguage\":\"fr-FR\",\"potentialAction\":[{\"@type\":\"ReadAction\",\"target\":[\"https:\\\/\\\/samsi-frenshop.com\\\/?product=boucles-doreilles-stel\"]}]},{\"@type\":\"ImageObject\",\"inLanguage\":\"fr-FR\",\"@id\":\"https:\\\/\\\/samsi-frenshop.com\\\/?product=boucles-doreilles-stel#primaryimage\",\"url\":\"https:\\\/\\\/samsi-frenshop.com\\\/wp-content\\\/uploads\\\/2021\\\/09\\\/boucles-d-oreilles-STEL-4.jpg\",\"contentUrl\":\"https:\\\/\\\/samsi-frenshop.com\\\/wp-content\\\/uploads\\\/2021\\\/09\\\/boucles-d-oreilles-STEL-4.jpg\",\"width\":800,\"height\":800,\"caption\":\"boucles d'oreilles nacre \u00e9toiles\"},{\"@type\":\"BreadcrumbList\",\"@id\":\"https:\\\/\\\/samsi-frenshop.com\\\/?product=boucles-doreilles-stel#breadcrumb\",\"itemListElement\":[{\"@type\":\"ListItem\",\"position\":1,\"name\":\"Accueil\",\"item\":\"https:\\\/\\\/samsi-frenshop.com\\\/\"},{\"@type\":\"ListItem\",\"position\":2,\"name\":\"Boutique\",\"item\":\"https:\\\/\\\/samsi-frenshop.com\\\/?page_id=359\"},{\"@type\":\"ListItem\",\"position\":3,\"name\":\"Boucles d&rsquo;oreilles STEL\"}]},{\"@type\":\"WebSite\",\"@id\":\"https:\\\/\\\/samsi-frenshop.com\\\/#website\",\"url\":\"https:\\\/\\\/samsi-frenshop.com\\\/\",\"name\":\"Samsi Frenshop\",\"description\":\"bijoux fantaisie boh\u00e8me chic assembl\u00e9s \u00e0 la main en France\",\"publisher\":{\"@id\":\"https:\\\/\\\/samsi-frenshop.com\\\/#organization\"},\"potentialAction\":[{\"@type\":\"SearchAction\",\"target\":{\"@type\":\"EntryPoint\",\"urlTemplate\":\"https:\\\/\\\/samsi-frenshop.com\\\/?s={search_term_string}\"},\"query-input\":{\"@type\":\"PropertyValueSpecification\",\"valueRequired\":true,\"valueName\":\"search_term_string\"}}],\"inLanguage\":\"fr-FR\"},{\"@type\":\"Organization\",\"@id\":\"https:\\\/\\\/samsi-frenshop.com\\\/#organization\",\"name\":\"Samsi Frenshop\",\"url\":\"https:\\\/\\\/samsi-frenshop.com\\\/\",\"logo\":{\"@type\":\"ImageObject\",\"inLanguage\":\"fr-FR\",\"@id\":\"https:\\\/\\\/samsi-frenshop.com\\\/#\\\/schema\\\/logo\\\/image\\\/\",\"url\":\"\",\"contentUrl\":\"\",\"caption\":\"Samsi Frenshop\"},\"image\":{\"@id\":\"https:\\\/\\\/samsi-frenshop.com\\\/#\\\/schema\\\/logo\\\/image\\\/\"},\"sameAs\":[\"https:\\\/\\\/www.facebook.com\\\/samsifrenshop\"]}]}<\/script>\n<!-- \/ Yoast SEO plugin. -->","yoast_head_json":{"title":"Boucles d'oreilles STEL asym\u00e9trie - nacre - \u00e9toiles - Samsi Frenshop","description":"Les boucles STEL c'est l'originalit\u00e9 de l'asym\u00e9trie et l'\u00e9l\u00e9gance des \u00e9toiles en nacre et des perles d'eau douce grises \u00e0 vos oreilles !","robots":{"index":"index","follow":"follow","max-snippet":"max-snippet:-1","max-image-preview":"max-image-preview:large","max-video-preview":"max-video-preview:-1"},"canonical":"https:\/\/samsi-frenshop.com\/?product=boucles-doreilles-stel","og_locale":"fr_FR","og_type":"article","og_title":"Boucles d'oreilles STEL asym\u00e9trie - nacre - \u00e9toiles - Samsi Frenshop","og_description":"Les boucles STEL c'est l'originalit\u00e9 de l'asym\u00e9trie et l'\u00e9l\u00e9gance des \u00e9toiles en nacre et des perles d'eau douce grises \u00e0 vos oreilles !","og_url":"https:\/\/samsi-frenshop.com\/?product=boucles-doreilles-stel","og_site_name":"Samsi Frenshop","article_publisher":"https:\/\/www.facebook.com\/samsifrenshop","article_modified_time":"2021-10-17T17:46:07+00:00","og_image":[{"width":800,"height":800,"url":"https:\/\/samsi-frenshop.com\/wp-content\/uploads\/2021\/09\/boucles-d-oreilles-STEL-4.jpg","type":"image\/jpeg"}],"twitter_card":"summary_large_image","twitter_misc":{"Dur\u00e9e de lecture estim\u00e9e":"1 minute"},"schema":{"@context":"https:\/\/schema.org","@graph":[{"@type":"WebPage","@id":"https:\/\/samsi-frenshop.com\/?product=boucles-doreilles-stel","url":"https:\/\/samsi-frenshop.com\/?product=boucles-doreilles-stel","name":"Boucles d'oreilles STEL asym\u00e9trie - nacre - \u00e9toiles - Samsi Frenshop","isPartOf":{"@id":"https:\/\/samsi-frenshop.com\/#website"},"primaryImageOfPage":{"@id":"https:\/\/samsi-frenshop.com\/?product=boucles-doreilles-stel#primaryimage"},"image":{"@id":"https:\/\/samsi-frenshop.com\/?product=boucles-doreilles-stel#primaryimage"},"thumbnailUrl":"https:\/\/samsi-frenshop.com\/wp-content\/uploads\/2021\/09\/boucles-d-oreilles-STEL-4.jpg","datePublished":"2021-10-17T17:19:00+00:00","dateModified":"2021-10-17T17:46:07+00:00","description":"Les boucles STEL c'est l'originalit\u00e9 de l'asym\u00e9trie et l'\u00e9l\u00e9gance des \u00e9toiles en nacre et des perles d'eau douce grises \u00e0 vos oreilles !","breadcrumb":{"@id":"https:\/\/samsi-frenshop.com\/?product=boucles-doreilles-stel#breadcrumb"},"inLanguage":"fr-FR","potentialAction":[{"@type":"ReadAction","target":["https:\/\/samsi-frenshop.com\/?product=boucles-doreilles-stel"]}]},{"@type":"ImageObject","inLanguage":"fr-FR","@id":"https:\/\/samsi-frenshop.com\/?product=boucles-doreilles-stel#primaryimage","url":"https:\/\/samsi-frenshop.com\/wp-content\/uploads\/2021\/09\/boucles-d-oreilles-STEL-4.jpg","contentUrl":"https:\/\/samsi-frenshop.com\/wp-content\/uploads\/2021\/09\/boucles-d-oreilles-STEL-4.jpg","width":800,"height":800,"caption":"boucles d'oreilles nacre \u00e9toiles"},{"@type":"BreadcrumbList","@id":"https:\/\/samsi-frenshop.com\/?product=boucles-doreilles-stel#breadcrumb","itemListElement":[{"@type":"ListItem","position":1,"name":"Accueil","item":"https:\/\/samsi-frenshop.com\/"},{"@type":"ListItem","position":2,"name":"Boutique","item":"https:\/\/samsi-frenshop.com\/?page_id=359"},{"@type":"ListItem","position":3,"name":"Boucles d&rsquo;oreilles STEL"}]},{"@type":"WebSite","@id":"https:\/\/samsi-frenshop.com\/#website","url":"https:\/\/samsi-frenshop.com\/","name":"Samsi Frenshop","description":"bijoux fantaisie boh\u00e8me chic assembl\u00e9s \u00e0 la main en France","publisher":{"@id":"https:\/\/samsi-frenshop.com\/#organization"},"potentialAction":[{"@type":"SearchAction","target":{"@type":"EntryPoint","urlTemplate":"https:\/\/samsi-frenshop.com\/?s={search_term_string}"},"query-input":{"@type":"PropertyValueSpecification","valueRequired":true,"valueName":"search_term_string"}}],"inLanguage":"fr-FR"},{"@type":"Organization","@id":"https:\/\/samsi-frenshop.com\/#organization","name":"Samsi Frenshop","url":"https:\/\/samsi-frenshop.com\/","logo":{"@type":"ImageObject","inLanguage":"fr-FR","@id":"https:\/\/samsi-frenshop.com\/#\/schema\/logo\/image\/","url":"","contentUrl":"","caption":"Samsi Frenshop"},"image":{"@id":"https:\/\/samsi-frenshop.com\/#\/schema\/logo\/image\/"},"sameAs":["https:\/\/www.facebook.com\/samsifrenshop"]}]}},"jetpack_sharing_enabled":true,"_links":{"self":[{"href":"https:\/\/samsi-frenshop.com\/index.php?rest_route=\/wp\/v2\/product\/1318","targetHints":{"allow":["GET"]}}],"collection":[{"href":"https:\/\/samsi-frenshop.com\/index.php?rest_route=\/wp\/v2\/product"}],"about":[{"href":"https:\/\/samsi-frenshop.com\/index.php?rest_route=\/wp\/v2\/types\/product"}],"replies":[{"embeddable":true,"href":"https:\/\/samsi-frenshop.com\/index.php?rest_route=%2Fwp%2Fv2%2Fcomments&post=1318"}],"wp:featuredmedia":[{"embeddable":true,"href":"https:\/\/samsi-frenshop.com\/index.php?rest_route=\/wp\/v2\/media\/1287"}],"wp:attachment":[{"href":"https:\/\/samsi-frenshop.com\/index.php?rest_route=%2Fwp%2Fv2%2Fmedia&parent=1318"}],"wp:term":[{"taxonomy":"product_brand","embeddable":true,"href":"https:\/\/samsi-frenshop.com\/index.php?rest_route=%2Fwp%2Fv2%2Fproduct_brand&post=1318"},{"taxonomy":"product_cat","embeddable":true,"href":"https:\/\/samsi-frenshop.com\/index.php?rest_route=%2Fwp%2Fv2%2Fproduct_cat&post=1318"},{"taxonomy":"product_tag","embeddable":true,"href":"https:\/\/samsi-frenshop.com\/index.php?rest_route=%2Fwp%2Fv2%2Fproduct_tag&post=1318"}],"curies":[{"name":"wp","href":"https:\/\/api.w.org\/{rel}","templated":true}]}}