{"id":1354,"date":"2022-03-28T17:22:07","date_gmt":"2022-03-28T17:22:07","guid":{"rendered":"https:\/\/samsi-frenshop.com\/?post_type=product&#038;p=1354"},"modified":"2022-03-28T17:25:48","modified_gmt":"2022-03-28T17:25:48","slug":"bracelet-perles-de-bois-et-bouddhas-rieurs","status":"publish","type":"product","link":"https:\/\/samsi-frenshop.com\/?product=bracelet-perles-de-bois-et-bouddhas-rieurs","title":{"rendered":"Bracelet LABO"},"content":{"rendered":"<h1><span style=\"color: #c1add6;\">Bracelet LABO<\/span><\/h1>\n<p>Quoi de plus joyeux que ces petits <span style=\"color: #c1add6;\"><a style=\"color: #c1add6;\" href=\"https:\/\/samsi-frenshop.com\/?product_cat=bracelets\">bracelets<\/a><\/span> aux bouddhas rieurs pour accueillir les beaux jours !<\/p>\n<p>Ils sont faits de perles de bois tr\u00e8s l\u00e9g\u00e8res et de perles de verre color\u00e9es. Portez les en accumulation avec tous vos autres tr\u00e9sors, ils s&rsquo;adapteront et vous donnerons la p\u00eache. Pour plus de facilit\u00e9 et encore plus de libert\u00e9, ils sont mont\u00e9s sur \u00e9lastique. Pratique !<\/p>\n","protected":false},"excerpt":{"rendered":"<p>Bracelets boh\u00e8mes avec bouddhas rieurs<\/p>\n","protected":false},"featured_media":1355,"comment_status":"open","ping_status":"closed","template":"","meta":{"_monsterinsights_skip_tracking":false,"_monsterinsights_sitenote_active":false,"_monsterinsights_sitenote_note":"","_monsterinsights_sitenote_category":0},"product_brand":[],"product_cat":[44],"product_tag":[76,49,61],"class_list":{"0":"post-1354","1":"product","2":"type-product","3":"status-publish","4":"has-post-thumbnail","6":"product_cat-bracelets","7":"product_tag-bouddha","8":"product_tag-bracelet","9":"product_tag-perles-de-verre","11":"first","12":"instock","13":"taxable","14":"shipping-taxable","15":"purchasable","16":"product-type-variable","17":"has-default-attributes"},"yoast_head":"<!-- This site is optimized with the Yoast SEO plugin v27.4 - https:\/\/yoast.com\/product\/yoast-seo-wordpress\/ -->\n<title>bracelets bouddhas rieurs Bracelet LABO - Samsi Frenshop<\/title>\n<meta name=\"description\" content=\"adoptez les bracelets bouddhas rieurs LABO ! ils sont color\u00e9s, l\u00e9gers et joyeux. Leurs petits bouddhas rieurs vous porteront bonheur.\" \/>\n<meta name=\"robots\" content=\"index, follow, max-snippet:-1, max-image-preview:large, max-video-preview:-1\" \/>\n<link rel=\"canonical\" href=\"https:\/\/samsi-frenshop.com\/?product=bracelet-perles-de-bois-et-bouddhas-rieurs\" \/>\n<meta property=\"og:locale\" content=\"fr_FR\" \/>\n<meta property=\"og:type\" content=\"article\" \/>\n<meta property=\"og:title\" content=\"bracelets bouddhas rieurs Bracelet LABO - Samsi Frenshop\" \/>\n<meta property=\"og:description\" content=\"adoptez les bracelets bouddhas rieurs LABO ! ils sont color\u00e9s, l\u00e9gers et joyeux. Leurs petits bouddhas rieurs vous porteront bonheur.\" \/>\n<meta property=\"og:url\" content=\"https:\/\/samsi-frenshop.com\/?product=bracelet-perles-de-bois-et-bouddhas-rieurs\" \/>\n<meta property=\"og:site_name\" content=\"Samsi Frenshop\" \/>\n<meta property=\"article:publisher\" content=\"https:\/\/www.facebook.com\/samsifrenshop\" \/>\n<meta property=\"article:modified_time\" content=\"2022-03-28T17:25:48+00:00\" \/>\n<meta property=\"og:image\" content=\"https:\/\/samsi-frenshop.com\/wp-content\/uploads\/2022\/03\/Bracelet-LABO-2.jpg\" \/>\n\t<meta property=\"og:image:width\" content=\"800\" \/>\n\t<meta property=\"og:image:height\" content=\"1000\" \/>\n\t<meta property=\"og:image:type\" content=\"image\/jpeg\" \/>\n<meta name=\"twitter:card\" content=\"summary_large_image\" \/>\n<script type=\"application\/ld+json\" class=\"yoast-schema-graph\">{\"@context\":\"https:\\\/\\\/schema.org\",\"@graph\":[{\"@type\":\"WebPage\",\"@id\":\"https:\\\/\\\/samsi-frenshop.com\\\/?product=bracelet-perles-de-bois-et-bouddhas-rieurs\",\"url\":\"https:\\\/\\\/samsi-frenshop.com\\\/?product=bracelet-perles-de-bois-et-bouddhas-rieurs\",\"name\":\"bracelets bouddhas rieurs Bracelet LABO - Samsi Frenshop\",\"isPartOf\":{\"@id\":\"https:\\\/\\\/samsi-frenshop.com\\\/#website\"},\"primaryImageOfPage\":{\"@id\":\"https:\\\/\\\/samsi-frenshop.com\\\/?product=bracelet-perles-de-bois-et-bouddhas-rieurs#primaryimage\"},\"image\":{\"@id\":\"https:\\\/\\\/samsi-frenshop.com\\\/?product=bracelet-perles-de-bois-et-bouddhas-rieurs#primaryimage\"},\"thumbnailUrl\":\"https:\\\/\\\/samsi-frenshop.com\\\/wp-content\\\/uploads\\\/2022\\\/03\\\/Bracelet-LABO-2.jpg\",\"datePublished\":\"2022-03-28T17:22:07+00:00\",\"dateModified\":\"2022-03-28T17:25:48+00:00\",\"description\":\"adoptez les bracelets bouddhas rieurs LABO ! ils sont color\u00e9s, l\u00e9gers et joyeux. Leurs petits bouddhas rieurs vous porteront bonheur.\",\"breadcrumb\":{\"@id\":\"https:\\\/\\\/samsi-frenshop.com\\\/?product=bracelet-perles-de-bois-et-bouddhas-rieurs#breadcrumb\"},\"inLanguage\":\"fr-FR\",\"potentialAction\":[{\"@type\":\"ReadAction\",\"target\":[\"https:\\\/\\\/samsi-frenshop.com\\\/?product=bracelet-perles-de-bois-et-bouddhas-rieurs\"]}]},{\"@type\":\"ImageObject\",\"inLanguage\":\"fr-FR\",\"@id\":\"https:\\\/\\\/samsi-frenshop.com\\\/?product=bracelet-perles-de-bois-et-bouddhas-rieurs#primaryimage\",\"url\":\"https:\\\/\\\/samsi-frenshop.com\\\/wp-content\\\/uploads\\\/2022\\\/03\\\/Bracelet-LABO-2.jpg\",\"contentUrl\":\"https:\\\/\\\/samsi-frenshop.com\\\/wp-content\\\/uploads\\\/2022\\\/03\\\/Bracelet-LABO-2.jpg\",\"width\":800,\"height\":1000,\"caption\":\"bracelets bouddhas rieurs\"},{\"@type\":\"BreadcrumbList\",\"@id\":\"https:\\\/\\\/samsi-frenshop.com\\\/?product=bracelet-perles-de-bois-et-bouddhas-rieurs#breadcrumb\",\"itemListElement\":[{\"@type\":\"ListItem\",\"position\":1,\"name\":\"Accueil\",\"item\":\"https:\\\/\\\/samsi-frenshop.com\\\/\"},{\"@type\":\"ListItem\",\"position\":2,\"name\":\"Boutique\",\"item\":\"https:\\\/\\\/samsi-frenshop.com\\\/?page_id=359\"},{\"@type\":\"ListItem\",\"position\":3,\"name\":\"Bracelet LABO\"}]},{\"@type\":\"WebSite\",\"@id\":\"https:\\\/\\\/samsi-frenshop.com\\\/#website\",\"url\":\"https:\\\/\\\/samsi-frenshop.com\\\/\",\"name\":\"Samsi Frenshop\",\"description\":\"bijoux fantaisie boh\u00e8me chic assembl\u00e9s \u00e0 la main en France\",\"publisher\":{\"@id\":\"https:\\\/\\\/samsi-frenshop.com\\\/#organization\"},\"potentialAction\":[{\"@type\":\"SearchAction\",\"target\":{\"@type\":\"EntryPoint\",\"urlTemplate\":\"https:\\\/\\\/samsi-frenshop.com\\\/?s={search_term_string}\"},\"query-input\":{\"@type\":\"PropertyValueSpecification\",\"valueRequired\":true,\"valueName\":\"search_term_string\"}}],\"inLanguage\":\"fr-FR\"},{\"@type\":\"Organization\",\"@id\":\"https:\\\/\\\/samsi-frenshop.com\\\/#organization\",\"name\":\"Samsi Frenshop\",\"url\":\"https:\\\/\\\/samsi-frenshop.com\\\/\",\"logo\":{\"@type\":\"ImageObject\",\"inLanguage\":\"fr-FR\",\"@id\":\"https:\\\/\\\/samsi-frenshop.com\\\/#\\\/schema\\\/logo\\\/image\\\/\",\"url\":\"\",\"contentUrl\":\"\",\"caption\":\"Samsi Frenshop\"},\"image\":{\"@id\":\"https:\\\/\\\/samsi-frenshop.com\\\/#\\\/schema\\\/logo\\\/image\\\/\"},\"sameAs\":[\"https:\\\/\\\/www.facebook.com\\\/samsifrenshop\"]}]}<\/script>\n<!-- \/ Yoast SEO plugin. -->","yoast_head_json":{"title":"bracelets bouddhas rieurs Bracelet LABO - Samsi Frenshop","description":"adoptez les bracelets bouddhas rieurs LABO ! ils sont color\u00e9s, l\u00e9gers et joyeux. Leurs petits bouddhas rieurs vous porteront bonheur.","robots":{"index":"index","follow":"follow","max-snippet":"max-snippet:-1","max-image-preview":"max-image-preview:large","max-video-preview":"max-video-preview:-1"},"canonical":"https:\/\/samsi-frenshop.com\/?product=bracelet-perles-de-bois-et-bouddhas-rieurs","og_locale":"fr_FR","og_type":"article","og_title":"bracelets bouddhas rieurs Bracelet LABO - Samsi Frenshop","og_description":"adoptez les bracelets bouddhas rieurs LABO ! ils sont color\u00e9s, l\u00e9gers et joyeux. Leurs petits bouddhas rieurs vous porteront bonheur.","og_url":"https:\/\/samsi-frenshop.com\/?product=bracelet-perles-de-bois-et-bouddhas-rieurs","og_site_name":"Samsi Frenshop","article_publisher":"https:\/\/www.facebook.com\/samsifrenshop","article_modified_time":"2022-03-28T17:25:48+00:00","og_image":[{"width":800,"height":1000,"url":"https:\/\/samsi-frenshop.com\/wp-content\/uploads\/2022\/03\/Bracelet-LABO-2.jpg","type":"image\/jpeg"}],"twitter_card":"summary_large_image","schema":{"@context":"https:\/\/schema.org","@graph":[{"@type":"WebPage","@id":"https:\/\/samsi-frenshop.com\/?product=bracelet-perles-de-bois-et-bouddhas-rieurs","url":"https:\/\/samsi-frenshop.com\/?product=bracelet-perles-de-bois-et-bouddhas-rieurs","name":"bracelets bouddhas rieurs Bracelet LABO - Samsi Frenshop","isPartOf":{"@id":"https:\/\/samsi-frenshop.com\/#website"},"primaryImageOfPage":{"@id":"https:\/\/samsi-frenshop.com\/?product=bracelet-perles-de-bois-et-bouddhas-rieurs#primaryimage"},"image":{"@id":"https:\/\/samsi-frenshop.com\/?product=bracelet-perles-de-bois-et-bouddhas-rieurs#primaryimage"},"thumbnailUrl":"https:\/\/samsi-frenshop.com\/wp-content\/uploads\/2022\/03\/Bracelet-LABO-2.jpg","datePublished":"2022-03-28T17:22:07+00:00","dateModified":"2022-03-28T17:25:48+00:00","description":"adoptez les bracelets bouddhas rieurs LABO ! ils sont color\u00e9s, l\u00e9gers et joyeux. Leurs petits bouddhas rieurs vous porteront bonheur.","breadcrumb":{"@id":"https:\/\/samsi-frenshop.com\/?product=bracelet-perles-de-bois-et-bouddhas-rieurs#breadcrumb"},"inLanguage":"fr-FR","potentialAction":[{"@type":"ReadAction","target":["https:\/\/samsi-frenshop.com\/?product=bracelet-perles-de-bois-et-bouddhas-rieurs"]}]},{"@type":"ImageObject","inLanguage":"fr-FR","@id":"https:\/\/samsi-frenshop.com\/?product=bracelet-perles-de-bois-et-bouddhas-rieurs#primaryimage","url":"https:\/\/samsi-frenshop.com\/wp-content\/uploads\/2022\/03\/Bracelet-LABO-2.jpg","contentUrl":"https:\/\/samsi-frenshop.com\/wp-content\/uploads\/2022\/03\/Bracelet-LABO-2.jpg","width":800,"height":1000,"caption":"bracelets bouddhas rieurs"},{"@type":"BreadcrumbList","@id":"https:\/\/samsi-frenshop.com\/?product=bracelet-perles-de-bois-et-bouddhas-rieurs#breadcrumb","itemListElement":[{"@type":"ListItem","position":1,"name":"Accueil","item":"https:\/\/samsi-frenshop.com\/"},{"@type":"ListItem","position":2,"name":"Boutique","item":"https:\/\/samsi-frenshop.com\/?page_id=359"},{"@type":"ListItem","position":3,"name":"Bracelet LABO"}]},{"@type":"WebSite","@id":"https:\/\/samsi-frenshop.com\/#website","url":"https:\/\/samsi-frenshop.com\/","name":"Samsi Frenshop","description":"bijoux fantaisie boh\u00e8me chic assembl\u00e9s \u00e0 la main en France","publisher":{"@id":"https:\/\/samsi-frenshop.com\/#organization"},"potentialAction":[{"@type":"SearchAction","target":{"@type":"EntryPoint","urlTemplate":"https:\/\/samsi-frenshop.com\/?s={search_term_string}"},"query-input":{"@type":"PropertyValueSpecification","valueRequired":true,"valueName":"search_term_string"}}],"inLanguage":"fr-FR"},{"@type":"Organization","@id":"https:\/\/samsi-frenshop.com\/#organization","name":"Samsi Frenshop","url":"https:\/\/samsi-frenshop.com\/","logo":{"@type":"ImageObject","inLanguage":"fr-FR","@id":"https:\/\/samsi-frenshop.com\/#\/schema\/logo\/image\/","url":"","contentUrl":"","caption":"Samsi Frenshop"},"image":{"@id":"https:\/\/samsi-frenshop.com\/#\/schema\/logo\/image\/"},"sameAs":["https:\/\/www.facebook.com\/samsifrenshop"]}]}},"jetpack_sharing_enabled":true,"_links":{"self":[{"href":"https:\/\/samsi-frenshop.com\/index.php?rest_route=\/wp\/v2\/product\/1354","targetHints":{"allow":["GET"]}}],"collection":[{"href":"https:\/\/samsi-frenshop.com\/index.php?rest_route=\/wp\/v2\/product"}],"about":[{"href":"https:\/\/samsi-frenshop.com\/index.php?rest_route=\/wp\/v2\/types\/product"}],"replies":[{"embeddable":true,"href":"https:\/\/samsi-frenshop.com\/index.php?rest_route=%2Fwp%2Fv2%2Fcomments&post=1354"}],"wp:featuredmedia":[{"embeddable":true,"href":"https:\/\/samsi-frenshop.com\/index.php?rest_route=\/wp\/v2\/media\/1355"}],"wp:attachment":[{"href":"https:\/\/samsi-frenshop.com\/index.php?rest_route=%2Fwp%2Fv2%2Fmedia&parent=1354"}],"wp:term":[{"taxonomy":"product_brand","embeddable":true,"href":"https:\/\/samsi-frenshop.com\/index.php?rest_route=%2Fwp%2Fv2%2Fproduct_brand&post=1354"},{"taxonomy":"product_cat","embeddable":true,"href":"https:\/\/samsi-frenshop.com\/index.php?rest_route=%2Fwp%2Fv2%2Fproduct_cat&post=1354"},{"taxonomy":"product_tag","embeddable":true,"href":"https:\/\/samsi-frenshop.com\/index.php?rest_route=%2Fwp%2Fv2%2Fproduct_tag&post=1354"}],"curies":[{"name":"wp","href":"https:\/\/api.w.org\/{rel}","templated":true}]}}