{"id":528,"date":"2021-03-22T14:01:38","date_gmt":"2021-03-22T14:01:38","guid":{"rendered":"https:\/\/samsi-frenshop.com\/?post_type=product&#038;p=528"},"modified":"2023-11-07T17:38:12","modified_gmt":"2023-11-07T17:38:12","slug":"boucles-doreilles-creoles-amazonite","status":"publish","type":"product","link":"https:\/\/samsi-frenshop.com\/?product=boucles-doreilles-creoles-amazonite","title":{"rendered":"Boucles d&rsquo;oreilles AMA"},"content":{"rendered":"<p>Les boucles\u00a0 AMA , des boucles d&rsquo;oreilles style boh\u00e8me chic cr\u00e9es par Samsi Frenshop. Voici de jolies cr\u00e9oles en laiton dor\u00e9 de taille moyenne. J&rsquo;y ai ajout\u00e9 des pampilles de diff\u00e9rentes longueurs en disques d&rsquo;<a href=\"https:\/\/samsi-frenshop.com\/origine-des-perles\/\">amazonite<\/a>\u00a0 plac\u00e9es harmonieusement sur la cr\u00e9ole. Les perles sont de petite taille ainsi la boucle d&rsquo;oreille reste l\u00e9g\u00e8re et peut \u00eatre port\u00e9e toute une journ\u00e9e sans aucune g\u00eane.<\/p>\n<p>L&rsquo;amazonite, cette pierre naturelle dont je raffole, offre des couleurs subtiles qui s&rsquo;accorderont avec de nombreuses tenues.<\/p>\n<p>Les boucles d&rsquo;oreilles sont <a href=\"https:\/\/samsi-frenshop.com\/a-propos\/\">assembl\u00e9es \u00e0 la main dans mon atelier<\/a>.<\/p>\n<p>&nbsp;<\/p>\n","protected":false},"excerpt":{"rendered":"<p>Boucles d&rsquo;oreilles cr\u00e9oles dor\u00e9es et pampilles en perles naturelles<\/p>\n","protected":false},"featured_media":529,"comment_status":"open","ping_status":"closed","template":"","meta":{"_monsterinsights_skip_tracking":false,"_monsterinsights_sitenote_active":false,"_monsterinsights_sitenote_note":"","_monsterinsights_sitenote_category":0},"product_brand":[],"product_cat":[43],"product_tag":[38,36,37],"class_list":{"0":"post-528","1":"product","2":"type-product","3":"status-publish","4":"has-post-thumbnail","6":"product_cat-boucles-doreilles","7":"product_tag-amazonite","8":"product_tag-boucles-doreilles","9":"product_tag-pierre-naturelle","11":"first","12":"instock","13":"taxable","14":"shipping-taxable","15":"purchasable","16":"product-type-simple"},"yoast_head":"<!-- This site is optimized with the Yoast SEO plugin v27.4 - https:\/\/yoast.com\/product\/yoast-seo-wordpress\/ -->\n<title>boucles-d-oreilles-tendance Samsi-Frenshop<\/title>\n<meta name=\"description\" content=\"Des boucles d&#039;oreilles de style boh\u00e8me chic. De jolies pampilles en pierre naturelle d&#039;amazonite mont\u00e9es sur de petites cr\u00e9oles.\" \/>\n<meta name=\"robots\" content=\"index, follow, max-snippet:-1, max-image-preview:large, max-video-preview:-1\" \/>\n<link rel=\"canonical\" href=\"https:\/\/samsi-frenshop.com\/?product=boucles-doreilles-creoles-amazonite\" \/>\n<meta property=\"og:locale\" content=\"fr_FR\" \/>\n<meta property=\"og:type\" content=\"article\" \/>\n<meta property=\"og:title\" content=\"boucles-d-oreilles-tendance Samsi-Frenshop\" \/>\n<meta property=\"og:description\" content=\"Des boucles d&#039;oreilles de style boh\u00e8me chic. De jolies pampilles en pierre naturelle d&#039;amazonite mont\u00e9es sur de petites cr\u00e9oles.\" \/>\n<meta property=\"og:url\" content=\"https:\/\/samsi-frenshop.com\/?product=boucles-doreilles-creoles-amazonite\" \/>\n<meta property=\"og:site_name\" content=\"Samsi Frenshop\" \/>\n<meta property=\"article:publisher\" content=\"https:\/\/www.facebook.com\/samsifrenshop\" \/>\n<meta property=\"article:modified_time\" content=\"2023-11-07T17:38:12+00:00\" \/>\n<meta property=\"og:image\" content=\"https:\/\/samsi-frenshop.com\/wp-content\/uploads\/2021\/03\/AMA-BO-boucles-d-oreilles-amazonite-2.jpg\" \/>\n\t<meta property=\"og:image:width\" content=\"800\" \/>\n\t<meta property=\"og:image:height\" content=\"800\" \/>\n\t<meta property=\"og:image:type\" content=\"image\/jpeg\" \/>\n<meta name=\"twitter:card\" content=\"summary_large_image\" \/>\n<meta name=\"twitter:label1\" content=\"Dur\u00e9e de lecture estim\u00e9e\" \/>\n\t<meta name=\"twitter:data1\" content=\"1 minute\" \/>\n<script type=\"application\/ld+json\" class=\"yoast-schema-graph\">{\"@context\":\"https:\\\/\\\/schema.org\",\"@graph\":[{\"@type\":\"WebPage\",\"@id\":\"https:\\\/\\\/samsi-frenshop.com\\\/?product=boucles-doreilles-creoles-amazonite\",\"url\":\"https:\\\/\\\/samsi-frenshop.com\\\/?product=boucles-doreilles-creoles-amazonite\",\"name\":\"boucles-d-oreilles-tendance Samsi-Frenshop\",\"isPartOf\":{\"@id\":\"https:\\\/\\\/samsi-frenshop.com\\\/#website\"},\"primaryImageOfPage\":{\"@id\":\"https:\\\/\\\/samsi-frenshop.com\\\/?product=boucles-doreilles-creoles-amazonite#primaryimage\"},\"image\":{\"@id\":\"https:\\\/\\\/samsi-frenshop.com\\\/?product=boucles-doreilles-creoles-amazonite#primaryimage\"},\"thumbnailUrl\":\"https:\\\/\\\/samsi-frenshop.com\\\/wp-content\\\/uploads\\\/2021\\\/03\\\/AMA-BO-boucles-d-oreilles-amazonite-2.jpg\",\"datePublished\":\"2021-03-22T14:01:38+00:00\",\"dateModified\":\"2023-11-07T17:38:12+00:00\",\"description\":\"Des boucles d'oreilles de style boh\u00e8me chic. De jolies pampilles en pierre naturelle d'amazonite mont\u00e9es sur de petites cr\u00e9oles.\",\"breadcrumb\":{\"@id\":\"https:\\\/\\\/samsi-frenshop.com\\\/?product=boucles-doreilles-creoles-amazonite#breadcrumb\"},\"inLanguage\":\"fr-FR\",\"potentialAction\":[{\"@type\":\"ReadAction\",\"target\":[\"https:\\\/\\\/samsi-frenshop.com\\\/?product=boucles-doreilles-creoles-amazonite\"]}]},{\"@type\":\"ImageObject\",\"inLanguage\":\"fr-FR\",\"@id\":\"https:\\\/\\\/samsi-frenshop.com\\\/?product=boucles-doreilles-creoles-amazonite#primaryimage\",\"url\":\"https:\\\/\\\/samsi-frenshop.com\\\/wp-content\\\/uploads\\\/2021\\\/03\\\/AMA-BO-boucles-d-oreilles-amazonite-2.jpg\",\"contentUrl\":\"https:\\\/\\\/samsi-frenshop.com\\\/wp-content\\\/uploads\\\/2021\\\/03\\\/AMA-BO-boucles-d-oreilles-amazonite-2.jpg\",\"width\":800,\"height\":800,\"caption\":\"boucles d'oreilles perles amazonite\"},{\"@type\":\"BreadcrumbList\",\"@id\":\"https:\\\/\\\/samsi-frenshop.com\\\/?product=boucles-doreilles-creoles-amazonite#breadcrumb\",\"itemListElement\":[{\"@type\":\"ListItem\",\"position\":1,\"name\":\"Accueil\",\"item\":\"https:\\\/\\\/samsi-frenshop.com\\\/\"},{\"@type\":\"ListItem\",\"position\":2,\"name\":\"Boutique\",\"item\":\"https:\\\/\\\/samsi-frenshop.com\\\/?page_id=359\"},{\"@type\":\"ListItem\",\"position\":3,\"name\":\"Boucles d&rsquo;oreilles AMA\"}]},{\"@type\":\"WebSite\",\"@id\":\"https:\\\/\\\/samsi-frenshop.com\\\/#website\",\"url\":\"https:\\\/\\\/samsi-frenshop.com\\\/\",\"name\":\"Samsi Frenshop\",\"description\":\"bijoux fantaisie boh\u00e8me chic assembl\u00e9s \u00e0 la main en France\",\"publisher\":{\"@id\":\"https:\\\/\\\/samsi-frenshop.com\\\/#organization\"},\"potentialAction\":[{\"@type\":\"SearchAction\",\"target\":{\"@type\":\"EntryPoint\",\"urlTemplate\":\"https:\\\/\\\/samsi-frenshop.com\\\/?s={search_term_string}\"},\"query-input\":{\"@type\":\"PropertyValueSpecification\",\"valueRequired\":true,\"valueName\":\"search_term_string\"}}],\"inLanguage\":\"fr-FR\"},{\"@type\":\"Organization\",\"@id\":\"https:\\\/\\\/samsi-frenshop.com\\\/#organization\",\"name\":\"Samsi Frenshop\",\"url\":\"https:\\\/\\\/samsi-frenshop.com\\\/\",\"logo\":{\"@type\":\"ImageObject\",\"inLanguage\":\"fr-FR\",\"@id\":\"https:\\\/\\\/samsi-frenshop.com\\\/#\\\/schema\\\/logo\\\/image\\\/\",\"url\":\"\",\"contentUrl\":\"\",\"caption\":\"Samsi Frenshop\"},\"image\":{\"@id\":\"https:\\\/\\\/samsi-frenshop.com\\\/#\\\/schema\\\/logo\\\/image\\\/\"},\"sameAs\":[\"https:\\\/\\\/www.facebook.com\\\/samsifrenshop\"]}]}<\/script>\n<!-- \/ Yoast SEO plugin. -->","yoast_head_json":{"title":"boucles-d-oreilles-tendance Samsi-Frenshop","description":"Des boucles d'oreilles de style boh\u00e8me chic. De jolies pampilles en pierre naturelle d'amazonite mont\u00e9es sur de petites cr\u00e9oles.","robots":{"index":"index","follow":"follow","max-snippet":"max-snippet:-1","max-image-preview":"max-image-preview:large","max-video-preview":"max-video-preview:-1"},"canonical":"https:\/\/samsi-frenshop.com\/?product=boucles-doreilles-creoles-amazonite","og_locale":"fr_FR","og_type":"article","og_title":"boucles-d-oreilles-tendance Samsi-Frenshop","og_description":"Des boucles d'oreilles de style boh\u00e8me chic. De jolies pampilles en pierre naturelle d'amazonite mont\u00e9es sur de petites cr\u00e9oles.","og_url":"https:\/\/samsi-frenshop.com\/?product=boucles-doreilles-creoles-amazonite","og_site_name":"Samsi Frenshop","article_publisher":"https:\/\/www.facebook.com\/samsifrenshop","article_modified_time":"2023-11-07T17:38:12+00:00","og_image":[{"width":800,"height":800,"url":"https:\/\/samsi-frenshop.com\/wp-content\/uploads\/2021\/03\/AMA-BO-boucles-d-oreilles-amazonite-2.jpg","type":"image\/jpeg"}],"twitter_card":"summary_large_image","twitter_misc":{"Dur\u00e9e de lecture estim\u00e9e":"1 minute"},"schema":{"@context":"https:\/\/schema.org","@graph":[{"@type":"WebPage","@id":"https:\/\/samsi-frenshop.com\/?product=boucles-doreilles-creoles-amazonite","url":"https:\/\/samsi-frenshop.com\/?product=boucles-doreilles-creoles-amazonite","name":"boucles-d-oreilles-tendance Samsi-Frenshop","isPartOf":{"@id":"https:\/\/samsi-frenshop.com\/#website"},"primaryImageOfPage":{"@id":"https:\/\/samsi-frenshop.com\/?product=boucles-doreilles-creoles-amazonite#primaryimage"},"image":{"@id":"https:\/\/samsi-frenshop.com\/?product=boucles-doreilles-creoles-amazonite#primaryimage"},"thumbnailUrl":"https:\/\/samsi-frenshop.com\/wp-content\/uploads\/2021\/03\/AMA-BO-boucles-d-oreilles-amazonite-2.jpg","datePublished":"2021-03-22T14:01:38+00:00","dateModified":"2023-11-07T17:38:12+00:00","description":"Des boucles d'oreilles de style boh\u00e8me chic. De jolies pampilles en pierre naturelle d'amazonite mont\u00e9es sur de petites cr\u00e9oles.","breadcrumb":{"@id":"https:\/\/samsi-frenshop.com\/?product=boucles-doreilles-creoles-amazonite#breadcrumb"},"inLanguage":"fr-FR","potentialAction":[{"@type":"ReadAction","target":["https:\/\/samsi-frenshop.com\/?product=boucles-doreilles-creoles-amazonite"]}]},{"@type":"ImageObject","inLanguage":"fr-FR","@id":"https:\/\/samsi-frenshop.com\/?product=boucles-doreilles-creoles-amazonite#primaryimage","url":"https:\/\/samsi-frenshop.com\/wp-content\/uploads\/2021\/03\/AMA-BO-boucles-d-oreilles-amazonite-2.jpg","contentUrl":"https:\/\/samsi-frenshop.com\/wp-content\/uploads\/2021\/03\/AMA-BO-boucles-d-oreilles-amazonite-2.jpg","width":800,"height":800,"caption":"boucles d'oreilles perles amazonite"},{"@type":"BreadcrumbList","@id":"https:\/\/samsi-frenshop.com\/?product=boucles-doreilles-creoles-amazonite#breadcrumb","itemListElement":[{"@type":"ListItem","position":1,"name":"Accueil","item":"https:\/\/samsi-frenshop.com\/"},{"@type":"ListItem","position":2,"name":"Boutique","item":"https:\/\/samsi-frenshop.com\/?page_id=359"},{"@type":"ListItem","position":3,"name":"Boucles d&rsquo;oreilles AMA"}]},{"@type":"WebSite","@id":"https:\/\/samsi-frenshop.com\/#website","url":"https:\/\/samsi-frenshop.com\/","name":"Samsi Frenshop","description":"bijoux fantaisie boh\u00e8me chic assembl\u00e9s \u00e0 la main en France","publisher":{"@id":"https:\/\/samsi-frenshop.com\/#organization"},"potentialAction":[{"@type":"SearchAction","target":{"@type":"EntryPoint","urlTemplate":"https:\/\/samsi-frenshop.com\/?s={search_term_string}"},"query-input":{"@type":"PropertyValueSpecification","valueRequired":true,"valueName":"search_term_string"}}],"inLanguage":"fr-FR"},{"@type":"Organization","@id":"https:\/\/samsi-frenshop.com\/#organization","name":"Samsi Frenshop","url":"https:\/\/samsi-frenshop.com\/","logo":{"@type":"ImageObject","inLanguage":"fr-FR","@id":"https:\/\/samsi-frenshop.com\/#\/schema\/logo\/image\/","url":"","contentUrl":"","caption":"Samsi Frenshop"},"image":{"@id":"https:\/\/samsi-frenshop.com\/#\/schema\/logo\/image\/"},"sameAs":["https:\/\/www.facebook.com\/samsifrenshop"]}]}},"jetpack_sharing_enabled":true,"_links":{"self":[{"href":"https:\/\/samsi-frenshop.com\/index.php?rest_route=\/wp\/v2\/product\/528","targetHints":{"allow":["GET"]}}],"collection":[{"href":"https:\/\/samsi-frenshop.com\/index.php?rest_route=\/wp\/v2\/product"}],"about":[{"href":"https:\/\/samsi-frenshop.com\/index.php?rest_route=\/wp\/v2\/types\/product"}],"replies":[{"embeddable":true,"href":"https:\/\/samsi-frenshop.com\/index.php?rest_route=%2Fwp%2Fv2%2Fcomments&post=528"}],"wp:featuredmedia":[{"embeddable":true,"href":"https:\/\/samsi-frenshop.com\/index.php?rest_route=\/wp\/v2\/media\/529"}],"wp:attachment":[{"href":"https:\/\/samsi-frenshop.com\/index.php?rest_route=%2Fwp%2Fv2%2Fmedia&parent=528"}],"wp:term":[{"taxonomy":"product_brand","embeddable":true,"href":"https:\/\/samsi-frenshop.com\/index.php?rest_route=%2Fwp%2Fv2%2Fproduct_brand&post=528"},{"taxonomy":"product_cat","embeddable":true,"href":"https:\/\/samsi-frenshop.com\/index.php?rest_route=%2Fwp%2Fv2%2Fproduct_cat&post=528"},{"taxonomy":"product_tag","embeddable":true,"href":"https:\/\/samsi-frenshop.com\/index.php?rest_route=%2Fwp%2Fv2%2Fproduct_tag&post=528"}],"curies":[{"name":"wp","href":"https:\/\/api.w.org\/{rel}","templated":true}]}}