{"id":533,"date":"2021-03-22T14:10:26","date_gmt":"2021-03-22T14:10:26","guid":{"rendered":"https:\/\/samsi-frenshop.com\/?post_type=product&#038;p=533"},"modified":"2023-11-07T17:22:30","modified_gmt":"2023-11-07T17:22:30","slug":"decouvrez-joli-collier-court-perles-naturelles-turquoise-beauty-star","status":"publish","type":"product","link":"https:\/\/samsi-frenshop.com\/?product=decouvrez-joli-collier-court-perles-naturelles-turquoise-beauty-star","title":{"rendered":"Collier BEAUTY STAR"},"content":{"rendered":"<h1><span style=\"color: #c1add6;\">Collier court Beauty star<\/span><\/h1>\n<p>Collier court en perles de <span style=\"color: #c1add6;\"><a style=\"color: #c1add6;\" href=\"https:\/\/samsi-frenshop.com\/origine-des-perles\/\">turquoise africaines<\/a><\/span>. Les petites perles de laiton apportent une touche d&rsquo;\u00e9clat au bijou. Le pendentif \u00e9toile dor\u00e9 \u00e0 l&rsquo;or fin attire le regard et vient se poser en douceur au creux de votre cou. Id\u00e9al pour cet \u00e9t\u00e9 !<\/p>\n<p>Longueur totale : 40 cm<\/p>\n<p>Cha\u00eene de rallonge dor\u00e9e \u00e0 l&rsquo;or fin : 7 cm<\/p>\n","protected":false},"excerpt":{"rendered":"<p>collier ras du cou perles turquoise et pendentif \u00e9toile<\/p>\n","protected":false},"featured_media":534,"comment_status":"open","ping_status":"closed","template":"","meta":{"_monsterinsights_skip_tracking":false,"_monsterinsights_sitenote_active":false,"_monsterinsights_sitenote_note":"","_monsterinsights_sitenote_category":0},"product_brand":[],"product_cat":[42],"product_tag":[57,41,58,59],"class_list":{"0":"post-533","1":"product","2":"type-product","3":"status-publish","4":"has-post-thumbnail","6":"product_cat-colliers","7":"product_tag-collier-court","8":"product_tag-dore-a-lor-fin","9":"product_tag-perles-naturelles","10":"product_tag-turquoise","12":"first","13":"instock","14":"taxable","15":"shipping-taxable","16":"purchasable","17":"product-type-simple"},"yoast_head":"<!-- This site is optimized with the Yoast SEO plugin v27.4 - https:\/\/yoast.com\/product\/yoast-seo-wordpress\/ -->\n<title>collier court turquoise \u00e9toile dor\u00e9e Samsi Frenshop<\/title>\n<meta name=\"description\" content=\"Le collier court en perles de turquoise Beauty Star vous attend ! Sa jolie \u00e9toile dor\u00e9e a l&#039;or fin va vous faire craquer.\" \/>\n<meta name=\"robots\" content=\"index, follow, max-snippet:-1, max-image-preview:large, max-video-preview:-1\" \/>\n<link rel=\"canonical\" href=\"https:\/\/samsi-frenshop.com\/?product=decouvrez-joli-collier-court-perles-naturelles-turquoise-beauty-star\" \/>\n<meta property=\"og:locale\" content=\"fr_FR\" \/>\n<meta property=\"og:type\" content=\"article\" \/>\n<meta property=\"og:title\" content=\"collier court turquoise \u00e9toile dor\u00e9e Samsi Frenshop\" \/>\n<meta property=\"og:description\" content=\"Le collier court en perles de turquoise Beauty Star vous attend ! Sa jolie \u00e9toile dor\u00e9e a l&#039;or fin va vous faire craquer.\" \/>\n<meta property=\"og:url\" content=\"https:\/\/samsi-frenshop.com\/?product=decouvrez-joli-collier-court-perles-naturelles-turquoise-beauty-star\" \/>\n<meta property=\"og:site_name\" content=\"Samsi Frenshop\" \/>\n<meta property=\"article:publisher\" content=\"https:\/\/www.facebook.com\/samsifrenshop\" \/>\n<meta property=\"article:modified_time\" content=\"2023-11-07T17:22:30+00:00\" \/>\n<meta property=\"og:image\" content=\"https:\/\/samsi-frenshop.com\/wp-content\/uploads\/2021\/03\/BEAUTY-STAR-collier-perles-etoile-doree-or-fin-3.jpg\" \/>\n\t<meta property=\"og:image:width\" content=\"800\" \/>\n\t<meta property=\"og:image:height\" content=\"800\" \/>\n\t<meta property=\"og:image:type\" content=\"image\/jpeg\" \/>\n<meta name=\"twitter:card\" content=\"summary_large_image\" \/>\n<meta name=\"twitter:label1\" content=\"Dur\u00e9e de lecture estim\u00e9e\" \/>\n\t<meta name=\"twitter:data1\" content=\"1 minute\" \/>\n<script type=\"application\/ld+json\" class=\"yoast-schema-graph\">{\"@context\":\"https:\\\/\\\/schema.org\",\"@graph\":[{\"@type\":\"WebPage\",\"@id\":\"https:\\\/\\\/samsi-frenshop.com\\\/?product=decouvrez-joli-collier-court-perles-naturelles-turquoise-beauty-star\",\"url\":\"https:\\\/\\\/samsi-frenshop.com\\\/?product=decouvrez-joli-collier-court-perles-naturelles-turquoise-beauty-star\",\"name\":\"collier court turquoise \u00e9toile dor\u00e9e Samsi Frenshop\",\"isPartOf\":{\"@id\":\"https:\\\/\\\/samsi-frenshop.com\\\/#website\"},\"primaryImageOfPage\":{\"@id\":\"https:\\\/\\\/samsi-frenshop.com\\\/?product=decouvrez-joli-collier-court-perles-naturelles-turquoise-beauty-star#primaryimage\"},\"image\":{\"@id\":\"https:\\\/\\\/samsi-frenshop.com\\\/?product=decouvrez-joli-collier-court-perles-naturelles-turquoise-beauty-star#primaryimage\"},\"thumbnailUrl\":\"https:\\\/\\\/samsi-frenshop.com\\\/wp-content\\\/uploads\\\/2021\\\/03\\\/BEAUTY-STAR-collier-perles-etoile-doree-or-fin-3.jpg\",\"datePublished\":\"2021-03-22T14:10:26+00:00\",\"dateModified\":\"2023-11-07T17:22:30+00:00\",\"description\":\"Le collier court en perles de turquoise Beauty Star vous attend ! Sa jolie \u00e9toile dor\u00e9e a l'or fin va vous faire craquer.\",\"breadcrumb\":{\"@id\":\"https:\\\/\\\/samsi-frenshop.com\\\/?product=decouvrez-joli-collier-court-perles-naturelles-turquoise-beauty-star#breadcrumb\"},\"inLanguage\":\"fr-FR\",\"potentialAction\":[{\"@type\":\"ReadAction\",\"target\":[\"https:\\\/\\\/samsi-frenshop.com\\\/?product=decouvrez-joli-collier-court-perles-naturelles-turquoise-beauty-star\"]}]},{\"@type\":\"ImageObject\",\"inLanguage\":\"fr-FR\",\"@id\":\"https:\\\/\\\/samsi-frenshop.com\\\/?product=decouvrez-joli-collier-court-perles-naturelles-turquoise-beauty-star#primaryimage\",\"url\":\"https:\\\/\\\/samsi-frenshop.com\\\/wp-content\\\/uploads\\\/2021\\\/03\\\/BEAUTY-STAR-collier-perles-etoile-doree-or-fin-3.jpg\",\"contentUrl\":\"https:\\\/\\\/samsi-frenshop.com\\\/wp-content\\\/uploads\\\/2021\\\/03\\\/BEAUTY-STAR-collier-perles-etoile-doree-or-fin-3.jpg\",\"width\":800,\"height\":800,\"caption\":\"collier ras du cou turquoise\"},{\"@type\":\"BreadcrumbList\",\"@id\":\"https:\\\/\\\/samsi-frenshop.com\\\/?product=decouvrez-joli-collier-court-perles-naturelles-turquoise-beauty-star#breadcrumb\",\"itemListElement\":[{\"@type\":\"ListItem\",\"position\":1,\"name\":\"Accueil\",\"item\":\"https:\\\/\\\/samsi-frenshop.com\\\/\"},{\"@type\":\"ListItem\",\"position\":2,\"name\":\"Boutique\",\"item\":\"https:\\\/\\\/samsi-frenshop.com\\\/?page_id=359\"},{\"@type\":\"ListItem\",\"position\":3,\"name\":\"Collier BEAUTY STAR\"}]},{\"@type\":\"WebSite\",\"@id\":\"https:\\\/\\\/samsi-frenshop.com\\\/#website\",\"url\":\"https:\\\/\\\/samsi-frenshop.com\\\/\",\"name\":\"Samsi Frenshop\",\"description\":\"bijoux fantaisie boh\u00e8me chic assembl\u00e9s \u00e0 la main en France\",\"publisher\":{\"@id\":\"https:\\\/\\\/samsi-frenshop.com\\\/#organization\"},\"potentialAction\":[{\"@type\":\"SearchAction\",\"target\":{\"@type\":\"EntryPoint\",\"urlTemplate\":\"https:\\\/\\\/samsi-frenshop.com\\\/?s={search_term_string}\"},\"query-input\":{\"@type\":\"PropertyValueSpecification\",\"valueRequired\":true,\"valueName\":\"search_term_string\"}}],\"inLanguage\":\"fr-FR\"},{\"@type\":\"Organization\",\"@id\":\"https:\\\/\\\/samsi-frenshop.com\\\/#organization\",\"name\":\"Samsi Frenshop\",\"url\":\"https:\\\/\\\/samsi-frenshop.com\\\/\",\"logo\":{\"@type\":\"ImageObject\",\"inLanguage\":\"fr-FR\",\"@id\":\"https:\\\/\\\/samsi-frenshop.com\\\/#\\\/schema\\\/logo\\\/image\\\/\",\"url\":\"\",\"contentUrl\":\"\",\"caption\":\"Samsi Frenshop\"},\"image\":{\"@id\":\"https:\\\/\\\/samsi-frenshop.com\\\/#\\\/schema\\\/logo\\\/image\\\/\"},\"sameAs\":[\"https:\\\/\\\/www.facebook.com\\\/samsifrenshop\"]}]}<\/script>\n<!-- \/ Yoast SEO plugin. -->","yoast_head_json":{"title":"collier court turquoise \u00e9toile dor\u00e9e Samsi Frenshop","description":"Le collier court en perles de turquoise Beauty Star vous attend ! Sa jolie \u00e9toile dor\u00e9e a l'or fin va vous faire craquer.","robots":{"index":"index","follow":"follow","max-snippet":"max-snippet:-1","max-image-preview":"max-image-preview:large","max-video-preview":"max-video-preview:-1"},"canonical":"https:\/\/samsi-frenshop.com\/?product=decouvrez-joli-collier-court-perles-naturelles-turquoise-beauty-star","og_locale":"fr_FR","og_type":"article","og_title":"collier court turquoise \u00e9toile dor\u00e9e Samsi Frenshop","og_description":"Le collier court en perles de turquoise Beauty Star vous attend ! Sa jolie \u00e9toile dor\u00e9e a l'or fin va vous faire craquer.","og_url":"https:\/\/samsi-frenshop.com\/?product=decouvrez-joli-collier-court-perles-naturelles-turquoise-beauty-star","og_site_name":"Samsi Frenshop","article_publisher":"https:\/\/www.facebook.com\/samsifrenshop","article_modified_time":"2023-11-07T17:22:30+00:00","og_image":[{"width":800,"height":800,"url":"https:\/\/samsi-frenshop.com\/wp-content\/uploads\/2021\/03\/BEAUTY-STAR-collier-perles-etoile-doree-or-fin-3.jpg","type":"image\/jpeg"}],"twitter_card":"summary_large_image","twitter_misc":{"Dur\u00e9e de lecture estim\u00e9e":"1 minute"},"schema":{"@context":"https:\/\/schema.org","@graph":[{"@type":"WebPage","@id":"https:\/\/samsi-frenshop.com\/?product=decouvrez-joli-collier-court-perles-naturelles-turquoise-beauty-star","url":"https:\/\/samsi-frenshop.com\/?product=decouvrez-joli-collier-court-perles-naturelles-turquoise-beauty-star","name":"collier court turquoise \u00e9toile dor\u00e9e Samsi Frenshop","isPartOf":{"@id":"https:\/\/samsi-frenshop.com\/#website"},"primaryImageOfPage":{"@id":"https:\/\/samsi-frenshop.com\/?product=decouvrez-joli-collier-court-perles-naturelles-turquoise-beauty-star#primaryimage"},"image":{"@id":"https:\/\/samsi-frenshop.com\/?product=decouvrez-joli-collier-court-perles-naturelles-turquoise-beauty-star#primaryimage"},"thumbnailUrl":"https:\/\/samsi-frenshop.com\/wp-content\/uploads\/2021\/03\/BEAUTY-STAR-collier-perles-etoile-doree-or-fin-3.jpg","datePublished":"2021-03-22T14:10:26+00:00","dateModified":"2023-11-07T17:22:30+00:00","description":"Le collier court en perles de turquoise Beauty Star vous attend ! Sa jolie \u00e9toile dor\u00e9e a l'or fin va vous faire craquer.","breadcrumb":{"@id":"https:\/\/samsi-frenshop.com\/?product=decouvrez-joli-collier-court-perles-naturelles-turquoise-beauty-star#breadcrumb"},"inLanguage":"fr-FR","potentialAction":[{"@type":"ReadAction","target":["https:\/\/samsi-frenshop.com\/?product=decouvrez-joli-collier-court-perles-naturelles-turquoise-beauty-star"]}]},{"@type":"ImageObject","inLanguage":"fr-FR","@id":"https:\/\/samsi-frenshop.com\/?product=decouvrez-joli-collier-court-perles-naturelles-turquoise-beauty-star#primaryimage","url":"https:\/\/samsi-frenshop.com\/wp-content\/uploads\/2021\/03\/BEAUTY-STAR-collier-perles-etoile-doree-or-fin-3.jpg","contentUrl":"https:\/\/samsi-frenshop.com\/wp-content\/uploads\/2021\/03\/BEAUTY-STAR-collier-perles-etoile-doree-or-fin-3.jpg","width":800,"height":800,"caption":"collier ras du cou turquoise"},{"@type":"BreadcrumbList","@id":"https:\/\/samsi-frenshop.com\/?product=decouvrez-joli-collier-court-perles-naturelles-turquoise-beauty-star#breadcrumb","itemListElement":[{"@type":"ListItem","position":1,"name":"Accueil","item":"https:\/\/samsi-frenshop.com\/"},{"@type":"ListItem","position":2,"name":"Boutique","item":"https:\/\/samsi-frenshop.com\/?page_id=359"},{"@type":"ListItem","position":3,"name":"Collier BEAUTY STAR"}]},{"@type":"WebSite","@id":"https:\/\/samsi-frenshop.com\/#website","url":"https:\/\/samsi-frenshop.com\/","name":"Samsi Frenshop","description":"bijoux fantaisie boh\u00e8me chic assembl\u00e9s \u00e0 la main en France","publisher":{"@id":"https:\/\/samsi-frenshop.com\/#organization"},"potentialAction":[{"@type":"SearchAction","target":{"@type":"EntryPoint","urlTemplate":"https:\/\/samsi-frenshop.com\/?s={search_term_string}"},"query-input":{"@type":"PropertyValueSpecification","valueRequired":true,"valueName":"search_term_string"}}],"inLanguage":"fr-FR"},{"@type":"Organization","@id":"https:\/\/samsi-frenshop.com\/#organization","name":"Samsi Frenshop","url":"https:\/\/samsi-frenshop.com\/","logo":{"@type":"ImageObject","inLanguage":"fr-FR","@id":"https:\/\/samsi-frenshop.com\/#\/schema\/logo\/image\/","url":"","contentUrl":"","caption":"Samsi Frenshop"},"image":{"@id":"https:\/\/samsi-frenshop.com\/#\/schema\/logo\/image\/"},"sameAs":["https:\/\/www.facebook.com\/samsifrenshop"]}]}},"jetpack_sharing_enabled":true,"_links":{"self":[{"href":"https:\/\/samsi-frenshop.com\/index.php?rest_route=\/wp\/v2\/product\/533","targetHints":{"allow":["GET"]}}],"collection":[{"href":"https:\/\/samsi-frenshop.com\/index.php?rest_route=\/wp\/v2\/product"}],"about":[{"href":"https:\/\/samsi-frenshop.com\/index.php?rest_route=\/wp\/v2\/types\/product"}],"replies":[{"embeddable":true,"href":"https:\/\/samsi-frenshop.com\/index.php?rest_route=%2Fwp%2Fv2%2Fcomments&post=533"}],"wp:featuredmedia":[{"embeddable":true,"href":"https:\/\/samsi-frenshop.com\/index.php?rest_route=\/wp\/v2\/media\/534"}],"wp:attachment":[{"href":"https:\/\/samsi-frenshop.com\/index.php?rest_route=%2Fwp%2Fv2%2Fmedia&parent=533"}],"wp:term":[{"taxonomy":"product_brand","embeddable":true,"href":"https:\/\/samsi-frenshop.com\/index.php?rest_route=%2Fwp%2Fv2%2Fproduct_brand&post=533"},{"taxonomy":"product_cat","embeddable":true,"href":"https:\/\/samsi-frenshop.com\/index.php?rest_route=%2Fwp%2Fv2%2Fproduct_cat&post=533"},{"taxonomy":"product_tag","embeddable":true,"href":"https:\/\/samsi-frenshop.com\/index.php?rest_route=%2Fwp%2Fv2%2Fproduct_tag&post=533"}],"curies":[{"name":"wp","href":"https:\/\/api.w.org\/{rel}","templated":true}]}}