{"id":545,"date":"2021-03-22T15:12:30","date_gmt":"2021-03-22T15:12:30","guid":{"rendered":"https:\/\/samsi-frenshop.com\/?post_type=product&#038;p=545"},"modified":"2021-10-17T15:27:10","modified_gmt":"2021-10-17T15:27:10","slug":"bracelet-summer-perles-cristal","status":"publish","type":"product","link":"https:\/\/samsi-frenshop.com\/?product=bracelet-summer-perles-cristal","title":{"rendered":"Bracelet perles et cristal SUMMER"},"content":{"rendered":"<h1><span style=\"color: #c1add6;\">Bracelet SUMMER<\/span><\/h1>\n<p><a href=\"https:\/\/samsi-frenshop.com\/categorie-produit\/bracelets\/\">Bracelet<\/a> \u00e9lastiqu\u00e9 en perles de verre et cristal. Petite p\u00e9pite fra\u00eeche et estivale, portez le sans mod\u00e9ration!<\/p>\n<p>J&rsquo;ai utilis\u00e9 des petites perles de verre recycl\u00e9 du Ghana, des cristaux gris facett\u00e9s et une perle plaqu\u00e9e argent. La touche finale ou le petit plus : les fils de soie fluo. Vous le trouverez en divers coloris en fonction de mon stock de perles. N&rsquo;h\u00e9sitez pas \u00e0 me contacter pour les couleurs. Envoyez moi un message sur <a href=\"https:\/\/samsi-frenshop.com\/contact\/\">formulaire de contact<\/a> ou via <a href=\"https:\/\/www.instagram.com\/samsifrenshop\/\">Instagram<\/a>.<\/p>\n<p>Ce bracelet fin peut \u00eatre port\u00e9 seul ou en accumulation. Le fil de soie fluo ajoute une touche d&rsquo;originalit\u00e9 \u00e0 ce bijou.<\/p>\n<p>longueur du bracelet 18 cm<\/p>\n","protected":false},"excerpt":{"rendered":"<p>Petit bracelet des beaux jours en perles de verre et cristal<\/p>\n","protected":false},"featured_media":548,"comment_status":"open","ping_status":"closed","template":"","meta":{"_monsterinsights_skip_tracking":false,"_monsterinsights_sitenote_active":false,"_monsterinsights_sitenote_note":"","_monsterinsights_sitenote_category":0},"product_brand":[],"product_cat":[44],"product_tag":[49,48,47],"class_list":{"0":"post-545","1":"product","2":"type-product","3":"status-publish","4":"has-post-thumbnail","6":"product_cat-bracelets","7":"product_tag-bracelet","8":"product_tag-cristal","9":"product_tag-fluo","11":"first","12":"outofstock","13":"taxable","14":"shipping-taxable","15":"purchasable","16":"product-type-variable"},"yoast_head":"<!-- This site is optimized with the Yoast SEO plugin v27.4 - https:\/\/yoast.com\/product\/yoast-seo-wordpress\/ -->\n<title>Bracelet perles et cristal SUMMER - Samsi Frenshop<\/title>\n<meta name=\"description\" content=\"Bracelet en perles de verre et cristal, id\u00e9al pour les beaux jours ou pour \u00e9gayer les jours plus sombres.\" \/>\n<meta name=\"robots\" content=\"index, follow, max-snippet:-1, max-image-preview:large, max-video-preview:-1\" \/>\n<link rel=\"canonical\" href=\"https:\/\/samsi-frenshop.com\/?product=bracelet-summer-perles-cristal\" \/>\n<meta property=\"og:locale\" content=\"fr_FR\" \/>\n<meta property=\"og:type\" content=\"article\" \/>\n<meta property=\"og:title\" content=\"Bracelet perles et cristal SUMMER - Samsi Frenshop\" \/>\n<meta property=\"og:description\" content=\"Bracelet en perles de verre et cristal, id\u00e9al pour les beaux jours ou pour \u00e9gayer les jours plus sombres.\" \/>\n<meta property=\"og:url\" content=\"https:\/\/samsi-frenshop.com\/?product=bracelet-summer-perles-cristal\" \/>\n<meta property=\"og:site_name\" content=\"Samsi Frenshop\" \/>\n<meta property=\"article:publisher\" content=\"https:\/\/www.facebook.com\/samsifrenshop\" \/>\n<meta property=\"article:modified_time\" content=\"2021-10-17T15:27:10+00:00\" \/>\n<meta property=\"og:image\" content=\"https:\/\/samsi-frenshop.com\/wp-content\/uploads\/2021\/03\/SUMMER-bracelet-perles-cristal-2.jpg\" \/>\n\t<meta property=\"og:image:width\" content=\"800\" \/>\n\t<meta property=\"og:image:height\" content=\"800\" \/>\n\t<meta property=\"og:image:type\" content=\"image\/jpeg\" \/>\n<meta name=\"twitter:card\" content=\"summary_large_image\" \/>\n<meta name=\"twitter:label1\" content=\"Dur\u00e9e de lecture estim\u00e9e\" \/>\n\t<meta name=\"twitter:data1\" content=\"1 minute\" \/>\n<script type=\"application\/ld+json\" class=\"yoast-schema-graph\">{\"@context\":\"https:\\\/\\\/schema.org\",\"@graph\":[{\"@type\":\"WebPage\",\"@id\":\"https:\\\/\\\/samsi-frenshop.com\\\/?product=bracelet-summer-perles-cristal\",\"url\":\"https:\\\/\\\/samsi-frenshop.com\\\/?product=bracelet-summer-perles-cristal\",\"name\":\"Bracelet perles et cristal SUMMER - Samsi Frenshop\",\"isPartOf\":{\"@id\":\"https:\\\/\\\/samsi-frenshop.com\\\/#website\"},\"primaryImageOfPage\":{\"@id\":\"https:\\\/\\\/samsi-frenshop.com\\\/?product=bracelet-summer-perles-cristal#primaryimage\"},\"image\":{\"@id\":\"https:\\\/\\\/samsi-frenshop.com\\\/?product=bracelet-summer-perles-cristal#primaryimage\"},\"thumbnailUrl\":\"https:\\\/\\\/samsi-frenshop.com\\\/wp-content\\\/uploads\\\/2021\\\/03\\\/SUMMER-bracelet-perles-cristal-2.jpg\",\"datePublished\":\"2021-03-22T15:12:30+00:00\",\"dateModified\":\"2021-10-17T15:27:10+00:00\",\"description\":\"Bracelet en perles de verre et cristal, id\u00e9al pour les beaux jours ou pour \u00e9gayer les jours plus sombres.\",\"breadcrumb\":{\"@id\":\"https:\\\/\\\/samsi-frenshop.com\\\/?product=bracelet-summer-perles-cristal#breadcrumb\"},\"inLanguage\":\"fr-FR\",\"potentialAction\":[{\"@type\":\"ReadAction\",\"target\":[\"https:\\\/\\\/samsi-frenshop.com\\\/?product=bracelet-summer-perles-cristal\"]}]},{\"@type\":\"ImageObject\",\"inLanguage\":\"fr-FR\",\"@id\":\"https:\\\/\\\/samsi-frenshop.com\\\/?product=bracelet-summer-perles-cristal#primaryimage\",\"url\":\"https:\\\/\\\/samsi-frenshop.com\\\/wp-content\\\/uploads\\\/2021\\\/03\\\/SUMMER-bracelet-perles-cristal-2.jpg\",\"contentUrl\":\"https:\\\/\\\/samsi-frenshop.com\\\/wp-content\\\/uploads\\\/2021\\\/03\\\/SUMMER-bracelet-perles-cristal-2.jpg\",\"width\":800,\"height\":800,\"caption\":\"bracelet fin perles verre et cristal\"},{\"@type\":\"BreadcrumbList\",\"@id\":\"https:\\\/\\\/samsi-frenshop.com\\\/?product=bracelet-summer-perles-cristal#breadcrumb\",\"itemListElement\":[{\"@type\":\"ListItem\",\"position\":1,\"name\":\"Accueil\",\"item\":\"https:\\\/\\\/samsi-frenshop.com\\\/\"},{\"@type\":\"ListItem\",\"position\":2,\"name\":\"Boutique\",\"item\":\"https:\\\/\\\/samsi-frenshop.com\\\/?page_id=359\"},{\"@type\":\"ListItem\",\"position\":3,\"name\":\"Bracelet perles et cristal SUMMER\"}]},{\"@type\":\"WebSite\",\"@id\":\"https:\\\/\\\/samsi-frenshop.com\\\/#website\",\"url\":\"https:\\\/\\\/samsi-frenshop.com\\\/\",\"name\":\"Samsi Frenshop\",\"description\":\"bijoux fantaisie boh\u00e8me chic assembl\u00e9s \u00e0 la main en France\",\"publisher\":{\"@id\":\"https:\\\/\\\/samsi-frenshop.com\\\/#organization\"},\"potentialAction\":[{\"@type\":\"SearchAction\",\"target\":{\"@type\":\"EntryPoint\",\"urlTemplate\":\"https:\\\/\\\/samsi-frenshop.com\\\/?s={search_term_string}\"},\"query-input\":{\"@type\":\"PropertyValueSpecification\",\"valueRequired\":true,\"valueName\":\"search_term_string\"}}],\"inLanguage\":\"fr-FR\"},{\"@type\":\"Organization\",\"@id\":\"https:\\\/\\\/samsi-frenshop.com\\\/#organization\",\"name\":\"Samsi Frenshop\",\"url\":\"https:\\\/\\\/samsi-frenshop.com\\\/\",\"logo\":{\"@type\":\"ImageObject\",\"inLanguage\":\"fr-FR\",\"@id\":\"https:\\\/\\\/samsi-frenshop.com\\\/#\\\/schema\\\/logo\\\/image\\\/\",\"url\":\"\",\"contentUrl\":\"\",\"caption\":\"Samsi Frenshop\"},\"image\":{\"@id\":\"https:\\\/\\\/samsi-frenshop.com\\\/#\\\/schema\\\/logo\\\/image\\\/\"},\"sameAs\":[\"https:\\\/\\\/www.facebook.com\\\/samsifrenshop\"]}]}<\/script>\n<!-- \/ Yoast SEO plugin. -->","yoast_head_json":{"title":"Bracelet perles et cristal SUMMER - Samsi Frenshop","description":"Bracelet en perles de verre et cristal, id\u00e9al pour les beaux jours ou pour \u00e9gayer les jours plus sombres.","robots":{"index":"index","follow":"follow","max-snippet":"max-snippet:-1","max-image-preview":"max-image-preview:large","max-video-preview":"max-video-preview:-1"},"canonical":"https:\/\/samsi-frenshop.com\/?product=bracelet-summer-perles-cristal","og_locale":"fr_FR","og_type":"article","og_title":"Bracelet perles et cristal SUMMER - Samsi Frenshop","og_description":"Bracelet en perles de verre et cristal, id\u00e9al pour les beaux jours ou pour \u00e9gayer les jours plus sombres.","og_url":"https:\/\/samsi-frenshop.com\/?product=bracelet-summer-perles-cristal","og_site_name":"Samsi Frenshop","article_publisher":"https:\/\/www.facebook.com\/samsifrenshop","article_modified_time":"2021-10-17T15:27:10+00:00","og_image":[{"width":800,"height":800,"url":"https:\/\/samsi-frenshop.com\/wp-content\/uploads\/2021\/03\/SUMMER-bracelet-perles-cristal-2.jpg","type":"image\/jpeg"}],"twitter_card":"summary_large_image","twitter_misc":{"Dur\u00e9e de lecture estim\u00e9e":"1 minute"},"schema":{"@context":"https:\/\/schema.org","@graph":[{"@type":"WebPage","@id":"https:\/\/samsi-frenshop.com\/?product=bracelet-summer-perles-cristal","url":"https:\/\/samsi-frenshop.com\/?product=bracelet-summer-perles-cristal","name":"Bracelet perles et cristal SUMMER - Samsi Frenshop","isPartOf":{"@id":"https:\/\/samsi-frenshop.com\/#website"},"primaryImageOfPage":{"@id":"https:\/\/samsi-frenshop.com\/?product=bracelet-summer-perles-cristal#primaryimage"},"image":{"@id":"https:\/\/samsi-frenshop.com\/?product=bracelet-summer-perles-cristal#primaryimage"},"thumbnailUrl":"https:\/\/samsi-frenshop.com\/wp-content\/uploads\/2021\/03\/SUMMER-bracelet-perles-cristal-2.jpg","datePublished":"2021-03-22T15:12:30+00:00","dateModified":"2021-10-17T15:27:10+00:00","description":"Bracelet en perles de verre et cristal, id\u00e9al pour les beaux jours ou pour \u00e9gayer les jours plus sombres.","breadcrumb":{"@id":"https:\/\/samsi-frenshop.com\/?product=bracelet-summer-perles-cristal#breadcrumb"},"inLanguage":"fr-FR","potentialAction":[{"@type":"ReadAction","target":["https:\/\/samsi-frenshop.com\/?product=bracelet-summer-perles-cristal"]}]},{"@type":"ImageObject","inLanguage":"fr-FR","@id":"https:\/\/samsi-frenshop.com\/?product=bracelet-summer-perles-cristal#primaryimage","url":"https:\/\/samsi-frenshop.com\/wp-content\/uploads\/2021\/03\/SUMMER-bracelet-perles-cristal-2.jpg","contentUrl":"https:\/\/samsi-frenshop.com\/wp-content\/uploads\/2021\/03\/SUMMER-bracelet-perles-cristal-2.jpg","width":800,"height":800,"caption":"bracelet fin perles verre et cristal"},{"@type":"BreadcrumbList","@id":"https:\/\/samsi-frenshop.com\/?product=bracelet-summer-perles-cristal#breadcrumb","itemListElement":[{"@type":"ListItem","position":1,"name":"Accueil","item":"https:\/\/samsi-frenshop.com\/"},{"@type":"ListItem","position":2,"name":"Boutique","item":"https:\/\/samsi-frenshop.com\/?page_id=359"},{"@type":"ListItem","position":3,"name":"Bracelet perles et cristal SUMMER"}]},{"@type":"WebSite","@id":"https:\/\/samsi-frenshop.com\/#website","url":"https:\/\/samsi-frenshop.com\/","name":"Samsi Frenshop","description":"bijoux fantaisie boh\u00e8me chic assembl\u00e9s \u00e0 la main en France","publisher":{"@id":"https:\/\/samsi-frenshop.com\/#organization"},"potentialAction":[{"@type":"SearchAction","target":{"@type":"EntryPoint","urlTemplate":"https:\/\/samsi-frenshop.com\/?s={search_term_string}"},"query-input":{"@type":"PropertyValueSpecification","valueRequired":true,"valueName":"search_term_string"}}],"inLanguage":"fr-FR"},{"@type":"Organization","@id":"https:\/\/samsi-frenshop.com\/#organization","name":"Samsi Frenshop","url":"https:\/\/samsi-frenshop.com\/","logo":{"@type":"ImageObject","inLanguage":"fr-FR","@id":"https:\/\/samsi-frenshop.com\/#\/schema\/logo\/image\/","url":"","contentUrl":"","caption":"Samsi Frenshop"},"image":{"@id":"https:\/\/samsi-frenshop.com\/#\/schema\/logo\/image\/"},"sameAs":["https:\/\/www.facebook.com\/samsifrenshop"]}]}},"jetpack_sharing_enabled":true,"_links":{"self":[{"href":"https:\/\/samsi-frenshop.com\/index.php?rest_route=\/wp\/v2\/product\/545","targetHints":{"allow":["GET"]}}],"collection":[{"href":"https:\/\/samsi-frenshop.com\/index.php?rest_route=\/wp\/v2\/product"}],"about":[{"href":"https:\/\/samsi-frenshop.com\/index.php?rest_route=\/wp\/v2\/types\/product"}],"replies":[{"embeddable":true,"href":"https:\/\/samsi-frenshop.com\/index.php?rest_route=%2Fwp%2Fv2%2Fcomments&post=545"}],"wp:featuredmedia":[{"embeddable":true,"href":"https:\/\/samsi-frenshop.com\/index.php?rest_route=\/wp\/v2\/media\/548"}],"wp:attachment":[{"href":"https:\/\/samsi-frenshop.com\/index.php?rest_route=%2Fwp%2Fv2%2Fmedia&parent=545"}],"wp:term":[{"taxonomy":"product_brand","embeddable":true,"href":"https:\/\/samsi-frenshop.com\/index.php?rest_route=%2Fwp%2Fv2%2Fproduct_brand&post=545"},{"taxonomy":"product_cat","embeddable":true,"href":"https:\/\/samsi-frenshop.com\/index.php?rest_route=%2Fwp%2Fv2%2Fproduct_cat&post=545"},{"taxonomy":"product_tag","embeddable":true,"href":"https:\/\/samsi-frenshop.com\/index.php?rest_route=%2Fwp%2Fv2%2Fproduct_tag&post=545"}],"curies":[{"name":"wp","href":"https:\/\/api.w.org\/{rel}","templated":true}]}}