{"id":616,"date":"2021-03-29T12:46:51","date_gmt":"2021-03-29T12:46:51","guid":{"rendered":"https:\/\/samsi-frenshop.com\/?post_type=product&#038;p=616"},"modified":"2023-11-07T17:22:25","modified_gmt":"2023-11-07T17:22:25","slug":"collier-boheme-chic","status":"publish","type":"product","link":"https:\/\/samsi-frenshop.com\/?product=collier-boheme-chic","title":{"rendered":"Collier pampilles AMA"},"content":{"rendered":"<h1><span style=\"color: #c1add6;\">Collier AMA<\/span><\/h1>\n<p>Voici le collier AMA pour une tendance boh\u00e8me chic ! La cha\u00eene est en laiton dor\u00e9 assez \u00e9paisse, sur laquelle viennent se placer des pampilles en petits disques d&rsquo;amazonite assembl\u00e9es \u00e0 la main. Le pendentif central est une perle d&rsquo;eau douce blanche de 10 mm environ. Vous pouvez porter ce bijou en accumulation avec le <a href=\"https:\/\/samsi-frenshop.com\/produit\/collier-lady-vintage-boho-chic\/\"><span style=\"color: #c1add6;\">collier LADY<\/span><\/a> pour un look parfait.<\/p>\n<p>Les <span style=\"color: #c1add6;\"><a style=\"color: #c1add6;\" href=\"https:\/\/samsi-frenshop.com\/produit\/boucles-doreilles-creoles-amazonite\/\">boucle d&rsquo;oreilles AMA<\/a><\/span> sont \u00e9galement disponibles sur la boutique et s&rsquo;associent parfaitement bien avec ce collier du m\u00eame nom.<\/p>\n","protected":false},"excerpt":{"rendered":"<p>Collier AMA en laiton dor\u00e9 pampilles et perle d&rsquo;eau douce.<\/p>\n","protected":false},"featured_media":617,"comment_status":"open","ping_status":"closed","template":"","meta":{"_monsterinsights_skip_tracking":false,"_monsterinsights_sitenote_active":false,"_monsterinsights_sitenote_note":"","_monsterinsights_sitenote_category":0},"product_brand":[],"product_cat":[42],"product_tag":[52,53,33],"class_list":{"0":"post-616","1":"product","2":"type-product","3":"status-publish","4":"has-post-thumbnail","6":"product_cat-colliers","7":"product_tag-collier","8":"product_tag-pampilles","9":"product_tag-perle-deau-douce","11":"first","12":"instock","13":"taxable","14":"shipping-taxable","15":"purchasable","16":"product-type-simple"},"yoast_head":"<!-- This site is optimized with the Yoast SEO plugin v27.4 - https:\/\/yoast.com\/product\/yoast-seo-wordpress\/ -->\n<title>Collier pampilles AMA - Samsi Frenshop<\/title>\n<meta name=\"description\" content=\"Collier tendance boh\u00e8me chic. Pampilles en disques d&#039;amazonite, perle d&#039;eau douce et cha\u00eene en laiton dor\u00e9.\" \/>\n<meta name=\"robots\" content=\"index, follow, max-snippet:-1, max-image-preview:large, max-video-preview:-1\" \/>\n<link rel=\"canonical\" href=\"https:\/\/samsi-frenshop.com\/?product=collier-boheme-chic\" \/>\n<meta property=\"og:locale\" content=\"fr_FR\" \/>\n<meta property=\"og:type\" content=\"article\" \/>\n<meta property=\"og:title\" content=\"Collier pampilles AMA - Samsi Frenshop\" \/>\n<meta property=\"og:description\" content=\"Collier tendance boh\u00e8me chic. Pampilles en disques d&#039;amazonite, perle d&#039;eau douce et cha\u00eene en laiton dor\u00e9.\" \/>\n<meta property=\"og:url\" content=\"https:\/\/samsi-frenshop.com\/?product=collier-boheme-chic\" \/>\n<meta property=\"og:site_name\" content=\"Samsi Frenshop\" \/>\n<meta property=\"article:publisher\" content=\"https:\/\/www.facebook.com\/samsifrenshop\" \/>\n<meta property=\"article:modified_time\" content=\"2023-11-07T17:22:25+00:00\" \/>\n<meta property=\"og:image\" content=\"https:\/\/samsi-frenshop.com\/wp-content\/uploads\/2021\/03\/AMA-collier-pampilles-amazonite-perle-d-eau-douce-laiton-2.jpg\" \/>\n\t<meta property=\"og:image:width\" content=\"800\" \/>\n\t<meta property=\"og:image:height\" content=\"800\" \/>\n\t<meta property=\"og:image:type\" content=\"image\/jpeg\" \/>\n<meta name=\"twitter:card\" content=\"summary_large_image\" \/>\n<meta name=\"twitter:label1\" content=\"Dur\u00e9e de lecture estim\u00e9e\" \/>\n\t<meta name=\"twitter:data1\" content=\"1 minute\" \/>\n<script type=\"application\/ld+json\" class=\"yoast-schema-graph\">{\"@context\":\"https:\\\/\\\/schema.org\",\"@graph\":[{\"@type\":\"WebPage\",\"@id\":\"https:\\\/\\\/samsi-frenshop.com\\\/?product=collier-boheme-chic\",\"url\":\"https:\\\/\\\/samsi-frenshop.com\\\/?product=collier-boheme-chic\",\"name\":\"Collier pampilles AMA - Samsi Frenshop\",\"isPartOf\":{\"@id\":\"https:\\\/\\\/samsi-frenshop.com\\\/#website\"},\"primaryImageOfPage\":{\"@id\":\"https:\\\/\\\/samsi-frenshop.com\\\/?product=collier-boheme-chic#primaryimage\"},\"image\":{\"@id\":\"https:\\\/\\\/samsi-frenshop.com\\\/?product=collier-boheme-chic#primaryimage\"},\"thumbnailUrl\":\"https:\\\/\\\/samsi-frenshop.com\\\/wp-content\\\/uploads\\\/2021\\\/03\\\/AMA-collier-pampilles-amazonite-perle-d-eau-douce-laiton-2.jpg\",\"datePublished\":\"2021-03-29T12:46:51+00:00\",\"dateModified\":\"2023-11-07T17:22:25+00:00\",\"description\":\"Collier tendance boh\u00e8me chic. Pampilles en disques d'amazonite, perle d'eau douce et cha\u00eene en laiton dor\u00e9.\",\"breadcrumb\":{\"@id\":\"https:\\\/\\\/samsi-frenshop.com\\\/?product=collier-boheme-chic#breadcrumb\"},\"inLanguage\":\"fr-FR\",\"potentialAction\":[{\"@type\":\"ReadAction\",\"target\":[\"https:\\\/\\\/samsi-frenshop.com\\\/?product=collier-boheme-chic\"]}]},{\"@type\":\"ImageObject\",\"inLanguage\":\"fr-FR\",\"@id\":\"https:\\\/\\\/samsi-frenshop.com\\\/?product=collier-boheme-chic#primaryimage\",\"url\":\"https:\\\/\\\/samsi-frenshop.com\\\/wp-content\\\/uploads\\\/2021\\\/03\\\/AMA-collier-pampilles-amazonite-perle-d-eau-douce-laiton-2.jpg\",\"contentUrl\":\"https:\\\/\\\/samsi-frenshop.com\\\/wp-content\\\/uploads\\\/2021\\\/03\\\/AMA-collier-pampilles-amazonite-perle-d-eau-douce-laiton-2.jpg\",\"width\":800,\"height\":800,\"caption\":\"collier boh\u00e8me chic\"},{\"@type\":\"BreadcrumbList\",\"@id\":\"https:\\\/\\\/samsi-frenshop.com\\\/?product=collier-boheme-chic#breadcrumb\",\"itemListElement\":[{\"@type\":\"ListItem\",\"position\":1,\"name\":\"Accueil\",\"item\":\"https:\\\/\\\/samsi-frenshop.com\\\/\"},{\"@type\":\"ListItem\",\"position\":2,\"name\":\"Boutique\",\"item\":\"https:\\\/\\\/samsi-frenshop.com\\\/?page_id=359\"},{\"@type\":\"ListItem\",\"position\":3,\"name\":\"Collier pampilles AMA\"}]},{\"@type\":\"WebSite\",\"@id\":\"https:\\\/\\\/samsi-frenshop.com\\\/#website\",\"url\":\"https:\\\/\\\/samsi-frenshop.com\\\/\",\"name\":\"Samsi Frenshop\",\"description\":\"bijoux fantaisie boh\u00e8me chic assembl\u00e9s \u00e0 la main en France\",\"publisher\":{\"@id\":\"https:\\\/\\\/samsi-frenshop.com\\\/#organization\"},\"potentialAction\":[{\"@type\":\"SearchAction\",\"target\":{\"@type\":\"EntryPoint\",\"urlTemplate\":\"https:\\\/\\\/samsi-frenshop.com\\\/?s={search_term_string}\"},\"query-input\":{\"@type\":\"PropertyValueSpecification\",\"valueRequired\":true,\"valueName\":\"search_term_string\"}}],\"inLanguage\":\"fr-FR\"},{\"@type\":\"Organization\",\"@id\":\"https:\\\/\\\/samsi-frenshop.com\\\/#organization\",\"name\":\"Samsi Frenshop\",\"url\":\"https:\\\/\\\/samsi-frenshop.com\\\/\",\"logo\":{\"@type\":\"ImageObject\",\"inLanguage\":\"fr-FR\",\"@id\":\"https:\\\/\\\/samsi-frenshop.com\\\/#\\\/schema\\\/logo\\\/image\\\/\",\"url\":\"\",\"contentUrl\":\"\",\"caption\":\"Samsi Frenshop\"},\"image\":{\"@id\":\"https:\\\/\\\/samsi-frenshop.com\\\/#\\\/schema\\\/logo\\\/image\\\/\"},\"sameAs\":[\"https:\\\/\\\/www.facebook.com\\\/samsifrenshop\"]}]}<\/script>\n<!-- \/ Yoast SEO plugin. -->","yoast_head_json":{"title":"Collier pampilles AMA - Samsi Frenshop","description":"Collier tendance boh\u00e8me chic. Pampilles en disques d'amazonite, perle d'eau douce et cha\u00eene en laiton dor\u00e9.","robots":{"index":"index","follow":"follow","max-snippet":"max-snippet:-1","max-image-preview":"max-image-preview:large","max-video-preview":"max-video-preview:-1"},"canonical":"https:\/\/samsi-frenshop.com\/?product=collier-boheme-chic","og_locale":"fr_FR","og_type":"article","og_title":"Collier pampilles AMA - Samsi Frenshop","og_description":"Collier tendance boh\u00e8me chic. Pampilles en disques d'amazonite, perle d'eau douce et cha\u00eene en laiton dor\u00e9.","og_url":"https:\/\/samsi-frenshop.com\/?product=collier-boheme-chic","og_site_name":"Samsi Frenshop","article_publisher":"https:\/\/www.facebook.com\/samsifrenshop","article_modified_time":"2023-11-07T17:22:25+00:00","og_image":[{"width":800,"height":800,"url":"https:\/\/samsi-frenshop.com\/wp-content\/uploads\/2021\/03\/AMA-collier-pampilles-amazonite-perle-d-eau-douce-laiton-2.jpg","type":"image\/jpeg"}],"twitter_card":"summary_large_image","twitter_misc":{"Dur\u00e9e de lecture estim\u00e9e":"1 minute"},"schema":{"@context":"https:\/\/schema.org","@graph":[{"@type":"WebPage","@id":"https:\/\/samsi-frenshop.com\/?product=collier-boheme-chic","url":"https:\/\/samsi-frenshop.com\/?product=collier-boheme-chic","name":"Collier pampilles AMA - Samsi Frenshop","isPartOf":{"@id":"https:\/\/samsi-frenshop.com\/#website"},"primaryImageOfPage":{"@id":"https:\/\/samsi-frenshop.com\/?product=collier-boheme-chic#primaryimage"},"image":{"@id":"https:\/\/samsi-frenshop.com\/?product=collier-boheme-chic#primaryimage"},"thumbnailUrl":"https:\/\/samsi-frenshop.com\/wp-content\/uploads\/2021\/03\/AMA-collier-pampilles-amazonite-perle-d-eau-douce-laiton-2.jpg","datePublished":"2021-03-29T12:46:51+00:00","dateModified":"2023-11-07T17:22:25+00:00","description":"Collier tendance boh\u00e8me chic. Pampilles en disques d'amazonite, perle d'eau douce et cha\u00eene en laiton dor\u00e9.","breadcrumb":{"@id":"https:\/\/samsi-frenshop.com\/?product=collier-boheme-chic#breadcrumb"},"inLanguage":"fr-FR","potentialAction":[{"@type":"ReadAction","target":["https:\/\/samsi-frenshop.com\/?product=collier-boheme-chic"]}]},{"@type":"ImageObject","inLanguage":"fr-FR","@id":"https:\/\/samsi-frenshop.com\/?product=collier-boheme-chic#primaryimage","url":"https:\/\/samsi-frenshop.com\/wp-content\/uploads\/2021\/03\/AMA-collier-pampilles-amazonite-perle-d-eau-douce-laiton-2.jpg","contentUrl":"https:\/\/samsi-frenshop.com\/wp-content\/uploads\/2021\/03\/AMA-collier-pampilles-amazonite-perle-d-eau-douce-laiton-2.jpg","width":800,"height":800,"caption":"collier boh\u00e8me chic"},{"@type":"BreadcrumbList","@id":"https:\/\/samsi-frenshop.com\/?product=collier-boheme-chic#breadcrumb","itemListElement":[{"@type":"ListItem","position":1,"name":"Accueil","item":"https:\/\/samsi-frenshop.com\/"},{"@type":"ListItem","position":2,"name":"Boutique","item":"https:\/\/samsi-frenshop.com\/?page_id=359"},{"@type":"ListItem","position":3,"name":"Collier pampilles AMA"}]},{"@type":"WebSite","@id":"https:\/\/samsi-frenshop.com\/#website","url":"https:\/\/samsi-frenshop.com\/","name":"Samsi Frenshop","description":"bijoux fantaisie boh\u00e8me chic assembl\u00e9s \u00e0 la main en France","publisher":{"@id":"https:\/\/samsi-frenshop.com\/#organization"},"potentialAction":[{"@type":"SearchAction","target":{"@type":"EntryPoint","urlTemplate":"https:\/\/samsi-frenshop.com\/?s={search_term_string}"},"query-input":{"@type":"PropertyValueSpecification","valueRequired":true,"valueName":"search_term_string"}}],"inLanguage":"fr-FR"},{"@type":"Organization","@id":"https:\/\/samsi-frenshop.com\/#organization","name":"Samsi Frenshop","url":"https:\/\/samsi-frenshop.com\/","logo":{"@type":"ImageObject","inLanguage":"fr-FR","@id":"https:\/\/samsi-frenshop.com\/#\/schema\/logo\/image\/","url":"","contentUrl":"","caption":"Samsi Frenshop"},"image":{"@id":"https:\/\/samsi-frenshop.com\/#\/schema\/logo\/image\/"},"sameAs":["https:\/\/www.facebook.com\/samsifrenshop"]}]}},"jetpack_sharing_enabled":true,"_links":{"self":[{"href":"https:\/\/samsi-frenshop.com\/index.php?rest_route=\/wp\/v2\/product\/616","targetHints":{"allow":["GET"]}}],"collection":[{"href":"https:\/\/samsi-frenshop.com\/index.php?rest_route=\/wp\/v2\/product"}],"about":[{"href":"https:\/\/samsi-frenshop.com\/index.php?rest_route=\/wp\/v2\/types\/product"}],"replies":[{"embeddable":true,"href":"https:\/\/samsi-frenshop.com\/index.php?rest_route=%2Fwp%2Fv2%2Fcomments&post=616"}],"wp:featuredmedia":[{"embeddable":true,"href":"https:\/\/samsi-frenshop.com\/index.php?rest_route=\/wp\/v2\/media\/617"}],"wp:attachment":[{"href":"https:\/\/samsi-frenshop.com\/index.php?rest_route=%2Fwp%2Fv2%2Fmedia&parent=616"}],"wp:term":[{"taxonomy":"product_brand","embeddable":true,"href":"https:\/\/samsi-frenshop.com\/index.php?rest_route=%2Fwp%2Fv2%2Fproduct_brand&post=616"},{"taxonomy":"product_cat","embeddable":true,"href":"https:\/\/samsi-frenshop.com\/index.php?rest_route=%2Fwp%2Fv2%2Fproduct_cat&post=616"},{"taxonomy":"product_tag","embeddable":true,"href":"https:\/\/samsi-frenshop.com\/index.php?rest_route=%2Fwp%2Fv2%2Fproduct_tag&post=616"}],"curies":[{"name":"wp","href":"https:\/\/api.w.org\/{rel}","templated":true}]}}