{"id":842,"date":"2021-04-15T14:38:47","date_gmt":"2021-04-15T14:38:47","guid":{"rendered":"https:\/\/samsi-frenshop.com\/?post_type=product&#038;p=842"},"modified":"2021-04-15T14:38:47","modified_gmt":"2021-04-15T14:38:47","slug":"collier-waterfall-chaine-or-perles-eau-douce","status":"publish","type":"product","link":"https:\/\/samsi-frenshop.com\/?product=collier-waterfall-chaine-or-perles-eau-douce","title":{"rendered":"Collier WATERFALL"},"content":{"rendered":"<p>Le magnifique collier Waterfall vous inondera d&rsquo;ors et de perles. Un large cha\u00eene trombone dor\u00e9e \u00e0 l&rsquo;or fin sert de support \u00e0 une cascade de pampilles de perles d&rsquo;eau douce blanches et grises.\u00a0 Toutes ces beaut\u00e9s tomberont parfaitement dans votre joli d\u00e9collet\u00e9. Le fermoir imposant se place \u00e0 l&rsquo;avant pour d\u00e9buter le pendentif. Vous pourrez l&rsquo;ajuster \u00e0 votre convenance.<\/p>\n<p>Pour parfaire votre tenue, portez le avec les boucles d&rsquo;oreilles asym\u00e9triques kkk<\/p>\n<p>Longueur totale :<\/p>\n","protected":false},"excerpt":{"rendered":"<p>Collier cha\u00eene dor\u00e9e \u00e0 l&rsquo;or fin et perles d&rsquo;eau douce<\/p>\n","protected":false},"featured_media":821,"comment_status":"open","ping_status":"closed","template":"","meta":{"_monsterinsights_skip_tracking":false,"_monsterinsights_sitenote_active":false,"_monsterinsights_sitenote_note":"","_monsterinsights_sitenote_category":0},"product_brand":[],"product_cat":[42],"product_tag":[52,41,33],"class_list":{"0":"post-842","1":"product","2":"type-product","3":"status-publish","4":"has-post-thumbnail","6":"product_cat-colliers","7":"product_tag-collier","8":"product_tag-dore-a-lor-fin","9":"product_tag-perle-deau-douce","11":"first","12":"instock","13":"sold-individually","14":"taxable","15":"shipping-taxable","16":"purchasable","17":"product-type-simple"},"yoast_head":"<!-- This site is optimized with the Yoast SEO plugin v27.4 - https:\/\/yoast.com\/product\/yoast-seo-wordpress\/ -->\n<title>Collier WATERFALL - Samsi Frenshop collier cha\u00eene or perles<\/title>\n<meta name=\"description\" content=\"Avec sa cha\u00eene dor\u00e9e \u00e0 l&#039;or fin et sa cascade de perles d&#039;eau douce, le collier Waterfall va vous s\u00e9duire.\" \/>\n<meta name=\"robots\" content=\"index, follow, max-snippet:-1, max-image-preview:large, max-video-preview:-1\" \/>\n<link rel=\"canonical\" href=\"https:\/\/samsi-frenshop.com\/?product=collier-waterfall-chaine-or-perles-eau-douce\" \/>\n<meta property=\"og:locale\" content=\"fr_FR\" \/>\n<meta property=\"og:type\" content=\"article\" \/>\n<meta property=\"og:title\" content=\"Collier WATERFALL - Samsi Frenshop collier cha\u00eene or perles\" \/>\n<meta property=\"og:description\" content=\"Avec sa cha\u00eene dor\u00e9e \u00e0 l&#039;or fin et sa cascade de perles d&#039;eau douce, le collier Waterfall va vous s\u00e9duire.\" \/>\n<meta property=\"og:url\" content=\"https:\/\/samsi-frenshop.com\/?product=collier-waterfall-chaine-or-perles-eau-douce\" \/>\n<meta property=\"og:site_name\" content=\"Samsi Frenshop\" \/>\n<meta property=\"article:publisher\" content=\"https:\/\/www.facebook.com\/samsifrenshop\" \/>\n<meta property=\"og:image\" content=\"https:\/\/samsi-frenshop.com\/wp-content\/uploads\/2021\/04\/WATERFALL-collier-perles-d-eau-douce-4.jpg\" \/>\n\t<meta property=\"og:image:width\" content=\"800\" \/>\n\t<meta property=\"og:image:height\" content=\"800\" \/>\n\t<meta property=\"og:image:type\" content=\"image\/jpeg\" \/>\n<meta name=\"twitter:card\" content=\"summary_large_image\" \/>\n<meta name=\"twitter:label1\" content=\"Dur\u00e9e de lecture estim\u00e9e\" \/>\n\t<meta name=\"twitter:data1\" content=\"1 minute\" \/>\n<script type=\"application\/ld+json\" class=\"yoast-schema-graph\">{\"@context\":\"https:\\\/\\\/schema.org\",\"@graph\":[{\"@type\":\"WebPage\",\"@id\":\"https:\\\/\\\/samsi-frenshop.com\\\/?product=collier-waterfall-chaine-or-perles-eau-douce\",\"url\":\"https:\\\/\\\/samsi-frenshop.com\\\/?product=collier-waterfall-chaine-or-perles-eau-douce\",\"name\":\"Collier WATERFALL - Samsi Frenshop collier cha\u00eene or perles\",\"isPartOf\":{\"@id\":\"https:\\\/\\\/samsi-frenshop.com\\\/#website\"},\"primaryImageOfPage\":{\"@id\":\"https:\\\/\\\/samsi-frenshop.com\\\/?product=collier-waterfall-chaine-or-perles-eau-douce#primaryimage\"},\"image\":{\"@id\":\"https:\\\/\\\/samsi-frenshop.com\\\/?product=collier-waterfall-chaine-or-perles-eau-douce#primaryimage\"},\"thumbnailUrl\":\"https:\\\/\\\/samsi-frenshop.com\\\/wp-content\\\/uploads\\\/2021\\\/04\\\/WATERFALL-collier-perles-d-eau-douce-4.jpg\",\"datePublished\":\"2021-04-15T14:38:47+00:00\",\"description\":\"Avec sa cha\u00eene dor\u00e9e \u00e0 l'or fin et sa cascade de perles d'eau douce, le collier Waterfall va vous s\u00e9duire.\",\"breadcrumb\":{\"@id\":\"https:\\\/\\\/samsi-frenshop.com\\\/?product=collier-waterfall-chaine-or-perles-eau-douce#breadcrumb\"},\"inLanguage\":\"fr-FR\",\"potentialAction\":[{\"@type\":\"ReadAction\",\"target\":[\"https:\\\/\\\/samsi-frenshop.com\\\/?product=collier-waterfall-chaine-or-perles-eau-douce\"]}]},{\"@type\":\"ImageObject\",\"inLanguage\":\"fr-FR\",\"@id\":\"https:\\\/\\\/samsi-frenshop.com\\\/?product=collier-waterfall-chaine-or-perles-eau-douce#primaryimage\",\"url\":\"https:\\\/\\\/samsi-frenshop.com\\\/wp-content\\\/uploads\\\/2021\\\/04\\\/WATERFALL-collier-perles-d-eau-douce-4.jpg\",\"contentUrl\":\"https:\\\/\\\/samsi-frenshop.com\\\/wp-content\\\/uploads\\\/2021\\\/04\\\/WATERFALL-collier-perles-d-eau-douce-4.jpg\",\"width\":800,\"height\":800,\"caption\":\"collier perles eau douce\"},{\"@type\":\"BreadcrumbList\",\"@id\":\"https:\\\/\\\/samsi-frenshop.com\\\/?product=collier-waterfall-chaine-or-perles-eau-douce#breadcrumb\",\"itemListElement\":[{\"@type\":\"ListItem\",\"position\":1,\"name\":\"Accueil\",\"item\":\"https:\\\/\\\/samsi-frenshop.com\\\/\"},{\"@type\":\"ListItem\",\"position\":2,\"name\":\"Boutique\",\"item\":\"https:\\\/\\\/samsi-frenshop.com\\\/?page_id=359\"},{\"@type\":\"ListItem\",\"position\":3,\"name\":\"Collier WATERFALL\"}]},{\"@type\":\"WebSite\",\"@id\":\"https:\\\/\\\/samsi-frenshop.com\\\/#website\",\"url\":\"https:\\\/\\\/samsi-frenshop.com\\\/\",\"name\":\"Samsi Frenshop\",\"description\":\"bijoux fantaisie boh\u00e8me chic assembl\u00e9s \u00e0 la main en France\",\"publisher\":{\"@id\":\"https:\\\/\\\/samsi-frenshop.com\\\/#organization\"},\"potentialAction\":[{\"@type\":\"SearchAction\",\"target\":{\"@type\":\"EntryPoint\",\"urlTemplate\":\"https:\\\/\\\/samsi-frenshop.com\\\/?s={search_term_string}\"},\"query-input\":{\"@type\":\"PropertyValueSpecification\",\"valueRequired\":true,\"valueName\":\"search_term_string\"}}],\"inLanguage\":\"fr-FR\"},{\"@type\":\"Organization\",\"@id\":\"https:\\\/\\\/samsi-frenshop.com\\\/#organization\",\"name\":\"Samsi Frenshop\",\"url\":\"https:\\\/\\\/samsi-frenshop.com\\\/\",\"logo\":{\"@type\":\"ImageObject\",\"inLanguage\":\"fr-FR\",\"@id\":\"https:\\\/\\\/samsi-frenshop.com\\\/#\\\/schema\\\/logo\\\/image\\\/\",\"url\":\"\",\"contentUrl\":\"\",\"caption\":\"Samsi Frenshop\"},\"image\":{\"@id\":\"https:\\\/\\\/samsi-frenshop.com\\\/#\\\/schema\\\/logo\\\/image\\\/\"},\"sameAs\":[\"https:\\\/\\\/www.facebook.com\\\/samsifrenshop\"]}]}<\/script>\n<!-- \/ Yoast SEO plugin. -->","yoast_head_json":{"title":"Collier WATERFALL - Samsi Frenshop collier cha\u00eene or perles","description":"Avec sa cha\u00eene dor\u00e9e \u00e0 l'or fin et sa cascade de perles d'eau douce, le collier Waterfall va vous s\u00e9duire.","robots":{"index":"index","follow":"follow","max-snippet":"max-snippet:-1","max-image-preview":"max-image-preview:large","max-video-preview":"max-video-preview:-1"},"canonical":"https:\/\/samsi-frenshop.com\/?product=collier-waterfall-chaine-or-perles-eau-douce","og_locale":"fr_FR","og_type":"article","og_title":"Collier WATERFALL - Samsi Frenshop collier cha\u00eene or perles","og_description":"Avec sa cha\u00eene dor\u00e9e \u00e0 l'or fin et sa cascade de perles d'eau douce, le collier Waterfall va vous s\u00e9duire.","og_url":"https:\/\/samsi-frenshop.com\/?product=collier-waterfall-chaine-or-perles-eau-douce","og_site_name":"Samsi Frenshop","article_publisher":"https:\/\/www.facebook.com\/samsifrenshop","og_image":[{"width":800,"height":800,"url":"https:\/\/samsi-frenshop.com\/wp-content\/uploads\/2021\/04\/WATERFALL-collier-perles-d-eau-douce-4.jpg","type":"image\/jpeg"}],"twitter_card":"summary_large_image","twitter_misc":{"Dur\u00e9e de lecture estim\u00e9e":"1 minute"},"schema":{"@context":"https:\/\/schema.org","@graph":[{"@type":"WebPage","@id":"https:\/\/samsi-frenshop.com\/?product=collier-waterfall-chaine-or-perles-eau-douce","url":"https:\/\/samsi-frenshop.com\/?product=collier-waterfall-chaine-or-perles-eau-douce","name":"Collier WATERFALL - Samsi Frenshop collier cha\u00eene or perles","isPartOf":{"@id":"https:\/\/samsi-frenshop.com\/#website"},"primaryImageOfPage":{"@id":"https:\/\/samsi-frenshop.com\/?product=collier-waterfall-chaine-or-perles-eau-douce#primaryimage"},"image":{"@id":"https:\/\/samsi-frenshop.com\/?product=collier-waterfall-chaine-or-perles-eau-douce#primaryimage"},"thumbnailUrl":"https:\/\/samsi-frenshop.com\/wp-content\/uploads\/2021\/04\/WATERFALL-collier-perles-d-eau-douce-4.jpg","datePublished":"2021-04-15T14:38:47+00:00","description":"Avec sa cha\u00eene dor\u00e9e \u00e0 l'or fin et sa cascade de perles d'eau douce, le collier Waterfall va vous s\u00e9duire.","breadcrumb":{"@id":"https:\/\/samsi-frenshop.com\/?product=collier-waterfall-chaine-or-perles-eau-douce#breadcrumb"},"inLanguage":"fr-FR","potentialAction":[{"@type":"ReadAction","target":["https:\/\/samsi-frenshop.com\/?product=collier-waterfall-chaine-or-perles-eau-douce"]}]},{"@type":"ImageObject","inLanguage":"fr-FR","@id":"https:\/\/samsi-frenshop.com\/?product=collier-waterfall-chaine-or-perles-eau-douce#primaryimage","url":"https:\/\/samsi-frenshop.com\/wp-content\/uploads\/2021\/04\/WATERFALL-collier-perles-d-eau-douce-4.jpg","contentUrl":"https:\/\/samsi-frenshop.com\/wp-content\/uploads\/2021\/04\/WATERFALL-collier-perles-d-eau-douce-4.jpg","width":800,"height":800,"caption":"collier perles eau douce"},{"@type":"BreadcrumbList","@id":"https:\/\/samsi-frenshop.com\/?product=collier-waterfall-chaine-or-perles-eau-douce#breadcrumb","itemListElement":[{"@type":"ListItem","position":1,"name":"Accueil","item":"https:\/\/samsi-frenshop.com\/"},{"@type":"ListItem","position":2,"name":"Boutique","item":"https:\/\/samsi-frenshop.com\/?page_id=359"},{"@type":"ListItem","position":3,"name":"Collier WATERFALL"}]},{"@type":"WebSite","@id":"https:\/\/samsi-frenshop.com\/#website","url":"https:\/\/samsi-frenshop.com\/","name":"Samsi Frenshop","description":"bijoux fantaisie boh\u00e8me chic assembl\u00e9s \u00e0 la main en France","publisher":{"@id":"https:\/\/samsi-frenshop.com\/#organization"},"potentialAction":[{"@type":"SearchAction","target":{"@type":"EntryPoint","urlTemplate":"https:\/\/samsi-frenshop.com\/?s={search_term_string}"},"query-input":{"@type":"PropertyValueSpecification","valueRequired":true,"valueName":"search_term_string"}}],"inLanguage":"fr-FR"},{"@type":"Organization","@id":"https:\/\/samsi-frenshop.com\/#organization","name":"Samsi Frenshop","url":"https:\/\/samsi-frenshop.com\/","logo":{"@type":"ImageObject","inLanguage":"fr-FR","@id":"https:\/\/samsi-frenshop.com\/#\/schema\/logo\/image\/","url":"","contentUrl":"","caption":"Samsi Frenshop"},"image":{"@id":"https:\/\/samsi-frenshop.com\/#\/schema\/logo\/image\/"},"sameAs":["https:\/\/www.facebook.com\/samsifrenshop"]}]}},"jetpack_sharing_enabled":true,"_links":{"self":[{"href":"https:\/\/samsi-frenshop.com\/index.php?rest_route=\/wp\/v2\/product\/842","targetHints":{"allow":["GET"]}}],"collection":[{"href":"https:\/\/samsi-frenshop.com\/index.php?rest_route=\/wp\/v2\/product"}],"about":[{"href":"https:\/\/samsi-frenshop.com\/index.php?rest_route=\/wp\/v2\/types\/product"}],"replies":[{"embeddable":true,"href":"https:\/\/samsi-frenshop.com\/index.php?rest_route=%2Fwp%2Fv2%2Fcomments&post=842"}],"wp:featuredmedia":[{"embeddable":true,"href":"https:\/\/samsi-frenshop.com\/index.php?rest_route=\/wp\/v2\/media\/821"}],"wp:attachment":[{"href":"https:\/\/samsi-frenshop.com\/index.php?rest_route=%2Fwp%2Fv2%2Fmedia&parent=842"}],"wp:term":[{"taxonomy":"product_brand","embeddable":true,"href":"https:\/\/samsi-frenshop.com\/index.php?rest_route=%2Fwp%2Fv2%2Fproduct_brand&post=842"},{"taxonomy":"product_cat","embeddable":true,"href":"https:\/\/samsi-frenshop.com\/index.php?rest_route=%2Fwp%2Fv2%2Fproduct_cat&post=842"},{"taxonomy":"product_tag","embeddable":true,"href":"https:\/\/samsi-frenshop.com\/index.php?rest_route=%2Fwp%2Fv2%2Fproduct_tag&post=842"}],"curies":[{"name":"wp","href":"https:\/\/api.w.org\/{rel}","templated":true}]}}