{"id":856,"date":"2021-05-01T16:22:37","date_gmt":"2021-05-01T16:22:37","guid":{"rendered":"https:\/\/samsi-frenshop.com\/?post_type=product&#038;p=856"},"modified":"2021-05-04T13:03:43","modified_gmt":"2021-05-04T13:03:43","slug":"collier-queen-skull","status":"publish","type":"product","link":"https:\/\/samsi-frenshop.com\/?product=collier-queen-skull","title":{"rendered":"Collier QUEEN SKULL"},"content":{"rendered":"<h1><span style=\"color: #c1add6;\">Collier court QUEEN SKULL<\/span><\/h1>\n<p>Adoptez le collier tendance glam rock Queen skull. Il est en perles de verre iridescentes du Ghana, perles d&rsquo;eau douce et perles dor\u00e9es \u00e0 l&rsquo;or fin ! Le glam-rock et le chic r\u00e9unis donnent cette magnifique pi\u00e8ce orn\u00e9e d&rsquo;un pendentif t\u00eate de mort couronn\u00e9e du plus bel effet. Il fait tr\u00e8s chic port\u00e9 et en m\u00eame temps affiche un petit c\u00f4t\u00e9 \u00ab\u00a0bad ass\u00a0\u00bb qui va vous faire craquer. Le fermoir est \u00e9galement dor\u00e9 \u00e0 l&rsquo;or fin.<\/p>\n<p>&nbsp;<\/p>\n","protected":false},"excerpt":{"rendered":"<p><a href=\"https:\/\/samsi-frenshop.com\/categorie-produit\/colliers\/\">Collier<\/a> court en perles de verre noires iridescentes en provenance du Ghana, petites perles d&rsquo;eau douce et perles dor\u00e9es \u00e0 l&rsquo;or fin.<\/p>\n<p>On adore le pendentif t\u00eate de mort couronn\u00e9e !<\/p>\n<p>&nbsp;<\/p>\n","protected":false},"featured_media":797,"comment_status":"open","ping_status":"closed","template":"","meta":{"_monsterinsights_skip_tracking":false,"_monsterinsights_sitenote_active":false,"_monsterinsights_sitenote_note":"","_monsterinsights_sitenote_category":0},"product_brand":[],"product_cat":[42],"product_tag":[57,41,60],"class_list":{"0":"post-856","1":"product","2":"type-product","3":"status-publish","4":"has-post-thumbnail","6":"product_cat-colliers","7":"product_tag-collier-court","8":"product_tag-dore-a-lor-fin","9":"product_tag-tete-de-mort","11":"first","12":"instock","13":"taxable","14":"shipping-taxable","15":"purchasable","16":"product-type-simple"},"yoast_head":"<!-- This site is optimized with the Yoast SEO plugin v27.4 - https:\/\/yoast.com\/product\/yoast-seo-wordpress\/ -->\n<title>collier tendance glam rock - Collier QUEEN SKULL - Samsi Frenshop<\/title>\n<meta name=\"description\" content=\"collier tendance glam rock en perles iridescentes, perles d&#039;eau douce et perles dor\u00e9es \u00e0 l&#039;or fin. Pendentif t\u00eate de mort dor\u00e9 \u00e0 l&#039;or fin.\" \/>\n<meta name=\"robots\" content=\"index, follow, max-snippet:-1, max-image-preview:large, max-video-preview:-1\" \/>\n<link rel=\"canonical\" href=\"https:\/\/samsi-frenshop.com\/?product=collier-queen-skull\" \/>\n<meta property=\"og:locale\" content=\"fr_FR\" \/>\n<meta property=\"og:type\" content=\"article\" \/>\n<meta property=\"og:title\" content=\"collier tendance glam rock - Collier QUEEN SKULL - Samsi Frenshop\" \/>\n<meta property=\"og:description\" content=\"collier tendance glam rock en perles iridescentes, perles d&#039;eau douce et perles dor\u00e9es \u00e0 l&#039;or fin. Pendentif t\u00eate de mort dor\u00e9 \u00e0 l&#039;or fin.\" \/>\n<meta property=\"og:url\" content=\"https:\/\/samsi-frenshop.com\/?product=collier-queen-skull\" \/>\n<meta property=\"og:site_name\" content=\"Samsi Frenshop\" \/>\n<meta property=\"article:publisher\" content=\"https:\/\/www.facebook.com\/samsifrenshop\" \/>\n<meta property=\"article:modified_time\" content=\"2021-05-04T13:03:43+00:00\" \/>\n<meta property=\"og:image\" content=\"https:\/\/samsi-frenshop.com\/wp-content\/uploads\/2021\/04\/QUEEN-SKULL-collier-perles-pendentif-dore-or-fin.jpg\" \/>\n\t<meta property=\"og:image:width\" content=\"800\" \/>\n\t<meta property=\"og:image:height\" content=\"800\" \/>\n\t<meta property=\"og:image:type\" content=\"image\/jpeg\" \/>\n<meta name=\"twitter:card\" content=\"summary_large_image\" \/>\n<meta name=\"twitter:label1\" content=\"Dur\u00e9e de lecture estim\u00e9e\" \/>\n\t<meta name=\"twitter:data1\" content=\"1 minute\" \/>\n<script type=\"application\/ld+json\" class=\"yoast-schema-graph\">{\"@context\":\"https:\\\/\\\/schema.org\",\"@graph\":[{\"@type\":\"WebPage\",\"@id\":\"https:\\\/\\\/samsi-frenshop.com\\\/?product=collier-queen-skull\",\"url\":\"https:\\\/\\\/samsi-frenshop.com\\\/?product=collier-queen-skull\",\"name\":\"collier tendance glam rock - Collier QUEEN SKULL - Samsi Frenshop\",\"isPartOf\":{\"@id\":\"https:\\\/\\\/samsi-frenshop.com\\\/#website\"},\"primaryImageOfPage\":{\"@id\":\"https:\\\/\\\/samsi-frenshop.com\\\/?product=collier-queen-skull#primaryimage\"},\"image\":{\"@id\":\"https:\\\/\\\/samsi-frenshop.com\\\/?product=collier-queen-skull#primaryimage\"},\"thumbnailUrl\":\"https:\\\/\\\/samsi-frenshop.com\\\/wp-content\\\/uploads\\\/2021\\\/04\\\/QUEEN-SKULL-collier-perles-pendentif-dore-or-fin.jpg\",\"datePublished\":\"2021-05-01T16:22:37+00:00\",\"dateModified\":\"2021-05-04T13:03:43+00:00\",\"description\":\"collier tendance glam rock en perles iridescentes, perles d'eau douce et perles dor\u00e9es \u00e0 l'or fin. Pendentif t\u00eate de mort dor\u00e9 \u00e0 l'or fin.\",\"breadcrumb\":{\"@id\":\"https:\\\/\\\/samsi-frenshop.com\\\/?product=collier-queen-skull#breadcrumb\"},\"inLanguage\":\"fr-FR\",\"potentialAction\":[{\"@type\":\"ReadAction\",\"target\":[\"https:\\\/\\\/samsi-frenshop.com\\\/?product=collier-queen-skull\"]}]},{\"@type\":\"ImageObject\",\"inLanguage\":\"fr-FR\",\"@id\":\"https:\\\/\\\/samsi-frenshop.com\\\/?product=collier-queen-skull#primaryimage\",\"url\":\"https:\\\/\\\/samsi-frenshop.com\\\/wp-content\\\/uploads\\\/2021\\\/04\\\/QUEEN-SKULL-collier-perles-pendentif-dore-or-fin.jpg\",\"contentUrl\":\"https:\\\/\\\/samsi-frenshop.com\\\/wp-content\\\/uploads\\\/2021\\\/04\\\/QUEEN-SKULL-collier-perles-pendentif-dore-or-fin.jpg\",\"width\":800,\"height\":800},{\"@type\":\"BreadcrumbList\",\"@id\":\"https:\\\/\\\/samsi-frenshop.com\\\/?product=collier-queen-skull#breadcrumb\",\"itemListElement\":[{\"@type\":\"ListItem\",\"position\":1,\"name\":\"Accueil\",\"item\":\"https:\\\/\\\/samsi-frenshop.com\\\/\"},{\"@type\":\"ListItem\",\"position\":2,\"name\":\"Boutique\",\"item\":\"https:\\\/\\\/samsi-frenshop.com\\\/?page_id=359\"},{\"@type\":\"ListItem\",\"position\":3,\"name\":\"Collier QUEEN SKULL\"}]},{\"@type\":\"WebSite\",\"@id\":\"https:\\\/\\\/samsi-frenshop.com\\\/#website\",\"url\":\"https:\\\/\\\/samsi-frenshop.com\\\/\",\"name\":\"Samsi Frenshop\",\"description\":\"bijoux fantaisie boh\u00e8me chic assembl\u00e9s \u00e0 la main en France\",\"publisher\":{\"@id\":\"https:\\\/\\\/samsi-frenshop.com\\\/#organization\"},\"potentialAction\":[{\"@type\":\"SearchAction\",\"target\":{\"@type\":\"EntryPoint\",\"urlTemplate\":\"https:\\\/\\\/samsi-frenshop.com\\\/?s={search_term_string}\"},\"query-input\":{\"@type\":\"PropertyValueSpecification\",\"valueRequired\":true,\"valueName\":\"search_term_string\"}}],\"inLanguage\":\"fr-FR\"},{\"@type\":\"Organization\",\"@id\":\"https:\\\/\\\/samsi-frenshop.com\\\/#organization\",\"name\":\"Samsi Frenshop\",\"url\":\"https:\\\/\\\/samsi-frenshop.com\\\/\",\"logo\":{\"@type\":\"ImageObject\",\"inLanguage\":\"fr-FR\",\"@id\":\"https:\\\/\\\/samsi-frenshop.com\\\/#\\\/schema\\\/logo\\\/image\\\/\",\"url\":\"\",\"contentUrl\":\"\",\"caption\":\"Samsi Frenshop\"},\"image\":{\"@id\":\"https:\\\/\\\/samsi-frenshop.com\\\/#\\\/schema\\\/logo\\\/image\\\/\"},\"sameAs\":[\"https:\\\/\\\/www.facebook.com\\\/samsifrenshop\"]}]}<\/script>\n<!-- \/ Yoast SEO plugin. -->","yoast_head_json":{"title":"collier tendance glam rock - Collier QUEEN SKULL - Samsi Frenshop","description":"collier tendance glam rock en perles iridescentes, perles d'eau douce et perles dor\u00e9es \u00e0 l'or fin. Pendentif t\u00eate de mort dor\u00e9 \u00e0 l'or fin.","robots":{"index":"index","follow":"follow","max-snippet":"max-snippet:-1","max-image-preview":"max-image-preview:large","max-video-preview":"max-video-preview:-1"},"canonical":"https:\/\/samsi-frenshop.com\/?product=collier-queen-skull","og_locale":"fr_FR","og_type":"article","og_title":"collier tendance glam rock - Collier QUEEN SKULL - Samsi Frenshop","og_description":"collier tendance glam rock en perles iridescentes, perles d'eau douce et perles dor\u00e9es \u00e0 l'or fin. Pendentif t\u00eate de mort dor\u00e9 \u00e0 l'or fin.","og_url":"https:\/\/samsi-frenshop.com\/?product=collier-queen-skull","og_site_name":"Samsi Frenshop","article_publisher":"https:\/\/www.facebook.com\/samsifrenshop","article_modified_time":"2021-05-04T13:03:43+00:00","og_image":[{"width":800,"height":800,"url":"https:\/\/samsi-frenshop.com\/wp-content\/uploads\/2021\/04\/QUEEN-SKULL-collier-perles-pendentif-dore-or-fin.jpg","type":"image\/jpeg"}],"twitter_card":"summary_large_image","twitter_misc":{"Dur\u00e9e de lecture estim\u00e9e":"1 minute"},"schema":{"@context":"https:\/\/schema.org","@graph":[{"@type":"WebPage","@id":"https:\/\/samsi-frenshop.com\/?product=collier-queen-skull","url":"https:\/\/samsi-frenshop.com\/?product=collier-queen-skull","name":"collier tendance glam rock - Collier QUEEN SKULL - Samsi Frenshop","isPartOf":{"@id":"https:\/\/samsi-frenshop.com\/#website"},"primaryImageOfPage":{"@id":"https:\/\/samsi-frenshop.com\/?product=collier-queen-skull#primaryimage"},"image":{"@id":"https:\/\/samsi-frenshop.com\/?product=collier-queen-skull#primaryimage"},"thumbnailUrl":"https:\/\/samsi-frenshop.com\/wp-content\/uploads\/2021\/04\/QUEEN-SKULL-collier-perles-pendentif-dore-or-fin.jpg","datePublished":"2021-05-01T16:22:37+00:00","dateModified":"2021-05-04T13:03:43+00:00","description":"collier tendance glam rock en perles iridescentes, perles d'eau douce et perles dor\u00e9es \u00e0 l'or fin. Pendentif t\u00eate de mort dor\u00e9 \u00e0 l'or fin.","breadcrumb":{"@id":"https:\/\/samsi-frenshop.com\/?product=collier-queen-skull#breadcrumb"},"inLanguage":"fr-FR","potentialAction":[{"@type":"ReadAction","target":["https:\/\/samsi-frenshop.com\/?product=collier-queen-skull"]}]},{"@type":"ImageObject","inLanguage":"fr-FR","@id":"https:\/\/samsi-frenshop.com\/?product=collier-queen-skull#primaryimage","url":"https:\/\/samsi-frenshop.com\/wp-content\/uploads\/2021\/04\/QUEEN-SKULL-collier-perles-pendentif-dore-or-fin.jpg","contentUrl":"https:\/\/samsi-frenshop.com\/wp-content\/uploads\/2021\/04\/QUEEN-SKULL-collier-perles-pendentif-dore-or-fin.jpg","width":800,"height":800},{"@type":"BreadcrumbList","@id":"https:\/\/samsi-frenshop.com\/?product=collier-queen-skull#breadcrumb","itemListElement":[{"@type":"ListItem","position":1,"name":"Accueil","item":"https:\/\/samsi-frenshop.com\/"},{"@type":"ListItem","position":2,"name":"Boutique","item":"https:\/\/samsi-frenshop.com\/?page_id=359"},{"@type":"ListItem","position":3,"name":"Collier QUEEN SKULL"}]},{"@type":"WebSite","@id":"https:\/\/samsi-frenshop.com\/#website","url":"https:\/\/samsi-frenshop.com\/","name":"Samsi Frenshop","description":"bijoux fantaisie boh\u00e8me chic assembl\u00e9s \u00e0 la main en France","publisher":{"@id":"https:\/\/samsi-frenshop.com\/#organization"},"potentialAction":[{"@type":"SearchAction","target":{"@type":"EntryPoint","urlTemplate":"https:\/\/samsi-frenshop.com\/?s={search_term_string}"},"query-input":{"@type":"PropertyValueSpecification","valueRequired":true,"valueName":"search_term_string"}}],"inLanguage":"fr-FR"},{"@type":"Organization","@id":"https:\/\/samsi-frenshop.com\/#organization","name":"Samsi Frenshop","url":"https:\/\/samsi-frenshop.com\/","logo":{"@type":"ImageObject","inLanguage":"fr-FR","@id":"https:\/\/samsi-frenshop.com\/#\/schema\/logo\/image\/","url":"","contentUrl":"","caption":"Samsi Frenshop"},"image":{"@id":"https:\/\/samsi-frenshop.com\/#\/schema\/logo\/image\/"},"sameAs":["https:\/\/www.facebook.com\/samsifrenshop"]}]}},"jetpack_sharing_enabled":true,"_links":{"self":[{"href":"https:\/\/samsi-frenshop.com\/index.php?rest_route=\/wp\/v2\/product\/856","targetHints":{"allow":["GET"]}}],"collection":[{"href":"https:\/\/samsi-frenshop.com\/index.php?rest_route=\/wp\/v2\/product"}],"about":[{"href":"https:\/\/samsi-frenshop.com\/index.php?rest_route=\/wp\/v2\/types\/product"}],"replies":[{"embeddable":true,"href":"https:\/\/samsi-frenshop.com\/index.php?rest_route=%2Fwp%2Fv2%2Fcomments&post=856"}],"wp:featuredmedia":[{"embeddable":true,"href":"https:\/\/samsi-frenshop.com\/index.php?rest_route=\/wp\/v2\/media\/797"}],"wp:attachment":[{"href":"https:\/\/samsi-frenshop.com\/index.php?rest_route=%2Fwp%2Fv2%2Fmedia&parent=856"}],"wp:term":[{"taxonomy":"product_brand","embeddable":true,"href":"https:\/\/samsi-frenshop.com\/index.php?rest_route=%2Fwp%2Fv2%2Fproduct_brand&post=856"},{"taxonomy":"product_cat","embeddable":true,"href":"https:\/\/samsi-frenshop.com\/index.php?rest_route=%2Fwp%2Fv2%2Fproduct_cat&post=856"},{"taxonomy":"product_tag","embeddable":true,"href":"https:\/\/samsi-frenshop.com\/index.php?rest_route=%2Fwp%2Fv2%2Fproduct_tag&post=856"}],"curies":[{"name":"wp","href":"https:\/\/api.w.org\/{rel}","templated":true}]}}