{"id":859,"date":"2021-05-01T17:30:13","date_gmt":"2021-05-01T17:30:13","guid":{"rendered":"https:\/\/samsi-frenshop.com\/?post_type=product&#038;p=859"},"modified":"2021-06-08T11:27:22","modified_gmt":"2021-06-08T11:27:22","slug":"boucles-doreilles-phant-blue","status":"publish","type":"product","link":"https:\/\/samsi-frenshop.com\/?product=boucles-doreilles-phant-blue","title":{"rendered":"Boucles d&rsquo;oreilles PHANT BLUE"},"content":{"rendered":"<h1><span style=\"color: #c1add6;\">Boucles d\u2019oreilles PHANT BLUE<\/span><\/h1>\n<p>Nos boucles d\u2019oreilles Phant Blue sont en perles de verre indiennes et pastilles dor\u00e9es. Elles ont la taille, le poids et la visibilit\u00e9 id\u00e9ale pour celles qui veulent se faire remarquer sans ostentation pour autant. Vous les trouverez \u00e9galement en bleu\/rouge. L\u2019image de l\u2019\u00e9l\u00e9phant revient souvent dans mes cr\u00e9ations car c\u2019est un animal que j\u2019adore, intelligent, puissant et doux \u00e0 la fois.<\/p>\n<p>Nos boucles Phant sont assembl\u00e9es \u00e0 la main dans notre atelier et ne contiennent pas de nickel.<\/p>\n","protected":false},"excerpt":{"rendered":"<p><a href=\"https:\/\/samsi-frenshop.com\/categorie-produit\/boucles-doreilles\/\">Boucles d\u2019oreilles<\/a> pendantes en perles de verre indiennes bleues et disques dor\u00e9s.<\/p>\n","protected":false},"featured_media":678,"comment_status":"open","ping_status":"closed","template":"","meta":{"_monsterinsights_skip_tracking":false,"_monsterinsights_sitenote_active":false,"_monsterinsights_sitenote_note":"","_monsterinsights_sitenote_category":0},"product_brand":[],"product_cat":[43],"product_tag":[36,62,63],"class_list":{"0":"post-859","1":"product","2":"type-product","3":"status-publish","4":"has-post-thumbnail","6":"product_cat-boucles-doreilles","7":"product_tag-boucles-doreilles","8":"product_tag-elephant","9":"product_tag-perles-indiennes","11":"first","12":"instock","13":"taxable","14":"shipping-taxable","15":"purchasable","16":"product-type-simple"},"yoast_head":"<!-- This site is optimized with the Yoast SEO plugin v27.4 - https:\/\/yoast.com\/product\/yoast-seo-wordpress\/ -->\n<title>boucles perles indiennes - Boucles d&#039;oreilles PHANT BLUE - Samsi Frenshop<\/title>\n<meta name=\"description\" content=\"Boucles d&#039;oreilles perles indiennes. Perles de verre bleues et disques dor\u00e9s.\" \/>\n<meta name=\"robots\" content=\"index, follow, max-snippet:-1, max-image-preview:large, max-video-preview:-1\" \/>\n<link rel=\"canonical\" href=\"https:\/\/samsi-frenshop.com\/?product=boucles-doreilles-phant-blue\" \/>\n<meta property=\"og:locale\" content=\"fr_FR\" \/>\n<meta property=\"og:type\" content=\"article\" \/>\n<meta property=\"og:title\" content=\"boucles perles indiennes - Boucles d&#039;oreilles PHANT BLUE - Samsi Frenshop\" \/>\n<meta property=\"og:description\" content=\"Boucles d&#039;oreilles perles indiennes. Perles de verre bleues et disques dor\u00e9s.\" \/>\n<meta property=\"og:url\" content=\"https:\/\/samsi-frenshop.com\/?product=boucles-doreilles-phant-blue\" \/>\n<meta property=\"og:site_name\" content=\"Samsi Frenshop\" \/>\n<meta property=\"article:publisher\" content=\"https:\/\/www.facebook.com\/samsifrenshop\" \/>\n<meta property=\"article:modified_time\" content=\"2021-06-08T11:27:22+00:00\" \/>\n<meta property=\"og:image\" content=\"https:\/\/samsi-frenshop.com\/wp-content\/uploads\/2021\/04\/Boucles-d-oreilles-PHANT-BLUE.jpg\" \/>\n\t<meta property=\"og:image:width\" content=\"800\" \/>\n\t<meta property=\"og:image:height\" content=\"800\" \/>\n\t<meta property=\"og:image:type\" content=\"image\/jpeg\" \/>\n<meta name=\"twitter:card\" content=\"summary_large_image\" \/>\n<meta name=\"twitter:label1\" content=\"Dur\u00e9e de lecture estim\u00e9e\" \/>\n\t<meta name=\"twitter:data1\" content=\"1 minute\" \/>\n<script type=\"application\/ld+json\" class=\"yoast-schema-graph\">{\"@context\":\"https:\\\/\\\/schema.org\",\"@graph\":[{\"@type\":\"WebPage\",\"@id\":\"https:\\\/\\\/samsi-frenshop.com\\\/?product=boucles-doreilles-phant-blue\",\"url\":\"https:\\\/\\\/samsi-frenshop.com\\\/?product=boucles-doreilles-phant-blue\",\"name\":\"boucles perles indiennes - Boucles d'oreilles PHANT BLUE - Samsi Frenshop\",\"isPartOf\":{\"@id\":\"https:\\\/\\\/samsi-frenshop.com\\\/#website\"},\"primaryImageOfPage\":{\"@id\":\"https:\\\/\\\/samsi-frenshop.com\\\/?product=boucles-doreilles-phant-blue#primaryimage\"},\"image\":{\"@id\":\"https:\\\/\\\/samsi-frenshop.com\\\/?product=boucles-doreilles-phant-blue#primaryimage\"},\"thumbnailUrl\":\"https:\\\/\\\/samsi-frenshop.com\\\/wp-content\\\/uploads\\\/2021\\\/04\\\/Boucles-d-oreilles-PHANT-BLUE.jpg\",\"datePublished\":\"2021-05-01T17:30:13+00:00\",\"dateModified\":\"2021-06-08T11:27:22+00:00\",\"description\":\"Boucles d'oreilles perles indiennes. Perles de verre bleues et disques dor\u00e9s.\",\"breadcrumb\":{\"@id\":\"https:\\\/\\\/samsi-frenshop.com\\\/?product=boucles-doreilles-phant-blue#breadcrumb\"},\"inLanguage\":\"fr-FR\",\"potentialAction\":[{\"@type\":\"ReadAction\",\"target\":[\"https:\\\/\\\/samsi-frenshop.com\\\/?product=boucles-doreilles-phant-blue\"]}]},{\"@type\":\"ImageObject\",\"inLanguage\":\"fr-FR\",\"@id\":\"https:\\\/\\\/samsi-frenshop.com\\\/?product=boucles-doreilles-phant-blue#primaryimage\",\"url\":\"https:\\\/\\\/samsi-frenshop.com\\\/wp-content\\\/uploads\\\/2021\\\/04\\\/Boucles-d-oreilles-PHANT-BLUE.jpg\",\"contentUrl\":\"https:\\\/\\\/samsi-frenshop.com\\\/wp-content\\\/uploads\\\/2021\\\/04\\\/Boucles-d-oreilles-PHANT-BLUE.jpg\",\"width\":800,\"height\":800},{\"@type\":\"BreadcrumbList\",\"@id\":\"https:\\\/\\\/samsi-frenshop.com\\\/?product=boucles-doreilles-phant-blue#breadcrumb\",\"itemListElement\":[{\"@type\":\"ListItem\",\"position\":1,\"name\":\"Accueil\",\"item\":\"https:\\\/\\\/samsi-frenshop.com\\\/\"},{\"@type\":\"ListItem\",\"position\":2,\"name\":\"Boutique\",\"item\":\"https:\\\/\\\/samsi-frenshop.com\\\/?page_id=359\"},{\"@type\":\"ListItem\",\"position\":3,\"name\":\"Boucles d&rsquo;oreilles PHANT BLUE\"}]},{\"@type\":\"WebSite\",\"@id\":\"https:\\\/\\\/samsi-frenshop.com\\\/#website\",\"url\":\"https:\\\/\\\/samsi-frenshop.com\\\/\",\"name\":\"Samsi Frenshop\",\"description\":\"bijoux fantaisie boh\u00e8me chic assembl\u00e9s \u00e0 la main en France\",\"publisher\":{\"@id\":\"https:\\\/\\\/samsi-frenshop.com\\\/#organization\"},\"potentialAction\":[{\"@type\":\"SearchAction\",\"target\":{\"@type\":\"EntryPoint\",\"urlTemplate\":\"https:\\\/\\\/samsi-frenshop.com\\\/?s={search_term_string}\"},\"query-input\":{\"@type\":\"PropertyValueSpecification\",\"valueRequired\":true,\"valueName\":\"search_term_string\"}}],\"inLanguage\":\"fr-FR\"},{\"@type\":\"Organization\",\"@id\":\"https:\\\/\\\/samsi-frenshop.com\\\/#organization\",\"name\":\"Samsi Frenshop\",\"url\":\"https:\\\/\\\/samsi-frenshop.com\\\/\",\"logo\":{\"@type\":\"ImageObject\",\"inLanguage\":\"fr-FR\",\"@id\":\"https:\\\/\\\/samsi-frenshop.com\\\/#\\\/schema\\\/logo\\\/image\\\/\",\"url\":\"\",\"contentUrl\":\"\",\"caption\":\"Samsi Frenshop\"},\"image\":{\"@id\":\"https:\\\/\\\/samsi-frenshop.com\\\/#\\\/schema\\\/logo\\\/image\\\/\"},\"sameAs\":[\"https:\\\/\\\/www.facebook.com\\\/samsifrenshop\"]}]}<\/script>\n<!-- \/ Yoast SEO plugin. -->","yoast_head_json":{"title":"boucles perles indiennes - Boucles d'oreilles PHANT BLUE - Samsi Frenshop","description":"Boucles d'oreilles perles indiennes. Perles de verre bleues et disques dor\u00e9s.","robots":{"index":"index","follow":"follow","max-snippet":"max-snippet:-1","max-image-preview":"max-image-preview:large","max-video-preview":"max-video-preview:-1"},"canonical":"https:\/\/samsi-frenshop.com\/?product=boucles-doreilles-phant-blue","og_locale":"fr_FR","og_type":"article","og_title":"boucles perles indiennes - Boucles d'oreilles PHANT BLUE - Samsi Frenshop","og_description":"Boucles d'oreilles perles indiennes. Perles de verre bleues et disques dor\u00e9s.","og_url":"https:\/\/samsi-frenshop.com\/?product=boucles-doreilles-phant-blue","og_site_name":"Samsi Frenshop","article_publisher":"https:\/\/www.facebook.com\/samsifrenshop","article_modified_time":"2021-06-08T11:27:22+00:00","og_image":[{"width":800,"height":800,"url":"https:\/\/samsi-frenshop.com\/wp-content\/uploads\/2021\/04\/Boucles-d-oreilles-PHANT-BLUE.jpg","type":"image\/jpeg"}],"twitter_card":"summary_large_image","twitter_misc":{"Dur\u00e9e de lecture estim\u00e9e":"1 minute"},"schema":{"@context":"https:\/\/schema.org","@graph":[{"@type":"WebPage","@id":"https:\/\/samsi-frenshop.com\/?product=boucles-doreilles-phant-blue","url":"https:\/\/samsi-frenshop.com\/?product=boucles-doreilles-phant-blue","name":"boucles perles indiennes - Boucles d'oreilles PHANT BLUE - Samsi Frenshop","isPartOf":{"@id":"https:\/\/samsi-frenshop.com\/#website"},"primaryImageOfPage":{"@id":"https:\/\/samsi-frenshop.com\/?product=boucles-doreilles-phant-blue#primaryimage"},"image":{"@id":"https:\/\/samsi-frenshop.com\/?product=boucles-doreilles-phant-blue#primaryimage"},"thumbnailUrl":"https:\/\/samsi-frenshop.com\/wp-content\/uploads\/2021\/04\/Boucles-d-oreilles-PHANT-BLUE.jpg","datePublished":"2021-05-01T17:30:13+00:00","dateModified":"2021-06-08T11:27:22+00:00","description":"Boucles d'oreilles perles indiennes. Perles de verre bleues et disques dor\u00e9s.","breadcrumb":{"@id":"https:\/\/samsi-frenshop.com\/?product=boucles-doreilles-phant-blue#breadcrumb"},"inLanguage":"fr-FR","potentialAction":[{"@type":"ReadAction","target":["https:\/\/samsi-frenshop.com\/?product=boucles-doreilles-phant-blue"]}]},{"@type":"ImageObject","inLanguage":"fr-FR","@id":"https:\/\/samsi-frenshop.com\/?product=boucles-doreilles-phant-blue#primaryimage","url":"https:\/\/samsi-frenshop.com\/wp-content\/uploads\/2021\/04\/Boucles-d-oreilles-PHANT-BLUE.jpg","contentUrl":"https:\/\/samsi-frenshop.com\/wp-content\/uploads\/2021\/04\/Boucles-d-oreilles-PHANT-BLUE.jpg","width":800,"height":800},{"@type":"BreadcrumbList","@id":"https:\/\/samsi-frenshop.com\/?product=boucles-doreilles-phant-blue#breadcrumb","itemListElement":[{"@type":"ListItem","position":1,"name":"Accueil","item":"https:\/\/samsi-frenshop.com\/"},{"@type":"ListItem","position":2,"name":"Boutique","item":"https:\/\/samsi-frenshop.com\/?page_id=359"},{"@type":"ListItem","position":3,"name":"Boucles d&rsquo;oreilles PHANT BLUE"}]},{"@type":"WebSite","@id":"https:\/\/samsi-frenshop.com\/#website","url":"https:\/\/samsi-frenshop.com\/","name":"Samsi Frenshop","description":"bijoux fantaisie boh\u00e8me chic assembl\u00e9s \u00e0 la main en France","publisher":{"@id":"https:\/\/samsi-frenshop.com\/#organization"},"potentialAction":[{"@type":"SearchAction","target":{"@type":"EntryPoint","urlTemplate":"https:\/\/samsi-frenshop.com\/?s={search_term_string}"},"query-input":{"@type":"PropertyValueSpecification","valueRequired":true,"valueName":"search_term_string"}}],"inLanguage":"fr-FR"},{"@type":"Organization","@id":"https:\/\/samsi-frenshop.com\/#organization","name":"Samsi Frenshop","url":"https:\/\/samsi-frenshop.com\/","logo":{"@type":"ImageObject","inLanguage":"fr-FR","@id":"https:\/\/samsi-frenshop.com\/#\/schema\/logo\/image\/","url":"","contentUrl":"","caption":"Samsi Frenshop"},"image":{"@id":"https:\/\/samsi-frenshop.com\/#\/schema\/logo\/image\/"},"sameAs":["https:\/\/www.facebook.com\/samsifrenshop"]}]}},"jetpack_sharing_enabled":true,"_links":{"self":[{"href":"https:\/\/samsi-frenshop.com\/index.php?rest_route=\/wp\/v2\/product\/859","targetHints":{"allow":["GET"]}}],"collection":[{"href":"https:\/\/samsi-frenshop.com\/index.php?rest_route=\/wp\/v2\/product"}],"about":[{"href":"https:\/\/samsi-frenshop.com\/index.php?rest_route=\/wp\/v2\/types\/product"}],"replies":[{"embeddable":true,"href":"https:\/\/samsi-frenshop.com\/index.php?rest_route=%2Fwp%2Fv2%2Fcomments&post=859"}],"wp:featuredmedia":[{"embeddable":true,"href":"https:\/\/samsi-frenshop.com\/index.php?rest_route=\/wp\/v2\/media\/678"}],"wp:attachment":[{"href":"https:\/\/samsi-frenshop.com\/index.php?rest_route=%2Fwp%2Fv2%2Fmedia&parent=859"}],"wp:term":[{"taxonomy":"product_brand","embeddable":true,"href":"https:\/\/samsi-frenshop.com\/index.php?rest_route=%2Fwp%2Fv2%2Fproduct_brand&post=859"},{"taxonomy":"product_cat","embeddable":true,"href":"https:\/\/samsi-frenshop.com\/index.php?rest_route=%2Fwp%2Fv2%2Fproduct_cat&post=859"},{"taxonomy":"product_tag","embeddable":true,"href":"https:\/\/samsi-frenshop.com\/index.php?rest_route=%2Fwp%2Fv2%2Fproduct_tag&post=859"}],"curies":[{"name":"wp","href":"https:\/\/api.w.org\/{rel}","templated":true}]}}