{"id":861,"date":"2021-05-02T16:23:02","date_gmt":"2021-05-02T16:23:02","guid":{"rendered":"https:\/\/samsi-frenshop.com\/?post_type=product&#038;p=861"},"modified":"2021-05-04T13:14:59","modified_gmt":"2021-05-04T13:14:59","slug":"collier-perles-chaine-argent","status":"publish","type":"product","link":"https:\/\/samsi-frenshop.com\/?product=collier-perles-chaine-argent","title":{"rendered":"Collier SILAR"},"content":{"rendered":"<h1><span style=\"color: #c1add6;\">Collier SILAR<\/span><\/h1>\n<p>Le collier SILAR est compos\u00e9 pour moiti\u00e9 de perles et pour l&rsquo;autre moiti\u00e9 d&rsquo;une cha\u00eene plaqu\u00e9e argent.<\/p>\n<p>Pour le c\u00f4t\u00e9 perles, j&rsquo;ai m\u00e9lang\u00e9 des perles d&rsquo;eau douce et des <a href=\"https:\/\/samsi-frenshop.com\/origine-des-perles\/\"><span style=\"color: #c1add6;\">perles de verre artisanales d&rsquo;Indon\u00e9sie<\/span><\/a>. La cha\u00eene et le fermoir sont plaqu\u00e9s argent. Pour finir le tout, le petit pendentif rappelle les deux perles utilis\u00e9es dans le collier. Le fermoir se porte sur le devant mais \u00e0 vous d&rsquo;inventer !<\/p>\n","protected":false},"excerpt":{"rendered":"<p>Collier original et pendentif moiti\u00e9 perles, moiti\u00e9 cha\u00eene plaqu\u00e9e argent.<\/p>\n","protected":false},"featured_media":801,"comment_status":"open","ping_status":"closed","template":"","meta":{"_monsterinsights_skip_tracking":false,"_monsterinsights_sitenote_active":false,"_monsterinsights_sitenote_note":"","_monsterinsights_sitenote_category":0},"product_brand":[],"product_cat":[42],"product_tag":[66,52,65,64,61],"class_list":{"0":"post-861","1":"product","2":"type-product","3":"status-publish","4":"has-post-thumbnail","6":"product_cat-colliers","7":"product_tag-chaine-argent","8":"product_tag-collier","9":"product_tag-indonesie","10":"product_tag-perles-deau-douce","11":"product_tag-perles-de-verre","13":"first","14":"instock","15":"taxable","16":"shipping-taxable","17":"purchasable","18":"product-type-simple"},"yoast_head":"<!-- This site is optimized with the Yoast SEO plugin v27.4 - https:\/\/yoast.com\/product\/yoast-seo-wordpress\/ -->\n<title>collier perles et cha\u00eene argent - Collier SILAR - Samsi Frenshop<\/title>\n<meta name=\"description\" content=\"Le collier SILAR et son pendentif sont en perles de verre d&#039;Indon\u00e9sie, perles d&#039;eau douce et cha\u00eene plaqu\u00e9 argent.\" \/>\n<meta name=\"robots\" content=\"index, follow, max-snippet:-1, max-image-preview:large, max-video-preview:-1\" \/>\n<link rel=\"canonical\" href=\"https:\/\/samsi-frenshop.com\/?product=collier-perles-chaine-argent\" \/>\n<meta property=\"og:locale\" content=\"fr_FR\" \/>\n<meta property=\"og:type\" content=\"article\" \/>\n<meta property=\"og:title\" content=\"collier perles et cha\u00eene argent - Collier SILAR - Samsi Frenshop\" \/>\n<meta property=\"og:description\" content=\"Le collier SILAR et son pendentif sont en perles de verre d&#039;Indon\u00e9sie, perles d&#039;eau douce et cha\u00eene plaqu\u00e9 argent.\" \/>\n<meta property=\"og:url\" content=\"https:\/\/samsi-frenshop.com\/?product=collier-perles-chaine-argent\" \/>\n<meta property=\"og:site_name\" content=\"Samsi Frenshop\" \/>\n<meta property=\"article:publisher\" content=\"https:\/\/www.facebook.com\/samsifrenshop\" \/>\n<meta property=\"article:modified_time\" content=\"2021-05-04T13:14:59+00:00\" \/>\n<meta property=\"og:image\" content=\"https:\/\/samsi-frenshop.com\/wp-content\/uploads\/2021\/04\/RAYLE-collier-perles-chaine-argent-2.jpg\" \/>\n\t<meta property=\"og:image:width\" content=\"800\" \/>\n\t<meta property=\"og:image:height\" content=\"800\" \/>\n\t<meta property=\"og:image:type\" content=\"image\/jpeg\" \/>\n<meta name=\"twitter:card\" content=\"summary_large_image\" \/>\n<meta name=\"twitter:label1\" content=\"Dur\u00e9e de lecture estim\u00e9e\" \/>\n\t<meta name=\"twitter:data1\" content=\"1 minute\" \/>\n<script type=\"application\/ld+json\" class=\"yoast-schema-graph\">{\"@context\":\"https:\\\/\\\/schema.org\",\"@graph\":[{\"@type\":\"WebPage\",\"@id\":\"https:\\\/\\\/samsi-frenshop.com\\\/?product=collier-perles-chaine-argent\",\"url\":\"https:\\\/\\\/samsi-frenshop.com\\\/?product=collier-perles-chaine-argent\",\"name\":\"collier perles et cha\u00eene argent - Collier SILAR - Samsi Frenshop\",\"isPartOf\":{\"@id\":\"https:\\\/\\\/samsi-frenshop.com\\\/#website\"},\"primaryImageOfPage\":{\"@id\":\"https:\\\/\\\/samsi-frenshop.com\\\/?product=collier-perles-chaine-argent#primaryimage\"},\"image\":{\"@id\":\"https:\\\/\\\/samsi-frenshop.com\\\/?product=collier-perles-chaine-argent#primaryimage\"},\"thumbnailUrl\":\"https:\\\/\\\/samsi-frenshop.com\\\/wp-content\\\/uploads\\\/2021\\\/04\\\/RAYLE-collier-perles-chaine-argent-2.jpg\",\"datePublished\":\"2021-05-02T16:23:02+00:00\",\"dateModified\":\"2021-05-04T13:14:59+00:00\",\"description\":\"Le collier SILAR et son pendentif sont en perles de verre d'Indon\u00e9sie, perles d'eau douce et cha\u00eene plaqu\u00e9 argent.\",\"breadcrumb\":{\"@id\":\"https:\\\/\\\/samsi-frenshop.com\\\/?product=collier-perles-chaine-argent#breadcrumb\"},\"inLanguage\":\"fr-FR\",\"potentialAction\":[{\"@type\":\"ReadAction\",\"target\":[\"https:\\\/\\\/samsi-frenshop.com\\\/?product=collier-perles-chaine-argent\"]}]},{\"@type\":\"ImageObject\",\"inLanguage\":\"fr-FR\",\"@id\":\"https:\\\/\\\/samsi-frenshop.com\\\/?product=collier-perles-chaine-argent#primaryimage\",\"url\":\"https:\\\/\\\/samsi-frenshop.com\\\/wp-content\\\/uploads\\\/2021\\\/04\\\/RAYLE-collier-perles-chaine-argent-2.jpg\",\"contentUrl\":\"https:\\\/\\\/samsi-frenshop.com\\\/wp-content\\\/uploads\\\/2021\\\/04\\\/RAYLE-collier-perles-chaine-argent-2.jpg\",\"width\":800,\"height\":800},{\"@type\":\"BreadcrumbList\",\"@id\":\"https:\\\/\\\/samsi-frenshop.com\\\/?product=collier-perles-chaine-argent#breadcrumb\",\"itemListElement\":[{\"@type\":\"ListItem\",\"position\":1,\"name\":\"Accueil\",\"item\":\"https:\\\/\\\/samsi-frenshop.com\\\/\"},{\"@type\":\"ListItem\",\"position\":2,\"name\":\"Boutique\",\"item\":\"https:\\\/\\\/samsi-frenshop.com\\\/?page_id=359\"},{\"@type\":\"ListItem\",\"position\":3,\"name\":\"Collier SILAR\"}]},{\"@type\":\"WebSite\",\"@id\":\"https:\\\/\\\/samsi-frenshop.com\\\/#website\",\"url\":\"https:\\\/\\\/samsi-frenshop.com\\\/\",\"name\":\"Samsi Frenshop\",\"description\":\"bijoux fantaisie boh\u00e8me chic assembl\u00e9s \u00e0 la main en France\",\"publisher\":{\"@id\":\"https:\\\/\\\/samsi-frenshop.com\\\/#organization\"},\"potentialAction\":[{\"@type\":\"SearchAction\",\"target\":{\"@type\":\"EntryPoint\",\"urlTemplate\":\"https:\\\/\\\/samsi-frenshop.com\\\/?s={search_term_string}\"},\"query-input\":{\"@type\":\"PropertyValueSpecification\",\"valueRequired\":true,\"valueName\":\"search_term_string\"}}],\"inLanguage\":\"fr-FR\"},{\"@type\":\"Organization\",\"@id\":\"https:\\\/\\\/samsi-frenshop.com\\\/#organization\",\"name\":\"Samsi Frenshop\",\"url\":\"https:\\\/\\\/samsi-frenshop.com\\\/\",\"logo\":{\"@type\":\"ImageObject\",\"inLanguage\":\"fr-FR\",\"@id\":\"https:\\\/\\\/samsi-frenshop.com\\\/#\\\/schema\\\/logo\\\/image\\\/\",\"url\":\"\",\"contentUrl\":\"\",\"caption\":\"Samsi Frenshop\"},\"image\":{\"@id\":\"https:\\\/\\\/samsi-frenshop.com\\\/#\\\/schema\\\/logo\\\/image\\\/\"},\"sameAs\":[\"https:\\\/\\\/www.facebook.com\\\/samsifrenshop\"]}]}<\/script>\n<!-- \/ Yoast SEO plugin. -->","yoast_head_json":{"title":"collier perles et cha\u00eene argent - Collier SILAR - Samsi Frenshop","description":"Le collier SILAR et son pendentif sont en perles de verre d'Indon\u00e9sie, perles d'eau douce et cha\u00eene plaqu\u00e9 argent.","robots":{"index":"index","follow":"follow","max-snippet":"max-snippet:-1","max-image-preview":"max-image-preview:large","max-video-preview":"max-video-preview:-1"},"canonical":"https:\/\/samsi-frenshop.com\/?product=collier-perles-chaine-argent","og_locale":"fr_FR","og_type":"article","og_title":"collier perles et cha\u00eene argent - Collier SILAR - Samsi Frenshop","og_description":"Le collier SILAR et son pendentif sont en perles de verre d'Indon\u00e9sie, perles d'eau douce et cha\u00eene plaqu\u00e9 argent.","og_url":"https:\/\/samsi-frenshop.com\/?product=collier-perles-chaine-argent","og_site_name":"Samsi Frenshop","article_publisher":"https:\/\/www.facebook.com\/samsifrenshop","article_modified_time":"2021-05-04T13:14:59+00:00","og_image":[{"width":800,"height":800,"url":"https:\/\/samsi-frenshop.com\/wp-content\/uploads\/2021\/04\/RAYLE-collier-perles-chaine-argent-2.jpg","type":"image\/jpeg"}],"twitter_card":"summary_large_image","twitter_misc":{"Dur\u00e9e de lecture estim\u00e9e":"1 minute"},"schema":{"@context":"https:\/\/schema.org","@graph":[{"@type":"WebPage","@id":"https:\/\/samsi-frenshop.com\/?product=collier-perles-chaine-argent","url":"https:\/\/samsi-frenshop.com\/?product=collier-perles-chaine-argent","name":"collier perles et cha\u00eene argent - Collier SILAR - Samsi Frenshop","isPartOf":{"@id":"https:\/\/samsi-frenshop.com\/#website"},"primaryImageOfPage":{"@id":"https:\/\/samsi-frenshop.com\/?product=collier-perles-chaine-argent#primaryimage"},"image":{"@id":"https:\/\/samsi-frenshop.com\/?product=collier-perles-chaine-argent#primaryimage"},"thumbnailUrl":"https:\/\/samsi-frenshop.com\/wp-content\/uploads\/2021\/04\/RAYLE-collier-perles-chaine-argent-2.jpg","datePublished":"2021-05-02T16:23:02+00:00","dateModified":"2021-05-04T13:14:59+00:00","description":"Le collier SILAR et son pendentif sont en perles de verre d'Indon\u00e9sie, perles d'eau douce et cha\u00eene plaqu\u00e9 argent.","breadcrumb":{"@id":"https:\/\/samsi-frenshop.com\/?product=collier-perles-chaine-argent#breadcrumb"},"inLanguage":"fr-FR","potentialAction":[{"@type":"ReadAction","target":["https:\/\/samsi-frenshop.com\/?product=collier-perles-chaine-argent"]}]},{"@type":"ImageObject","inLanguage":"fr-FR","@id":"https:\/\/samsi-frenshop.com\/?product=collier-perles-chaine-argent#primaryimage","url":"https:\/\/samsi-frenshop.com\/wp-content\/uploads\/2021\/04\/RAYLE-collier-perles-chaine-argent-2.jpg","contentUrl":"https:\/\/samsi-frenshop.com\/wp-content\/uploads\/2021\/04\/RAYLE-collier-perles-chaine-argent-2.jpg","width":800,"height":800},{"@type":"BreadcrumbList","@id":"https:\/\/samsi-frenshop.com\/?product=collier-perles-chaine-argent#breadcrumb","itemListElement":[{"@type":"ListItem","position":1,"name":"Accueil","item":"https:\/\/samsi-frenshop.com\/"},{"@type":"ListItem","position":2,"name":"Boutique","item":"https:\/\/samsi-frenshop.com\/?page_id=359"},{"@type":"ListItem","position":3,"name":"Collier SILAR"}]},{"@type":"WebSite","@id":"https:\/\/samsi-frenshop.com\/#website","url":"https:\/\/samsi-frenshop.com\/","name":"Samsi Frenshop","description":"bijoux fantaisie boh\u00e8me chic assembl\u00e9s \u00e0 la main en France","publisher":{"@id":"https:\/\/samsi-frenshop.com\/#organization"},"potentialAction":[{"@type":"SearchAction","target":{"@type":"EntryPoint","urlTemplate":"https:\/\/samsi-frenshop.com\/?s={search_term_string}"},"query-input":{"@type":"PropertyValueSpecification","valueRequired":true,"valueName":"search_term_string"}}],"inLanguage":"fr-FR"},{"@type":"Organization","@id":"https:\/\/samsi-frenshop.com\/#organization","name":"Samsi Frenshop","url":"https:\/\/samsi-frenshop.com\/","logo":{"@type":"ImageObject","inLanguage":"fr-FR","@id":"https:\/\/samsi-frenshop.com\/#\/schema\/logo\/image\/","url":"","contentUrl":"","caption":"Samsi Frenshop"},"image":{"@id":"https:\/\/samsi-frenshop.com\/#\/schema\/logo\/image\/"},"sameAs":["https:\/\/www.facebook.com\/samsifrenshop"]}]}},"jetpack_sharing_enabled":true,"_links":{"self":[{"href":"https:\/\/samsi-frenshop.com\/index.php?rest_route=\/wp\/v2\/product\/861","targetHints":{"allow":["GET"]}}],"collection":[{"href":"https:\/\/samsi-frenshop.com\/index.php?rest_route=\/wp\/v2\/product"}],"about":[{"href":"https:\/\/samsi-frenshop.com\/index.php?rest_route=\/wp\/v2\/types\/product"}],"replies":[{"embeddable":true,"href":"https:\/\/samsi-frenshop.com\/index.php?rest_route=%2Fwp%2Fv2%2Fcomments&post=861"}],"wp:featuredmedia":[{"embeddable":true,"href":"https:\/\/samsi-frenshop.com\/index.php?rest_route=\/wp\/v2\/media\/801"}],"wp:attachment":[{"href":"https:\/\/samsi-frenshop.com\/index.php?rest_route=%2Fwp%2Fv2%2Fmedia&parent=861"}],"wp:term":[{"taxonomy":"product_brand","embeddable":true,"href":"https:\/\/samsi-frenshop.com\/index.php?rest_route=%2Fwp%2Fv2%2Fproduct_brand&post=861"},{"taxonomy":"product_cat","embeddable":true,"href":"https:\/\/samsi-frenshop.com\/index.php?rest_route=%2Fwp%2Fv2%2Fproduct_cat&post=861"},{"taxonomy":"product_tag","embeddable":true,"href":"https:\/\/samsi-frenshop.com\/index.php?rest_route=%2Fwp%2Fv2%2Fproduct_tag&post=861"}],"curies":[{"name":"wp","href":"https:\/\/api.w.org\/{rel}","templated":true}]}}