{"id":866,"date":"2021-05-04T13:35:38","date_gmt":"2021-05-04T13:35:38","guid":{"rendered":"https:\/\/samsi-frenshop.com\/?post_type=product&#038;p=866"},"modified":"2021-06-27T17:42:01","modified_gmt":"2021-06-27T17:42:01","slug":"collier-perles-artisanales","status":"publish","type":"product","link":"https:\/\/samsi-frenshop.com\/?product=collier-perles-artisanales","title":{"rendered":"Collier RAYLE"},"content":{"rendered":"<h1><span style=\"color: #c1add6;\">Collier RAYLE<\/span><\/h1>\n<p>Vous aimerez l&rsquo;originalit\u00e9 des <a href=\"https:\/\/samsi-frenshop.com\/origine-des-perles\/\"><span style=\"color: #c1add6;\">perles artisanales<\/span><\/a> du collier Rayle. J&rsquo;ai eu un coup de foudre pour ces perles de Java qui se d\u00e9clinent en plusieurs coloris. J&rsquo;ai choisi ici un ton vert bleu et j&rsquo;y ai ajout\u00e9 des perles d&rsquo;eau douce qui se marient bien \u00e0 l&rsquo;ensemble. Vous retrouverez bien s\u00fbr mes \u00e9toiles ador\u00e9es et dor\u00e9es \u00e0 l&rsquo;or fin en pendentif.<\/p>\n<p>Le collier mesure environ 45 cm.<\/p>\n","protected":false},"excerpt":{"rendered":"<p>Collier bleu-vert en perles artisanales et perles d&rsquo;eau douce.<\/p>\n","protected":false},"featured_media":811,"comment_status":"open","ping_status":"closed","template":"","meta":{"_monsterinsights_skip_tracking":false,"_monsterinsights_sitenote_active":false,"_monsterinsights_sitenote_note":"","_monsterinsights_sitenote_category":0},"product_brand":[],"product_cat":[42],"product_tag":[52,65,67],"class_list":{"0":"post-866","1":"product","2":"type-product","3":"status-publish","4":"has-post-thumbnail","6":"product_cat-colliers","7":"product_tag-collier","8":"product_tag-indonesie","9":"product_tag-perles-artisanales","11":"first","12":"instock","13":"taxable","14":"shipping-taxable","15":"purchasable","16":"product-type-simple"},"yoast_head":"<!-- This site is optimized with the Yoast SEO plugin v27.4 - https:\/\/yoast.com\/product\/yoast-seo-wordpress\/ -->\n<title>collier perles artisanales - Collier RAYLE - Samsi Frenshop<\/title>\n<meta name=\"description\" content=\"D\u00e9couvrez le collier original RAYLE en perles artisanales bleue-vertes, perles d&#039;eau douce et breloques \u00e9toiles dor\u00e9es \u00e0 l&#039;or fin\" \/>\n<meta name=\"robots\" content=\"index, follow, max-snippet:-1, max-image-preview:large, max-video-preview:-1\" \/>\n<link rel=\"canonical\" href=\"https:\/\/samsi-frenshop.com\/?product=collier-perles-artisanales\" \/>\n<meta property=\"og:locale\" content=\"fr_FR\" \/>\n<meta property=\"og:type\" content=\"article\" \/>\n<meta property=\"og:title\" content=\"collier perles artisanales - Collier RAYLE - Samsi Frenshop\" \/>\n<meta property=\"og:description\" content=\"D\u00e9couvrez le collier original RAYLE en perles artisanales bleue-vertes, perles d&#039;eau douce et breloques \u00e9toiles dor\u00e9es \u00e0 l&#039;or fin\" \/>\n<meta property=\"og:url\" content=\"https:\/\/samsi-frenshop.com\/?product=collier-perles-artisanales\" \/>\n<meta property=\"og:site_name\" content=\"Samsi Frenshop\" \/>\n<meta property=\"article:publisher\" content=\"https:\/\/www.facebook.com\/samsifrenshop\" \/>\n<meta property=\"article:modified_time\" content=\"2021-06-27T17:42:01+00:00\" \/>\n<meta property=\"og:image\" content=\"https:\/\/samsi-frenshop.com\/wp-content\/uploads\/2021\/04\/STARS-collier-perles-etoile-doree-or-fin-4.jpg\" \/>\n\t<meta property=\"og:image:width\" content=\"800\" \/>\n\t<meta property=\"og:image:height\" content=\"800\" \/>\n\t<meta property=\"og:image:type\" content=\"image\/jpeg\" \/>\n<meta name=\"twitter:card\" content=\"summary_large_image\" \/>\n<meta name=\"twitter:label1\" content=\"Dur\u00e9e de lecture estim\u00e9e\" \/>\n\t<meta name=\"twitter:data1\" content=\"1 minute\" \/>\n<script type=\"application\/ld+json\" class=\"yoast-schema-graph\">{\"@context\":\"https:\\\/\\\/schema.org\",\"@graph\":[{\"@type\":\"WebPage\",\"@id\":\"https:\\\/\\\/samsi-frenshop.com\\\/?product=collier-perles-artisanales\",\"url\":\"https:\\\/\\\/samsi-frenshop.com\\\/?product=collier-perles-artisanales\",\"name\":\"collier perles artisanales - Collier RAYLE - Samsi Frenshop\",\"isPartOf\":{\"@id\":\"https:\\\/\\\/samsi-frenshop.com\\\/#website\"},\"primaryImageOfPage\":{\"@id\":\"https:\\\/\\\/samsi-frenshop.com\\\/?product=collier-perles-artisanales#primaryimage\"},\"image\":{\"@id\":\"https:\\\/\\\/samsi-frenshop.com\\\/?product=collier-perles-artisanales#primaryimage\"},\"thumbnailUrl\":\"https:\\\/\\\/samsi-frenshop.com\\\/wp-content\\\/uploads\\\/2021\\\/04\\\/STARS-collier-perles-etoile-doree-or-fin-4.jpg\",\"datePublished\":\"2021-05-04T13:35:38+00:00\",\"dateModified\":\"2021-06-27T17:42:01+00:00\",\"description\":\"D\u00e9couvrez le collier original RAYLE en perles artisanales bleue-vertes, perles d'eau douce et breloques \u00e9toiles dor\u00e9es \u00e0 l'or fin\",\"breadcrumb\":{\"@id\":\"https:\\\/\\\/samsi-frenshop.com\\\/?product=collier-perles-artisanales#breadcrumb\"},\"inLanguage\":\"fr-FR\",\"potentialAction\":[{\"@type\":\"ReadAction\",\"target\":[\"https:\\\/\\\/samsi-frenshop.com\\\/?product=collier-perles-artisanales\"]}]},{\"@type\":\"ImageObject\",\"inLanguage\":\"fr-FR\",\"@id\":\"https:\\\/\\\/samsi-frenshop.com\\\/?product=collier-perles-artisanales#primaryimage\",\"url\":\"https:\\\/\\\/samsi-frenshop.com\\\/wp-content\\\/uploads\\\/2021\\\/04\\\/STARS-collier-perles-etoile-doree-or-fin-4.jpg\",\"contentUrl\":\"https:\\\/\\\/samsi-frenshop.com\\\/wp-content\\\/uploads\\\/2021\\\/04\\\/STARS-collier-perles-etoile-doree-or-fin-4.jpg\",\"width\":800,\"height\":800,\"caption\":\"collier perles artisanales\"},{\"@type\":\"BreadcrumbList\",\"@id\":\"https:\\\/\\\/samsi-frenshop.com\\\/?product=collier-perles-artisanales#breadcrumb\",\"itemListElement\":[{\"@type\":\"ListItem\",\"position\":1,\"name\":\"Accueil\",\"item\":\"https:\\\/\\\/samsi-frenshop.com\\\/\"},{\"@type\":\"ListItem\",\"position\":2,\"name\":\"Boutique\",\"item\":\"https:\\\/\\\/samsi-frenshop.com\\\/?page_id=359\"},{\"@type\":\"ListItem\",\"position\":3,\"name\":\"Collier RAYLE\"}]},{\"@type\":\"WebSite\",\"@id\":\"https:\\\/\\\/samsi-frenshop.com\\\/#website\",\"url\":\"https:\\\/\\\/samsi-frenshop.com\\\/\",\"name\":\"Samsi Frenshop\",\"description\":\"bijoux fantaisie boh\u00e8me chic assembl\u00e9s \u00e0 la main en France\",\"publisher\":{\"@id\":\"https:\\\/\\\/samsi-frenshop.com\\\/#organization\"},\"potentialAction\":[{\"@type\":\"SearchAction\",\"target\":{\"@type\":\"EntryPoint\",\"urlTemplate\":\"https:\\\/\\\/samsi-frenshop.com\\\/?s={search_term_string}\"},\"query-input\":{\"@type\":\"PropertyValueSpecification\",\"valueRequired\":true,\"valueName\":\"search_term_string\"}}],\"inLanguage\":\"fr-FR\"},{\"@type\":\"Organization\",\"@id\":\"https:\\\/\\\/samsi-frenshop.com\\\/#organization\",\"name\":\"Samsi Frenshop\",\"url\":\"https:\\\/\\\/samsi-frenshop.com\\\/\",\"logo\":{\"@type\":\"ImageObject\",\"inLanguage\":\"fr-FR\",\"@id\":\"https:\\\/\\\/samsi-frenshop.com\\\/#\\\/schema\\\/logo\\\/image\\\/\",\"url\":\"\",\"contentUrl\":\"\",\"caption\":\"Samsi Frenshop\"},\"image\":{\"@id\":\"https:\\\/\\\/samsi-frenshop.com\\\/#\\\/schema\\\/logo\\\/image\\\/\"},\"sameAs\":[\"https:\\\/\\\/www.facebook.com\\\/samsifrenshop\"]}]}<\/script>\n<!-- \/ Yoast SEO plugin. -->","yoast_head_json":{"title":"collier perles artisanales - Collier RAYLE - Samsi Frenshop","description":"D\u00e9couvrez le collier original RAYLE en perles artisanales bleue-vertes, perles d'eau douce et breloques \u00e9toiles dor\u00e9es \u00e0 l'or fin","robots":{"index":"index","follow":"follow","max-snippet":"max-snippet:-1","max-image-preview":"max-image-preview:large","max-video-preview":"max-video-preview:-1"},"canonical":"https:\/\/samsi-frenshop.com\/?product=collier-perles-artisanales","og_locale":"fr_FR","og_type":"article","og_title":"collier perles artisanales - Collier RAYLE - Samsi Frenshop","og_description":"D\u00e9couvrez le collier original RAYLE en perles artisanales bleue-vertes, perles d'eau douce et breloques \u00e9toiles dor\u00e9es \u00e0 l'or fin","og_url":"https:\/\/samsi-frenshop.com\/?product=collier-perles-artisanales","og_site_name":"Samsi Frenshop","article_publisher":"https:\/\/www.facebook.com\/samsifrenshop","article_modified_time":"2021-06-27T17:42:01+00:00","og_image":[{"width":800,"height":800,"url":"https:\/\/samsi-frenshop.com\/wp-content\/uploads\/2021\/04\/STARS-collier-perles-etoile-doree-or-fin-4.jpg","type":"image\/jpeg"}],"twitter_card":"summary_large_image","twitter_misc":{"Dur\u00e9e de lecture estim\u00e9e":"1 minute"},"schema":{"@context":"https:\/\/schema.org","@graph":[{"@type":"WebPage","@id":"https:\/\/samsi-frenshop.com\/?product=collier-perles-artisanales","url":"https:\/\/samsi-frenshop.com\/?product=collier-perles-artisanales","name":"collier perles artisanales - Collier RAYLE - Samsi Frenshop","isPartOf":{"@id":"https:\/\/samsi-frenshop.com\/#website"},"primaryImageOfPage":{"@id":"https:\/\/samsi-frenshop.com\/?product=collier-perles-artisanales#primaryimage"},"image":{"@id":"https:\/\/samsi-frenshop.com\/?product=collier-perles-artisanales#primaryimage"},"thumbnailUrl":"https:\/\/samsi-frenshop.com\/wp-content\/uploads\/2021\/04\/STARS-collier-perles-etoile-doree-or-fin-4.jpg","datePublished":"2021-05-04T13:35:38+00:00","dateModified":"2021-06-27T17:42:01+00:00","description":"D\u00e9couvrez le collier original RAYLE en perles artisanales bleue-vertes, perles d'eau douce et breloques \u00e9toiles dor\u00e9es \u00e0 l'or fin","breadcrumb":{"@id":"https:\/\/samsi-frenshop.com\/?product=collier-perles-artisanales#breadcrumb"},"inLanguage":"fr-FR","potentialAction":[{"@type":"ReadAction","target":["https:\/\/samsi-frenshop.com\/?product=collier-perles-artisanales"]}]},{"@type":"ImageObject","inLanguage":"fr-FR","@id":"https:\/\/samsi-frenshop.com\/?product=collier-perles-artisanales#primaryimage","url":"https:\/\/samsi-frenshop.com\/wp-content\/uploads\/2021\/04\/STARS-collier-perles-etoile-doree-or-fin-4.jpg","contentUrl":"https:\/\/samsi-frenshop.com\/wp-content\/uploads\/2021\/04\/STARS-collier-perles-etoile-doree-or-fin-4.jpg","width":800,"height":800,"caption":"collier perles artisanales"},{"@type":"BreadcrumbList","@id":"https:\/\/samsi-frenshop.com\/?product=collier-perles-artisanales#breadcrumb","itemListElement":[{"@type":"ListItem","position":1,"name":"Accueil","item":"https:\/\/samsi-frenshop.com\/"},{"@type":"ListItem","position":2,"name":"Boutique","item":"https:\/\/samsi-frenshop.com\/?page_id=359"},{"@type":"ListItem","position":3,"name":"Collier RAYLE"}]},{"@type":"WebSite","@id":"https:\/\/samsi-frenshop.com\/#website","url":"https:\/\/samsi-frenshop.com\/","name":"Samsi Frenshop","description":"bijoux fantaisie boh\u00e8me chic assembl\u00e9s \u00e0 la main en France","publisher":{"@id":"https:\/\/samsi-frenshop.com\/#organization"},"potentialAction":[{"@type":"SearchAction","target":{"@type":"EntryPoint","urlTemplate":"https:\/\/samsi-frenshop.com\/?s={search_term_string}"},"query-input":{"@type":"PropertyValueSpecification","valueRequired":true,"valueName":"search_term_string"}}],"inLanguage":"fr-FR"},{"@type":"Organization","@id":"https:\/\/samsi-frenshop.com\/#organization","name":"Samsi Frenshop","url":"https:\/\/samsi-frenshop.com\/","logo":{"@type":"ImageObject","inLanguage":"fr-FR","@id":"https:\/\/samsi-frenshop.com\/#\/schema\/logo\/image\/","url":"","contentUrl":"","caption":"Samsi Frenshop"},"image":{"@id":"https:\/\/samsi-frenshop.com\/#\/schema\/logo\/image\/"},"sameAs":["https:\/\/www.facebook.com\/samsifrenshop"]}]}},"jetpack_sharing_enabled":true,"_links":{"self":[{"href":"https:\/\/samsi-frenshop.com\/index.php?rest_route=\/wp\/v2\/product\/866","targetHints":{"allow":["GET"]}}],"collection":[{"href":"https:\/\/samsi-frenshop.com\/index.php?rest_route=\/wp\/v2\/product"}],"about":[{"href":"https:\/\/samsi-frenshop.com\/index.php?rest_route=\/wp\/v2\/types\/product"}],"replies":[{"embeddable":true,"href":"https:\/\/samsi-frenshop.com\/index.php?rest_route=%2Fwp%2Fv2%2Fcomments&post=866"}],"wp:featuredmedia":[{"embeddable":true,"href":"https:\/\/samsi-frenshop.com\/index.php?rest_route=\/wp\/v2\/media\/811"}],"wp:attachment":[{"href":"https:\/\/samsi-frenshop.com\/index.php?rest_route=%2Fwp%2Fv2%2Fmedia&parent=866"}],"wp:term":[{"taxonomy":"product_brand","embeddable":true,"href":"https:\/\/samsi-frenshop.com\/index.php?rest_route=%2Fwp%2Fv2%2Fproduct_brand&post=866"},{"taxonomy":"product_cat","embeddable":true,"href":"https:\/\/samsi-frenshop.com\/index.php?rest_route=%2Fwp%2Fv2%2Fproduct_cat&post=866"},{"taxonomy":"product_tag","embeddable":true,"href":"https:\/\/samsi-frenshop.com\/index.php?rest_route=%2Fwp%2Fv2%2Fproduct_tag&post=866"}],"curies":[{"name":"wp","href":"https:\/\/api.w.org\/{rel}","templated":true}]}}