{"id":867,"date":"2021-05-04T14:20:58","date_gmt":"2021-05-04T14:20:58","guid":{"rendered":"https:\/\/samsi-frenshop.com\/?post_type=product&#038;p=867"},"modified":"2021-06-27T17:43:19","modified_gmt":"2021-06-27T17:43:19","slug":"collier-chaine-vintage","status":"publish","type":"product","link":"https:\/\/samsi-frenshop.com\/?product=collier-chaine-vintage","title":{"rendered":"Collier MOIRA"},"content":{"rendered":"<h1><span style=\"color: #c1add6;\">Collier MOIRA<\/span><\/h1>\n<p>Le collier MOIRA et sa cha\u00eene vintage en plaqu\u00e9 argent m\u00e9langent avec bonheur le dor\u00e9 et l&rsquo;argent\u00e9. En effet, les pendentifs que j&rsquo;ai associ\u00e9s \u00e0 la cha\u00eene \u00e9paisse rolo sont dor\u00e9s \u00e0 l&rsquo;or fin. Le gros fermoir rond se porte devant et accueille trois pendentifs : un <a href=\"https:\/\/lepetitjournal.com\/istanbul\/le-nazar-cest-quoi-au-juste-276634\"><span style=\"color: #c1add6;\">\u0153il porte-bonheur<\/span><\/a>, une perles en verre artisanale du Ghana et une petite cha\u00eenette avec un rond dor\u00e9.<\/p>\n<p>Portez le seul ou en accumulation.<\/p>\n","protected":false},"excerpt":{"rendered":"<p>Collier grosse cha\u00eene plaqu\u00e9e argent et pendentif porte bonheur dor\u00e9 \u00e0 l&rsquo;or fin.<\/p>\n","protected":false},"featured_media":781,"comment_status":"open","ping_status":"closed","template":"","meta":{"_monsterinsights_skip_tracking":false,"_monsterinsights_sitenote_active":false,"_monsterinsights_sitenote_note":"","_monsterinsights_sitenote_category":0},"product_brand":[],"product_cat":[42],"product_tag":[68,52,70,69],"class_list":{"0":"post-867","1":"product","2":"type-product","3":"status-publish","4":"has-post-thumbnail","6":"product_cat-colliers","7":"product_tag-chaine","8":"product_tag-collier","9":"product_tag-porte-bonheur","10":"product_tag-vintage","12":"first","13":"instock","14":"taxable","15":"shipping-taxable","16":"purchasable","17":"product-type-simple"},"yoast_head":"<!-- This site is optimized with the Yoast SEO plugin v27.4 - https:\/\/yoast.com\/product\/yoast-seo-wordpress\/ -->\n<title>Collier cha\u00eene vintage - Collier MOIRA - Samsi Frenshop<\/title>\n<meta name=\"description\" content=\"Le collier Moira est confectionn\u00e9 avec une cha\u00eene vintage plaqu\u00e9e argent trois pendentifs et un fermoir dor\u00e9 \u00e0 l&#039;or fin.\" \/>\n<meta name=\"robots\" content=\"index, follow, max-snippet:-1, max-image-preview:large, max-video-preview:-1\" \/>\n<link rel=\"canonical\" href=\"https:\/\/samsi-frenshop.com\/?product=collier-chaine-vintage\" \/>\n<meta property=\"og:locale\" content=\"fr_FR\" \/>\n<meta property=\"og:type\" content=\"article\" \/>\n<meta property=\"og:title\" content=\"Collier cha\u00eene vintage - Collier MOIRA - Samsi Frenshop\" \/>\n<meta property=\"og:description\" content=\"Le collier Moira est confectionn\u00e9 avec une cha\u00eene vintage plaqu\u00e9e argent trois pendentifs et un fermoir dor\u00e9 \u00e0 l&#039;or fin.\" \/>\n<meta property=\"og:url\" content=\"https:\/\/samsi-frenshop.com\/?product=collier-chaine-vintage\" \/>\n<meta property=\"og:site_name\" content=\"Samsi Frenshop\" \/>\n<meta property=\"article:publisher\" content=\"https:\/\/www.facebook.com\/samsifrenshop\" \/>\n<meta property=\"article:modified_time\" content=\"2021-06-27T17:43:19+00:00\" \/>\n<meta property=\"og:image\" content=\"https:\/\/samsi-frenshop.com\/wp-content\/uploads\/2021\/04\/MOIRA-collier-plaque-argent-pendentifs.jpg\" \/>\n\t<meta property=\"og:image:width\" content=\"800\" \/>\n\t<meta property=\"og:image:height\" content=\"800\" \/>\n\t<meta property=\"og:image:type\" content=\"image\/jpeg\" \/>\n<meta name=\"twitter:card\" content=\"summary_large_image\" \/>\n<meta name=\"twitter:label1\" content=\"Dur\u00e9e de lecture estim\u00e9e\" \/>\n\t<meta name=\"twitter:data1\" content=\"1 minute\" \/>\n<script type=\"application\/ld+json\" class=\"yoast-schema-graph\">{\"@context\":\"https:\\\/\\\/schema.org\",\"@graph\":[{\"@type\":\"WebPage\",\"@id\":\"https:\\\/\\\/samsi-frenshop.com\\\/?product=collier-chaine-vintage\",\"url\":\"https:\\\/\\\/samsi-frenshop.com\\\/?product=collier-chaine-vintage\",\"name\":\"Collier cha\u00eene vintage - Collier MOIRA - Samsi Frenshop\",\"isPartOf\":{\"@id\":\"https:\\\/\\\/samsi-frenshop.com\\\/#website\"},\"primaryImageOfPage\":{\"@id\":\"https:\\\/\\\/samsi-frenshop.com\\\/?product=collier-chaine-vintage#primaryimage\"},\"image\":{\"@id\":\"https:\\\/\\\/samsi-frenshop.com\\\/?product=collier-chaine-vintage#primaryimage\"},\"thumbnailUrl\":\"https:\\\/\\\/samsi-frenshop.com\\\/wp-content\\\/uploads\\\/2021\\\/04\\\/MOIRA-collier-plaque-argent-pendentifs.jpg\",\"datePublished\":\"2021-05-04T14:20:58+00:00\",\"dateModified\":\"2021-06-27T17:43:19+00:00\",\"description\":\"Le collier Moira est confectionn\u00e9 avec une cha\u00eene vintage plaqu\u00e9e argent trois pendentifs et un fermoir dor\u00e9 \u00e0 l'or fin.\",\"breadcrumb\":{\"@id\":\"https:\\\/\\\/samsi-frenshop.com\\\/?product=collier-chaine-vintage#breadcrumb\"},\"inLanguage\":\"fr-FR\",\"potentialAction\":[{\"@type\":\"ReadAction\",\"target\":[\"https:\\\/\\\/samsi-frenshop.com\\\/?product=collier-chaine-vintage\"]}]},{\"@type\":\"ImageObject\",\"inLanguage\":\"fr-FR\",\"@id\":\"https:\\\/\\\/samsi-frenshop.com\\\/?product=collier-chaine-vintage#primaryimage\",\"url\":\"https:\\\/\\\/samsi-frenshop.com\\\/wp-content\\\/uploads\\\/2021\\\/04\\\/MOIRA-collier-plaque-argent-pendentifs.jpg\",\"contentUrl\":\"https:\\\/\\\/samsi-frenshop.com\\\/wp-content\\\/uploads\\\/2021\\\/04\\\/MOIRA-collier-plaque-argent-pendentifs.jpg\",\"width\":800,\"height\":800,\"caption\":\"collier vintage\"},{\"@type\":\"BreadcrumbList\",\"@id\":\"https:\\\/\\\/samsi-frenshop.com\\\/?product=collier-chaine-vintage#breadcrumb\",\"itemListElement\":[{\"@type\":\"ListItem\",\"position\":1,\"name\":\"Accueil\",\"item\":\"https:\\\/\\\/samsi-frenshop.com\\\/\"},{\"@type\":\"ListItem\",\"position\":2,\"name\":\"Boutique\",\"item\":\"https:\\\/\\\/samsi-frenshop.com\\\/?page_id=359\"},{\"@type\":\"ListItem\",\"position\":3,\"name\":\"Collier MOIRA\"}]},{\"@type\":\"WebSite\",\"@id\":\"https:\\\/\\\/samsi-frenshop.com\\\/#website\",\"url\":\"https:\\\/\\\/samsi-frenshop.com\\\/\",\"name\":\"Samsi Frenshop\",\"description\":\"bijoux fantaisie boh\u00e8me chic assembl\u00e9s \u00e0 la main en France\",\"publisher\":{\"@id\":\"https:\\\/\\\/samsi-frenshop.com\\\/#organization\"},\"potentialAction\":[{\"@type\":\"SearchAction\",\"target\":{\"@type\":\"EntryPoint\",\"urlTemplate\":\"https:\\\/\\\/samsi-frenshop.com\\\/?s={search_term_string}\"},\"query-input\":{\"@type\":\"PropertyValueSpecification\",\"valueRequired\":true,\"valueName\":\"search_term_string\"}}],\"inLanguage\":\"fr-FR\"},{\"@type\":\"Organization\",\"@id\":\"https:\\\/\\\/samsi-frenshop.com\\\/#organization\",\"name\":\"Samsi Frenshop\",\"url\":\"https:\\\/\\\/samsi-frenshop.com\\\/\",\"logo\":{\"@type\":\"ImageObject\",\"inLanguage\":\"fr-FR\",\"@id\":\"https:\\\/\\\/samsi-frenshop.com\\\/#\\\/schema\\\/logo\\\/image\\\/\",\"url\":\"\",\"contentUrl\":\"\",\"caption\":\"Samsi Frenshop\"},\"image\":{\"@id\":\"https:\\\/\\\/samsi-frenshop.com\\\/#\\\/schema\\\/logo\\\/image\\\/\"},\"sameAs\":[\"https:\\\/\\\/www.facebook.com\\\/samsifrenshop\"]}]}<\/script>\n<!-- \/ Yoast SEO plugin. -->","yoast_head_json":{"title":"Collier cha\u00eene vintage - Collier MOIRA - Samsi Frenshop","description":"Le collier Moira est confectionn\u00e9 avec une cha\u00eene vintage plaqu\u00e9e argent trois pendentifs et un fermoir dor\u00e9 \u00e0 l'or fin.","robots":{"index":"index","follow":"follow","max-snippet":"max-snippet:-1","max-image-preview":"max-image-preview:large","max-video-preview":"max-video-preview:-1"},"canonical":"https:\/\/samsi-frenshop.com\/?product=collier-chaine-vintage","og_locale":"fr_FR","og_type":"article","og_title":"Collier cha\u00eene vintage - Collier MOIRA - Samsi Frenshop","og_description":"Le collier Moira est confectionn\u00e9 avec une cha\u00eene vintage plaqu\u00e9e argent trois pendentifs et un fermoir dor\u00e9 \u00e0 l'or fin.","og_url":"https:\/\/samsi-frenshop.com\/?product=collier-chaine-vintage","og_site_name":"Samsi Frenshop","article_publisher":"https:\/\/www.facebook.com\/samsifrenshop","article_modified_time":"2021-06-27T17:43:19+00:00","og_image":[{"width":800,"height":800,"url":"https:\/\/samsi-frenshop.com\/wp-content\/uploads\/2021\/04\/MOIRA-collier-plaque-argent-pendentifs.jpg","type":"image\/jpeg"}],"twitter_card":"summary_large_image","twitter_misc":{"Dur\u00e9e de lecture estim\u00e9e":"1 minute"},"schema":{"@context":"https:\/\/schema.org","@graph":[{"@type":"WebPage","@id":"https:\/\/samsi-frenshop.com\/?product=collier-chaine-vintage","url":"https:\/\/samsi-frenshop.com\/?product=collier-chaine-vintage","name":"Collier cha\u00eene vintage - Collier MOIRA - Samsi Frenshop","isPartOf":{"@id":"https:\/\/samsi-frenshop.com\/#website"},"primaryImageOfPage":{"@id":"https:\/\/samsi-frenshop.com\/?product=collier-chaine-vintage#primaryimage"},"image":{"@id":"https:\/\/samsi-frenshop.com\/?product=collier-chaine-vintage#primaryimage"},"thumbnailUrl":"https:\/\/samsi-frenshop.com\/wp-content\/uploads\/2021\/04\/MOIRA-collier-plaque-argent-pendentifs.jpg","datePublished":"2021-05-04T14:20:58+00:00","dateModified":"2021-06-27T17:43:19+00:00","description":"Le collier Moira est confectionn\u00e9 avec une cha\u00eene vintage plaqu\u00e9e argent trois pendentifs et un fermoir dor\u00e9 \u00e0 l'or fin.","breadcrumb":{"@id":"https:\/\/samsi-frenshop.com\/?product=collier-chaine-vintage#breadcrumb"},"inLanguage":"fr-FR","potentialAction":[{"@type":"ReadAction","target":["https:\/\/samsi-frenshop.com\/?product=collier-chaine-vintage"]}]},{"@type":"ImageObject","inLanguage":"fr-FR","@id":"https:\/\/samsi-frenshop.com\/?product=collier-chaine-vintage#primaryimage","url":"https:\/\/samsi-frenshop.com\/wp-content\/uploads\/2021\/04\/MOIRA-collier-plaque-argent-pendentifs.jpg","contentUrl":"https:\/\/samsi-frenshop.com\/wp-content\/uploads\/2021\/04\/MOIRA-collier-plaque-argent-pendentifs.jpg","width":800,"height":800,"caption":"collier vintage"},{"@type":"BreadcrumbList","@id":"https:\/\/samsi-frenshop.com\/?product=collier-chaine-vintage#breadcrumb","itemListElement":[{"@type":"ListItem","position":1,"name":"Accueil","item":"https:\/\/samsi-frenshop.com\/"},{"@type":"ListItem","position":2,"name":"Boutique","item":"https:\/\/samsi-frenshop.com\/?page_id=359"},{"@type":"ListItem","position":3,"name":"Collier MOIRA"}]},{"@type":"WebSite","@id":"https:\/\/samsi-frenshop.com\/#website","url":"https:\/\/samsi-frenshop.com\/","name":"Samsi Frenshop","description":"bijoux fantaisie boh\u00e8me chic assembl\u00e9s \u00e0 la main en France","publisher":{"@id":"https:\/\/samsi-frenshop.com\/#organization"},"potentialAction":[{"@type":"SearchAction","target":{"@type":"EntryPoint","urlTemplate":"https:\/\/samsi-frenshop.com\/?s={search_term_string}"},"query-input":{"@type":"PropertyValueSpecification","valueRequired":true,"valueName":"search_term_string"}}],"inLanguage":"fr-FR"},{"@type":"Organization","@id":"https:\/\/samsi-frenshop.com\/#organization","name":"Samsi Frenshop","url":"https:\/\/samsi-frenshop.com\/","logo":{"@type":"ImageObject","inLanguage":"fr-FR","@id":"https:\/\/samsi-frenshop.com\/#\/schema\/logo\/image\/","url":"","contentUrl":"","caption":"Samsi Frenshop"},"image":{"@id":"https:\/\/samsi-frenshop.com\/#\/schema\/logo\/image\/"},"sameAs":["https:\/\/www.facebook.com\/samsifrenshop"]}]}},"jetpack_sharing_enabled":true,"_links":{"self":[{"href":"https:\/\/samsi-frenshop.com\/index.php?rest_route=\/wp\/v2\/product\/867","targetHints":{"allow":["GET"]}}],"collection":[{"href":"https:\/\/samsi-frenshop.com\/index.php?rest_route=\/wp\/v2\/product"}],"about":[{"href":"https:\/\/samsi-frenshop.com\/index.php?rest_route=\/wp\/v2\/types\/product"}],"replies":[{"embeddable":true,"href":"https:\/\/samsi-frenshop.com\/index.php?rest_route=%2Fwp%2Fv2%2Fcomments&post=867"}],"wp:featuredmedia":[{"embeddable":true,"href":"https:\/\/samsi-frenshop.com\/index.php?rest_route=\/wp\/v2\/media\/781"}],"wp:attachment":[{"href":"https:\/\/samsi-frenshop.com\/index.php?rest_route=%2Fwp%2Fv2%2Fmedia&parent=867"}],"wp:term":[{"taxonomy":"product_brand","embeddable":true,"href":"https:\/\/samsi-frenshop.com\/index.php?rest_route=%2Fwp%2Fv2%2Fproduct_brand&post=867"},{"taxonomy":"product_cat","embeddable":true,"href":"https:\/\/samsi-frenshop.com\/index.php?rest_route=%2Fwp%2Fv2%2Fproduct_cat&post=867"},{"taxonomy":"product_tag","embeddable":true,"href":"https:\/\/samsi-frenshop.com\/index.php?rest_route=%2Fwp%2Fv2%2Fproduct_tag&post=867"}],"curies":[{"name":"wp","href":"https:\/\/api.w.org\/{rel}","templated":true}]}}