{"id":871,"date":"2021-05-05T09:55:00","date_gmt":"2021-05-05T09:55:00","guid":{"rendered":"https:\/\/samsi-frenshop.com\/?post_type=product&#038;p=871"},"modified":"2022-11-28T09:02:56","modified_gmt":"2022-11-28T09:02:56","slug":"bracelet-boheme-turquoise","status":"publish","type":"product","link":"https:\/\/samsi-frenshop.com\/?product=bracelet-boheme-turquoise","title":{"rendered":"Bracelet MARIUS"},"content":{"rendered":"<h1><span style=\"color: #c1add6;\">Bracelet Marius<\/span><\/h1>\n<p>Je vous pr\u00e9sente le bracelet tendance boh\u00e8me MARIUS. Il est r\u00e9alis\u00e9 en perles de howlite teint\u00e9es bleu turquoise et petits cristaux \u00e0 facettes couleur sable. Le plus : ses petits charms appos\u00e9s de part et d&rsquo;autre du bijou. On retrouve la\u00a0\u00bb mano fica\u00a0\u00bb, porte-bonheur de mon enfance. Elle est accompagn\u00e9e de petits pendentifs r\u00e9alis\u00e9s avec des perles rappelant le corps du bracelet.<\/p>\n<p>Il mesure 18 cm et il est mont\u00e9 sur un \u00e9lastique r\u00e9sistant.<\/p>\n<p>N&rsquo;h\u00e9sitez pas \u00e0 <span style=\"color: #000000;\">me contacter<\/span> si vous le souhaitez par le biais du <a href=\"https:\/\/samsi-frenshop.com\/contact\/\"><span style=\"color: #c1add6;\">formulaire de contact<\/span><\/a> ou par <a href=\"https:\/\/www.instagram.com\/\"><span style=\"color: #c1add6;\">Instagram<\/span><\/a> par exemple !<\/p>\n","protected":false},"excerpt":{"rendered":"<p>Bracelet de style boho-chic turquoise et beige.<\/p>\n","protected":false},"featured_media":79,"comment_status":"open","ping_status":"closed","template":"","meta":{"_monsterinsights_skip_tracking":false,"_monsterinsights_sitenote_active":false,"_monsterinsights_sitenote_note":"","_monsterinsights_sitenote_category":0},"product_brand":[],"product_cat":[44],"product_tag":[35,71,49],"class_list":{"0":"post-871","1":"product","2":"type-product","3":"status-publish","4":"has-post-thumbnail","6":"product_cat-bracelets","7":"product_tag-bijou-boheme","8":"product_tag-boheme","9":"product_tag-bracelet","11":"first","12":"outofstock","13":"taxable","14":"shipping-taxable","15":"purchasable","16":"product-type-simple"},"yoast_head":"<!-- This site is optimized with the Yoast SEO plugin v27.4 - https:\/\/yoast.com\/product\/yoast-seo-wordpress\/ -->\n<title>Bracelet boh\u00e8me turquoise - Bracelet MARIUS - Samsi Frenshop<\/title>\n<meta name=\"description\" content=\"Le bracelet boh\u00e8me turquoise Marius vous ravira par ses couleurs turquoise et sable. Les charms int\u00e9gr\u00e9s en font un bijou unique.\" \/>\n<meta name=\"robots\" content=\"index, follow, max-snippet:-1, max-image-preview:large, max-video-preview:-1\" \/>\n<link rel=\"canonical\" href=\"https:\/\/samsi-frenshop.com\/?product=bracelet-boheme-turquoise\" \/>\n<meta property=\"og:locale\" content=\"fr_FR\" \/>\n<meta property=\"og:type\" content=\"article\" \/>\n<meta property=\"og:title\" content=\"Bracelet boh\u00e8me turquoise - Bracelet MARIUS - Samsi Frenshop\" \/>\n<meta property=\"og:description\" content=\"Le bracelet boh\u00e8me turquoise Marius vous ravira par ses couleurs turquoise et sable. Les charms int\u00e9gr\u00e9s en font un bijou unique.\" \/>\n<meta property=\"og:url\" content=\"https:\/\/samsi-frenshop.com\/?product=bracelet-boheme-turquoise\" \/>\n<meta property=\"og:site_name\" content=\"Samsi Frenshop\" \/>\n<meta property=\"article:publisher\" content=\"https:\/\/www.facebook.com\/samsifrenshop\" \/>\n<meta property=\"article:modified_time\" content=\"2022-11-28T09:02:56+00:00\" \/>\n<meta property=\"og:image\" content=\"https:\/\/samsi-frenshop.com\/wp-content\/uploads\/2021\/03\/bracelet-boho-cristal-howlite-pampilles-figue-10.jpg\" \/>\n\t<meta property=\"og:image:width\" content=\"600\" \/>\n\t<meta property=\"og:image:height\" content=\"800\" \/>\n\t<meta property=\"og:image:type\" content=\"image\/jpeg\" \/>\n<meta name=\"twitter:card\" content=\"summary_large_image\" \/>\n<meta name=\"twitter:label1\" content=\"Dur\u00e9e de lecture estim\u00e9e\" \/>\n\t<meta name=\"twitter:data1\" content=\"1 minute\" \/>\n<script type=\"application\/ld+json\" class=\"yoast-schema-graph\">{\"@context\":\"https:\\\/\\\/schema.org\",\"@graph\":[{\"@type\":\"WebPage\",\"@id\":\"https:\\\/\\\/samsi-frenshop.com\\\/?product=bracelet-boheme-turquoise\",\"url\":\"https:\\\/\\\/samsi-frenshop.com\\\/?product=bracelet-boheme-turquoise\",\"name\":\"Bracelet boh\u00e8me turquoise - Bracelet MARIUS - Samsi Frenshop\",\"isPartOf\":{\"@id\":\"https:\\\/\\\/samsi-frenshop.com\\\/#website\"},\"primaryImageOfPage\":{\"@id\":\"https:\\\/\\\/samsi-frenshop.com\\\/?product=bracelet-boheme-turquoise#primaryimage\"},\"image\":{\"@id\":\"https:\\\/\\\/samsi-frenshop.com\\\/?product=bracelet-boheme-turquoise#primaryimage\"},\"thumbnailUrl\":\"https:\\\/\\\/samsi-frenshop.com\\\/wp-content\\\/uploads\\\/2021\\\/03\\\/bracelet-boho-cristal-howlite-pampilles-figue-10.jpg\",\"datePublished\":\"2021-05-05T09:55:00+00:00\",\"dateModified\":\"2022-11-28T09:02:56+00:00\",\"description\":\"Le bracelet boh\u00e8me turquoise Marius vous ravira par ses couleurs turquoise et sable. Les charms int\u00e9gr\u00e9s en font un bijou unique.\",\"breadcrumb\":{\"@id\":\"https:\\\/\\\/samsi-frenshop.com\\\/?product=bracelet-boheme-turquoise#breadcrumb\"},\"inLanguage\":\"fr-FR\",\"potentialAction\":[{\"@type\":\"ReadAction\",\"target\":[\"https:\\\/\\\/samsi-frenshop.com\\\/?product=bracelet-boheme-turquoise\"]}]},{\"@type\":\"ImageObject\",\"inLanguage\":\"fr-FR\",\"@id\":\"https:\\\/\\\/samsi-frenshop.com\\\/?product=bracelet-boheme-turquoise#primaryimage\",\"url\":\"https:\\\/\\\/samsi-frenshop.com\\\/wp-content\\\/uploads\\\/2021\\\/03\\\/bracelet-boho-cristal-howlite-pampilles-figue-10.jpg\",\"contentUrl\":\"https:\\\/\\\/samsi-frenshop.com\\\/wp-content\\\/uploads\\\/2021\\\/03\\\/bracelet-boho-cristal-howlite-pampilles-figue-10.jpg\",\"width\":600,\"height\":800,\"caption\":\"bracelet boh\u00e8me\"},{\"@type\":\"BreadcrumbList\",\"@id\":\"https:\\\/\\\/samsi-frenshop.com\\\/?product=bracelet-boheme-turquoise#breadcrumb\",\"itemListElement\":[{\"@type\":\"ListItem\",\"position\":1,\"name\":\"Accueil\",\"item\":\"https:\\\/\\\/samsi-frenshop.com\\\/\"},{\"@type\":\"ListItem\",\"position\":2,\"name\":\"Boutique\",\"item\":\"https:\\\/\\\/samsi-frenshop.com\\\/?page_id=359\"},{\"@type\":\"ListItem\",\"position\":3,\"name\":\"Bracelet MARIUS\"}]},{\"@type\":\"WebSite\",\"@id\":\"https:\\\/\\\/samsi-frenshop.com\\\/#website\",\"url\":\"https:\\\/\\\/samsi-frenshop.com\\\/\",\"name\":\"Samsi Frenshop\",\"description\":\"bijoux fantaisie boh\u00e8me chic assembl\u00e9s \u00e0 la main en France\",\"publisher\":{\"@id\":\"https:\\\/\\\/samsi-frenshop.com\\\/#organization\"},\"potentialAction\":[{\"@type\":\"SearchAction\",\"target\":{\"@type\":\"EntryPoint\",\"urlTemplate\":\"https:\\\/\\\/samsi-frenshop.com\\\/?s={search_term_string}\"},\"query-input\":{\"@type\":\"PropertyValueSpecification\",\"valueRequired\":true,\"valueName\":\"search_term_string\"}}],\"inLanguage\":\"fr-FR\"},{\"@type\":\"Organization\",\"@id\":\"https:\\\/\\\/samsi-frenshop.com\\\/#organization\",\"name\":\"Samsi Frenshop\",\"url\":\"https:\\\/\\\/samsi-frenshop.com\\\/\",\"logo\":{\"@type\":\"ImageObject\",\"inLanguage\":\"fr-FR\",\"@id\":\"https:\\\/\\\/samsi-frenshop.com\\\/#\\\/schema\\\/logo\\\/image\\\/\",\"url\":\"\",\"contentUrl\":\"\",\"caption\":\"Samsi Frenshop\"},\"image\":{\"@id\":\"https:\\\/\\\/samsi-frenshop.com\\\/#\\\/schema\\\/logo\\\/image\\\/\"},\"sameAs\":[\"https:\\\/\\\/www.facebook.com\\\/samsifrenshop\"]}]}<\/script>\n<!-- \/ Yoast SEO plugin. -->","yoast_head_json":{"title":"Bracelet boh\u00e8me turquoise - Bracelet MARIUS - Samsi Frenshop","description":"Le bracelet boh\u00e8me turquoise Marius vous ravira par ses couleurs turquoise et sable. Les charms int\u00e9gr\u00e9s en font un bijou unique.","robots":{"index":"index","follow":"follow","max-snippet":"max-snippet:-1","max-image-preview":"max-image-preview:large","max-video-preview":"max-video-preview:-1"},"canonical":"https:\/\/samsi-frenshop.com\/?product=bracelet-boheme-turquoise","og_locale":"fr_FR","og_type":"article","og_title":"Bracelet boh\u00e8me turquoise - Bracelet MARIUS - Samsi Frenshop","og_description":"Le bracelet boh\u00e8me turquoise Marius vous ravira par ses couleurs turquoise et sable. Les charms int\u00e9gr\u00e9s en font un bijou unique.","og_url":"https:\/\/samsi-frenshop.com\/?product=bracelet-boheme-turquoise","og_site_name":"Samsi Frenshop","article_publisher":"https:\/\/www.facebook.com\/samsifrenshop","article_modified_time":"2022-11-28T09:02:56+00:00","og_image":[{"width":600,"height":800,"url":"https:\/\/samsi-frenshop.com\/wp-content\/uploads\/2021\/03\/bracelet-boho-cristal-howlite-pampilles-figue-10.jpg","type":"image\/jpeg"}],"twitter_card":"summary_large_image","twitter_misc":{"Dur\u00e9e de lecture estim\u00e9e":"1 minute"},"schema":{"@context":"https:\/\/schema.org","@graph":[{"@type":"WebPage","@id":"https:\/\/samsi-frenshop.com\/?product=bracelet-boheme-turquoise","url":"https:\/\/samsi-frenshop.com\/?product=bracelet-boheme-turquoise","name":"Bracelet boh\u00e8me turquoise - Bracelet MARIUS - Samsi Frenshop","isPartOf":{"@id":"https:\/\/samsi-frenshop.com\/#website"},"primaryImageOfPage":{"@id":"https:\/\/samsi-frenshop.com\/?product=bracelet-boheme-turquoise#primaryimage"},"image":{"@id":"https:\/\/samsi-frenshop.com\/?product=bracelet-boheme-turquoise#primaryimage"},"thumbnailUrl":"https:\/\/samsi-frenshop.com\/wp-content\/uploads\/2021\/03\/bracelet-boho-cristal-howlite-pampilles-figue-10.jpg","datePublished":"2021-05-05T09:55:00+00:00","dateModified":"2022-11-28T09:02:56+00:00","description":"Le bracelet boh\u00e8me turquoise Marius vous ravira par ses couleurs turquoise et sable. Les charms int\u00e9gr\u00e9s en font un bijou unique.","breadcrumb":{"@id":"https:\/\/samsi-frenshop.com\/?product=bracelet-boheme-turquoise#breadcrumb"},"inLanguage":"fr-FR","potentialAction":[{"@type":"ReadAction","target":["https:\/\/samsi-frenshop.com\/?product=bracelet-boheme-turquoise"]}]},{"@type":"ImageObject","inLanguage":"fr-FR","@id":"https:\/\/samsi-frenshop.com\/?product=bracelet-boheme-turquoise#primaryimage","url":"https:\/\/samsi-frenshop.com\/wp-content\/uploads\/2021\/03\/bracelet-boho-cristal-howlite-pampilles-figue-10.jpg","contentUrl":"https:\/\/samsi-frenshop.com\/wp-content\/uploads\/2021\/03\/bracelet-boho-cristal-howlite-pampilles-figue-10.jpg","width":600,"height":800,"caption":"bracelet boh\u00e8me"},{"@type":"BreadcrumbList","@id":"https:\/\/samsi-frenshop.com\/?product=bracelet-boheme-turquoise#breadcrumb","itemListElement":[{"@type":"ListItem","position":1,"name":"Accueil","item":"https:\/\/samsi-frenshop.com\/"},{"@type":"ListItem","position":2,"name":"Boutique","item":"https:\/\/samsi-frenshop.com\/?page_id=359"},{"@type":"ListItem","position":3,"name":"Bracelet MARIUS"}]},{"@type":"WebSite","@id":"https:\/\/samsi-frenshop.com\/#website","url":"https:\/\/samsi-frenshop.com\/","name":"Samsi Frenshop","description":"bijoux fantaisie boh\u00e8me chic assembl\u00e9s \u00e0 la main en France","publisher":{"@id":"https:\/\/samsi-frenshop.com\/#organization"},"potentialAction":[{"@type":"SearchAction","target":{"@type":"EntryPoint","urlTemplate":"https:\/\/samsi-frenshop.com\/?s={search_term_string}"},"query-input":{"@type":"PropertyValueSpecification","valueRequired":true,"valueName":"search_term_string"}}],"inLanguage":"fr-FR"},{"@type":"Organization","@id":"https:\/\/samsi-frenshop.com\/#organization","name":"Samsi Frenshop","url":"https:\/\/samsi-frenshop.com\/","logo":{"@type":"ImageObject","inLanguage":"fr-FR","@id":"https:\/\/samsi-frenshop.com\/#\/schema\/logo\/image\/","url":"","contentUrl":"","caption":"Samsi Frenshop"},"image":{"@id":"https:\/\/samsi-frenshop.com\/#\/schema\/logo\/image\/"},"sameAs":["https:\/\/www.facebook.com\/samsifrenshop"]}]}},"jetpack_sharing_enabled":true,"_links":{"self":[{"href":"https:\/\/samsi-frenshop.com\/index.php?rest_route=\/wp\/v2\/product\/871","targetHints":{"allow":["GET"]}}],"collection":[{"href":"https:\/\/samsi-frenshop.com\/index.php?rest_route=\/wp\/v2\/product"}],"about":[{"href":"https:\/\/samsi-frenshop.com\/index.php?rest_route=\/wp\/v2\/types\/product"}],"replies":[{"embeddable":true,"href":"https:\/\/samsi-frenshop.com\/index.php?rest_route=%2Fwp%2Fv2%2Fcomments&post=871"}],"wp:featuredmedia":[{"embeddable":true,"href":"https:\/\/samsi-frenshop.com\/index.php?rest_route=\/wp\/v2\/media\/79"}],"wp:attachment":[{"href":"https:\/\/samsi-frenshop.com\/index.php?rest_route=%2Fwp%2Fv2%2Fmedia&parent=871"}],"wp:term":[{"taxonomy":"product_brand","embeddable":true,"href":"https:\/\/samsi-frenshop.com\/index.php?rest_route=%2Fwp%2Fv2%2Fproduct_brand&post=871"},{"taxonomy":"product_cat","embeddable":true,"href":"https:\/\/samsi-frenshop.com\/index.php?rest_route=%2Fwp%2Fv2%2Fproduct_cat&post=871"},{"taxonomy":"product_tag","embeddable":true,"href":"https:\/\/samsi-frenshop.com\/index.php?rest_route=%2Fwp%2Fv2%2Fproduct_tag&post=871"}],"curies":[{"name":"wp","href":"https:\/\/api.w.org\/{rel}","templated":true}]}}