{"id":874,"date":"2021-05-05T10:52:03","date_gmt":"2021-05-05T10:52:03","guid":{"rendered":"https:\/\/samsi-frenshop.com\/?post_type=product&#038;p=874"},"modified":"2022-02-04T17:19:02","modified_gmt":"2022-02-04T17:19:02","slug":"sautoir-boheme-chic","status":"publish","type":"product","link":"https:\/\/samsi-frenshop.com\/?product=sautoir-boheme-chic","title":{"rendered":"Sautoir MARIUS"},"content":{"rendered":"<h1><span style=\"color: #c1add6;\">Sautoir MARIUS<\/span><\/h1>\n<p>On adore le sautoir MARIUS ! Et tous les sautoirs en g\u00e9n\u00e9ral, mais celui-ci est d&rsquo;autant plus original qu&rsquo;il est unique. Voici donc un m\u00e9lange de perles howlite bleues turquoise et des petits cristaux facett\u00e9s de couleur sable ros\u00e9. Le pendentif dent porte-bonheur ros\u00e9 est imposant et sait se faire remarquer tout en restant tr\u00e8s doux. La touche finale se situe au niveau du cou avec ce m\u00e9lange de cha\u00eenes vintage dor\u00e9es et argent\u00e9es.<\/p>\n<p>Pour un total look, vous pouvez lui associer le <a href=\"https:\/\/samsi-frenshop.com\/produit\/bracelet-boheme-turquoise\/\"><span style=\"color: #c1add6;\">bracelet MARIUS<\/span><\/a>.<\/p>\n","protected":false},"excerpt":{"rendered":"<p>Sautoir boh\u00e8me vintage turquoise et sable.<\/p>\n","protected":false},"featured_media":703,"comment_status":"open","ping_status":"closed","template":"","meta":{"_monsterinsights_skip_tracking":false,"_monsterinsights_sitenote_active":false,"_monsterinsights_sitenote_note":"","_monsterinsights_sitenote_category":0},"product_brand":[],"product_cat":[42],"product_tag":[51,72],"class_list":{"0":"post-874","1":"product","2":"type-product","3":"status-publish","4":"has-post-thumbnail","6":"product_cat-colliers","7":"product_tag-bijou-boheme-chic","8":"product_tag-sautoir","10":"first","11":"instock","12":"taxable","13":"shipping-taxable","14":"purchasable","15":"product-type-simple"},"yoast_head":"<!-- This site is optimized with the Yoast SEO plugin v27.4 - https:\/\/yoast.com\/product\/yoast-seo-wordpress\/ -->\n<title>Sautoir boh\u00e8me-chic - Sautoir MARIUS - Samsi Frenshop<\/title>\n<meta name=\"description\" content=\"Le sautoir MARIUS vous projette directement au c\u0153ur de la tendance boh\u00e8me chic. Un bijou original aux belles couleurs turquoise et sable.\" \/>\n<meta name=\"robots\" content=\"index, follow, max-snippet:-1, max-image-preview:large, max-video-preview:-1\" \/>\n<link rel=\"canonical\" href=\"https:\/\/samsi-frenshop.com\/?product=sautoir-boheme-chic\" \/>\n<meta property=\"og:locale\" content=\"fr_FR\" \/>\n<meta property=\"og:type\" content=\"article\" \/>\n<meta property=\"og:title\" content=\"Sautoir boh\u00e8me-chic - Sautoir MARIUS - Samsi Frenshop\" \/>\n<meta property=\"og:description\" content=\"Le sautoir MARIUS vous projette directement au c\u0153ur de la tendance boh\u00e8me chic. Un bijou original aux belles couleurs turquoise et sable.\" \/>\n<meta property=\"og:url\" content=\"https:\/\/samsi-frenshop.com\/?product=sautoir-boheme-chic\" \/>\n<meta property=\"og:site_name\" content=\"Samsi Frenshop\" \/>\n<meta property=\"article:publisher\" content=\"https:\/\/www.facebook.com\/samsifrenshop\" \/>\n<meta property=\"article:modified_time\" content=\"2022-02-04T17:19:02+00:00\" \/>\n<meta property=\"og:image\" content=\"https:\/\/samsi-frenshop.com\/wp-content\/uploads\/2021\/04\/Collier-long-MIX-2.jpg\" \/>\n\t<meta property=\"og:image:width\" content=\"800\" \/>\n\t<meta property=\"og:image:height\" content=\"800\" \/>\n\t<meta property=\"og:image:type\" content=\"image\/jpeg\" \/>\n<meta name=\"twitter:card\" content=\"summary_large_image\" \/>\n<meta name=\"twitter:label1\" content=\"Dur\u00e9e de lecture estim\u00e9e\" \/>\n\t<meta name=\"twitter:data1\" content=\"1 minute\" \/>\n<script type=\"application\/ld+json\" class=\"yoast-schema-graph\">{\"@context\":\"https:\\\/\\\/schema.org\",\"@graph\":[{\"@type\":\"WebPage\",\"@id\":\"https:\\\/\\\/samsi-frenshop.com\\\/?product=sautoir-boheme-chic\",\"url\":\"https:\\\/\\\/samsi-frenshop.com\\\/?product=sautoir-boheme-chic\",\"name\":\"Sautoir boh\u00e8me-chic - Sautoir MARIUS - Samsi Frenshop\",\"isPartOf\":{\"@id\":\"https:\\\/\\\/samsi-frenshop.com\\\/#website\"},\"primaryImageOfPage\":{\"@id\":\"https:\\\/\\\/samsi-frenshop.com\\\/?product=sautoir-boheme-chic#primaryimage\"},\"image\":{\"@id\":\"https:\\\/\\\/samsi-frenshop.com\\\/?product=sautoir-boheme-chic#primaryimage\"},\"thumbnailUrl\":\"https:\\\/\\\/samsi-frenshop.com\\\/wp-content\\\/uploads\\\/2021\\\/04\\\/Collier-long-MIX-2.jpg\",\"datePublished\":\"2021-05-05T10:52:03+00:00\",\"dateModified\":\"2022-02-04T17:19:02+00:00\",\"description\":\"Le sautoir MARIUS vous projette directement au c\u0153ur de la tendance boh\u00e8me chic. Un bijou original aux belles couleurs turquoise et sable.\",\"breadcrumb\":{\"@id\":\"https:\\\/\\\/samsi-frenshop.com\\\/?product=sautoir-boheme-chic#breadcrumb\"},\"inLanguage\":\"fr-FR\",\"potentialAction\":[{\"@type\":\"ReadAction\",\"target\":[\"https:\\\/\\\/samsi-frenshop.com\\\/?product=sautoir-boheme-chic\"]}]},{\"@type\":\"ImageObject\",\"inLanguage\":\"fr-FR\",\"@id\":\"https:\\\/\\\/samsi-frenshop.com\\\/?product=sautoir-boheme-chic#primaryimage\",\"url\":\"https:\\\/\\\/samsi-frenshop.com\\\/wp-content\\\/uploads\\\/2021\\\/04\\\/Collier-long-MIX-2.jpg\",\"contentUrl\":\"https:\\\/\\\/samsi-frenshop.com\\\/wp-content\\\/uploads\\\/2021\\\/04\\\/Collier-long-MIX-2.jpg\",\"width\":800,\"height\":800,\"caption\":\"sautoir boh\u00e8me\"},{\"@type\":\"BreadcrumbList\",\"@id\":\"https:\\\/\\\/samsi-frenshop.com\\\/?product=sautoir-boheme-chic#breadcrumb\",\"itemListElement\":[{\"@type\":\"ListItem\",\"position\":1,\"name\":\"Accueil\",\"item\":\"https:\\\/\\\/samsi-frenshop.com\\\/\"},{\"@type\":\"ListItem\",\"position\":2,\"name\":\"Boutique\",\"item\":\"https:\\\/\\\/samsi-frenshop.com\\\/?page_id=359\"},{\"@type\":\"ListItem\",\"position\":3,\"name\":\"Sautoir MARIUS\"}]},{\"@type\":\"WebSite\",\"@id\":\"https:\\\/\\\/samsi-frenshop.com\\\/#website\",\"url\":\"https:\\\/\\\/samsi-frenshop.com\\\/\",\"name\":\"Samsi Frenshop\",\"description\":\"bijoux fantaisie boh\u00e8me chic assembl\u00e9s \u00e0 la main en France\",\"publisher\":{\"@id\":\"https:\\\/\\\/samsi-frenshop.com\\\/#organization\"},\"potentialAction\":[{\"@type\":\"SearchAction\",\"target\":{\"@type\":\"EntryPoint\",\"urlTemplate\":\"https:\\\/\\\/samsi-frenshop.com\\\/?s={search_term_string}\"},\"query-input\":{\"@type\":\"PropertyValueSpecification\",\"valueRequired\":true,\"valueName\":\"search_term_string\"}}],\"inLanguage\":\"fr-FR\"},{\"@type\":\"Organization\",\"@id\":\"https:\\\/\\\/samsi-frenshop.com\\\/#organization\",\"name\":\"Samsi Frenshop\",\"url\":\"https:\\\/\\\/samsi-frenshop.com\\\/\",\"logo\":{\"@type\":\"ImageObject\",\"inLanguage\":\"fr-FR\",\"@id\":\"https:\\\/\\\/samsi-frenshop.com\\\/#\\\/schema\\\/logo\\\/image\\\/\",\"url\":\"\",\"contentUrl\":\"\",\"caption\":\"Samsi Frenshop\"},\"image\":{\"@id\":\"https:\\\/\\\/samsi-frenshop.com\\\/#\\\/schema\\\/logo\\\/image\\\/\"},\"sameAs\":[\"https:\\\/\\\/www.facebook.com\\\/samsifrenshop\"]}]}<\/script>\n<!-- \/ Yoast SEO plugin. -->","yoast_head_json":{"title":"Sautoir boh\u00e8me-chic - Sautoir MARIUS - Samsi Frenshop","description":"Le sautoir MARIUS vous projette directement au c\u0153ur de la tendance boh\u00e8me chic. Un bijou original aux belles couleurs turquoise et sable.","robots":{"index":"index","follow":"follow","max-snippet":"max-snippet:-1","max-image-preview":"max-image-preview:large","max-video-preview":"max-video-preview:-1"},"canonical":"https:\/\/samsi-frenshop.com\/?product=sautoir-boheme-chic","og_locale":"fr_FR","og_type":"article","og_title":"Sautoir boh\u00e8me-chic - Sautoir MARIUS - Samsi Frenshop","og_description":"Le sautoir MARIUS vous projette directement au c\u0153ur de la tendance boh\u00e8me chic. Un bijou original aux belles couleurs turquoise et sable.","og_url":"https:\/\/samsi-frenshop.com\/?product=sautoir-boheme-chic","og_site_name":"Samsi Frenshop","article_publisher":"https:\/\/www.facebook.com\/samsifrenshop","article_modified_time":"2022-02-04T17:19:02+00:00","og_image":[{"width":800,"height":800,"url":"https:\/\/samsi-frenshop.com\/wp-content\/uploads\/2021\/04\/Collier-long-MIX-2.jpg","type":"image\/jpeg"}],"twitter_card":"summary_large_image","twitter_misc":{"Dur\u00e9e de lecture estim\u00e9e":"1 minute"},"schema":{"@context":"https:\/\/schema.org","@graph":[{"@type":"WebPage","@id":"https:\/\/samsi-frenshop.com\/?product=sautoir-boheme-chic","url":"https:\/\/samsi-frenshop.com\/?product=sautoir-boheme-chic","name":"Sautoir boh\u00e8me-chic - Sautoir MARIUS - Samsi Frenshop","isPartOf":{"@id":"https:\/\/samsi-frenshop.com\/#website"},"primaryImageOfPage":{"@id":"https:\/\/samsi-frenshop.com\/?product=sautoir-boheme-chic#primaryimage"},"image":{"@id":"https:\/\/samsi-frenshop.com\/?product=sautoir-boheme-chic#primaryimage"},"thumbnailUrl":"https:\/\/samsi-frenshop.com\/wp-content\/uploads\/2021\/04\/Collier-long-MIX-2.jpg","datePublished":"2021-05-05T10:52:03+00:00","dateModified":"2022-02-04T17:19:02+00:00","description":"Le sautoir MARIUS vous projette directement au c\u0153ur de la tendance boh\u00e8me chic. Un bijou original aux belles couleurs turquoise et sable.","breadcrumb":{"@id":"https:\/\/samsi-frenshop.com\/?product=sautoir-boheme-chic#breadcrumb"},"inLanguage":"fr-FR","potentialAction":[{"@type":"ReadAction","target":["https:\/\/samsi-frenshop.com\/?product=sautoir-boheme-chic"]}]},{"@type":"ImageObject","inLanguage":"fr-FR","@id":"https:\/\/samsi-frenshop.com\/?product=sautoir-boheme-chic#primaryimage","url":"https:\/\/samsi-frenshop.com\/wp-content\/uploads\/2021\/04\/Collier-long-MIX-2.jpg","contentUrl":"https:\/\/samsi-frenshop.com\/wp-content\/uploads\/2021\/04\/Collier-long-MIX-2.jpg","width":800,"height":800,"caption":"sautoir boh\u00e8me"},{"@type":"BreadcrumbList","@id":"https:\/\/samsi-frenshop.com\/?product=sautoir-boheme-chic#breadcrumb","itemListElement":[{"@type":"ListItem","position":1,"name":"Accueil","item":"https:\/\/samsi-frenshop.com\/"},{"@type":"ListItem","position":2,"name":"Boutique","item":"https:\/\/samsi-frenshop.com\/?page_id=359"},{"@type":"ListItem","position":3,"name":"Sautoir MARIUS"}]},{"@type":"WebSite","@id":"https:\/\/samsi-frenshop.com\/#website","url":"https:\/\/samsi-frenshop.com\/","name":"Samsi Frenshop","description":"bijoux fantaisie boh\u00e8me chic assembl\u00e9s \u00e0 la main en France","publisher":{"@id":"https:\/\/samsi-frenshop.com\/#organization"},"potentialAction":[{"@type":"SearchAction","target":{"@type":"EntryPoint","urlTemplate":"https:\/\/samsi-frenshop.com\/?s={search_term_string}"},"query-input":{"@type":"PropertyValueSpecification","valueRequired":true,"valueName":"search_term_string"}}],"inLanguage":"fr-FR"},{"@type":"Organization","@id":"https:\/\/samsi-frenshop.com\/#organization","name":"Samsi Frenshop","url":"https:\/\/samsi-frenshop.com\/","logo":{"@type":"ImageObject","inLanguage":"fr-FR","@id":"https:\/\/samsi-frenshop.com\/#\/schema\/logo\/image\/","url":"","contentUrl":"","caption":"Samsi Frenshop"},"image":{"@id":"https:\/\/samsi-frenshop.com\/#\/schema\/logo\/image\/"},"sameAs":["https:\/\/www.facebook.com\/samsifrenshop"]}]}},"jetpack_sharing_enabled":true,"_links":{"self":[{"href":"https:\/\/samsi-frenshop.com\/index.php?rest_route=\/wp\/v2\/product\/874","targetHints":{"allow":["GET"]}}],"collection":[{"href":"https:\/\/samsi-frenshop.com\/index.php?rest_route=\/wp\/v2\/product"}],"about":[{"href":"https:\/\/samsi-frenshop.com\/index.php?rest_route=\/wp\/v2\/types\/product"}],"replies":[{"embeddable":true,"href":"https:\/\/samsi-frenshop.com\/index.php?rest_route=%2Fwp%2Fv2%2Fcomments&post=874"}],"wp:featuredmedia":[{"embeddable":true,"href":"https:\/\/samsi-frenshop.com\/index.php?rest_route=\/wp\/v2\/media\/703"}],"wp:attachment":[{"href":"https:\/\/samsi-frenshop.com\/index.php?rest_route=%2Fwp%2Fv2%2Fmedia&parent=874"}],"wp:term":[{"taxonomy":"product_brand","embeddable":true,"href":"https:\/\/samsi-frenshop.com\/index.php?rest_route=%2Fwp%2Fv2%2Fproduct_brand&post=874"},{"taxonomy":"product_cat","embeddable":true,"href":"https:\/\/samsi-frenshop.com\/index.php?rest_route=%2Fwp%2Fv2%2Fproduct_cat&post=874"},{"taxonomy":"product_tag","embeddable":true,"href":"https:\/\/samsi-frenshop.com\/index.php?rest_route=%2Fwp%2Fv2%2Fproduct_tag&post=874"}],"curies":[{"name":"wp","href":"https:\/\/api.w.org\/{rel}","templated":true}]}}