{"id":879,"date":"2021-05-05T13:15:45","date_gmt":"2021-05-05T13:15:45","guid":{"rendered":"https:\/\/samsi-frenshop.com\/?post_type=product&#038;p=879"},"modified":"2021-05-05T13:47:22","modified_gmt":"2021-05-05T13:47:22","slug":"sautoir-perles-ginkgo","status":"publish","type":"product","link":"https:\/\/samsi-frenshop.com\/?product=sautoir-perles-ginkgo","title":{"rendered":"Sautoir GINKGO"},"content":{"rendered":"<h1><span style=\"color: #c1add6;\">Sautoir GINKGO<\/span><\/h1>\n<p>Le sautoir GINKGO est compos\u00e9 de perles de verre ros\u00e9es et de cristaux facett\u00e9s dor\u00e9s. Il arbore un beau pendentif de feuille de ginkgo biloba dor\u00e9. Dans la culture extr\u00eame-orientale, cet arbre symbolise la long\u00e9vit\u00e9. Vous aurez ainsi un peu d&rsquo;immortalit\u00e9 autour du cou !<\/p>\n<p>Vous appr\u00e9cierez surtout ses couleurs tendres et chaudes et le m\u00e9lange cha\u00eene-perles. Un beau mariage pour ce collier long \u00e0 porter indiff\u00e9remment avec une tenue chic ou d\u00e9contract\u00e9e.<\/p>\n","protected":false},"excerpt":{"rendered":"<p>Sautoir en perles de verre ros\u00e9es, cristaux facett\u00e9s et pendentif en forme de feuille de ginkgo biloba dor\u00e9e.<\/p>\n","protected":false},"featured_media":702,"comment_status":"open","ping_status":"closed","template":"","meta":{"_monsterinsights_skip_tracking":false,"_monsterinsights_sitenote_active":false,"_monsterinsights_sitenote_note":"","_monsterinsights_sitenote_category":0},"product_brand":[],"product_cat":[42],"product_tag":[74,73,72],"class_list":{"0":"post-879","1":"product","2":"type-product","3":"status-publish","4":"has-post-thumbnail","6":"product_cat-colliers","7":"product_tag-ginkgo","8":"product_tag-perles","9":"product_tag-sautoir","11":"first","12":"instock","13":"taxable","14":"shipping-taxable","15":"purchasable","16":"product-type-simple"},"yoast_head":"<!-- This site is optimized with the Yoast SEO plugin v27.4 - https:\/\/yoast.com\/product\/yoast-seo-wordpress\/ -->\n<title>Sautoir en perles et feuille de ginkgo - Sautoir GINKGO - Samsi Frenshop<\/title>\n<meta name=\"description\" content=\"D\u00e9couvrez le sautoir GINKGO en perles de verre ros\u00e9es et feuille de ginkgo dor\u00e9e. Mod\u00e8le unique assembl\u00e9 \u00e0 la main en France.\" \/>\n<meta name=\"robots\" content=\"index, follow, max-snippet:-1, max-image-preview:large, max-video-preview:-1\" \/>\n<link rel=\"canonical\" href=\"https:\/\/samsi-frenshop.com\/?product=sautoir-perles-ginkgo\" \/>\n<meta property=\"og:locale\" content=\"fr_FR\" \/>\n<meta property=\"og:type\" content=\"article\" \/>\n<meta property=\"og:title\" content=\"Sautoir en perles et feuille de ginkgo - Sautoir GINKGO - Samsi Frenshop\" \/>\n<meta property=\"og:description\" content=\"D\u00e9couvrez le sautoir GINKGO en perles de verre ros\u00e9es et feuille de ginkgo dor\u00e9e. Mod\u00e8le unique assembl\u00e9 \u00e0 la main en France.\" \/>\n<meta property=\"og:url\" content=\"https:\/\/samsi-frenshop.com\/?product=sautoir-perles-ginkgo\" \/>\n<meta property=\"og:site_name\" content=\"Samsi Frenshop\" \/>\n<meta property=\"article:publisher\" content=\"https:\/\/www.facebook.com\/samsifrenshop\" \/>\n<meta property=\"article:modified_time\" content=\"2021-05-05T13:47:22+00:00\" \/>\n<meta property=\"og:image\" content=\"https:\/\/samsi-frenshop.com\/wp-content\/uploads\/2021\/04\/Collier-long-GINKO.jpg\" \/>\n\t<meta property=\"og:image:width\" content=\"800\" \/>\n\t<meta property=\"og:image:height\" content=\"800\" \/>\n\t<meta property=\"og:image:type\" content=\"image\/jpeg\" \/>\n<meta name=\"twitter:card\" content=\"summary_large_image\" \/>\n<meta name=\"twitter:label1\" content=\"Dur\u00e9e de lecture estim\u00e9e\" \/>\n\t<meta name=\"twitter:data1\" content=\"1 minute\" \/>\n<script type=\"application\/ld+json\" class=\"yoast-schema-graph\">{\"@context\":\"https:\\\/\\\/schema.org\",\"@graph\":[{\"@type\":\"WebPage\",\"@id\":\"https:\\\/\\\/samsi-frenshop.com\\\/?product=sautoir-perles-ginkgo\",\"url\":\"https:\\\/\\\/samsi-frenshop.com\\\/?product=sautoir-perles-ginkgo\",\"name\":\"Sautoir en perles et feuille de ginkgo - Sautoir GINKGO - Samsi Frenshop\",\"isPartOf\":{\"@id\":\"https:\\\/\\\/samsi-frenshop.com\\\/#website\"},\"primaryImageOfPage\":{\"@id\":\"https:\\\/\\\/samsi-frenshop.com\\\/?product=sautoir-perles-ginkgo#primaryimage\"},\"image\":{\"@id\":\"https:\\\/\\\/samsi-frenshop.com\\\/?product=sautoir-perles-ginkgo#primaryimage\"},\"thumbnailUrl\":\"https:\\\/\\\/samsi-frenshop.com\\\/wp-content\\\/uploads\\\/2021\\\/04\\\/Collier-long-GINKO.jpg\",\"datePublished\":\"2021-05-05T13:15:45+00:00\",\"dateModified\":\"2021-05-05T13:47:22+00:00\",\"description\":\"D\u00e9couvrez le sautoir GINKGO en perles de verre ros\u00e9es et feuille de ginkgo dor\u00e9e. Mod\u00e8le unique assembl\u00e9 \u00e0 la main en France.\",\"breadcrumb\":{\"@id\":\"https:\\\/\\\/samsi-frenshop.com\\\/?product=sautoir-perles-ginkgo#breadcrumb\"},\"inLanguage\":\"fr-FR\",\"potentialAction\":[{\"@type\":\"ReadAction\",\"target\":[\"https:\\\/\\\/samsi-frenshop.com\\\/?product=sautoir-perles-ginkgo\"]}]},{\"@type\":\"ImageObject\",\"inLanguage\":\"fr-FR\",\"@id\":\"https:\\\/\\\/samsi-frenshop.com\\\/?product=sautoir-perles-ginkgo#primaryimage\",\"url\":\"https:\\\/\\\/samsi-frenshop.com\\\/wp-content\\\/uploads\\\/2021\\\/04\\\/Collier-long-GINKO.jpg\",\"contentUrl\":\"https:\\\/\\\/samsi-frenshop.com\\\/wp-content\\\/uploads\\\/2021\\\/04\\\/Collier-long-GINKO.jpg\",\"width\":800,\"height\":800},{\"@type\":\"BreadcrumbList\",\"@id\":\"https:\\\/\\\/samsi-frenshop.com\\\/?product=sautoir-perles-ginkgo#breadcrumb\",\"itemListElement\":[{\"@type\":\"ListItem\",\"position\":1,\"name\":\"Accueil\",\"item\":\"https:\\\/\\\/samsi-frenshop.com\\\/\"},{\"@type\":\"ListItem\",\"position\":2,\"name\":\"Boutique\",\"item\":\"https:\\\/\\\/samsi-frenshop.com\\\/?page_id=359\"},{\"@type\":\"ListItem\",\"position\":3,\"name\":\"Sautoir GINKGO\"}]},{\"@type\":\"WebSite\",\"@id\":\"https:\\\/\\\/samsi-frenshop.com\\\/#website\",\"url\":\"https:\\\/\\\/samsi-frenshop.com\\\/\",\"name\":\"Samsi Frenshop\",\"description\":\"bijoux fantaisie boh\u00e8me chic assembl\u00e9s \u00e0 la main en France\",\"publisher\":{\"@id\":\"https:\\\/\\\/samsi-frenshop.com\\\/#organization\"},\"potentialAction\":[{\"@type\":\"SearchAction\",\"target\":{\"@type\":\"EntryPoint\",\"urlTemplate\":\"https:\\\/\\\/samsi-frenshop.com\\\/?s={search_term_string}\"},\"query-input\":{\"@type\":\"PropertyValueSpecification\",\"valueRequired\":true,\"valueName\":\"search_term_string\"}}],\"inLanguage\":\"fr-FR\"},{\"@type\":\"Organization\",\"@id\":\"https:\\\/\\\/samsi-frenshop.com\\\/#organization\",\"name\":\"Samsi Frenshop\",\"url\":\"https:\\\/\\\/samsi-frenshop.com\\\/\",\"logo\":{\"@type\":\"ImageObject\",\"inLanguage\":\"fr-FR\",\"@id\":\"https:\\\/\\\/samsi-frenshop.com\\\/#\\\/schema\\\/logo\\\/image\\\/\",\"url\":\"\",\"contentUrl\":\"\",\"caption\":\"Samsi Frenshop\"},\"image\":{\"@id\":\"https:\\\/\\\/samsi-frenshop.com\\\/#\\\/schema\\\/logo\\\/image\\\/\"},\"sameAs\":[\"https:\\\/\\\/www.facebook.com\\\/samsifrenshop\"]}]}<\/script>\n<!-- \/ Yoast SEO plugin. -->","yoast_head_json":{"title":"Sautoir en perles et feuille de ginkgo - Sautoir GINKGO - Samsi Frenshop","description":"D\u00e9couvrez le sautoir GINKGO en perles de verre ros\u00e9es et feuille de ginkgo dor\u00e9e. Mod\u00e8le unique assembl\u00e9 \u00e0 la main en France.","robots":{"index":"index","follow":"follow","max-snippet":"max-snippet:-1","max-image-preview":"max-image-preview:large","max-video-preview":"max-video-preview:-1"},"canonical":"https:\/\/samsi-frenshop.com\/?product=sautoir-perles-ginkgo","og_locale":"fr_FR","og_type":"article","og_title":"Sautoir en perles et feuille de ginkgo - Sautoir GINKGO - Samsi Frenshop","og_description":"D\u00e9couvrez le sautoir GINKGO en perles de verre ros\u00e9es et feuille de ginkgo dor\u00e9e. Mod\u00e8le unique assembl\u00e9 \u00e0 la main en France.","og_url":"https:\/\/samsi-frenshop.com\/?product=sautoir-perles-ginkgo","og_site_name":"Samsi Frenshop","article_publisher":"https:\/\/www.facebook.com\/samsifrenshop","article_modified_time":"2021-05-05T13:47:22+00:00","og_image":[{"width":800,"height":800,"url":"https:\/\/samsi-frenshop.com\/wp-content\/uploads\/2021\/04\/Collier-long-GINKO.jpg","type":"image\/jpeg"}],"twitter_card":"summary_large_image","twitter_misc":{"Dur\u00e9e de lecture estim\u00e9e":"1 minute"},"schema":{"@context":"https:\/\/schema.org","@graph":[{"@type":"WebPage","@id":"https:\/\/samsi-frenshop.com\/?product=sautoir-perles-ginkgo","url":"https:\/\/samsi-frenshop.com\/?product=sautoir-perles-ginkgo","name":"Sautoir en perles et feuille de ginkgo - Sautoir GINKGO - Samsi Frenshop","isPartOf":{"@id":"https:\/\/samsi-frenshop.com\/#website"},"primaryImageOfPage":{"@id":"https:\/\/samsi-frenshop.com\/?product=sautoir-perles-ginkgo#primaryimage"},"image":{"@id":"https:\/\/samsi-frenshop.com\/?product=sautoir-perles-ginkgo#primaryimage"},"thumbnailUrl":"https:\/\/samsi-frenshop.com\/wp-content\/uploads\/2021\/04\/Collier-long-GINKO.jpg","datePublished":"2021-05-05T13:15:45+00:00","dateModified":"2021-05-05T13:47:22+00:00","description":"D\u00e9couvrez le sautoir GINKGO en perles de verre ros\u00e9es et feuille de ginkgo dor\u00e9e. Mod\u00e8le unique assembl\u00e9 \u00e0 la main en France.","breadcrumb":{"@id":"https:\/\/samsi-frenshop.com\/?product=sautoir-perles-ginkgo#breadcrumb"},"inLanguage":"fr-FR","potentialAction":[{"@type":"ReadAction","target":["https:\/\/samsi-frenshop.com\/?product=sautoir-perles-ginkgo"]}]},{"@type":"ImageObject","inLanguage":"fr-FR","@id":"https:\/\/samsi-frenshop.com\/?product=sautoir-perles-ginkgo#primaryimage","url":"https:\/\/samsi-frenshop.com\/wp-content\/uploads\/2021\/04\/Collier-long-GINKO.jpg","contentUrl":"https:\/\/samsi-frenshop.com\/wp-content\/uploads\/2021\/04\/Collier-long-GINKO.jpg","width":800,"height":800},{"@type":"BreadcrumbList","@id":"https:\/\/samsi-frenshop.com\/?product=sautoir-perles-ginkgo#breadcrumb","itemListElement":[{"@type":"ListItem","position":1,"name":"Accueil","item":"https:\/\/samsi-frenshop.com\/"},{"@type":"ListItem","position":2,"name":"Boutique","item":"https:\/\/samsi-frenshop.com\/?page_id=359"},{"@type":"ListItem","position":3,"name":"Sautoir GINKGO"}]},{"@type":"WebSite","@id":"https:\/\/samsi-frenshop.com\/#website","url":"https:\/\/samsi-frenshop.com\/","name":"Samsi Frenshop","description":"bijoux fantaisie boh\u00e8me chic assembl\u00e9s \u00e0 la main en France","publisher":{"@id":"https:\/\/samsi-frenshop.com\/#organization"},"potentialAction":[{"@type":"SearchAction","target":{"@type":"EntryPoint","urlTemplate":"https:\/\/samsi-frenshop.com\/?s={search_term_string}"},"query-input":{"@type":"PropertyValueSpecification","valueRequired":true,"valueName":"search_term_string"}}],"inLanguage":"fr-FR"},{"@type":"Organization","@id":"https:\/\/samsi-frenshop.com\/#organization","name":"Samsi Frenshop","url":"https:\/\/samsi-frenshop.com\/","logo":{"@type":"ImageObject","inLanguage":"fr-FR","@id":"https:\/\/samsi-frenshop.com\/#\/schema\/logo\/image\/","url":"","contentUrl":"","caption":"Samsi Frenshop"},"image":{"@id":"https:\/\/samsi-frenshop.com\/#\/schema\/logo\/image\/"},"sameAs":["https:\/\/www.facebook.com\/samsifrenshop"]}]}},"jetpack_sharing_enabled":true,"_links":{"self":[{"href":"https:\/\/samsi-frenshop.com\/index.php?rest_route=\/wp\/v2\/product\/879","targetHints":{"allow":["GET"]}}],"collection":[{"href":"https:\/\/samsi-frenshop.com\/index.php?rest_route=\/wp\/v2\/product"}],"about":[{"href":"https:\/\/samsi-frenshop.com\/index.php?rest_route=\/wp\/v2\/types\/product"}],"replies":[{"embeddable":true,"href":"https:\/\/samsi-frenshop.com\/index.php?rest_route=%2Fwp%2Fv2%2Fcomments&post=879"}],"wp:featuredmedia":[{"embeddable":true,"href":"https:\/\/samsi-frenshop.com\/index.php?rest_route=\/wp\/v2\/media\/702"}],"wp:attachment":[{"href":"https:\/\/samsi-frenshop.com\/index.php?rest_route=%2Fwp%2Fv2%2Fmedia&parent=879"}],"wp:term":[{"taxonomy":"product_brand","embeddable":true,"href":"https:\/\/samsi-frenshop.com\/index.php?rest_route=%2Fwp%2Fv2%2Fproduct_brand&post=879"},{"taxonomy":"product_cat","embeddable":true,"href":"https:\/\/samsi-frenshop.com\/index.php?rest_route=%2Fwp%2Fv2%2Fproduct_cat&post=879"},{"taxonomy":"product_tag","embeddable":true,"href":"https:\/\/samsi-frenshop.com\/index.php?rest_route=%2Fwp%2Fv2%2Fproduct_tag&post=879"}],"curies":[{"name":"wp","href":"https:\/\/api.w.org\/{rel}","templated":true}]}}