{"id":883,"date":"2021-05-05T14:36:38","date_gmt":"2021-05-05T14:36:38","guid":{"rendered":"https:\/\/samsi-frenshop.com\/?post_type=product&#038;p=883"},"modified":"2021-05-25T15:23:05","modified_gmt":"2021-05-25T15:23:05","slug":"bracelet-perles-verre-turquoises","status":"publish","type":"product","link":"https:\/\/samsi-frenshop.com\/?product=bracelet-perles-verre-turquoises","title":{"rendered":"Bracelet COOL"},"content":{"rendered":"<h1><span style=\"color: #c1add6;\">Bracelet COOL<\/span><\/h1>\n<p>Le <a href=\"https:\/\/samsi-frenshop.com\/categorie-produit\/bracelets\/\"><span style=\"color: #c1add6;\">bracelet<\/span><\/a> COOL est en perles de verre iridescentes marrons et en petites perles de turquoise. L&rsquo;alternance des deux types de perles le rend \u00e9clatant et l&rsquo;ajout d&rsquo;une grosse pastille dor\u00e9e unique. Enfin, un petit charm vient \u00e9gayer le tout. Et d&rsquo;ailleurs quoi de plus joyeux que ce petit bouddha hilare !<\/p>\n<p>Il mesure 18 cm et est mont\u00e9 sur un \u00e9lastique r\u00e9sistant.<\/p>\n","protected":false},"excerpt":{"rendered":"<p>Bracelet COOL marron et turquoise en perles naturelles et perles de verre.<\/p>\n","protected":false},"featured_media":751,"comment_status":"open","ping_status":"closed","template":"","meta":{"_monsterinsights_skip_tracking":false,"_monsterinsights_sitenote_active":false,"_monsterinsights_sitenote_note":"","_monsterinsights_sitenote_category":0},"product_brand":[],"product_cat":[44],"product_tag":[76,49,61,40],"class_list":{"0":"post-883","1":"product","2":"type-product","3":"status-publish","4":"has-post-thumbnail","6":"product_cat-bracelets","7":"product_tag-bouddha","8":"product_tag-bracelet","9":"product_tag-perles-de-verre","10":"product_tag-perles-naturelles-turquoise","12":"first","13":"instock","14":"taxable","15":"shipping-taxable","16":"purchasable","17":"product-type-simple"},"yoast_head":"<!-- This site is optimized with the Yoast SEO plugin v27.4 - https:\/\/yoast.com\/product\/yoast-seo-wordpress\/ -->\n<title>Bracelet perles verre et turquoises - Bracelet COOL - Samsi Frenshop<\/title>\n<meta name=\"description\" content=\"COOL, bracelet en perles de verre tr\u00e8s lumineuses et en petites perles de turquoise avec une petite t\u00eate de bouddha en guise de charm.\" \/>\n<meta name=\"robots\" content=\"index, follow, max-snippet:-1, max-image-preview:large, max-video-preview:-1\" \/>\n<link rel=\"canonical\" href=\"https:\/\/samsi-frenshop.com\/?product=bracelet-perles-verre-turquoises\" \/>\n<meta property=\"og:locale\" content=\"fr_FR\" \/>\n<meta property=\"og:type\" content=\"article\" \/>\n<meta property=\"og:title\" content=\"Bracelet perles verre et turquoises - Bracelet COOL - Samsi Frenshop\" \/>\n<meta property=\"og:description\" content=\"COOL, bracelet en perles de verre tr\u00e8s lumineuses et en petites perles de turquoise avec une petite t\u00eate de bouddha en guise de charm.\" \/>\n<meta property=\"og:url\" content=\"https:\/\/samsi-frenshop.com\/?product=bracelet-perles-verre-turquoises\" \/>\n<meta property=\"og:site_name\" content=\"Samsi Frenshop\" \/>\n<meta property=\"article:publisher\" content=\"https:\/\/www.facebook.com\/samsifrenshop\" \/>\n<meta property=\"article:modified_time\" content=\"2021-05-25T15:23:05+00:00\" \/>\n<meta property=\"og:image\" content=\"https:\/\/samsi-frenshop.com\/wp-content\/uploads\/2021\/04\/COOL-bracelet-perles-bouddha-3.jpg\" \/>\n\t<meta property=\"og:image:width\" content=\"1066\" \/>\n\t<meta property=\"og:image:height\" content=\"800\" \/>\n\t<meta property=\"og:image:type\" content=\"image\/jpeg\" \/>\n<meta name=\"twitter:card\" content=\"summary_large_image\" \/>\n<meta name=\"twitter:label1\" content=\"Dur\u00e9e de lecture estim\u00e9e\" \/>\n\t<meta name=\"twitter:data1\" content=\"1 minute\" \/>\n<script type=\"application\/ld+json\" class=\"yoast-schema-graph\">{\"@context\":\"https:\\\/\\\/schema.org\",\"@graph\":[{\"@type\":\"WebPage\",\"@id\":\"https:\\\/\\\/samsi-frenshop.com\\\/?product=bracelet-perles-verre-turquoises\",\"url\":\"https:\\\/\\\/samsi-frenshop.com\\\/?product=bracelet-perles-verre-turquoises\",\"name\":\"Bracelet perles verre et turquoises - Bracelet COOL - Samsi Frenshop\",\"isPartOf\":{\"@id\":\"https:\\\/\\\/samsi-frenshop.com\\\/#website\"},\"primaryImageOfPage\":{\"@id\":\"https:\\\/\\\/samsi-frenshop.com\\\/?product=bracelet-perles-verre-turquoises#primaryimage\"},\"image\":{\"@id\":\"https:\\\/\\\/samsi-frenshop.com\\\/?product=bracelet-perles-verre-turquoises#primaryimage\"},\"thumbnailUrl\":\"https:\\\/\\\/samsi-frenshop.com\\\/wp-content\\\/uploads\\\/2021\\\/04\\\/COOL-bracelet-perles-bouddha-3.jpg\",\"datePublished\":\"2021-05-05T14:36:38+00:00\",\"dateModified\":\"2021-05-25T15:23:05+00:00\",\"description\":\"COOL, bracelet en perles de verre tr\u00e8s lumineuses et en petites perles de turquoise avec une petite t\u00eate de bouddha en guise de charm.\",\"breadcrumb\":{\"@id\":\"https:\\\/\\\/samsi-frenshop.com\\\/?product=bracelet-perles-verre-turquoises#breadcrumb\"},\"inLanguage\":\"fr-FR\",\"potentialAction\":[{\"@type\":\"ReadAction\",\"target\":[\"https:\\\/\\\/samsi-frenshop.com\\\/?product=bracelet-perles-verre-turquoises\"]}]},{\"@type\":\"ImageObject\",\"inLanguage\":\"fr-FR\",\"@id\":\"https:\\\/\\\/samsi-frenshop.com\\\/?product=bracelet-perles-verre-turquoises#primaryimage\",\"url\":\"https:\\\/\\\/samsi-frenshop.com\\\/wp-content\\\/uploads\\\/2021\\\/04\\\/COOL-bracelet-perles-bouddha-3.jpg\",\"contentUrl\":\"https:\\\/\\\/samsi-frenshop.com\\\/wp-content\\\/uploads\\\/2021\\\/04\\\/COOL-bracelet-perles-bouddha-3.jpg\",\"width\":1066,\"height\":800,\"caption\":\"bracelet en perles de verre et turquoises\"},{\"@type\":\"BreadcrumbList\",\"@id\":\"https:\\\/\\\/samsi-frenshop.com\\\/?product=bracelet-perles-verre-turquoises#breadcrumb\",\"itemListElement\":[{\"@type\":\"ListItem\",\"position\":1,\"name\":\"Accueil\",\"item\":\"https:\\\/\\\/samsi-frenshop.com\\\/\"},{\"@type\":\"ListItem\",\"position\":2,\"name\":\"Boutique\",\"item\":\"https:\\\/\\\/samsi-frenshop.com\\\/?page_id=359\"},{\"@type\":\"ListItem\",\"position\":3,\"name\":\"Bracelet COOL\"}]},{\"@type\":\"WebSite\",\"@id\":\"https:\\\/\\\/samsi-frenshop.com\\\/#website\",\"url\":\"https:\\\/\\\/samsi-frenshop.com\\\/\",\"name\":\"Samsi Frenshop\",\"description\":\"bijoux fantaisie boh\u00e8me chic assembl\u00e9s \u00e0 la main en France\",\"publisher\":{\"@id\":\"https:\\\/\\\/samsi-frenshop.com\\\/#organization\"},\"potentialAction\":[{\"@type\":\"SearchAction\",\"target\":{\"@type\":\"EntryPoint\",\"urlTemplate\":\"https:\\\/\\\/samsi-frenshop.com\\\/?s={search_term_string}\"},\"query-input\":{\"@type\":\"PropertyValueSpecification\",\"valueRequired\":true,\"valueName\":\"search_term_string\"}}],\"inLanguage\":\"fr-FR\"},{\"@type\":\"Organization\",\"@id\":\"https:\\\/\\\/samsi-frenshop.com\\\/#organization\",\"name\":\"Samsi Frenshop\",\"url\":\"https:\\\/\\\/samsi-frenshop.com\\\/\",\"logo\":{\"@type\":\"ImageObject\",\"inLanguage\":\"fr-FR\",\"@id\":\"https:\\\/\\\/samsi-frenshop.com\\\/#\\\/schema\\\/logo\\\/image\\\/\",\"url\":\"\",\"contentUrl\":\"\",\"caption\":\"Samsi Frenshop\"},\"image\":{\"@id\":\"https:\\\/\\\/samsi-frenshop.com\\\/#\\\/schema\\\/logo\\\/image\\\/\"},\"sameAs\":[\"https:\\\/\\\/www.facebook.com\\\/samsifrenshop\"]}]}<\/script>\n<!-- \/ Yoast SEO plugin. -->","yoast_head_json":{"title":"Bracelet perles verre et turquoises - Bracelet COOL - Samsi Frenshop","description":"COOL, bracelet en perles de verre tr\u00e8s lumineuses et en petites perles de turquoise avec une petite t\u00eate de bouddha en guise de charm.","robots":{"index":"index","follow":"follow","max-snippet":"max-snippet:-1","max-image-preview":"max-image-preview:large","max-video-preview":"max-video-preview:-1"},"canonical":"https:\/\/samsi-frenshop.com\/?product=bracelet-perles-verre-turquoises","og_locale":"fr_FR","og_type":"article","og_title":"Bracelet perles verre et turquoises - Bracelet COOL - Samsi Frenshop","og_description":"COOL, bracelet en perles de verre tr\u00e8s lumineuses et en petites perles de turquoise avec une petite t\u00eate de bouddha en guise de charm.","og_url":"https:\/\/samsi-frenshop.com\/?product=bracelet-perles-verre-turquoises","og_site_name":"Samsi Frenshop","article_publisher":"https:\/\/www.facebook.com\/samsifrenshop","article_modified_time":"2021-05-25T15:23:05+00:00","og_image":[{"width":1066,"height":800,"url":"https:\/\/samsi-frenshop.com\/wp-content\/uploads\/2021\/04\/COOL-bracelet-perles-bouddha-3.jpg","type":"image\/jpeg"}],"twitter_card":"summary_large_image","twitter_misc":{"Dur\u00e9e de lecture estim\u00e9e":"1 minute"},"schema":{"@context":"https:\/\/schema.org","@graph":[{"@type":"WebPage","@id":"https:\/\/samsi-frenshop.com\/?product=bracelet-perles-verre-turquoises","url":"https:\/\/samsi-frenshop.com\/?product=bracelet-perles-verre-turquoises","name":"Bracelet perles verre et turquoises - Bracelet COOL - Samsi Frenshop","isPartOf":{"@id":"https:\/\/samsi-frenshop.com\/#website"},"primaryImageOfPage":{"@id":"https:\/\/samsi-frenshop.com\/?product=bracelet-perles-verre-turquoises#primaryimage"},"image":{"@id":"https:\/\/samsi-frenshop.com\/?product=bracelet-perles-verre-turquoises#primaryimage"},"thumbnailUrl":"https:\/\/samsi-frenshop.com\/wp-content\/uploads\/2021\/04\/COOL-bracelet-perles-bouddha-3.jpg","datePublished":"2021-05-05T14:36:38+00:00","dateModified":"2021-05-25T15:23:05+00:00","description":"COOL, bracelet en perles de verre tr\u00e8s lumineuses et en petites perles de turquoise avec une petite t\u00eate de bouddha en guise de charm.","breadcrumb":{"@id":"https:\/\/samsi-frenshop.com\/?product=bracelet-perles-verre-turquoises#breadcrumb"},"inLanguage":"fr-FR","potentialAction":[{"@type":"ReadAction","target":["https:\/\/samsi-frenshop.com\/?product=bracelet-perles-verre-turquoises"]}]},{"@type":"ImageObject","inLanguage":"fr-FR","@id":"https:\/\/samsi-frenshop.com\/?product=bracelet-perles-verre-turquoises#primaryimage","url":"https:\/\/samsi-frenshop.com\/wp-content\/uploads\/2021\/04\/COOL-bracelet-perles-bouddha-3.jpg","contentUrl":"https:\/\/samsi-frenshop.com\/wp-content\/uploads\/2021\/04\/COOL-bracelet-perles-bouddha-3.jpg","width":1066,"height":800,"caption":"bracelet en perles de verre et turquoises"},{"@type":"BreadcrumbList","@id":"https:\/\/samsi-frenshop.com\/?product=bracelet-perles-verre-turquoises#breadcrumb","itemListElement":[{"@type":"ListItem","position":1,"name":"Accueil","item":"https:\/\/samsi-frenshop.com\/"},{"@type":"ListItem","position":2,"name":"Boutique","item":"https:\/\/samsi-frenshop.com\/?page_id=359"},{"@type":"ListItem","position":3,"name":"Bracelet COOL"}]},{"@type":"WebSite","@id":"https:\/\/samsi-frenshop.com\/#website","url":"https:\/\/samsi-frenshop.com\/","name":"Samsi Frenshop","description":"bijoux fantaisie boh\u00e8me chic assembl\u00e9s \u00e0 la main en France","publisher":{"@id":"https:\/\/samsi-frenshop.com\/#organization"},"potentialAction":[{"@type":"SearchAction","target":{"@type":"EntryPoint","urlTemplate":"https:\/\/samsi-frenshop.com\/?s={search_term_string}"},"query-input":{"@type":"PropertyValueSpecification","valueRequired":true,"valueName":"search_term_string"}}],"inLanguage":"fr-FR"},{"@type":"Organization","@id":"https:\/\/samsi-frenshop.com\/#organization","name":"Samsi Frenshop","url":"https:\/\/samsi-frenshop.com\/","logo":{"@type":"ImageObject","inLanguage":"fr-FR","@id":"https:\/\/samsi-frenshop.com\/#\/schema\/logo\/image\/","url":"","contentUrl":"","caption":"Samsi Frenshop"},"image":{"@id":"https:\/\/samsi-frenshop.com\/#\/schema\/logo\/image\/"},"sameAs":["https:\/\/www.facebook.com\/samsifrenshop"]}]}},"jetpack_sharing_enabled":true,"_links":{"self":[{"href":"https:\/\/samsi-frenshop.com\/index.php?rest_route=\/wp\/v2\/product\/883","targetHints":{"allow":["GET"]}}],"collection":[{"href":"https:\/\/samsi-frenshop.com\/index.php?rest_route=\/wp\/v2\/product"}],"about":[{"href":"https:\/\/samsi-frenshop.com\/index.php?rest_route=\/wp\/v2\/types\/product"}],"replies":[{"embeddable":true,"href":"https:\/\/samsi-frenshop.com\/index.php?rest_route=%2Fwp%2Fv2%2Fcomments&post=883"}],"wp:featuredmedia":[{"embeddable":true,"href":"https:\/\/samsi-frenshop.com\/index.php?rest_route=\/wp\/v2\/media\/751"}],"wp:attachment":[{"href":"https:\/\/samsi-frenshop.com\/index.php?rest_route=%2Fwp%2Fv2%2Fmedia&parent=883"}],"wp:term":[{"taxonomy":"product_brand","embeddable":true,"href":"https:\/\/samsi-frenshop.com\/index.php?rest_route=%2Fwp%2Fv2%2Fproduct_brand&post=883"},{"taxonomy":"product_cat","embeddable":true,"href":"https:\/\/samsi-frenshop.com\/index.php?rest_route=%2Fwp%2Fv2%2Fproduct_cat&post=883"},{"taxonomy":"product_tag","embeddable":true,"href":"https:\/\/samsi-frenshop.com\/index.php?rest_route=%2Fwp%2Fv2%2Fproduct_tag&post=883"}],"curies":[{"name":"wp","href":"https:\/\/api.w.org\/{rel}","templated":true}]}}