{"id":897,"date":"2021-05-12T13:56:27","date_gmt":"2021-05-12T13:56:27","guid":{"rendered":"https:\/\/samsi-frenshop.com\/?post_type=product&#038;p=897"},"modified":"2021-06-02T14:53:00","modified_gmt":"2021-06-02T14:53:00","slug":"bracelets-perles-miyuki","status":"publish","type":"product","link":"https:\/\/samsi-frenshop.com\/?product=bracelets-perles-miyuki","title":{"rendered":"Bracelets LAGOON"},"content":{"rendered":"<h1><span style=\"color: #c1add6;\">Bracelets LAGOON<\/span><\/h1>\n<p>Les bracelets LAGOON sont en perles de rocaille Miyuki et perles cubes dor\u00e9es \u00e0 l&rsquo;or fin.\u00a0 Vous serez s\u00e9duite par la qualit\u00e9 des perles Miyuki en provenance du Japon et l&rsquo;association des couleurs. Les petits fils de soie fluo en font toute l&rsquo;originalit\u00e9. Je les fabrique comme j&rsquo;avalerais des bonbons, c&rsquo;est une addiction alors consommez les sans mod\u00e9ration ! (tarifs d\u00e9gressifs en fonction du nombre de bracelets achet\u00e9s). <a href=\"https:\/\/samsi-frenshop.com\/contact\/\"><span style=\"color: #c1add6;\">Me contacter<\/span><\/a>.<\/p>\n<p>Les bracelets sont mont\u00e9s sur un \u00e9lastique robuste et mesurent 18 cm. Si vous souhaitez obtenir une autre taille ou des pr\u00e9cisions sur les coloris, n&rsquo;h\u00e9sitez pas \u00e0 <a href=\"https:\/\/samsi-frenshop.com\/contact\/\"><span style=\"color: #c1add6;\">me contacter<\/span><\/a> sur le site ou sur <a href=\"https:\/\/www.instagram.com\/samsifrenshop\/?hl=fr\"><span style=\"color: #c1add6;\">Instagram<\/span><\/a>. Je vous r\u00e9pondrai avec plaisir.<\/p>\n","protected":false},"excerpt":{"rendered":"<p>Bracelets en perles de rocaille Miyuki.<\/p>\n","protected":false},"featured_media":958,"comment_status":"open","ping_status":"closed","template":"","meta":{"_monsterinsights_skip_tracking":false,"_monsterinsights_sitenote_active":false,"_monsterinsights_sitenote_note":"","_monsterinsights_sitenote_category":0},"product_brand":[],"product_cat":[44],"product_tag":[49,77,61],"class_list":{"0":"post-897","1":"product","2":"type-product","3":"status-publish","4":"has-post-thumbnail","6":"product_cat-bracelets","7":"product_tag-bracelet","8":"product_tag-multicolore","9":"product_tag-perles-de-verre","11":"first","12":"instock","13":"taxable","14":"shipping-taxable","15":"purchasable","16":"product-type-simple"},"yoast_head":"<!-- This site is optimized with the Yoast SEO plugin v27.4 - https:\/\/yoast.com\/product\/yoast-seo-wordpress\/ -->\n<title>Bracelets perles Miyuki - Bracelets LAGOON - Samsi Frenshop<\/title>\n<meta name=\"description\" content=\"Craquez pour les bracelets color\u00e9s en perles de rocaille Miyuki ! Seul ou en accumulation, faites le plein d&#039;originalit\u00e9 et de couleurs.\" \/>\n<meta name=\"robots\" content=\"index, follow, max-snippet:-1, max-image-preview:large, max-video-preview:-1\" \/>\n<link rel=\"canonical\" href=\"https:\/\/samsi-frenshop.com\/?product=bracelets-perles-miyuki\" \/>\n<meta property=\"og:locale\" content=\"fr_FR\" \/>\n<meta property=\"og:type\" content=\"article\" \/>\n<meta property=\"og:title\" content=\"Bracelets perles Miyuki - Bracelets LAGOON - Samsi Frenshop\" \/>\n<meta property=\"og:description\" content=\"Craquez pour les bracelets color\u00e9s en perles de rocaille Miyuki ! Seul ou en accumulation, faites le plein d&#039;originalit\u00e9 et de couleurs.\" \/>\n<meta property=\"og:url\" content=\"https:\/\/samsi-frenshop.com\/?product=bracelets-perles-miyuki\" \/>\n<meta property=\"og:site_name\" content=\"Samsi Frenshop\" \/>\n<meta property=\"article:publisher\" content=\"https:\/\/www.facebook.com\/samsifrenshop\" \/>\n<meta property=\"article:modified_time\" content=\"2021-06-02T14:53:00+00:00\" \/>\n<meta property=\"og:image\" content=\"https:\/\/samsi-frenshop.com\/wp-content\/uploads\/2021\/05\/LAGOON-bracelet-perles-Miyuki-4.jpg\" \/>\n\t<meta property=\"og:image:width\" content=\"800\" \/>\n\t<meta property=\"og:image:height\" content=\"800\" \/>\n\t<meta property=\"og:image:type\" content=\"image\/jpeg\" \/>\n<meta name=\"twitter:card\" content=\"summary_large_image\" \/>\n<meta name=\"twitter:label1\" content=\"Dur\u00e9e de lecture estim\u00e9e\" \/>\n\t<meta name=\"twitter:data1\" content=\"1 minute\" \/>\n<script type=\"application\/ld+json\" class=\"yoast-schema-graph\">{\"@context\":\"https:\\\/\\\/schema.org\",\"@graph\":[{\"@type\":\"WebPage\",\"@id\":\"https:\\\/\\\/samsi-frenshop.com\\\/?product=bracelets-perles-miyuki\",\"url\":\"https:\\\/\\\/samsi-frenshop.com\\\/?product=bracelets-perles-miyuki\",\"name\":\"Bracelets perles Miyuki - Bracelets LAGOON - Samsi Frenshop\",\"isPartOf\":{\"@id\":\"https:\\\/\\\/samsi-frenshop.com\\\/#website\"},\"primaryImageOfPage\":{\"@id\":\"https:\\\/\\\/samsi-frenshop.com\\\/?product=bracelets-perles-miyuki#primaryimage\"},\"image\":{\"@id\":\"https:\\\/\\\/samsi-frenshop.com\\\/?product=bracelets-perles-miyuki#primaryimage\"},\"thumbnailUrl\":\"https:\\\/\\\/samsi-frenshop.com\\\/wp-content\\\/uploads\\\/2021\\\/05\\\/LAGOON-bracelet-perles-Miyuki-4.jpg\",\"datePublished\":\"2021-05-12T13:56:27+00:00\",\"dateModified\":\"2021-06-02T14:53:00+00:00\",\"description\":\"Craquez pour les bracelets color\u00e9s en perles de rocaille Miyuki ! Seul ou en accumulation, faites le plein d'originalit\u00e9 et de couleurs.\",\"breadcrumb\":{\"@id\":\"https:\\\/\\\/samsi-frenshop.com\\\/?product=bracelets-perles-miyuki#breadcrumb\"},\"inLanguage\":\"fr-FR\",\"potentialAction\":[{\"@type\":\"ReadAction\",\"target\":[\"https:\\\/\\\/samsi-frenshop.com\\\/?product=bracelets-perles-miyuki\"]}]},{\"@type\":\"ImageObject\",\"inLanguage\":\"fr-FR\",\"@id\":\"https:\\\/\\\/samsi-frenshop.com\\\/?product=bracelets-perles-miyuki#primaryimage\",\"url\":\"https:\\\/\\\/samsi-frenshop.com\\\/wp-content\\\/uploads\\\/2021\\\/05\\\/LAGOON-bracelet-perles-Miyuki-4.jpg\",\"contentUrl\":\"https:\\\/\\\/samsi-frenshop.com\\\/wp-content\\\/uploads\\\/2021\\\/05\\\/LAGOON-bracelet-perles-Miyuki-4.jpg\",\"width\":800,\"height\":800,\"caption\":\"bracelets\"},{\"@type\":\"BreadcrumbList\",\"@id\":\"https:\\\/\\\/samsi-frenshop.com\\\/?product=bracelets-perles-miyuki#breadcrumb\",\"itemListElement\":[{\"@type\":\"ListItem\",\"position\":1,\"name\":\"Accueil\",\"item\":\"https:\\\/\\\/samsi-frenshop.com\\\/\"},{\"@type\":\"ListItem\",\"position\":2,\"name\":\"Boutique\",\"item\":\"https:\\\/\\\/samsi-frenshop.com\\\/?page_id=359\"},{\"@type\":\"ListItem\",\"position\":3,\"name\":\"Bracelets LAGOON\"}]},{\"@type\":\"WebSite\",\"@id\":\"https:\\\/\\\/samsi-frenshop.com\\\/#website\",\"url\":\"https:\\\/\\\/samsi-frenshop.com\\\/\",\"name\":\"Samsi Frenshop\",\"description\":\"bijoux fantaisie boh\u00e8me chic assembl\u00e9s \u00e0 la main en France\",\"publisher\":{\"@id\":\"https:\\\/\\\/samsi-frenshop.com\\\/#organization\"},\"potentialAction\":[{\"@type\":\"SearchAction\",\"target\":{\"@type\":\"EntryPoint\",\"urlTemplate\":\"https:\\\/\\\/samsi-frenshop.com\\\/?s={search_term_string}\"},\"query-input\":{\"@type\":\"PropertyValueSpecification\",\"valueRequired\":true,\"valueName\":\"search_term_string\"}}],\"inLanguage\":\"fr-FR\"},{\"@type\":\"Organization\",\"@id\":\"https:\\\/\\\/samsi-frenshop.com\\\/#organization\",\"name\":\"Samsi Frenshop\",\"url\":\"https:\\\/\\\/samsi-frenshop.com\\\/\",\"logo\":{\"@type\":\"ImageObject\",\"inLanguage\":\"fr-FR\",\"@id\":\"https:\\\/\\\/samsi-frenshop.com\\\/#\\\/schema\\\/logo\\\/image\\\/\",\"url\":\"\",\"contentUrl\":\"\",\"caption\":\"Samsi Frenshop\"},\"image\":{\"@id\":\"https:\\\/\\\/samsi-frenshop.com\\\/#\\\/schema\\\/logo\\\/image\\\/\"},\"sameAs\":[\"https:\\\/\\\/www.facebook.com\\\/samsifrenshop\"]}]}<\/script>\n<!-- \/ Yoast SEO plugin. -->","yoast_head_json":{"title":"Bracelets perles Miyuki - Bracelets LAGOON - Samsi Frenshop","description":"Craquez pour les bracelets color\u00e9s en perles de rocaille Miyuki ! Seul ou en accumulation, faites le plein d'originalit\u00e9 et de couleurs.","robots":{"index":"index","follow":"follow","max-snippet":"max-snippet:-1","max-image-preview":"max-image-preview:large","max-video-preview":"max-video-preview:-1"},"canonical":"https:\/\/samsi-frenshop.com\/?product=bracelets-perles-miyuki","og_locale":"fr_FR","og_type":"article","og_title":"Bracelets perles Miyuki - Bracelets LAGOON - Samsi Frenshop","og_description":"Craquez pour les bracelets color\u00e9s en perles de rocaille Miyuki ! Seul ou en accumulation, faites le plein d'originalit\u00e9 et de couleurs.","og_url":"https:\/\/samsi-frenshop.com\/?product=bracelets-perles-miyuki","og_site_name":"Samsi Frenshop","article_publisher":"https:\/\/www.facebook.com\/samsifrenshop","article_modified_time":"2021-06-02T14:53:00+00:00","og_image":[{"width":800,"height":800,"url":"https:\/\/samsi-frenshop.com\/wp-content\/uploads\/2021\/05\/LAGOON-bracelet-perles-Miyuki-4.jpg","type":"image\/jpeg"}],"twitter_card":"summary_large_image","twitter_misc":{"Dur\u00e9e de lecture estim\u00e9e":"1 minute"},"schema":{"@context":"https:\/\/schema.org","@graph":[{"@type":"WebPage","@id":"https:\/\/samsi-frenshop.com\/?product=bracelets-perles-miyuki","url":"https:\/\/samsi-frenshop.com\/?product=bracelets-perles-miyuki","name":"Bracelets perles Miyuki - Bracelets LAGOON - Samsi Frenshop","isPartOf":{"@id":"https:\/\/samsi-frenshop.com\/#website"},"primaryImageOfPage":{"@id":"https:\/\/samsi-frenshop.com\/?product=bracelets-perles-miyuki#primaryimage"},"image":{"@id":"https:\/\/samsi-frenshop.com\/?product=bracelets-perles-miyuki#primaryimage"},"thumbnailUrl":"https:\/\/samsi-frenshop.com\/wp-content\/uploads\/2021\/05\/LAGOON-bracelet-perles-Miyuki-4.jpg","datePublished":"2021-05-12T13:56:27+00:00","dateModified":"2021-06-02T14:53:00+00:00","description":"Craquez pour les bracelets color\u00e9s en perles de rocaille Miyuki ! Seul ou en accumulation, faites le plein d'originalit\u00e9 et de couleurs.","breadcrumb":{"@id":"https:\/\/samsi-frenshop.com\/?product=bracelets-perles-miyuki#breadcrumb"},"inLanguage":"fr-FR","potentialAction":[{"@type":"ReadAction","target":["https:\/\/samsi-frenshop.com\/?product=bracelets-perles-miyuki"]}]},{"@type":"ImageObject","inLanguage":"fr-FR","@id":"https:\/\/samsi-frenshop.com\/?product=bracelets-perles-miyuki#primaryimage","url":"https:\/\/samsi-frenshop.com\/wp-content\/uploads\/2021\/05\/LAGOON-bracelet-perles-Miyuki-4.jpg","contentUrl":"https:\/\/samsi-frenshop.com\/wp-content\/uploads\/2021\/05\/LAGOON-bracelet-perles-Miyuki-4.jpg","width":800,"height":800,"caption":"bracelets"},{"@type":"BreadcrumbList","@id":"https:\/\/samsi-frenshop.com\/?product=bracelets-perles-miyuki#breadcrumb","itemListElement":[{"@type":"ListItem","position":1,"name":"Accueil","item":"https:\/\/samsi-frenshop.com\/"},{"@type":"ListItem","position":2,"name":"Boutique","item":"https:\/\/samsi-frenshop.com\/?page_id=359"},{"@type":"ListItem","position":3,"name":"Bracelets LAGOON"}]},{"@type":"WebSite","@id":"https:\/\/samsi-frenshop.com\/#website","url":"https:\/\/samsi-frenshop.com\/","name":"Samsi Frenshop","description":"bijoux fantaisie boh\u00e8me chic assembl\u00e9s \u00e0 la main en France","publisher":{"@id":"https:\/\/samsi-frenshop.com\/#organization"},"potentialAction":[{"@type":"SearchAction","target":{"@type":"EntryPoint","urlTemplate":"https:\/\/samsi-frenshop.com\/?s={search_term_string}"},"query-input":{"@type":"PropertyValueSpecification","valueRequired":true,"valueName":"search_term_string"}}],"inLanguage":"fr-FR"},{"@type":"Organization","@id":"https:\/\/samsi-frenshop.com\/#organization","name":"Samsi Frenshop","url":"https:\/\/samsi-frenshop.com\/","logo":{"@type":"ImageObject","inLanguage":"fr-FR","@id":"https:\/\/samsi-frenshop.com\/#\/schema\/logo\/image\/","url":"","contentUrl":"","caption":"Samsi Frenshop"},"image":{"@id":"https:\/\/samsi-frenshop.com\/#\/schema\/logo\/image\/"},"sameAs":["https:\/\/www.facebook.com\/samsifrenshop"]}]}},"jetpack_sharing_enabled":true,"_links":{"self":[{"href":"https:\/\/samsi-frenshop.com\/index.php?rest_route=\/wp\/v2\/product\/897","targetHints":{"allow":["GET"]}}],"collection":[{"href":"https:\/\/samsi-frenshop.com\/index.php?rest_route=\/wp\/v2\/product"}],"about":[{"href":"https:\/\/samsi-frenshop.com\/index.php?rest_route=\/wp\/v2\/types\/product"}],"replies":[{"embeddable":true,"href":"https:\/\/samsi-frenshop.com\/index.php?rest_route=%2Fwp%2Fv2%2Fcomments&post=897"}],"wp:featuredmedia":[{"embeddable":true,"href":"https:\/\/samsi-frenshop.com\/index.php?rest_route=\/wp\/v2\/media\/958"}],"wp:attachment":[{"href":"https:\/\/samsi-frenshop.com\/index.php?rest_route=%2Fwp%2Fv2%2Fmedia&parent=897"}],"wp:term":[{"taxonomy":"product_brand","embeddable":true,"href":"https:\/\/samsi-frenshop.com\/index.php?rest_route=%2Fwp%2Fv2%2Fproduct_brand&post=897"},{"taxonomy":"product_cat","embeddable":true,"href":"https:\/\/samsi-frenshop.com\/index.php?rest_route=%2Fwp%2Fv2%2Fproduct_cat&post=897"},{"taxonomy":"product_tag","embeddable":true,"href":"https:\/\/samsi-frenshop.com\/index.php?rest_route=%2Fwp%2Fv2%2Fproduct_tag&post=897"}],"curies":[{"name":"wp","href":"https:\/\/api.w.org\/{rel}","templated":true}]}}